{"id":662,"date":"2024-06-12T13:09:58","date_gmt":"2024-06-12T13:09:58","guid":{"rendered":"https:\/\/esg.ampcometal.com\/management-der-nachhaltigkeit\/"},"modified":"2025-09-22T14:09:33","modified_gmt":"2025-09-22T14:09:33","slug":"management-der-nachhaltigkeit","status":"publish","type":"page","link":"https:\/\/esg.ampcometal.com\/de\/management-der-nachhaltigkeit\/","title":{"rendered":"Management der Nachhaltigkeit"},"content":{"rendered":"<p>[et_pb_section fb_built=&#8220;1&#8243; custom_padding_last_edited=&#8220;on|tablet&#8220; _builder_version=&#8220;4.25.1&#8243; _module_preset=&#8220;default&#8220; background_color=&#8220;rgba(34,34,34,0.33)&#8220; background_image=&#8220;https:\/\/esg.ampcometal.com\/wp-content\/uploads\/2024\/06\/sustainability-management.jpg&#8220; parallax=&#8220;on&#8220; background_blend=&#8220;overlay&#8220; custom_padding=&#8220;340px||86px||false|false&#8220; custom_padding_tablet=&#8220;200px||86px||false|false&#8220; custom_padding_phone=&#8220;150px||40px||false|false&#8220; global_colors_info=&#8220;{}&#8220;][et_pb_row _builder_version=&#8220;4.25.1&#8243; _module_preset=&#8220;default&#8220; custom_padding=&#8220;7px|||||&#8220; global_colors_info=&#8220;{}&#8220;][et_pb_column type=&#8220;4_4&#8243; _builder_version=&#8220;4.25.1&#8243; _module_preset=&#8220;default&#8220; global_colors_info=&#8220;{}&#8220;][et_pb_text _builder_version=&#8220;4.25.1&#8243; _module_preset=&#8220;default&#8220; text_font=&#8220;|&#8211;et_global_body_font_weight|||||||&#8220; text_text_color=&#8220;#FFFFFF&#8220; text_font_size=&#8220;28px&#8220; header_font=&#8220;|300|||||||&#8220; header_text_color=&#8220;#FFFFFF&#8220; header_font_size=&#8220;70px&#8220; header_line_height=&#8220;1.4em&#8220; text_orientation=&#8220;center&#8220; custom_padding=&#8220;||0px|||&#8220; text_font_size_tablet=&#8220;24px&#8220; text_font_size_phone=&#8220;20px&#8220; text_font_size_last_edited=&#8220;on|tablet&#8220; text_line_height_tablet=&#8220;1.5em&#8220; text_line_height_phone=&#8220;1.5em&#8220; text_line_height_last_edited=&#8220;on|tablet&#8220; header_font_size_tablet=&#8220;54px&#8220; header_font_size_phone=&#8220;34px&#8220; header_font_size_last_edited=&#8220;on|tablet&#8220; text_text_shadow_style=&#8220;preset1&#8243; header_text_shadow_style=&#8220;preset1&#8243; global_colors_info=&#8220;{}&#8220;]<\/p>\n<h1>Management der Nachhaltigkeit<\/h1>\n<p>[\/et_pb_text][\/et_pb_column][\/et_pb_row][\/et_pb_section][et_pb_section fb_built=&#8220;1&#8243; _builder_version=&#8220;4.25.1&#8243; _module_preset=&#8220;default&#8220; custom_padding=&#8220;80px||60px||false|false&#8220; global_colors_info=&#8220;{}&#8220;][et_pb_row _builder_version=&#8220;4.25.1&#8243; _module_preset=&#8220;default&#8220; custom_padding=&#8220;0px|||||&#8220; global_colors_info=&#8220;{}&#8220;][et_pb_column type=&#8220;4_4&#8243; _builder_version=&#8220;4.25.1&#8243; _module_preset=&#8220;default&#8220; global_colors_info=&#8220;{}&#8220;][et_pb_text _builder_version=&#8220;4.25.1&#8243; _module_preset=&#8220;default&#8220; text_font=&#8220;|&#8211;et_global_body_font_weight|||||||&#8220; text_text_color=&#8220;#222222&#8243; text_font_size=&#8220;18px&#8220; text_line_height=&#8220;1.6em&#8220; header_text_color=&#8220;#222222&#8243; header_2_text_align=&#8220;center&#8220; header_2_text_color=&#8220;#222222&#8243; header_2_font_size=&#8220;36px&#8220; header_2_line_height=&#8220;1.3em&#8220; text_orientation=&#8220;center&#8220; width=&#8220;100%&#8220; module_alignment=&#8220;center&#8220; custom_margin=&#8220;||||false|false&#8220; hover_enabled=&#8220;0&#8243; locked=&#8220;off&#8220; global_colors_info=&#8220;{}&#8220; sticky_enabled=&#8220;0&#8243;]<\/p>\n<h2><span>Unsere Vision und Strategie<\/span><\/h2>\n<p>[\/et_pb_text][\/et_pb_column][\/et_pb_row][et_pb_row column_structure=&#8220;1_2,1_2&#8243; _builder_version=&#8220;4.25.1&#8243; _module_preset=&#8220;default&#8220; global_colors_info=&#8220;{}&#8220;][et_pb_column type=&#8220;1_2&#8243; _builder_version=&#8220;4.25.1&#8243; _module_preset=&#8220;default&#8220; global_colors_info=&#8220;{}&#8220;][et_pb_text _builder_version=&#8220;4.25.1&#8243; _module_preset=&#8220;default&#8220; global_colors_info=&#8220;{}&#8220;]<\/p>\n<p>Bei AMPCO METAL haben wir uns der Integration von Nachhaltigkeit in jeden Aspekt unseres Gesch\u00e4fts verschrieben. Unsere Vision ist es, in der Kupfer- und Aluminiummetallurgiebranche f\u00fchrend in Sachen ESG zu sein. <\/p>\n<p>Wir haben einen zweiphasigen Ansatz skizziert:<\/p>\n<p><strong>Phase 1:<\/strong> Sicherstellung der Einhaltung aller gesetzlichen Anforderungen in jedem Land, in dem sich Vorschriften \u00e4ndern oder in K\u00fcrze ge\u00e4ndert werden.<\/p>\n<p><strong>Phase 2:<\/strong> Entwicklung einer langfristigen ESG-Strategie, die sich auf die Schaffung von Kundennutzen, die Einhaltung gesetzlicher Vorschriften und den Beitrag zu globalen Klimaschutzbem\u00fchungen konzentriert.<\/p>\n<p>Bevor wir die Strategie f\u00fcr Phase 2 festlegen k\u00f6nnen, m\u00fcssen wir eine gr\u00fcndliche Marktanalyse durchf\u00fchren, um zu verstehen, welche ESG-Aspekte &#8211; abgesehen von der Einhaltung gesetzlicher Vorschriften &#8211; f\u00fcr die Kunden von Bedeutung sind.<\/p>\n<p>Mit einem klaren Verst\u00e4ndnis dieser Kundenpriorit\u00e4ten wie der Reduzierung von Scope 3 und der Kreislaufwirtschaft k\u00f6nnen wir dann unsere Produkte, Dienstleistungen und Produktionsprozesse so gestalten, dass sie ihren Bed\u00fcrfnissen und Erwartungen entsprechen.<span style=\"font-size: 14px;\"><\/span><\/p>\n<p>[\/et_pb_text][\/et_pb_column][et_pb_column type=&#8220;1_2&#8243; _builder_version=&#8220;4.25.1&#8243; _module_preset=&#8220;default&#8220; global_colors_info=&#8220;{}&#8220;][et_pb_text _builder_version=&#8220;4.25.1&#8243; _module_preset=&#8220;default&#8220; text_font_size=&#8220;55px&#8220; text_line_height=&#8220;1em&#8220; custom_padding=&#8220;|||20px|false|false&#8220; border_width_left=&#8220;7px&#8220; border_color_left=&#8220;#f89633&#8243; global_colors_info=&#8220;{}&#8220;]<\/p>\n<p><i>\u201eBei AMPCO METAL wissen wir, dass es nicht das Ziel ist, von Anfang an perfekt zu sein.\u201c<\/i><\/p>\n<p>[\/et_pb_text][\/et_pb_column][\/et_pb_row][et_pb_row _builder_version=&#8220;4.25.1&#8243; _module_preset=&#8220;default&#8220; global_colors_info=&#8220;{}&#8220;][et_pb_column type=&#8220;4_4&#8243; _builder_version=&#8220;4.25.1&#8243; _module_preset=&#8220;default&#8220; global_colors_info=&#8220;{}&#8220;][et_pb_toggle title=&#8220;Errungenschaften&#8220; _builder_version=&#8220;4.25.1&#8243; _module_preset=&#8220;default&#8220; global_colors_info=&#8220;{}&#8220;]<\/p>\n<p>Im Jahr 2023 begannen wir unsere ESG-Reise mit einer Erkundungsphase, in der wir eine L\u00fcckenanalyse durchf\u00fchrten, um die regulatorische Rahmenbedingugen zu verstehen und wesentliche Themen zu identifizieren, die f\u00fcr unser Gesch\u00e4ft relevant sind. Wir f\u00fchrten eine umfassende Lebenszyklusanalyse (LCA) durch, um unsere Kohlenstoffemissionen zu messen, sowie eine detaillierte Bewertung der regulatorischen Risiken und eine Kostenanalyse, um die Auswirkungen auf unsere globale Wertsch\u00f6pfungskette zu bewerten. Um unsere CSR-Leistung zu messen, haben wir die ISO 26000-Normen \u00fcbernommen und eine Vor-Ort-Bewertung unserer Aktivit\u00e4ten durchgef\u00fchrt. Diese grundlegenden Bem\u00fchungen waren entscheidend f\u00fcr die Gestaltung unserer ESG-Strategie und -Initiativen.   <\/p>\n<p><a href=\"https:\/\/esg.ampcometal.com\/wp-content\/uploads\/2024\/06\/achievements-new.png\"><img loading=\"lazy\" decoding=\"async\" class=\"wp-image-326 aligncenter size-full\" src=\"https:\/\/esg.ampcometal.com\/wp-content\/uploads\/2024\/06\/achievements-new.png\" alt=\"\" width=\"1853\" height=\"744\" style=\"display: block; margin-left: auto; margin-right: auto;\" srcset=\"https:\/\/esg.ampcometal.com\/wp-content\/uploads\/2024\/06\/achievements-new.png 1853w, https:\/\/esg.ampcometal.com\/wp-content\/uploads\/2024\/06\/achievements-new-1280x514.png 1280w, https:\/\/esg.ampcometal.com\/wp-content\/uploads\/2024\/06\/achievements-new-980x393.png 980w, https:\/\/esg.ampcometal.com\/wp-content\/uploads\/2024\/06\/achievements-new-480x193.png 480w\" sizes=\"(min-width: 0px) and (max-width: 480px) 480px, (min-width: 481px) and (max-width: 980px) 980px, (min-width: 981px) and (max-width: 1280px) 1280px, (min-width: 1281px) 1853px, 100vw\" \/><\/a><\/p>\n<p>[\/et_pb_toggle][et_pb_toggle title=&#8220;Kurzfristige Ziele&#8220; _builder_version=&#8220;4.25.1&#8243; _module_preset=&#8220;default&#8220; global_colors_info=&#8220;{}&#8220;]<\/p>\n<p>Unsere strategischen Ziele sind darauf ausgerichtet, unsere Nachhaltigkeitsagenda iterativ voranzutreiben, indem wir ESG-\u00dcberlegungen in unser Tagesgesch\u00e4ft integrieren. Wir sind bestrebt, unmittelbare Ma\u00dfnahmen mit unseren langfristigen Zielen in Einklang zu bringen und sicherzustellen, dass sich unser Engagement f\u00fcr Umweltschutz, soziale Verantwortung und solide Unternehmensf\u00fchrung in jedem Aspekt unseres Gesch\u00e4fts widerspiegelt. <\/p>\n<p><img loading=\"lazy\" decoding=\"async\" src=\"https:\/\/esg.ampcometal.com\/wp-content\/uploads\/2024\/06\/Short-term-objectives.png\" width=\"1882\" height=\"1171\" alt=\"\" class=\"wp-image-298 alignnone size-full\" style=\"display: block; margin-left: auto; margin-right: auto;\" srcset=\"https:\/\/esg.ampcometal.com\/wp-content\/uploads\/2024\/06\/Short-term-objectives.png 1882w, https:\/\/esg.ampcometal.com\/wp-content\/uploads\/2024\/06\/Short-term-objectives-1280x796.png 1280w, https:\/\/esg.ampcometal.com\/wp-content\/uploads\/2024\/06\/Short-term-objectives-980x610.png 980w, https:\/\/esg.ampcometal.com\/wp-content\/uploads\/2024\/06\/Short-term-objectives-480x299.png 480w\" sizes=\"(min-width: 0px) and (max-width: 480px) 480px, (min-width: 481px) and (max-width: 980px) 980px, (min-width: 981px) and (max-width: 1280px) 1280px, (min-width: 1281px) 1882px, 100vw\" \/><\/p>\n<p>[\/et_pb_toggle][et_pb_toggle title=&#8220;Langfristiger Ansatz&#8220; _builder_version=&#8220;4.25.1&#8243; _module_preset=&#8220;default&#8220; global_colors_info=&#8220;{}&#8220;]<\/p>\n<p>AMPCO METAL hat sich ehrgeizigen langfristigen ESG-Zielen verschrieben, die sich am Kundennutzen und den Netto-Null-Zielen orientieren. Bis 2030 wollen wir uns an den Zielen des Pariser Abkommens orientieren und unsere Emissionen um 45% reduzieren, um bis 2050 Netto-Null-Emissionen zu erreichen. Dieser Weg spiegelt unser Engagement f\u00fcr Nachhaltigkeit und Umweltverantwortung wider, indem wir diese Prinzipien tief in unsere Unternehmensstrategie integrieren.  <\/p>\n<p><img loading=\"lazy\" decoding=\"async\" src=\"https:\/\/esg.ampcometal.com\/wp-content\/uploads\/2024\/06\/long-term-roadmap.png\" width=\"1420\" height=\"612\" alt=\"\" class=\"wp-image-240 alignnone size-full\" style=\"display: block; margin-left: auto; margin-right: auto;\" srcset=\"https:\/\/esg.ampcometal.com\/wp-content\/uploads\/2024\/06\/long-term-roadmap.png 1420w, https:\/\/esg.ampcometal.com\/wp-content\/uploads\/2024\/06\/long-term-roadmap-1280x552.png 1280w, https:\/\/esg.ampcometal.com\/wp-content\/uploads\/2024\/06\/long-term-roadmap-980x422.png 980w, https:\/\/esg.ampcometal.com\/wp-content\/uploads\/2024\/06\/long-term-roadmap-480x207.png 480w\" sizes=\"(min-width: 0px) and (max-width: 480px) 480px, (min-width: 481px) and (max-width: 980px) 980px, (min-width: 981px) and (max-width: 1280px) 1280px, (min-width: 1281px) 1420px, 100vw\" \/><\/p>\n<p>[\/et_pb_toggle][et_pb_toggle title=&#8220;Management der Nachhaltigkeit&#8220; _builder_version=&#8220;4.25.1&#8243; _module_preset=&#8220;default&#8220; global_colors_info=&#8220;{}&#8220;]<\/p>\n<p>AMPCO METAL hat ein Rahmenwerk f\u00fcr das Nachhaltigkeitsmanagement entwickelt, das Umwelt-, Sozial- und Governance-\u00dcberlegungen (ESG) in unsere Gesch\u00e4ftsstrategie und -abl\u00e4ufe integriert. Dieser Rahmen ist in f\u00fcnf wichtige Schritte unterteilt: <\/p>\n<p><img loading=\"lazy\" decoding=\"async\" src=\"https:\/\/esg.ampcometal.com\/wp-content\/uploads\/2024\/06\/new-diagram-sustainability-management.png\" width=\"1024\" height=\"768\" alt=\"\" class=\"wp-image-299 alignnone size-full\" style=\"display: block; margin-left: auto; margin-right: auto;\" srcset=\"https:\/\/esg.ampcometal.com\/wp-content\/uploads\/2024\/06\/new-diagram-sustainability-management.png 1024w, https:\/\/esg.ampcometal.com\/wp-content\/uploads\/2024\/06\/new-diagram-sustainability-management-980x735.png 980w, https:\/\/esg.ampcometal.com\/wp-content\/uploads\/2024\/06\/new-diagram-sustainability-management-480x360.png 480w\" sizes=\"(min-width: 0px) and (max-width: 480px) 480px, (min-width: 481px) and (max-width: 980px) 980px, (min-width: 981px) 1024px, 100vw\" \/><\/p>\n<p>[\/et_pb_toggle][\/et_pb_column][\/et_pb_row][\/et_pb_section]<\/p>\n","protected":false},"excerpt":{"rendered":"<p>Management der NachhaltigkeitUnsere Vision und StrategieBei AMPCO METAL haben wir uns der Integration von Nachhaltigkeit in jeden Aspekt unseres Gesch\u00e4fts verschrieben. Unsere Vision ist es, in der Kupfer- und Aluminiummetallurgiebranche f\u00fchrend in Sachen ESG zu sein. Wir haben einen zweiphasigen Ansatz skizziert: Phase 1: Sicherstellung der Einhaltung aller gesetzlichen Anforderungen in jedem Land, in dem [&hellip;]<\/p>\n","protected":false},"author":1,"featured_media":0,"parent":0,"menu_order":0,"comment_status":"closed","ping_status":"closed","template":"","meta":{"_et_pb_use_builder":"on","_et_pb_old_content":"","_et_gb_content_width":"","inline_featured_image":false,"footnotes":""},"difl_page_category":[],"class_list":["post-662","page","type-page","status-publish","hentry"],"_links":{"self":[{"href":"https:\/\/esg.ampcometal.com\/de\/wp-json\/wp\/v2\/pages\/662","targetHints":{"allow":["GET"]}}],"collection":[{"href":"https:\/\/esg.ampcometal.com\/de\/wp-json\/wp\/v2\/pages"}],"about":[{"href":"https:\/\/esg.ampcometal.com\/de\/wp-json\/wp\/v2\/types\/page"}],"author":[{"embeddable":true,"href":"https:\/\/esg.ampcometal.com\/de\/wp-json\/wp\/v2\/users\/1"}],"replies":[{"embeddable":true,"href":"https:\/\/esg.ampcometal.com\/de\/wp-json\/wp\/v2\/comments?post=662"}],"version-history":[{"count":7,"href":"https:\/\/esg.ampcometal.com\/de\/wp-json\/wp\/v2\/pages\/662\/revisions"}],"predecessor-version":[{"id":979,"href":"https:\/\/esg.ampcometal.com\/de\/wp-json\/wp\/v2\/pages\/662\/revisions\/979"}],"wp:attachment":[{"href":"https:\/\/esg.ampcometal.com\/de\/wp-json\/wp\/v2\/media?parent=662"}],"wp:term":[{"taxonomy":"difl_page_category","embeddable":true,"href":"https:\/\/esg.ampcometal.com\/de\/wp-json\/wp\/v2\/difl_page_category?post=662"}],"curies":[{"name":"wp","href":"https:\/\/api.w.org\/{rel}","templated":true}]}}