{"id":745,"date":"2024-06-12T13:16:25","date_gmt":"2024-06-12T13:16:25","guid":{"rendered":"https:\/\/esg.ampcometal.com\/umwelt\/"},"modified":"2025-09-22T13:33:38","modified_gmt":"2025-09-22T13:33:38","slug":"umwelt","status":"publish","type":"page","link":"https:\/\/esg.ampcometal.com\/de\/umwelt\/","title":{"rendered":"Umwelt"},"content":{"rendered":"<p>[et_pb_section fb_built=&#8220;1&#8243; custom_padding_last_edited=&#8220;on|tablet&#8220; _builder_version=&#8220;4.25.1&#8243; _module_preset=&#8220;default&#8220; background_color=&#8220;rgba(34,34,34,0.33)&#8220; background_image=&#8220;https:\/\/esg.ampcometal.com\/wp-content\/uploads\/2024\/05\/switzerland_landscape_zermat.jpg&#8220; background_blend=&#8220;overlay&#8220; custom_padding=&#8220;340px||86px||false|false&#8220; custom_padding_tablet=&#8220;200px||86px||false|false&#8220; custom_padding_phone=&#8220;150px||40px||false|false&#8220; global_colors_info=&#8220;{}&#8220;][et_pb_row _builder_version=&#8220;4.25.1&#8243; _module_preset=&#8220;default&#8220; custom_padding=&#8220;7px|||||&#8220; global_colors_info=&#8220;{}&#8220;][et_pb_column type=&#8220;4_4&#8243; _builder_version=&#8220;4.25.1&#8243; _module_preset=&#8220;default&#8220; global_colors_info=&#8220;{}&#8220;][et_pb_text _builder_version=&#8220;4.25.1&#8243; _module_preset=&#8220;default&#8220; text_font=&#8220;|&#8211;et_global_body_font_weight|||||||&#8220; text_text_color=&#8220;#FFFFFF&#8220; text_font_size=&#8220;28px&#8220; header_font=&#8220;|300|||||||&#8220; header_text_color=&#8220;#FFFFFF&#8220; header_font_size=&#8220;70px&#8220; header_line_height=&#8220;1.4em&#8220; text_orientation=&#8220;center&#8220; text_font_size_tablet=&#8220;24px&#8220; text_font_size_phone=&#8220;20px&#8220; text_font_size_last_edited=&#8220;on|tablet&#8220; text_line_height_tablet=&#8220;1.5em&#8220; text_line_height_phone=&#8220;1.5em&#8220; text_line_height_last_edited=&#8220;on|tablet&#8220; header_font_size_tablet=&#8220;54px&#8220; header_font_size_phone=&#8220;34px&#8220; header_font_size_last_edited=&#8220;on|tablet&#8220; text_text_shadow_style=&#8220;preset1&#8243; header_text_shadow_style=&#8220;preset1&#8243; global_colors_info=&#8220;{}&#8220;]<\/p>\n<h1>Umwelt<\/h1>\n<p>[\/et_pb_text][\/et_pb_column][\/et_pb_row][\/et_pb_section][et_pb_section fb_built=&#8220;1&#8243; _builder_version=&#8220;4.25.1&#8243; _module_preset=&#8220;default&#8220; custom_padding=&#8220;80px||60px||false|false&#8220; global_colors_info=&#8220;{}&#8220;][et_pb_row _builder_version=&#8220;4.25.1&#8243; _module_preset=&#8220;default&#8220; custom_padding=&#8220;0px|||||&#8220; locked=&#8220;off&#8220; global_colors_info=&#8220;{}&#8220;][et_pb_column type=&#8220;4_4&#8243; _builder_version=&#8220;4.25.1&#8243; _module_preset=&#8220;default&#8220; global_colors_info=&#8220;{}&#8220;][et_pb_text _builder_version=&#8220;4.25.1&#8243; _module_preset=&#8220;default&#8220; text_font=&#8220;|&#8211;et_global_body_font_weight|||||||&#8220; text_text_color=&#8220;#222222&#8243; text_font_size=&#8220;18px&#8220; text_line_height=&#8220;1.6em&#8220; header_text_color=&#8220;#222222&#8243; header_2_text_align=&#8220;center&#8220; header_2_text_color=&#8220;#222222&#8243; header_2_font_size=&#8220;36px&#8220; header_2_line_height=&#8220;1.3em&#8220; text_orientation=&#8220;center&#8220; width=&#8220;100%&#8220; module_alignment=&#8220;center&#8220; custom_margin=&#8220;||||false|false&#8220; locked=&#8220;off&#8220; global_colors_info=&#8220;{}&#8220;]<\/p>\n<h2><span>Auswirkungen unserer T\u00e4tigkeit auf die Umwelt<\/span><\/h2>\n<p>[\/et_pb_text][\/et_pb_column][\/et_pb_row][et_pb_row column_structure=&#8220;1_2,1_2&#8243; _builder_version=&#8220;4.25.1&#8243; _module_preset=&#8220;default&#8220; locked=&#8220;off&#8220; global_colors_info=&#8220;{}&#8220;][et_pb_column type=&#8220;1_2&#8243; _builder_version=&#8220;4.25.1&#8243; _module_preset=&#8220;default&#8220; global_colors_info=&#8220;{}&#8220;][et_pb_text _builder_version=&#8220;4.25.1&#8243; _module_preset=&#8220;default&#8220; global_colors_info=&#8220;{}&#8220;]Der Stakeholder-Dialog ist ein Eckpfeiler unserer ESG-Strategie. Wir haben eine Wesentlichkeitspr\u00fcfung durchgef\u00fchrt, um die wichtigsten ESG-Themen zu identifizieren, die f\u00fcr unsere Stakeholder und unser Unternehmen am wichtigsten sind. Im Rahmen dieses Prozesses haben wir uns mit internen und externen Stakeholdern beraten, darunter Mitarbeiter, Kunden, Lieferanten, Mitglieder der Gemeinschaft und Branchenexperten.[\/et_pb_text][\/et_pb_column][et_pb_column type=&#8220;1_2&#8243; _builder_version=&#8220;4.25.1&#8243; _module_preset=&#8220;default&#8220; global_colors_info=&#8220;{}&#8220;][et_pb_text _builder_version=&#8220;4.25.1&#8243; _module_preset=&#8220;default&#8220; text_text_color=&#8220;#f89633&#8243; text_font_size=&#8220;37px&#8220; text_line_height=&#8220;1em&#8220; custom_padding=&#8220;|||20px|false|false&#8220; border_width_left=&#8220;7px&#8220; border_color_left=&#8220;#f89633&#8243; global_colors_info=&#8220;{}&#8220;]<\/p>\n<p><i>\u201eDer Stakeholder-Dialog ist ein Eckpfeiler unserer ESG-Strategie.\u201c<\/i><\/p>\n<p>[\/et_pb_text][\/et_pb_column][\/et_pb_row][et_pb_row _builder_version=&#8220;4.25.1&#8243; _module_preset=&#8220;default&#8220; custom_padding=&#8220;0px|||||&#8220; global_colors_info=&#8220;{}&#8220;][et_pb_column type=&#8220;4_4&#8243; _builder_version=&#8220;4.25.1&#8243; _module_preset=&#8220;default&#8220; global_colors_info=&#8220;{}&#8220;][et_pb_toggle title=&#8220;Umweltinitiativen&#8220; _builder_version=&#8220;4.25.1&#8243; _module_preset=&#8220;default&#8220; global_colors_info=&#8220;{}&#8220;]<\/p>\n<p>Die Umweltpolitik von AMPCO METAL zielt darauf ab, die Auswirkungen unserer Gesch\u00e4ftst\u00e4tigkeit auf die Umwelt zu minimieren, Nachhaltigkeit zu f\u00f6rdern und einen verantwortungsvollen Umgang mit nat\u00fcrlichen Ressourcen sicherzustellen.<\/p>\n<table border=\"1\" style=\"border-collapse: collapse; width: 100%; height: 192px;\">\n<tbody>\n<tr class=\"difl_datatableitem_0\">\n<th data-label=\"Topic\" class=\"df_dt_table_body_column_cell\" style=\"width: 14.2857%;\">Thema<\/th>\n<th data-label=\"Measures Taken\" class=\"df_dt_table_body_column_cell\" style=\"width: 27.9039%;\">Ergriffene Ma\u00dfnahmen<\/th>\n<th data-label=\"Initiatives\" class=\"df_dt_table_body_column_cell\" style=\"width: 60.9509%;\">Initiativen<\/th>\n<th data-label=\"Status\" class=\"df_dt_table_body_column_cell\" style=\"width: 1.38122%;\">Status<\/th>\n<\/tr>\n<tr class=\"difl_datatableitem_1\">\n<td data-label=\"Topic\" class=\"df_dt_table_body_column_cell\" style=\"width: 14.2857%;\">\u00d6kobilanz<\/td>\n<td data-label=\"Measures Taken\" class=\"df_dt_table_body_column_cell\" style=\"width: 27.9039%;\">Unsere Lebenszyklusanalyse (LCA) erstreckte sich auf 19 verschiedene Standorte weltweit, einschlie\u00dflich unserer wichtigsten Produktionsst\u00e4tten und Vertriebsb\u00fcros.<\/td>\n<td data-label=\"Initiatives\" class=\"df_dt_table_body_column_cell\" style=\"width: 60.9509%;\">Festlegung von wissenschaftlich fundierten Zielen (SBTi) f\u00fcr die Emissionsreduzierung, wobei C02-Hotspot-Bereiche wie die Lieferkette Vorrang haben.<\/td>\n<td data-label=\"Status\" class=\"df_dt_table_body_column_cell\" style=\"width: 1.38122%;\"><img loading=\"lazy\" decoding=\"async\" src=\"https:\/\/esg.ampcometal.com\/wp-content\/uploads\/2024\/06\/in-progress-clock-150x150.png\" width=\"150\" height=\"150\" alt=\"\" class=\"wp-image-287 alignnone size-thumbnail\"><\/td>\n<\/tr>\n<tr class=\"difl_datatableitem_2\">\n<td data-label=\"Topic\" class=\"df_dt_table_body_column_cell\" style=\"width: 14.2857%;\">Materielle Themen<\/td>\n<td data-label=\"Measures Taken\" class=\"df_dt_table_body_column_cell\" style=\"width: 27.9039%;\">Wir haben eine Wesentlichkeitspr\u00fcfung durchgef\u00fchrt, um die wichtigsten ESG-Themen zu identifizieren, die f\u00fcr unsere Stakeholder und unser Unternehmen am wichtigsten sind.<\/td>\n<td data-label=\"Initiatives\" class=\"df_dt_table_body_column_cell\" style=\"width: 60.9509%;\">Auf der Grundlage der doppelten Wesentlichkeitsbewertung und Priorisierung konzentriert AMPCO METAL seine Bem\u00fchungen auf die Top-Themen. Diese Themen haben die h\u00f6chste kombinierte Punktzahl, was bedeutet, dass sie sowohl erhebliche Auswirkungen haben als auch finanziell wesentlich f\u00fcr das Unternehmen sind. <\/td>\n<td data-label=\"Status\" class=\"df_dt_table_body_column_cell\" style=\"width: 1.38122%;\"><img loading=\"lazy\" decoding=\"async\" src=\"https:\/\/esg.ampcometal.com\/wp-content\/uploads\/2024\/06\/complete-check-150x150.png\" width=\"150\" height=\"150\" alt=\"\" class=\"wp-image-288 alignnone size-thumbnail\"><\/td>\n<\/tr>\n<tr class=\"difl_datatableitem_3\">\n<td data-label=\"Topic\" class=\"df_dt_table_body_column_cell\" style=\"width: 14.2857%;\">UN SDG&#8217;s<\/td>\n<td data-label=\"Measures Taken\" class=\"df_dt_table_body_column_cell\" style=\"width: 27.9039%;\">Wir leisten einen Beitrag zu 5 SDGs, die f\u00fcr die Kupfer- und Aluminiumindustrie besonders relevant sind.<\/td>\n<td data-label=\"Initiatives\" class=\"df_dt_table_body_column_cell\" style=\"width: 60.9509%;\">SDG 7: Erschwingliche und saubere Energie<br \/>SDG 9: Industrie, Innovation und Infrastruktur<br \/>SDG 12: Verantwortungsbewusster Konsum und Produktion<br \/>SDG 13: Klimapolitik<\/td>\n<td data-label=\"Status\" class=\"df_dt_table_body_column_cell\" style=\"width: 1.38122%;\"><img loading=\"lazy\" decoding=\"async\" src=\"https:\/\/esg.ampcometal.com\/wp-content\/uploads\/2024\/06\/in-progress-clock-150x150.png\" width=\"150\" height=\"150\" alt=\"\" class=\"wp-image-287 alignnone size-thumbnail\"><\/td>\n<\/tr>\n<tr class=\"difl_datatableitem_4\">\n<td data-label=\"Topic\" class=\"df_dt_table_body_column_cell\" style=\"width: 14.2857%;\">ISO50001<\/td>\n<td data-label=\"Measures Taken\" class=\"df_dt_table_body_column_cell\" style=\"width: 27.9039%;\">Implementierung von Energiemanagementstandards f\u00fcr den Hauptproduktionsstandort.<\/td>\n<td data-label=\"Initiatives\" class=\"df_dt_table_body_column_cell\" style=\"width: 60.9509%;\">Verbesserte Energieeffizienz in der gesamten Lieferkette, Kosteneinsparungen, Einhaltung von Vorschriften, Reduzierung des CO2-Fu\u00dfabdrucks<\/td>\n<td data-label=\"Status\" class=\"df_dt_table_body_column_cell\" style=\"width: 1.38122%;\"><img loading=\"lazy\" decoding=\"async\" src=\"https:\/\/esg.ampcometal.com\/wp-content\/uploads\/2024\/06\/in-progress-clock-150x150.png\" width=\"150\" height=\"150\" alt=\"\" class=\"wp-image-287 alignnone size-thumbnail\"><\/td>\n<\/tr>\n<tr class=\"difl_datatableitem_5\">\n<td data-label=\"Topic\" class=\"df_dt_table_body_column_cell\" style=\"width: 14.2857%;\">Regulatorische Risikobewertung<\/td>\n<td data-label=\"Measures Taken\" class=\"df_dt_table_body_column_cell\" style=\"width: 27.9039%;\">Sorgf\u00e4ltige Pr\u00fcfung und Risikobewertung<\/td>\n<td data-label=\"Initiatives\" class=\"df_dt_table_body_column_cell\" style=\"width: 60.9509%;\">Bericht \u00fcber die Einhaltung gesetzlicher Vorschriften in Bezug auf AMPCO METAL<\/td>\n<td data-label=\"Status\" class=\"df_dt_table_body_column_cell\" style=\"width: 1.38122%;\"><img loading=\"lazy\" decoding=\"async\" src=\"https:\/\/esg.ampcometal.com\/wp-content\/uploads\/2024\/06\/complete-check-150x150.png\" width=\"150\" height=\"150\" alt=\"\" class=\"wp-image-288 alignnone size-thumbnail\"><\/td>\n<\/tr>\n<tr class=\"difl_datatableitem_6\">\n<td data-label=\"Topic\" class=\"df_dt_table_body_column_cell\" style=\"width: 14.2857%;\">Engagement der Stakeholder<\/td>\n<td data-label=\"Measures Taken\" class=\"df_dt_table_body_column_cell\" style=\"width: 27.9039%;\">F\u00fchren Sie eine Bewertung der Wesentlichkeitsmatrix durch.<\/td>\n<td data-label=\"Initiatives\" class=\"df_dt_table_body_column_cell\" style=\"width: 60.9509%;\">Identifizieren Sie wesentliche Themen f\u00fcr das Unternehmen und setzen Sie Priorit\u00e4ten.<\/td>\n<td data-label=\"Status\" class=\"df_dt_table_body_column_cell\" style=\"width: 1.38122%;\"><img loading=\"lazy\" decoding=\"async\" src=\"https:\/\/esg.ampcometal.com\/wp-content\/uploads\/2024\/06\/complete-check-150x150.png\" width=\"150\" height=\"150\" alt=\"\" class=\"wp-image-288 alignnone size-thumbnail\"><\/td>\n<\/tr>\n<tr class=\"difl_datatableitem_7\">\n<td data-label=\"Topic\" class=\"df_dt_table_body_column_cell\" style=\"width: 14.2857%;\">CSRD<\/td>\n<td data-label=\"Measures Taken\" class=\"df_dt_table_body_column_cell\" style=\"width: 27.9039%;\">Sicherstellung der Einhaltung aller ESG-Vorschriften in den L\u00e4ndern, in denen wir t\u00e4tig sind<\/td>\n<td data-label=\"Initiatives\" class=\"df_dt_table_body_column_cell\" style=\"width: 60.9509%;\">Entwicklung eines Rahmens zur Erhebung von Daten f\u00fcr den CSRD-Bericht im Januar 2026 (Daten f\u00fcr 2025).<\/td>\n<td data-label=\"Status\" class=\"df_dt_table_body_column_cell\" style=\"width: 1.38122%;\"><img loading=\"lazy\" decoding=\"async\" src=\"https:\/\/esg.ampcometal.com\/wp-content\/uploads\/2024\/06\/in-progress-clock-150x150.png\" width=\"150\" height=\"150\" alt=\"\" class=\"wp-image-287 alignnone size-thumbnail\"><\/td>\n<\/tr>\n<\/tbody>\n<\/table>\n<p>[\/et_pb_toggle][et_pb_toggle title=&#8220;Corporate Carbon Footprint&#8220; _builder_version=&#8220;4.25.1&#8243; _module_preset=&#8220;default&#8220; global_colors_info=&#8220;{}&#8220;]<\/p>\n<div class=\"footprintcontainer\">\n<div class=\"footprinttext\">\n<p>Die Emission von Treibhausgasen (THG) ist das ESG-Thema, das die Kunden von AMPCO METAL am st\u00e4rksten betrifft. Um dieses Thema anzugehen, m\u00fcssen wir die Emissionen reduzieren, die Transparenz in der Emissionsberichterstattung erh\u00f6hen und unser Engagement f\u00fcr die Dekarbonisierung unserer Lieferkette demonstrieren, was mit den Erwartungen unserer Kunden und den gesetzlichen Anforderungen \u00fcbereinstimmt. Dieser Fokus kann AMPCO METAL helfen, die Beziehungen zu seinen Kunden zu st\u00e4rken und die steigende Nachfrage nach nachhaltigen Produkten zu erf\u00fcllen.  <\/p>\n<\/div>\n<div class=\"footprintimage\"><img decoding=\"async\" src=\"https:\/\/esg.ampcometal.com\/wp-content\/uploads\/2024\/06\/lca-chart.png\" width=\"720\" alt=\"\" class=\"wp-image-270 alignnone size-full\" srcset=\"https:\/\/esg.ampcometal.com\/wp-content\/uploads\/2024\/06\/lca-chart.png 1445w, https:\/\/esg.ampcometal.com\/wp-content\/uploads\/2024\/06\/lca-chart-1280x657.png 1280w, https:\/\/esg.ampcometal.com\/wp-content\/uploads\/2024\/06\/lca-chart-980x503.png 980w, https:\/\/esg.ampcometal.com\/wp-content\/uploads\/2024\/06\/lca-chart-480x246.png 480w\" sizes=\"(min-width: 0px) and (max-width: 480px) 480px, (min-width: 481px) and (max-width: 980px) 980px, (min-width: 981px) and (max-width: 1280px) 1280px, (min-width: 1281px) 1445px, 100vw\" \/><\/div>\n<\/div>\n<p>[\/et_pb_toggle][et_pb_toggle title=&#8220;Bewertung der Wesentlichkeit&#8220; _builder_version=&#8220;4.25.1&#8243; _module_preset=&#8220;default&#8220; hover_enabled=&#8220;0&#8243; global_colors_info=&#8220;{}&#8220; sticky_enabled=&#8220;0&#8243;]<\/p>\n<p><a href=\"https:\/\/esg.ampcometal.com\/wp-content\/uploads\/2024\/06\/Materialities-matrix-scaled.jpg\"><img loading=\"lazy\" decoding=\"async\" src=\"https:\/\/esg.ampcometal.com\/wp-content\/uploads\/2024\/06\/Materialities-matrix-1024x713.jpg\" width=\"1024\" height=\"713\" alt=\"\" class=\"wp-image-389 alignnone size-large\" srcset=\"https:\/\/esg.ampcometal.com\/wp-content\/uploads\/2024\/06\/Materialities-matrix-980x682.jpg 980w, https:\/\/esg.ampcometal.com\/wp-content\/uploads\/2024\/06\/Materialities-matrix-480x334.jpg 480w\" sizes=\"(min-width: 0px) and (max-width: 480px) 480px, (min-width: 481px) and (max-width: 980px) 980px, (min-width: 981px) 1024px, 100vw\" \/><\/a><\/p>\n<p>[\/et_pb_toggle][et_pb_toggle title=&#8220;ESG Material Issues Bewertung&#8220; _builder_version=&#8220;4.25.1&#8243; _module_preset=&#8220;default&#8220; hover_enabled=&#8220;0&#8243; global_colors_info=&#8220;{}&#8220; sticky_enabled=&#8220;0&#8243;]<\/p>\n<p>Auf der Grundlage der doppelten Materialit\u00e4tsbewertung und -priorisierung sollte AMPCO METAL seine Bem\u00fchungen auf die Top-Themen konzentrieren. Diese Themen haben die h\u00f6chste kombinierte Punktzahl, was bedeutet, dass sie sowohl erhebliche Auswirkungen haben als auch finanziell wesentlich f\u00fcr das Unternehmen sind. <\/p>\n<p><img loading=\"lazy\" decoding=\"async\" src=\"https:\/\/esg.ampcometal.com\/wp-content\/uploads\/2024\/06\/esg-table.png\" width=\"1087\" height=\"576\" alt=\"\" class=\"wp-image-391 aligncenter size-full\" srcset=\"https:\/\/esg.ampcometal.com\/wp-content\/uploads\/2024\/06\/esg-table.png 1087w, https:\/\/esg.ampcometal.com\/wp-content\/uploads\/2024\/06\/esg-table-980x519.png 980w, https:\/\/esg.ampcometal.com\/wp-content\/uploads\/2024\/06\/esg-table-480x254.png 480w\" sizes=\"(min-width: 0px) and (max-width: 480px) 480px, (min-width: 481px) and (max-width: 980px) 980px, (min-width: 981px) 1087px, 100vw\" \/><\/p>\n<p>[\/et_pb_toggle][et_pb_toggle title=&#8220;SDG&#8220; _builder_version=&#8220;4.25.1&#8243; _module_preset=&#8220;default&#8220; global_colors_info=&#8220;{}&#8220;]<\/p>\n<p>F\u00fcr unsere globalen Aktivit\u00e4ten sind die Ziele f\u00fcr nachhaltige Entwicklung (SDGs) f\u00fcr AMPCO METAL besonders relevant. Im Folgenden finden Sie die wichtigsten SDGs und wie sie sich auf unsere Gesch\u00e4ftst\u00e4tigkeit beziehen. <\/p>\n<p>&nbsp;<\/p>\n<\/p>\n<p><center><img loading=\"lazy\" decoding=\"async\" class=\"wp-image-196 size-full\" src=\"https:\/\/esg.ampcometal.com\/wp-content\/uploads\/2024\/05\/sdg-7.png\" alt=\"\" width=\"135\" height=\"135\" srcset=\"https:\/\/esg.ampcometal.com\/wp-content\/uploads\/2024\/05\/sdg-7-1280x1280.png 1280w, https:\/\/esg.ampcometal.com\/wp-content\/uploads\/2024\/05\/sdg-7-980x980.png 980w, https:\/\/esg.ampcometal.com\/wp-content\/uploads\/2024\/05\/sdg-7-480x480.png 480w\" sizes=\"(min-width: 0px) and (max-width: 480px) 480px, (min-width: 481px) and (max-width: 980px) 980px, (min-width: 981px) and (max-width: 1280px) 1280px, 100vw\" \/><img loading=\"lazy\" decoding=\"async\" class=\"wp-image-195 size-full\" src=\"https:\/\/esg.ampcometal.com\/wp-content\/uploads\/2024\/05\/sdg-9.png\" alt=\"\" width=\"135\" height=\"135\" srcset=\"https:\/\/esg.ampcometal.com\/wp-content\/uploads\/2024\/05\/sdg-9-1280x1280.png 1280w, https:\/\/esg.ampcometal.com\/wp-content\/uploads\/2024\/05\/sdg-9-980x980.png 980w, https:\/\/esg.ampcometal.com\/wp-content\/uploads\/2024\/05\/sdg-9-480x480.png 480w\" sizes=\"(min-width: 0px) and (max-width: 480px) 480px, (min-width: 481px) and (max-width: 980px) 980px, (min-width: 981px) and (max-width: 1280px) 1280px, 100vw\" \/><img loading=\"lazy\" decoding=\"async\" class=\"wp-image-194 size-full\" src=\"https:\/\/esg.ampcometal.com\/wp-content\/uploads\/2024\/05\/sdg-12.png\" alt=\"\" width=\"135\" height=\"135\" srcset=\"https:\/\/esg.ampcometal.com\/wp-content\/uploads\/2024\/05\/sdg-12-1280x1280.png 1280w, https:\/\/esg.ampcometal.com\/wp-content\/uploads\/2024\/05\/sdg-12-980x980.png 980w, https:\/\/esg.ampcometal.com\/wp-content\/uploads\/2024\/05\/sdg-12-480x480.png 480w\" sizes=\"(min-width: 0px) and (max-width: 480px) 480px, (min-width: 481px) and (max-width: 980px) 980px, (min-width: 981px) and (max-width: 1280px) 1280px, 100vw\" \/><img loading=\"lazy\" decoding=\"async\" class=\"wp-image-193 size-full\" src=\"https:\/\/esg.ampcometal.com\/wp-content\/uploads\/2024\/05\/sdg-13.png\" alt=\"\" width=\"135\" height=\"135\" srcset=\"https:\/\/esg.ampcometal.com\/wp-content\/uploads\/2024\/05\/sdg-13-1280x1280.png 1280w, https:\/\/esg.ampcometal.com\/wp-content\/uploads\/2024\/05\/sdg-13-980x980.png 980w, https:\/\/esg.ampcometal.com\/wp-content\/uploads\/2024\/05\/sdg-13-480x480.png 480w\" sizes=\"(min-width: 0px) and (max-width: 480px) 480px, (min-width: 481px) and (max-width: 980px) 980px, (min-width: 981px) and (max-width: 1280px) 1280px, 100vw\" \/><\/center>[\/et_pb_toggle][et_pb_toggle title=&#8220;Dokumente&#8220; _builder_version=&#8220;4.25.1&#8243; _module_preset=&#8220;default&#8220; global_colors_info=&#8220;{}&#8220;]<\/p>\n<p> <a href=\"https:\/\/esg.ampcometal.com\/wp-content\/uploads\/2024\/06\/AMPCO-METAL-Global-ESG-Environment-Policy.pdf\"><img loading=\"lazy\" decoding=\"async\" src=\"https:\/\/esg.ampcometal.com\/wp-content\/uploads\/2024\/06\/download-environment.png\" width=\"694\" height=\"101\" alt=\"\" class=\"wp-image-358 alignnone size-full\" style=\"display: block; margin-left: auto; margin-right: auto;\" srcset=\"https:\/\/esg.ampcometal.com\/wp-content\/uploads\/2024\/06\/download-environment.png 694w, https:\/\/esg.ampcometal.com\/wp-content\/uploads\/2024\/06\/download-environment-480x70.png 480w\" sizes=\"(min-width: 0px) and (max-width: 480px) 480px, (min-width: 481px) 694px, 100vw\" \/><\/a><\/p>\n<p>[\/et_pb_toggle][\/et_pb_column][\/et_pb_row][\/et_pb_section]<\/p>\n","protected":false},"excerpt":{"rendered":"<p>UmweltAuswirkungen unserer T\u00e4tigkeit auf die UmweltDer Stakeholder-Dialog ist ein Eckpfeiler unserer ESG-Strategie. Wir haben eine Wesentlichkeitspr\u00fcfung durchgef\u00fchrt, um die wichtigsten ESG-Themen zu identifizieren, die f\u00fcr unsere Stakeholder und unser Unternehmen am wichtigsten sind. Im Rahmen dieses Prozesses haben wir uns mit internen und externen Stakeholdern beraten, darunter Mitarbeiter, Kunden, Lieferanten, Mitglieder der Gemeinschaft und Branchenexperten.\u201eDer [&hellip;]<\/p>\n","protected":false},"author":1,"featured_media":0,"parent":0,"menu_order":0,"comment_status":"closed","ping_status":"closed","template":"","meta":{"_et_pb_use_builder":"on","_et_pb_old_content":"","_et_gb_content_width":"","inline_featured_image":false,"footnotes":""},"difl_page_category":[],"class_list":["post-745","page","type-page","status-publish","hentry"],"_links":{"self":[{"href":"https:\/\/esg.ampcometal.com\/de\/wp-json\/wp\/v2\/pages\/745","targetHints":{"allow":["GET"]}}],"collection":[{"href":"https:\/\/esg.ampcometal.com\/de\/wp-json\/wp\/v2\/pages"}],"about":[{"href":"https:\/\/esg.ampcometal.com\/de\/wp-json\/wp\/v2\/types\/page"}],"author":[{"embeddable":true,"href":"https:\/\/esg.ampcometal.com\/de\/wp-json\/wp\/v2\/users\/1"}],"replies":[{"embeddable":true,"href":"https:\/\/esg.ampcometal.com\/de\/wp-json\/wp\/v2\/comments?post=745"}],"version-history":[{"count":4,"href":"https:\/\/esg.ampcometal.com\/de\/wp-json\/wp\/v2\/pages\/745\/revisions"}],"predecessor-version":[{"id":965,"href":"https:\/\/esg.ampcometal.com\/de\/wp-json\/wp\/v2\/pages\/745\/revisions\/965"}],"wp:attachment":[{"href":"https:\/\/esg.ampcometal.com\/de\/wp-json\/wp\/v2\/media?parent=745"}],"wp:term":[{"taxonomy":"difl_page_category","embeddable":true,"href":"https:\/\/esg.ampcometal.com\/de\/wp-json\/wp\/v2\/difl_page_category?post=745"}],"curies":[{"name":"wp","href":"https:\/\/api.w.org\/{rel}","templated":true}]}}