{"id":752,"date":"2024-06-18T10:28:56","date_gmt":"2024-06-18T10:28:56","guid":{"rendered":"https:\/\/esg.ampcometal.com\/sozial\/"},"modified":"2025-09-22T14:02:38","modified_gmt":"2025-09-22T14:02:38","slug":"sozial","status":"publish","type":"page","link":"https:\/\/esg.ampcometal.com\/de\/sozial\/","title":{"rendered":"Sozial"},"content":{"rendered":"<p>[et_pb_section fb_built=&#8220;1&#8243; custom_padding_last_edited=&#8220;on|tablet&#8220; _builder_version=&#8220;4.25.1&#8243; _module_preset=&#8220;default&#8220; background_color=&#8220;rgba(34,34,34,0.33)&#8220; background_image=&#8220;https:\/\/esg.ampcometal.com\/wp-content\/uploads\/2024\/05\/social_bike_to_work_initiative.jpg&#8220; background_blend=&#8220;overlay&#8220; custom_padding=&#8220;340px||86px||false|false&#8220; custom_padding_tablet=&#8220;200px||86px||false|false&#8220; custom_padding_phone=&#8220;150px||40px||false|false&#8220; global_colors_info=&#8220;{}&#8220;][et_pb_row _builder_version=&#8220;4.25.1&#8243; _module_preset=&#8220;default&#8220; custom_padding=&#8220;7px|||||&#8220; global_colors_info=&#8220;{}&#8220;][et_pb_column type=&#8220;4_4&#8243; _builder_version=&#8220;4.25.1&#8243; _module_preset=&#8220;default&#8220; global_colors_info=&#8220;{}&#8220;][et_pb_text _builder_version=&#8220;4.25.1&#8243; _module_preset=&#8220;default&#8220; text_font=&#8220;|&#8211;et_global_body_font_weight|||||||&#8220; text_text_color=&#8220;#FFFFFF&#8220; text_font_size=&#8220;28px&#8220; header_font=&#8220;|300|||||||&#8220; header_text_color=&#8220;#FFFFFF&#8220; header_font_size=&#8220;70px&#8220; header_line_height=&#8220;1.4em&#8220; text_orientation=&#8220;center&#8220; text_font_size_tablet=&#8220;24px&#8220; text_font_size_phone=&#8220;20px&#8220; text_font_size_last_edited=&#8220;on|tablet&#8220; text_line_height_tablet=&#8220;1.5em&#8220; text_line_height_phone=&#8220;1.5em&#8220; text_line_height_last_edited=&#8220;on|tablet&#8220; header_font_size_tablet=&#8220;54px&#8220; header_font_size_phone=&#8220;34px&#8220; header_font_size_last_edited=&#8220;on|tablet&#8220; text_text_shadow_style=&#8220;preset1&#8243; header_text_shadow_style=&#8220;preset1&#8243; global_colors_info=&#8220;{}&#8220;]<\/p>\n<h1>Sozial<\/h1>\n<p>[\/et_pb_text][\/et_pb_column][\/et_pb_row][\/et_pb_section][et_pb_section fb_built=&#8220;1&#8243; _builder_version=&#8220;4.25.1&#8243; _module_preset=&#8220;default&#8220; custom_padding=&#8220;80px||60px||false|false&#8220; global_colors_info=&#8220;{}&#8220;][et_pb_row _builder_version=&#8220;4.25.1&#8243; _module_preset=&#8220;default&#8220; custom_padding=&#8220;0px|||||&#8220; locked=&#8220;off&#8220; global_colors_info=&#8220;{}&#8220;][et_pb_column type=&#8220;4_4&#8243; _builder_version=&#8220;4.25.1&#8243; _module_preset=&#8220;default&#8220; global_colors_info=&#8220;{}&#8220;][et_pb_text _builder_version=&#8220;4.25.1&#8243; _module_preset=&#8220;default&#8220; text_font=&#8220;|&#8211;et_global_body_font_weight|||||||&#8220; text_text_color=&#8220;#222222&#8243; text_font_size=&#8220;18px&#8220; text_line_height=&#8220;1.6em&#8220; header_text_color=&#8220;#222222&#8243; header_2_text_align=&#8220;center&#8220; header_2_text_color=&#8220;#222222&#8243; header_2_font_size=&#8220;36px&#8220; header_2_line_height=&#8220;1.3em&#8220; text_orientation=&#8220;center&#8220; width=&#8220;100%&#8220; module_alignment=&#8220;center&#8220; custom_margin=&#8220;||||false|false&#8220; locked=&#8220;off&#8220; global_colors_info=&#8220;{}&#8220;]<\/p>\n<h2>Soziale Verantwortung<\/h2>\n<p>[\/et_pb_text][\/et_pb_column][\/et_pb_row][et_pb_row column_structure=&#8220;1_2,1_2&#8243; _builder_version=&#8220;4.25.1&#8243; _module_preset=&#8220;default&#8220; locked=&#8220;off&#8220; global_colors_info=&#8220;{}&#8220;][et_pb_column type=&#8220;1_2&#8243; _builder_version=&#8220;4.25.1&#8243; _module_preset=&#8220;default&#8220; global_colors_info=&#8220;{}&#8220;][et_pb_text _builder_version=&#8220;4.25.1&#8243; _module_preset=&#8220;default&#8220; global_colors_info=&#8220;{}&#8220;]<\/p>\n<p>Als aktiver Teil der Gesellschaft ist AMPCO METAL bestrebt, nachhaltige Beziehungen zu Menschen und Institutionen an unseren 19 globalen Standorten zu f\u00f6rdern. Unsere Priorit\u00e4t ist das Wohlbefinden unserer Mitarbeiter. Im Einklang mit unserer globalen Nachhaltigkeitsstrategie \u00fcbernehmen wir soziale Verantwortung in unserem Unternehmen, in unseren Gemeinden und in unseren Lieferketten. Wir respektieren die Arbeits- und Menschenrechte, engagieren uns f\u00fcr Gesundheit und Sicherheit, f\u00f6rdern Vielfalt und Integration und sorgen f\u00fcr Chancengleichheit.   <\/p>\n<p>[\/et_pb_text][\/et_pb_column][et_pb_column type=&#8220;1_2&#8243; _builder_version=&#8220;4.25.1&#8243; _module_preset=&#8220;default&#8220; global_colors_info=&#8220;{}&#8220;][et_pb_text _builder_version=&#8220;4.25.1&#8243; _module_preset=&#8220;default&#8220; text_text_color=&#8220;#f89633&#8243; text_font_size=&#8220;39px&#8220; text_line_height=&#8220;1em&#8220; custom_padding=&#8220;|||20px|false|false&#8220; border_width_left=&#8220;7px&#8220; border_color_left=&#8220;#f89633&#8243; global_colors_info=&#8220;{}&#8220;]<\/p>\n<p><i>\u201eWir \u00fcbernehmen soziale Verantwortung in unserem Unternehmen, in unseren Gemeinden und in unserer gesamten Lieferkette&#8230;\u201c<\/i><\/p>\n<p>[\/et_pb_text][\/et_pb_column][\/et_pb_row][et_pb_row _builder_version=&#8220;4.25.1&#8243; _module_preset=&#8220;default&#8220; custom_padding=&#8220;0px|||||&#8220; global_colors_info=&#8220;{}&#8220;][et_pb_column type=&#8220;4_4&#8243; _builder_version=&#8220;4.25.1&#8243; _module_preset=&#8220;default&#8220; global_colors_info=&#8220;{}&#8220;][et_pb_toggle title=&#8220;Soziale Initiativen&#8220; _builder_version=&#8220;4.25.1&#8243; _module_preset=&#8220;default&#8220; hover_enabled=&#8220;0&#8243; global_colors_info=&#8220;{}&#8220; sticky_enabled=&#8220;0&#8243;]<\/p>\n<p>AMPCO METAL Die Sozialpolitik zielt darauf ab, faire Arbeitspraktiken zu f\u00f6rdern, einen sicheren und gesunden Arbeitsplatz zu gew\u00e4hrleisten, die Entwicklung der Gemeinschaft zu unterst\u00fctzen und Vielfalt und Integration zu f\u00f6rdern.<\/p>\n<table border=\"1\" style=\"border-collapse: collapse; width: 100%; height: 192px;\">\n<tbody>\n<tr class=\"difl_datatableitem_0\">\n<th data-label=\"Topic\" class=\"df_dt_table_body_column_cell\" style=\"width: 14.2857%;\"><span style=\"font-weight: 400;\">Thema<\/span><\/th>\n<th data-label=\"Measures Taken\" class=\"df_dt_table_body_column_cell\" style=\"width: 27.9039%;\"><span style=\"font-weight: 400;\">Ergriffene Ma\u00dfnahmen<\/span><\/th>\n<th data-label=\"Initiatives\" class=\"df_dt_table_body_column_cell\" style=\"width: 60.9509%;\"><span style=\"font-weight: 400;\">Initiativen<\/span><\/th>\n<th data-label=\"Status\" class=\"df_dt_table_body_column_cell\" style=\"width: 1.38122%;\"><span style=\"font-weight: 400;\">Status<\/span><\/th>\n<\/tr>\n<tr class=\"difl_datatableitem_1\">\n<td data-label=\"Topic\" class=\"df_dt_table_body_column_cell\" style=\"width: 14.2857%;\">ISO26000-Audit<\/td>\n<td data-label=\"Measures Taken\" class=\"df_dt_table_body_column_cell\" style=\"width: 27.9039%;\">Erstellen Sie einen umfassenden Bericht \u00fcber unsere CSR-Leistungen und Empfehlungen in Form einer ESG-Roadmap 2024-2030.<\/td>\n<td data-label=\"Initiatives\" class=\"df_dt_table_body_column_cell\" style=\"width: 60.9509%;\">\n<p>Implementierung von Verfahren zur besseren Integration von CSR in unsere Unternehmens-KPIs.<\/p>\n<p>F\u00f6rdern Sie einen Bottom-up-Ansatz f\u00fcr die Kommunikation an allen Standorten, um die Mitarbeiterzufriedenheit, Sicherheitsinspektionen und Risikopr\u00e4vention zu messen.<\/p>\n<p>Sondierung von Synergiem\u00f6glichkeiten und Investitionen zur Unterst\u00fctzung lokaler Gemeinschaften in Gebieten, in denen wir t\u00e4tig sind.<\/p>\n<\/td>\n<td data-label=\"Status\" class=\"df_dt_table_body_column_cell\" style=\"width: 1.38122%;\"><img loading=\"lazy\" decoding=\"async\" src=\"https:\/\/esg.ampcometal.com\/wp-content\/uploads\/2024\/06\/in-progress-clock-150x150.png\" width=\"150\" height=\"150\" alt=\"\" class=\"wp-image-287 alignnone size-thumbnail\"><\/td>\n<\/tr>\n<\/tbody>\n<\/table>\n<p>[\/et_pb_toggle][et_pb_toggle title=&#8220;Geschlechtervielfalt der Mitarbeiter&#8220; _builder_version=&#8220;4.25.1&#8243; _module_preset=&#8220;default&#8220; hover_enabled=&#8220;0&#8243; global_colors_info=&#8220;{}&#8220; sticky_enabled=&#8220;0&#8243;]<\/p>\n<div class=\"footprintcontainer\">\n<div class=\"footprinttext\">\n<p>Die Geschlechterverteilung bei AMPCO METAL zeigt ein deutliches Missverh\u00e4ltnis: 78,6 % m\u00e4nnliche Mitarbeiter und 21,4 % weibliche Mitarbeiter. Dies ist in der Metallindustrie, die traditionell von M\u00e4nnern dominiert wird, nicht ungew\u00f6hnlich, aber wir sind uns bewusst, dass es noch viel zu tun gibt. Das derzeitige Ungleichgewicht zwischen den Geschlechtern spiegelt zwar die Trends in der Branche wider, aber es gibt eine klare Chance f\u00fcr AMPCO METAL, die Geschlechtervielfalt zu verbessern  <\/p>\n<\/div>\n<div class=\"footprintimage\"><img decoding=\"async\" src=\"https:\/\/esg.ampcometal.com\/wp-content\/uploads\/2024\/06\/employee-gender-diversity.png\" width=\"353\" alt=\"\" class=\"wp-image-303 alignnone size-full\" style=\"display: block; margin-left: auto; margin-right: auto;\" srcset=\"https:\/\/esg.ampcometal.com\/wp-content\/uploads\/2024\/06\/employee-gender-diversity.png 693w, https:\/\/esg.ampcometal.com\/wp-content\/uploads\/2024\/06\/employee-gender-diversity-480x364.png 480w\" sizes=\"(min-width: 0px) and (max-width: 480px) 480px, (min-width: 481px) 693px, 100vw\" \/><\/div>\n<\/div>\n<p>[\/et_pb_toggle][et_pb_toggle title=&#8220;Altersvielfalt&#8220; _builder_version=&#8220;4.25.1&#8243; _module_preset=&#8220;default&#8220; hover_enabled=&#8220;0&#8243; global_colors_info=&#8220;{}&#8220; sticky_enabled=&#8220;0&#8243;]<\/p>\n<div class=\"footprintcontainer\">\n<div class=\"footprinttext\">\n<p>Die Altersverteilung unserer Belegschaft zeigt eine relativ junge Belegschaft, was darauf hindeutet, dass wir erfolgreich j\u00fcngere Talente f\u00fcr unser Unternehmen gewinnen konnten. Eine junge Belegschaft ist ein positiver Indikator f\u00fcr unsere F\u00e4higkeit, die n\u00e4chste Generation von Fachleuten anzusprechen. Kontinuierliche Anstrengungen in den Bereichen berufliche Entwicklung, Karrierem\u00f6glichkeiten und integrative Arbeitsplatzpraktiken werden entscheidend sein, um diese Talente zu halten und ihr langfristiges Wachstum innerhalb des Unternehmens zu gew\u00e4hrleisten.  <\/p>\n<\/div>\n<div class=\"footprintimage\"><img decoding=\"async\" src=\"https:\/\/esg.ampcometal.com\/wp-content\/uploads\/2024\/06\/age-diversity.png\" width=\"360\" alt=\"\" class=\"wp-image-304 alignnone size-full\" style=\"display: block; margin-left: auto; margin-right: auto;\" srcset=\"https:\/\/esg.ampcometal.com\/wp-content\/uploads\/2024\/06\/age-diversity.png 735w, https:\/\/esg.ampcometal.com\/wp-content\/uploads\/2024\/06\/age-diversity-480x282.png 480w\" sizes=\"(min-width: 0px) and (max-width: 480px) 480px, (min-width: 481px) 735px, 100vw\" \/><\/div>\n<\/div>\n<p>[\/et_pb_toggle][et_pb_toggle title=&#8220;Wohlbefinden und Sicherheit der Mitarbeiter&#8220; _builder_version=&#8220;4.25.1&#8243; _module_preset=&#8220;default&#8220; global_colors_info=&#8220;{}&#8220;]<\/p>\n<p>AMPCO METAL ist bestrebt, nachhaltige Beziehungen zu Menschen und Institutionen an unseren 19 globalen Standorten zu pflegen. Wir erkennen die soziale Verantwortung innerhalb unseres Unternehmens, in den Gemeinden, in denen wir t\u00e4tig sind, und in unserer gesamten Lieferkette an. <\/p>\n<p>Wir setzen uns f\u00fcr die Einhaltung von Arbeits- und Menschenrechten ein, gew\u00e4hrleisten Gesundheit und Sicherheit, f\u00f6rdern Vielfalt und Integration und bieten Chancengleichheit f\u00fcr alle.<\/p>\n<p>Indem wir uns auf das Wohlbefinden konzentrieren, k\u00f6nnen wir unseren Mitarbeitern helfen, ihr Engagement und ihre Produktivit\u00e4t zu erhalten oder zu steigern. Daher werden wir auch weiterhin darauf achten, unsere Mitarbeiter f\u00fcr unsere Programme und Initiativen zum Wohlbefinden zu sensibilisieren und sie zur Teilnahme zu ermutigen. <\/p>\n<p>Im Rahmen unseres Engagements f\u00fcr die Verbesserung der sozialen Verantwortung von Unternehmen haben wir einen externen Spezialisten mit der Durchf\u00fchrung eines ISO 26000-Audits in unseren wichtigsten Betriebsst\u00e4tten in der Schweiz, Frankreich und den Niederlanden beauftragt. Diese umfassende Bewertung zielte darauf ab, unsere Leistung im Bereich Soziales und Unternehmensf\u00fchrung zu bewerten und uns wertvolle Einblicke und umsetzbare Empfehlungen zu geben, um unsere Nachhaltigkeitsinitiativen voranzutreiben. <\/p>\n<p>[\/et_pb_toggle][et_pb_toggle title=&#8220;Dokumente&#8220; _builder_version=&#8220;4.25.1&#8243; _module_preset=&#8220;default&#8220; locked=&#8220;off&#8220; global_colors_info=&#8220;{}&#8220;]<\/p>\n<p><a href=\"https:\/\/esg.ampcometal.com\/wp-content\/uploads\/2024\/06\/AMPCO-METAL-Global-ESG-Social-Policy.pdf\"><img loading=\"lazy\" decoding=\"async\" class=\"wp-image-357 size-full aligncenter\" src=\"https:\/\/esg.ampcometal.com\/wp-content\/uploads\/2024\/06\/download-social.png\" alt=\"\" width=\"693\" height=\"100\" srcset=\"https:\/\/esg.ampcometal.com\/wp-content\/uploads\/2024\/06\/download-social.png 693w, https:\/\/esg.ampcometal.com\/wp-content\/uploads\/2024\/06\/download-social-480x83.png 480w\" sizes=\"(min-width: 0px) and (max-width: 480px) 480px, (min-width: 481px) 693px, 100vw\" \/><\/a><\/p>\n<p>[\/et_pb_toggle][\/et_pb_column][\/et_pb_row][\/et_pb_section]<\/p>\n","protected":false},"excerpt":{"rendered":"<p>SozialSoziale VerantwortungAls aktiver Teil der Gesellschaft ist AMPCO METAL bestrebt, nachhaltige Beziehungen zu Menschen und Institutionen an unseren 19 globalen Standorten zu f\u00f6rdern. Unsere Priorit\u00e4t ist das Wohlbefinden unserer Mitarbeiter. Im Einklang mit unserer globalen Nachhaltigkeitsstrategie \u00fcbernehmen wir soziale Verantwortung in unserem Unternehmen, in unseren Gemeinden und in unseren Lieferketten. Wir respektieren die Arbeits- und [&hellip;]<\/p>\n","protected":false},"author":1,"featured_media":0,"parent":0,"menu_order":0,"comment_status":"closed","ping_status":"closed","template":"","meta":{"_et_pb_use_builder":"on","_et_pb_old_content":"","_et_gb_content_width":"","inline_featured_image":false,"footnotes":""},"difl_page_category":[],"class_list":["post-752","page","type-page","status-publish","hentry"],"_links":{"self":[{"href":"https:\/\/esg.ampcometal.com\/de\/wp-json\/wp\/v2\/pages\/752","targetHints":{"allow":["GET"]}}],"collection":[{"href":"https:\/\/esg.ampcometal.com\/de\/wp-json\/wp\/v2\/pages"}],"about":[{"href":"https:\/\/esg.ampcometal.com\/de\/wp-json\/wp\/v2\/types\/page"}],"author":[{"embeddable":true,"href":"https:\/\/esg.ampcometal.com\/de\/wp-json\/wp\/v2\/users\/1"}],"replies":[{"embeddable":true,"href":"https:\/\/esg.ampcometal.com\/de\/wp-json\/wp\/v2\/comments?post=752"}],"version-history":[{"count":13,"href":"https:\/\/esg.ampcometal.com\/de\/wp-json\/wp\/v2\/pages\/752\/revisions"}],"predecessor-version":[{"id":976,"href":"https:\/\/esg.ampcometal.com\/de\/wp-json\/wp\/v2\/pages\/752\/revisions\/976"}],"wp:attachment":[{"href":"https:\/\/esg.ampcometal.com\/de\/wp-json\/wp\/v2\/media?parent=752"}],"wp:term":[{"taxonomy":"difl_page_category","embeddable":true,"href":"https:\/\/esg.ampcometal.com\/de\/wp-json\/wp\/v2\/difl_page_category?post=752"}],"curies":[{"name":"wp","href":"https:\/\/api.w.org\/{rel}","templated":true}]}}