{"id":757,"date":"2024-06-18T10:36:08","date_gmt":"2024-06-18T10:36:08","guid":{"rendered":"https:\/\/esg.ampcometal.com\/governance\/"},"modified":"2025-09-22T13:58:12","modified_gmt":"2025-09-22T13:58:12","slug":"governance","status":"publish","type":"page","link":"https:\/\/esg.ampcometal.com\/de\/governance\/","title":{"rendered":"Governance"},"content":{"rendered":"<p>[et_pb_section fb_built=&#8220;1&#8243; custom_padding_last_edited=&#8220;on|tablet&#8220; _builder_version=&#8220;4.25.1&#8243; _module_preset=&#8220;default&#8220; background_color=&#8220;rgba(34,34,34,0.33)&#8220; background_image=&#8220;https:\/\/esg.ampcometal.com\/wp-content\/uploads\/2024\/05\/AMPCO-2020-1424.jpg&#8220; background_blend=&#8220;overlay&#8220; custom_padding=&#8220;340px||86px||false|false&#8220; custom_padding_tablet=&#8220;200px||86px||false|false&#8220; custom_padding_phone=&#8220;150px||40px||false|false&#8220; global_colors_info=&#8220;{}&#8220;][et_pb_row _builder_version=&#8220;4.25.1&#8243; _module_preset=&#8220;default&#8220; custom_padding=&#8220;7px|||||&#8220; global_colors_info=&#8220;{}&#8220;][et_pb_column type=&#8220;4_4&#8243; _builder_version=&#8220;4.25.1&#8243; _module_preset=&#8220;default&#8220; global_colors_info=&#8220;{}&#8220;][et_pb_text _builder_version=&#8220;4.25.1&#8243; _module_preset=&#8220;default&#8220; text_font=&#8220;|&#8211;et_global_body_font_weight|||||||&#8220; text_text_color=&#8220;#FFFFFF&#8220; text_font_size=&#8220;28px&#8220; header_font=&#8220;|300|||||||&#8220; header_text_color=&#8220;#FFFFFF&#8220; header_font_size=&#8220;70px&#8220; header_line_height=&#8220;1.4em&#8220; text_orientation=&#8220;center&#8220; text_font_size_tablet=&#8220;24px&#8220; text_font_size_phone=&#8220;20px&#8220; text_font_size_last_edited=&#8220;on|tablet&#8220; text_line_height_tablet=&#8220;1.5em&#8220; text_line_height_phone=&#8220;1.5em&#8220; text_line_height_last_edited=&#8220;on|tablet&#8220; header_font_size_tablet=&#8220;54px&#8220; header_font_size_phone=&#8220;34px&#8220; header_font_size_last_edited=&#8220;on|tablet&#8220; text_text_shadow_style=&#8220;preset1&#8243; header_text_shadow_style=&#8220;preset1&#8243; global_colors_info=&#8220;{}&#8220;]<\/p>\n<h1>Governance<\/h1>\n<p>[\/et_pb_text][\/et_pb_column][\/et_pb_row][\/et_pb_section][et_pb_section fb_built=&#8220;1&#8243; _builder_version=&#8220;4.25.1&#8243; _module_preset=&#8220;default&#8220; custom_padding=&#8220;80px||60px||false|false&#8220; global_colors_info=&#8220;{}&#8220;][et_pb_row _builder_version=&#8220;4.25.1&#8243; _module_preset=&#8220;default&#8220; custom_padding=&#8220;0px|||||&#8220; locked=&#8220;off&#8220; global_colors_info=&#8220;{}&#8220;][et_pb_column type=&#8220;4_4&#8243; _builder_version=&#8220;4.25.1&#8243; _module_preset=&#8220;default&#8220; global_colors_info=&#8220;{}&#8220;][et_pb_text _builder_version=&#8220;4.25.1&#8243; _module_preset=&#8220;default&#8220; text_font=&#8220;|&#8211;et_global_body_font_weight|||||||&#8220; text_text_color=&#8220;#222222&#8243; text_font_size=&#8220;18px&#8220; text_line_height=&#8220;1.6em&#8220; header_text_color=&#8220;#222222&#8243; header_2_text_align=&#8220;center&#8220; header_2_text_color=&#8220;#222222&#8243; header_2_font_size=&#8220;36px&#8220; header_2_line_height=&#8220;1.3em&#8220; text_orientation=&#8220;center&#8220; width=&#8220;100%&#8220; module_alignment=&#8220;center&#8220; custom_margin=&#8220;||||false|false&#8220; locked=&#8220;off&#8220; global_colors_info=&#8220;{}&#8220;]<\/p>\n<h2>Ethische Praktiken und Compliance<\/h2>\n<p>[\/et_pb_text][\/et_pb_column][\/et_pb_row][et_pb_row column_structure=&#8220;1_2,1_2&#8243; _builder_version=&#8220;4.25.1&#8243; _module_preset=&#8220;default&#8220; locked=&#8220;off&#8220; global_colors_info=&#8220;{}&#8220;][et_pb_column type=&#8220;1_2&#8243; _builder_version=&#8220;4.25.1&#8243; _module_preset=&#8220;default&#8220; global_colors_info=&#8220;{}&#8220;][et_pb_text _builder_version=&#8220;4.25.1&#8243; _module_preset=&#8220;default&#8220; global_colors_info=&#8220;{}&#8220;]Unsere Strategie f\u00fcr Unternehmensf\u00fchrung und Ethik konzentriert sich auf die F\u00f6rderung eines positiven sozialen Einflusses durch unsere Gesch\u00e4ftspraktiken. Dazu geh\u00f6ren das Eintreten f\u00fcr Arbeitsrechte, die Minimierung des \u00f6kologischen Fu\u00dfabdrucks, die Bek\u00e4mpfung von Korruption und der Schutz von Kundeninformationen und Datenschutz. Unser Compliance-Management-System entspricht den ISO 9001-Standards und umfasst Ma\u00dfnahmen zur Korruptionsbek\u00e4mpfung, nachhaltige Beschaffungsprozesse und regelm\u00e4\u00dfige ESG-Audits, um Transparenz und Verantwortlichkeit zu gew\u00e4hrleisten.[\/et_pb_text][\/et_pb_column][et_pb_column type=&#8220;1_2&#8243; _builder_version=&#8220;4.25.1&#8243; _module_preset=&#8220;default&#8220; global_colors_info=&#8220;{}&#8220;][et_pb_text _builder_version=&#8220;4.25.1&#8243; _module_preset=&#8220;default&#8220; text_text_color=&#8220;#f89633&#8243; text_font_size=&#8220;50px&#8220; text_line_height=&#8220;1em&#8220; custom_padding=&#8220;|||20px|false|false&#8220; border_width_left=&#8220;7px&#8220; border_color_left=&#8220;#f89633&#8243; global_colors_info=&#8220;{}&#8220;]<\/p>\n<p><i>\u201eUnsere Governance- und Ethikpraktiken konzentrieren sich darauf, durch unsere Gesch\u00e4ftspraktiken eine positive soziale Wirkung zu erzielen.\u201c<\/i><\/p>\n<p>[\/et_pb_text][\/et_pb_column][\/et_pb_row][et_pb_row _builder_version=&#8220;4.25.1&#8243; _module_preset=&#8220;default&#8220; custom_padding=&#8220;0px|||||&#8220; global_colors_info=&#8220;{}&#8220;][et_pb_column type=&#8220;4_4&#8243; _builder_version=&#8220;4.25.1&#8243; _module_preset=&#8220;default&#8220; global_colors_info=&#8220;{}&#8220;][et_pb_toggle title=&#8220;Governance-Initiativen&#8220; _builder_version=&#8220;4.25.1&#8243; _module_preset=&#8220;default&#8220; global_colors_info=&#8220;{}&#8220;]AMPCO METAL Die Governance-Politik des Unternehmens zielt darauf ab, ethische Gesch\u00e4ftspraktiken, die Einhaltung gesetzlicher Vorschriften und solide Corporate Governance-Strukturen zu gew\u00e4hrleisten.<\/p>\n<table border=\"1\" style=\"border-collapse: collapse; width: 100%; height: 192px;\">\n<tbody>\n<tr class=\"difl_datatableitem_0\">\n<th data-label=\"Topic\" class=\"df_dt_table_body_column_cell\" style=\"width: 14.2857%;\"><span style=\"font-weight: 400;\">Thema<\/span><\/th>\n<th data-label=\"Measures Taken\" class=\"df_dt_table_body_column_cell\" style=\"width: 27.9039%;\"><span style=\"font-weight: 400;\">Ergriffene Ma\u00dfnahmen<\/span><\/th>\n<th data-label=\"Initiatives\" class=\"df_dt_table_body_column_cell\" style=\"width: 60.9509%;\"><span style=\"font-weight: 400;\">Initiativen<\/span><\/th>\n<th data-label=\"Status\" class=\"df_dt_table_body_column_cell\" style=\"width: 1.38122%;\"><span style=\"font-weight: 400;\">Status<\/span><\/th>\n<\/tr>\n<tr class=\"difl_datatableitem_1\">\n<td data-label=\"Topic\" class=\"df_dt_table_body_column_cell\" style=\"width: 14.2857%;\">Governance-Richtlinien<\/td>\n<td data-label=\"Measures Taken\" class=\"df_dt_table_body_column_cell\" style=\"width: 27.9039%;\">\u00dcberpr\u00fcfen Sie unsere Governance-Richtlinien, um ESG in das Qualit\u00e4tsmanagementsystem und die Personalprozesse der Organisation einzubinden.<\/td>\n<td data-label=\"Initiatives\" class=\"df_dt_table_body_column_cell\" style=\"width: 60.9509%;\">Formulieren Sie NEUE allgemeine ESG-Richtlinien mit KPIs, um einen klaren Rahmen f\u00fcr AMPCO METAL&#8217;s Engagement f\u00fcr Nachhaltigkeit, ethische Praktiken und Stakeholder-Engagement zu schaffen.<\/td>\n<td data-label=\"Status\" class=\"df_dt_table_body_column_cell\" style=\"width: 1.38122%;\"><img loading=\"lazy\" decoding=\"async\" src=\"https:\/\/esg.ampcometal.com\/wp-content\/uploads\/2024\/06\/complete-check-150x150.png\" width=\"150\" height=\"150\" alt=\"\" class=\"wp-image-288 alignnone size-thumbnail\"><\/td>\n<\/tr>\n<tr class=\"difl_datatableitem_2\">\n<td data-label=\"Topic\" class=\"df_dt_table_body_column_cell\" style=\"width: 14.2857%;\">Mitarbeiterausschuss<\/td>\n<td data-label=\"Measures Taken\" class=\"df_dt_table_body_column_cell\" style=\"width: 27.9039%;\">Umstrukturierung unseres Governance-Ansatzes zur Integration von ESG in unsere Gesch\u00e4fts- und Managementprozesse.<\/td>\n<td data-label=\"Initiatives\" class=\"df_dt_table_body_column_cell\" style=\"width: 60.9509%;\">Bildung des AMPCO METAL ESG-Mitarbeiterkomitees, das f\u00fcr die Umsetzung und \u00dcberwachung der Umweltpolitik in seinen jeweiligen Bereichen der Wertsch\u00f6pfungskette verantwortlich ist.<\/td>\n<td data-label=\"Status\" class=\"df_dt_table_body_column_cell\" style=\"width: 1.38122%;\"><img loading=\"lazy\" decoding=\"async\" src=\"https:\/\/esg.ampcometal.com\/wp-content\/uploads\/2024\/06\/complete-check-150x150.png\" width=\"150\" height=\"150\" alt=\"\" class=\"wp-image-288 alignnone size-thumbnail\"><\/td>\n<\/tr>\n<tr class=\"difl_datatableitem_3\">\n<td data-label=\"Topic\" class=\"df_dt_table_body_column_cell\" style=\"width: 14.2857%;\">ISO26000-Audit<\/td>\n<td data-label=\"Measures Taken\" class=\"df_dt_table_body_column_cell\" style=\"width: 27.9039%;\">Erstellen Sie einen umfassenden Bericht \u00fcber unsere Governance-Leistung und Empfehlungen in Form einer ESG-Roadmap 2024-2030.<\/td>\n<td data-label=\"Initiatives\" class=\"df_dt_table_body_column_cell\" style=\"width: 60.9509%;\">\n<p>Implementierung von Verfahren zur Verbesserung unserer Governance-Struktur und -Prozesse auf lokaler und Gruppenebene.<\/p>\n<p>St\u00e4rkung unserer QMS-F\u00e4higkeiten und Technologiel\u00f6sungen.<\/p>\n<p>Effektive Kommunikation der ESG-Missionen und -Richtlinien der Gruppe.<\/p>\n<\/td>\n<td data-label=\"Status\" class=\"df_dt_table_body_column_cell\" style=\"width: 1.38122%;\"><img loading=\"lazy\" decoding=\"async\" src=\"https:\/\/esg.ampcometal.com\/wp-content\/uploads\/2024\/06\/in-progress-clock-150x150.png\" width=\"150\" height=\"150\" alt=\"\" class=\"wp-image-287 alignnone size-thumbnail\"><\/td>\n<\/tr>\n<\/tbody>\n<\/table>\n<p>[\/et_pb_toggle][et_pb_toggle title=&#8220;Dokumente&#8220; _builder_version=&#8220;4.25.1&#8243; _module_preset=&#8220;default&#8220; locked=&#8220;off&#8220; global_colors_info=&#8220;{}&#8220;]<\/p>\n<p><a href=\"https:\/\/esg.ampcometal.com\/wp-content\/uploads\/2024\/06\/AMPCO-METAL-Global-ESG-Governance-Policy.pdf\"><img loading=\"lazy\" decoding=\"async\" class=\"wp-image-356 aligncenter size-full\" src=\"https:\/\/esg.ampcometal.com\/wp-content\/uploads\/2024\/06\/download-governance.png\" alt=\"\" width=\"689\" height=\"95\" srcset=\"https:\/\/esg.ampcometal.com\/wp-content\/uploads\/2024\/06\/download-governance.png 689w, https:\/\/esg.ampcometal.com\/wp-content\/uploads\/2024\/06\/download-governance-480x72.png 480w\" sizes=\"(min-width: 0px) and (max-width: 480px) 480px, (min-width: 481px) 689px, 100vw\" \/><\/a><\/p>\n<p>[\/et_pb_toggle][\/et_pb_column][\/et_pb_row][\/et_pb_section]<\/p>\n","protected":false},"excerpt":{"rendered":"<p>GovernanceEthische Praktiken und ComplianceUnsere Strategie f\u00fcr Unternehmensf\u00fchrung und Ethik konzentriert sich auf die F\u00f6rderung eines positiven sozialen Einflusses durch unsere Gesch\u00e4ftspraktiken. Dazu geh\u00f6ren das Eintreten f\u00fcr Arbeitsrechte, die Minimierung des \u00f6kologischen Fu\u00dfabdrucks, die Bek\u00e4mpfung von Korruption und der Schutz von Kundeninformationen und Datenschutz. Unser Compliance-Management-System entspricht den ISO 9001-Standards und umfasst Ma\u00dfnahmen zur Korruptionsbek\u00e4mpfung, nachhaltige [&hellip;]<\/p>\n","protected":false},"author":1,"featured_media":0,"parent":0,"menu_order":0,"comment_status":"closed","ping_status":"closed","template":"","meta":{"_et_pb_use_builder":"on","_et_pb_old_content":"","_et_gb_content_width":"","inline_featured_image":false,"footnotes":""},"difl_page_category":[],"class_list":["post-757","page","type-page","status-publish","hentry"],"_links":{"self":[{"href":"https:\/\/esg.ampcometal.com\/de\/wp-json\/wp\/v2\/pages\/757","targetHints":{"allow":["GET"]}}],"collection":[{"href":"https:\/\/esg.ampcometal.com\/de\/wp-json\/wp\/v2\/pages"}],"about":[{"href":"https:\/\/esg.ampcometal.com\/de\/wp-json\/wp\/v2\/types\/page"}],"author":[{"embeddable":true,"href":"https:\/\/esg.ampcometal.com\/de\/wp-json\/wp\/v2\/users\/1"}],"replies":[{"embeddable":true,"href":"https:\/\/esg.ampcometal.com\/de\/wp-json\/wp\/v2\/comments?post=757"}],"version-history":[{"count":11,"href":"https:\/\/esg.ampcometal.com\/de\/wp-json\/wp\/v2\/pages\/757\/revisions"}],"predecessor-version":[{"id":971,"href":"https:\/\/esg.ampcometal.com\/de\/wp-json\/wp\/v2\/pages\/757\/revisions\/971"}],"wp:attachment":[{"href":"https:\/\/esg.ampcometal.com\/de\/wp-json\/wp\/v2\/media?parent=757"}],"wp:term":[{"taxonomy":"difl_page_category","embeddable":true,"href":"https:\/\/esg.ampcometal.com\/de\/wp-json\/wp\/v2\/difl_page_category?post=757"}],"curies":[{"name":"wp","href":"https:\/\/api.w.org\/{rel}","templated":true}]}}