{"id":819,"date":"2024-06-18T10:59:20","date_gmt":"2024-06-18T10:59:20","guid":{"rendered":"https:\/\/esg.ampcometal.com\/zukuenftige-ziele-und-moeglichkeiten\/"},"modified":"2025-09-22T13:35:39","modified_gmt":"2025-09-22T13:35:39","slug":"zukuenftige-ziele-und-moeglichkeiten","status":"publish","type":"page","link":"https:\/\/esg.ampcometal.com\/de\/zukuenftige-ziele-und-moeglichkeiten\/","title":{"rendered":"Zuk\u00fcnftige Ziele und M\u00f6glichkeiten"},"content":{"rendered":"<p>[et_pb_section fb_built=&#8220;1&#8243; custom_padding_last_edited=&#8220;on|tablet&#8220; _builder_version=&#8220;4.25.1&#8243; _module_preset=&#8220;default&#8220; background_color=&#8220;rgba(34,34,34,0.33)&#8220; background_image=&#8220;https:\/\/esg.ampcometal.com\/wp-content\/uploads\/2024\/06\/electric-charger-cars.jpg&#8220; background_blend=&#8220;overlay&#8220; custom_padding=&#8220;340px||86px||false|false&#8220; custom_padding_tablet=&#8220;200px||86px||false|false&#8220; custom_padding_phone=&#8220;150px||40px||false|false&#8220; hover_enabled=&#8220;0&#8243; global_colors_info=&#8220;{}&#8220; title_text=&#8220;Close up of electric car charging station&#8220; sticky_enabled=&#8220;0&#8243;][et_pb_row _builder_version=&#8220;4.25.1&#8243; _module_preset=&#8220;default&#8220; custom_padding=&#8220;7px|||||&#8220; hover_enabled=&#8220;0&#8243; global_colors_info=&#8220;{}&#8220; sticky_enabled=&#8220;0&#8243;][et_pb_column type=&#8220;4_4&#8243; _builder_version=&#8220;4.25.1&#8243; _module_preset=&#8220;default&#8220; global_colors_info=&#8220;{}&#8220;][et_pb_text _builder_version=&#8220;4.25.1&#8243; _module_preset=&#8220;default&#8220; text_font=&#8220;|&#8211;et_global_body_font_weight|||||||&#8220; text_text_color=&#8220;#FFFFFF&#8220; text_font_size=&#8220;28px&#8220; header_font=&#8220;|300|||||||&#8220; header_text_color=&#8220;#FFFFFF&#8220; header_font_size=&#8220;70px&#8220; header_line_height=&#8220;1.4em&#8220; text_orientation=&#8220;center&#8220; hover_enabled=&#8220;0&#8243; text_font_size_tablet=&#8220;24px&#8220; text_font_size_phone=&#8220;20px&#8220; text_font_size_last_edited=&#8220;on|tablet&#8220; text_line_height_tablet=&#8220;1.5em&#8220; text_line_height_phone=&#8220;1.5em&#8220; text_line_height_last_edited=&#8220;on|tablet&#8220; header_font_size_tablet=&#8220;54px&#8220; header_font_size_phone=&#8220;34px&#8220; header_font_size_last_edited=&#8220;on|tablet&#8220; text_text_shadow_style=&#8220;preset1&#8243; header_text_shadow_style=&#8220;preset1&#8243; global_colors_info=&#8220;{}&#8220; sticky_enabled=&#8220;0&#8243;]<\/p>\n<h1>Zuk\u00fcnftige Ziele und M\u00f6glichkeiten<\/h1>\n<p>[\/et_pb_text][\/et_pb_column][\/et_pb_row][\/et_pb_section][et_pb_section fb_built=&#8220;1&#8243; _builder_version=&#8220;4.25.1&#8243; _module_preset=&#8220;default&#8220; custom_padding=&#8220;80px||60px||false|false&#8220; global_colors_info=&#8220;{}&#8220;][et_pb_row _builder_version=&#8220;4.25.1&#8243; _module_preset=&#8220;default&#8220; custom_padding=&#8220;0px|||||&#8220; global_colors_info=&#8220;{}&#8220;][et_pb_column type=&#8220;4_4&#8243; _builder_version=&#8220;4.25.1&#8243; _module_preset=&#8220;default&#8220; global_colors_info=&#8220;{}&#8220;][et_pb_text _builder_version=&#8220;4.25.1&#8243; _module_preset=&#8220;default&#8220; hover_enabled=&#8220;0&#8243; global_colors_info=&#8220;{}&#8220; sticky_enabled=&#8220;0&#8243;]<\/p>\n<p>Kupfer und seine Bedeutung f\u00fcr die Kreislaufwirtschaft.<\/p>\n<p>Kupfer ist ein wesentlicher Bestandteil der Kreislaufwirtschaft, da es recycelt werden kann und seine Eigenschaften w\u00e4hrend des Recyclingprozesses nur minimal beeintr\u00e4chtigt werden. Hier sind die wichtigsten Gr\u00fcnde, warum Kupfer f\u00fcr die Kreislaufwirtschaft wichtig ist: <\/p>\n<p>[\/et_pb_text][et_pb_toggle title=&#8220;Hohe Wiederverwertbarkeit&#8220; _builder_version=&#8220;4.25.1&#8243; _module_preset=&#8220;default&#8220; hover_enabled=&#8220;0&#8243; global_colors_info=&#8220;{}&#8220; sticky_enabled=&#8220;0&#8243;]Kupfer kann wiederholt recycelt werden, ohne dass sich seine Eigenschaften verschlechtern. Das macht es zu einem idealen Material f\u00fcr eine Kreislaufwirtschaft, bei der das Ziel darin besteht, Ressourcen so lange wie m\u00f6glich zu nutzen. Unser Ziel ist es, unsere derzeitige Recyclingquote von ca. 40% auf 80% und mehr zu erh\u00f6hen.[\/et_pb_toggle][et_pb_toggle title=&#8220;Ressourcen-Effizienz&#8220; _builder_version=&#8220;4.25.1&#8243; _module_preset=&#8220;default&#8220; hover_enabled=&#8220;0&#8243; global_colors_info=&#8220;{}&#8220; sticky_enabled=&#8220;0&#8243;]Das Recycling von Kupfer erfordert im Vergleich zur prim\u00e4ren Kupferproduktion aus Erz deutlich weniger Energie. Dies f\u00fchrt zu erheblichen Energieeinsparungen und einer Verringerung der Treibhausgasemissionen und tr\u00e4gt zu nachhaltigeren industriellen Prozessen bei.[\/et_pb_toggle][et_pb_toggle title=&#8220;Abfallreduzierung&#8220; _builder_version=&#8220;4.25.1&#8243; _module_preset=&#8220;default&#8220; hover_enabled=&#8220;0&#8243; global_colors_info=&#8220;{}&#8220; sticky_enabled=&#8220;0&#8243;]Durch das Recycling von Kupfer wird der Abfall auf ein Minimum reduziert, so dass weniger Deponieraum ben\u00f6tigt wird und die mit dem Abbau und der Gewinnung von Rohstoffen verbundene Umweltbelastung verringert wird.[\/et_pb_toggle][et_pb_toggle title=&#8220;Wirtschaftlicher Wert&#8220; _builder_version=&#8220;4.25.1&#8243; _module_preset=&#8220;default&#8220; hover_enabled=&#8220;0&#8243; global_colors_info=&#8220;{}&#8220; sticky_enabled=&#8220;0&#8243;]Recyceltes Kupfer beh\u00e4lt einen hohen wirtschaftlichen Wert, der finanzielle Anreize f\u00fcr seine R\u00fcckgewinnung und Wiederverwendung bietet. Dies unterst\u00fctzt die wirtschaftliche Nachhaltigkeit durch die Schaffung von Arbeitspl\u00e4tzen in der Recyclingindustrie und die Senkung der mit der Rohstoffbeschaffung verbundenen Kosten.[\/et_pb_toggle][et_pb_toggle title=&#8220;Unterst\u00fctzung f\u00fcr gr\u00fcne Technologien&#8220; _builder_version=&#8220;4.25.1&#8243; _module_preset=&#8220;default&#8220; hover_enabled=&#8220;0&#8243; global_colors_info=&#8220;{}&#8220; sticky_enabled=&#8220;0&#8243;]Kupfer ist f\u00fcr die Entwicklung von Technologien f\u00fcr erneuerbare Energien wie Windturbinen, Solarzellen und Elektrofahrzeuge unerl\u00e4sslich. Seine Wiederverwertbarkeit gew\u00e4hrleistet eine nachhaltige Versorgung mit diesem wichtigen Material und unterst\u00fctzt den \u00dcbergang zu einer kohlenstoffarmen Wirtschaft.[\/et_pb_toggle][et_pb_toggle title=&#8220;Materielle Sicherheit&#8220; _builder_version=&#8220;4.25.1&#8243; _module_preset=&#8220;default&#8220; hover_enabled=&#8220;0&#8243; global_colors_info=&#8220;{}&#8220; sticky_enabled=&#8220;0&#8243;]Das Recycling von Kupfer verringert die Abh\u00e4ngigkeit vom Bergbau, erh\u00f6ht die materielle Sicherheit und gew\u00e4hrleistet eine stabile Versorgung mit dieser wichtigen Ressource f\u00fcr zuk\u00fcnftige Generationen.[\/et_pb_toggle][et_pb_text _builder_version=&#8220;4.25.1&#8243; _module_preset=&#8220;default&#8220; hover_enabled=&#8220;0&#8243; global_colors_info=&#8220;{}&#8220; sticky_enabled=&#8220;0&#8243;]In summary, copper&#8217;s high recyclability, energy efficiency in recycling, and crucial role in green technologies make it a cornerstone of the circular economy. By continually recycling copper, we can achieve significant environmental and economic benefits, contributing to sustainable development and resource conservation [\/et_pb_text][\/et_pb_column][\/et_pb_row][\/et_pb_section]<\/p>\n","protected":false},"excerpt":{"rendered":"<p>Zuk\u00fcnftige Ziele und M\u00f6glichkeitenKupfer und seine Bedeutung f\u00fcr die Kreislaufwirtschaft. Kupfer ist ein wesentlicher Bestandteil der Kreislaufwirtschaft, da es recycelt werden kann und seine Eigenschaften w\u00e4hrend des Recyclingprozesses nur minimal beeintr\u00e4chtigt werden. Hier sind die wichtigsten Gr\u00fcnde, warum Kupfer f\u00fcr die Kreislaufwirtschaft wichtig ist: Kupfer kann wiederholt recycelt werden, ohne dass sich seine Eigenschaften verschlechtern. [&hellip;]<\/p>\n","protected":false},"author":1,"featured_media":0,"parent":0,"menu_order":0,"comment_status":"closed","ping_status":"closed","template":"","meta":{"_et_pb_use_builder":"on","_et_pb_old_content":"","_et_gb_content_width":"","inline_featured_image":false,"footnotes":""},"difl_page_category":[],"class_list":["post-819","page","type-page","status-publish","hentry"],"_links":{"self":[{"href":"https:\/\/esg.ampcometal.com\/de\/wp-json\/wp\/v2\/pages\/819","targetHints":{"allow":["GET"]}}],"collection":[{"href":"https:\/\/esg.ampcometal.com\/de\/wp-json\/wp\/v2\/pages"}],"about":[{"href":"https:\/\/esg.ampcometal.com\/de\/wp-json\/wp\/v2\/types\/page"}],"author":[{"embeddable":true,"href":"https:\/\/esg.ampcometal.com\/de\/wp-json\/wp\/v2\/users\/1"}],"replies":[{"embeddable":true,"href":"https:\/\/esg.ampcometal.com\/de\/wp-json\/wp\/v2\/comments?post=819"}],"version-history":[{"count":5,"href":"https:\/\/esg.ampcometal.com\/de\/wp-json\/wp\/v2\/pages\/819\/revisions"}],"predecessor-version":[{"id":968,"href":"https:\/\/esg.ampcometal.com\/de\/wp-json\/wp\/v2\/pages\/819\/revisions\/968"}],"wp:attachment":[{"href":"https:\/\/esg.ampcometal.com\/de\/wp-json\/wp\/v2\/media?parent=819"}],"wp:term":[{"taxonomy":"difl_page_category","embeddable":true,"href":"https:\/\/esg.ampcometal.com\/de\/wp-json\/wp\/v2\/difl_page_category?post=819"}],"curies":[{"name":"wp","href":"https:\/\/api.w.org\/{rel}","templated":true}]}}