{"id":636,"date":"2024-06-12T13:09:58","date_gmt":"2024-06-12T13:09:58","guid":{"rendered":"https:\/\/esg.ampcometal.com\/gestion-de-la-sostenibilidad\/"},"modified":"2025-06-18T09:07:23","modified_gmt":"2025-06-18T09:07:23","slug":"gestion-de-la-sostenibilidad","status":"publish","type":"page","link":"https:\/\/esg.ampcometal.com\/es\/gestion-de-la-sostenibilidad\/","title":{"rendered":"Gesti\u00f3n de la sostenibilidad"},"content":{"rendered":"<p>[et_pb_section fb_built=\u00bb1&#8243; custom_padding_last_edited=\u00bbon|tablet\u00bb _builder_version=\u00bb4.25.1&#8243; _module_preset=\u00bbdefault\u00bb background_color=\u00bbrgba(34,34,34,0.33)\u00bb background_image=\u00bbhttps:\/\/esg.ampcometal.com\/wp-content\/uploads\/2024\/06\/sustainability-management.jpg\u00bb parallax=\u00bbon\u00bb background_blend=\u00bboverlay\u00bb custom_padding=\u00bb340px||86px||false|false\u00bb custom_padding_tablet=\u00bb200px||86px||false|false\u00bb custom_padding_phone=\u00bb150px||40px||false|false\u00bb global_colors_info=\u00bb{}\u00bb][et_pb_row _builder_version=\u00bb4.25.1&#8243; _module_preset=\u00bbdefault\u00bb custom_padding=\u00bb7px|||||\u00bb global_colors_info=\u00bb{}\u00bb][et_pb_column type=\u00bb4_4&#8243; _builder_version=\u00bb4.25.1&#8243; _module_preset=\u00bbdefault\u00bb global_colors_info=\u00bb{}\u00bb][et_pb_text _builder_version=\u00bb4.25.1&#8243; _module_preset=\u00bbdefault\u00bb text_font=\u00bb|&#8211;et_global_body_font_weight|||||||\u00bb text_text_color=\u00bb#FFFFFF\u00bb text_font_size=\u00bb28px\u00bb header_font=\u00bb|300|||||||\u00bb header_text_color=\u00bb#FFFFFF\u00bb header_font_size=\u00bb70px\u00bb header_line_height=\u00bb1.4em\u00bb text_orientation=\u00bbcenter\u00bb custom_padding=\u00bb||0px|||\u00bb text_font_size_tablet=\u00bb24px\u00bb text_font_size_phone=\u00bb20px\u00bb text_font_size_last_edited=\u00bbon|tablet\u00bb text_line_height_tablet=\u00bb1.5em\u00bb text_line_height_phone=\u00bb1.5em\u00bb text_line_height_last_edited=\u00bbon|tablet\u00bb header_font_size_tablet=\u00bb54px\u00bb header_font_size_phone=\u00bb34px\u00bb header_font_size_last_edited=\u00bbon|tablet\u00bb text_text_shadow_style=\u00bbpreset1&#8243; header_text_shadow_style=\u00bbpreset1&#8243; global_colors_info=\u00bb{}\u00bb]<\/p>\n<h1>Gesti\u00f3n de la sostenibilidad<\/h1>\n<p>[\/et_pb_text][\/et_pb_column][\/et_pb_row][\/et_pb_section][et_pb_section fb_built=\u00bb1&#8243; _builder_version=\u00bb4.25.1&#8243; _module_preset=\u00bbdefault\u00bb custom_padding=\u00bb80px||60px||false|false\u00bb global_colors_info=\u00bb{}\u00bb][et_pb_row _builder_version=\u00bb4.25.1&#8243; _module_preset=\u00bbdefault\u00bb custom_padding=\u00bb0px|||||\u00bb global_colors_info=\u00bb{}\u00bb][et_pb_column type=\u00bb4_4&#8243; _builder_version=\u00bb4.25.1&#8243; _module_preset=\u00bbdefault\u00bb global_colors_info=\u00bb{}\u00bb][et_pb_text _builder_version=\u00bb4.25.1&#8243; _module_preset=\u00bbdefault\u00bb text_font=\u00bb|&#8211;et_global_body_font_weight|||||||\u00bb text_text_color=\u00bb#222222&#8243; text_font_size=\u00bb18px\u00bb text_line_height=\u00bb1.6em\u00bb header_text_color=\u00bb#222222&#8243; header_2_text_align=\u00bbcenter\u00bb header_2_text_color=\u00bb#222222&#8243; header_2_font_size=\u00bb36px\u00bb header_2_line_height=\u00bb1.3em\u00bb text_orientation=\u00bbcenter\u00bb width=\u00bb100%\u00bb module_alignment=\u00bbcenter\u00bb custom_margin=\u00bb||||false|false\u00bb hover_enabled=\u00bb0&#8243; locked=\u00bboff\u00bb global_colors_info=\u00bb{}\u00bb sticky_enabled=\u00bb0&#8243;]<\/p>\n<h2><span>Nuestra visi\u00f3n y estrategia<\/span><\/h2>\n<p>[\/et_pb_text][\/et_pb_column][\/et_pb_row][et_pb_row column_structure=\u00bb1_2,1_2&#8243; _builder_version=\u00bb4.25.1&#8243; _module_preset=\u00bbdefault\u00bb global_colors_info=\u00bb{}\u00bb][et_pb_column type=\u00bb1_2&#8243; _builder_version=\u00bb4.25.1&#8243; _module_preset=\u00bbdefault\u00bb global_colors_info=\u00bb{}\u00bb][et_pb_text _builder_version=\u00bb4.25.1&#8243; _module_preset=\u00bbdefault\u00bb global_colors_info=\u00bb{}\u00bb]<\/p>\n<p>En AMPCO METAL, nos dedicamos a integrar la sostenibilidad en todos los aspectos de nuestro negocio. Nuestra visi\u00f3n es ser l\u00edderes de la industria metal\u00fargica del cobre y el aluminio en excelencia ESG. <\/p>\n<p>Hemos esbozado un planteamiento en dos fases:<\/p>\n<p><strong>Fase 1:<\/strong> Garantizar el cumplimiento de todos los requisitos legales en todos los pa\u00edses en los que la normativa est\u00e9 cambiando o vaya a cambiar.<\/p>\n<p><strong>Fase 2:<\/strong> Desarrollar una estrategia ESG a largo plazo centrada en la creaci\u00f3n de valor para el cliente, el cumplimiento de la normativa y la contribuci\u00f3n a los esfuerzos clim\u00e1ticos mundiales.<\/p>\n<p>Antes de definir la estrategia para la Fase 2, tenemos que realizar un an\u00e1lisis en profundidad del mercado para comprender qu\u00e9 aspectos ASG, m\u00e1s all\u00e1 del cumplimiento legal, consideran los clientes valiosos para sus operaciones.<\/p>\n<p>Con una comprensi\u00f3n clara de estas prioridades de los clientes, como la reducci\u00f3n del alcance 3 y la econom\u00eda circular, podemos dise\u00f1ar nuestros productos, servicios y procesos de producci\u00f3n para que se ajusten a sus necesidades y expectativas.<span style=\"font-size: 14px;\"><\/span><\/p>\n<p>[\/et_pb_text][\/et_pb_column][et_pb_column type=\u00bb1_2&#8243; _builder_version=\u00bb4.25.1&#8243; _module_preset=\u00bbdefault\u00bb global_colors_info=\u00bb{}\u00bb][et_pb_text _builder_version=\u00bb4.25.1&#8243; _module_preset=\u00bbdefault\u00bb text_font_size=\u00bb55px\u00bb text_line_height=\u00bb1em\u00bb custom_padding=\u00bb|||20px|false|false\u00bb border_width_left=\u00bb7px\u00bb border_color_left=\u00bb#f89633&#8243; global_colors_info=\u00bb{}\u00bb]<\/p>\n<p><i>\u201cEn AMPCO METAL, entendemos que ser perfecto desde el principio no es el objetivo\u201d.<\/i><\/p>\n<p>[\/et_pb_text][\/et_pb_column][\/et_pb_row][et_pb_row _builder_version=\u00bb4.25.1&#8243; _module_preset=\u00bbdefault\u00bb global_colors_info=\u00bb{}\u00bb][et_pb_column type=\u00bb4_4&#8243; _builder_version=\u00bb4.25.1&#8243; _module_preset=\u00bbdefault\u00bb global_colors_info=\u00bb{}\u00bb][et_pb_toggle title=\u00bbLogros\u00bb _builder_version=\u00bb4.25.1&#8243; _module_preset=\u00bbdefault\u00bb global_colors_info=\u00bb{}\u00bb]<\/p>\n<p>En 2023, iniciamos nuestro viaje ESG con una fase de descubrimiento, realizando un an\u00e1lisis de carencias para comprender el panorama normativo e identificar temas materiales relevantes para nuestro negocio. Emprendimos una exhaustiva Evaluaci\u00f3n del Ciclo de Vida (ECV) para medir nuestras emisiones de carbono, junto con una detallada Evaluaci\u00f3n del Riesgo Normativo y un An\u00e1lisis de Costes para evaluar el impacto en nuestra cadena de valor a escala mundial. Para calibrar nuestro rendimiento en materia de RSC, adoptamos las normas ISO 26000 y realizamos una evaluaci\u00f3n in situ de nuestras operaciones. Estos esfuerzos fundacionales fueron esenciales para dar forma a nuestra estrategia e iniciativas ESG.   <\/p>\n<p><a href=\"https:\/\/esg.ampcometal.com\/wp-content\/uploads\/2024\/06\/achievements-new.png\"><img loading=\"lazy\" decoding=\"async\" class=\"wp-image-326 aligncenter size-full\" src=\"https:\/\/esg.ampcometal.com\/wp-content\/uploads\/2024\/06\/achievements-new.png\" alt=\"\" width=\"1853\" height=\"744\" style=\"display: block; margin-left: auto; margin-right: auto;\" srcset=\"https:\/\/esg.ampcometal.com\/wp-content\/uploads\/2024\/06\/achievements-new.png 1853w, https:\/\/esg.ampcometal.com\/wp-content\/uploads\/2024\/06\/achievements-new-1280x514.png 1280w, https:\/\/esg.ampcometal.com\/wp-content\/uploads\/2024\/06\/achievements-new-980x393.png 980w, https:\/\/esg.ampcometal.com\/wp-content\/uploads\/2024\/06\/achievements-new-480x193.png 480w\" sizes=\"(min-width: 0px) and (max-width: 480px) 480px, (min-width: 481px) and (max-width: 980px) 980px, (min-width: 981px) and (max-width: 1280px) 1280px, (min-width: 1281px) 1853px, 100vw\" \/><\/a><\/p>\n<p>[\/et_pb_toggle][et_pb_toggle title=\u00bbObjetivos a corto plazo\u00bb _builder_version=\u00bb4.25.1&#8243; _module_preset=\u00bbdefault\u00bb global_colors_info=\u00bb{}\u00bb]<\/p>\n<p>Nuestros objetivos estrat\u00e9gicos est\u00e1n dise\u00f1ados para hacer avanzar nuestra agenda de sostenibilidad de forma iterativa, integrando las consideraciones ASG en nuestras operaciones diarias. Nos esforzamos por equilibrar las acciones inmediatas con nuestros objetivos a largo plazo, garantizando que nuestro compromiso con la gesti\u00f3n medioambiental, la responsabilidad social y una gobernanza s\u00f3lida se refleje en todos los aspectos de nuestro negocio. <\/p>\n<p><img loading=\"lazy\" decoding=\"async\" src=\"https:\/\/esg.ampcometal.com\/wp-content\/uploads\/2024\/06\/Short-term-objectives.png\" width=\"1882\" height=\"1171\" alt=\"\" class=\"wp-image-298 alignnone size-full\" style=\"display: block; margin-left: auto; margin-right: auto;\" srcset=\"https:\/\/esg.ampcometal.com\/wp-content\/uploads\/2024\/06\/Short-term-objectives.png 1882w, https:\/\/esg.ampcometal.com\/wp-content\/uploads\/2024\/06\/Short-term-objectives-1280x796.png 1280w, https:\/\/esg.ampcometal.com\/wp-content\/uploads\/2024\/06\/Short-term-objectives-980x610.png 980w, https:\/\/esg.ampcometal.com\/wp-content\/uploads\/2024\/06\/Short-term-objectives-480x299.png 480w\" sizes=\"(min-width: 0px) and (max-width: 480px) 480px, (min-width: 481px) and (max-width: 980px) 980px, (min-width: 981px) and (max-width: 1280px) 1280px, (min-width: 1281px) 1882px, 100vw\" \/><\/p>\n<p>[\/et_pb_toggle][et_pb_toggle title=\u00bbHoja de ruta a largo plazo\u00bb _builder_version=\u00bb4.25.1&#8243; _module_preset=\u00bbdefault\u00bb global_colors_info=\u00bb{}\u00bb]<\/p>\n<p>AMPCO METAL est\u00e1 comprometida con ambiciosos objetivos ESG a largo plazo impulsados por el valor para el cliente y los Objetivos de Red Cero. Para 2030, pretendemos alinearnos con los objetivos del Acuerdo de Par\u00eds, logrando una reducci\u00f3n del 45% de las emisiones como parte de nuestro objetivo de alcanzar las emisiones netas cero para 2050. Este viaje refleja nuestra dedicaci\u00f3n a la sostenibilidad y la responsabilidad medioambiental, integrando profundamente estos principios en nuestra estrategia corporativa.  <\/p>\n<p><img loading=\"lazy\" decoding=\"async\" src=\"https:\/\/esg.ampcometal.com\/wp-content\/uploads\/2024\/06\/long-term-roadmap.png\" width=\"1420\" height=\"612\" alt=\"\" class=\"wp-image-240 alignnone size-full\" style=\"display: block; margin-left: auto; margin-right: auto;\" srcset=\"https:\/\/esg.ampcometal.com\/wp-content\/uploads\/2024\/06\/long-term-roadmap.png 1420w, https:\/\/esg.ampcometal.com\/wp-content\/uploads\/2024\/06\/long-term-roadmap-1280x552.png 1280w, https:\/\/esg.ampcometal.com\/wp-content\/uploads\/2024\/06\/long-term-roadmap-980x422.png 980w, https:\/\/esg.ampcometal.com\/wp-content\/uploads\/2024\/06\/long-term-roadmap-480x207.png 480w\" sizes=\"(min-width: 0px) and (max-width: 480px) 480px, (min-width: 481px) and (max-width: 980px) 980px, (min-width: 981px) and (max-width: 1280px) 1280px, (min-width: 1281px) 1420px, 100vw\" \/><\/p>\n<p>[\/et_pb_toggle][et_pb_toggle title=\u00bbGesti\u00f3n de la sostenibilidad\u00bb _builder_version=\u00bb4.25.1&#8243; _module_preset=\u00bbdefault\u00bb global_colors_info=\u00bb{}\u00bb]<\/p>\n<p>AMPCO METAL ha desarrollado un marco para gestionar la sostenibilidad que integra las consideraciones medioambientales, sociales y de gobernanza (ASG) en nuestra estrategia empresarial y nuestras operaciones. Este marco se estructura en torno a cinco pasos clave: <\/p>\n<p><img loading=\"lazy\" decoding=\"async\" src=\"https:\/\/esg.ampcometal.com\/wp-content\/uploads\/2024\/06\/new-diagram-sustainability-management.png\" width=\"1024\" height=\"768\" alt=\"\" class=\"wp-image-299 alignnone size-full\" style=\"display: block; margin-left: auto; margin-right: auto;\" srcset=\"https:\/\/esg.ampcometal.com\/wp-content\/uploads\/2024\/06\/new-diagram-sustainability-management.png 1024w, https:\/\/esg.ampcometal.com\/wp-content\/uploads\/2024\/06\/new-diagram-sustainability-management-980x735.png 980w, https:\/\/esg.ampcometal.com\/wp-content\/uploads\/2024\/06\/new-diagram-sustainability-management-480x360.png 480w\" sizes=\"(min-width: 0px) and (max-width: 480px) 480px, (min-width: 481px) and (max-width: 980px) 980px, (min-width: 981px) 1024px, 100vw\" \/><\/p>\n<p>[\/et_pb_toggle][\/et_pb_column][\/et_pb_row][\/et_pb_section]<\/p>\n","protected":false},"excerpt":{"rendered":"<p>Gesti\u00f3n de la sostenibilidadNuestra visi\u00f3n y estrategiaEn AMPCO METAL, nos dedicamos a integrar la sostenibilidad en todos los aspectos de nuestro negocio. Nuestra visi\u00f3n es ser l\u00edderes de la industria metal\u00fargica del cobre y el aluminio en excelencia ESG. Hemos esbozado un planteamiento en dos fases: Fase 1: Garantizar el cumplimiento de todos los requisitos [&hellip;]<\/p>\n","protected":false},"author":1,"featured_media":0,"parent":0,"menu_order":0,"comment_status":"closed","ping_status":"closed","template":"","meta":{"_et_pb_use_builder":"on","_et_pb_old_content":"","_et_gb_content_width":"","inline_featured_image":false,"footnotes":""},"difl_page_category":[],"class_list":["post-636","page","type-page","status-publish","hentry"],"_links":{"self":[{"href":"https:\/\/esg.ampcometal.com\/es\/wp-json\/wp\/v2\/pages\/636","targetHints":{"allow":["GET"]}}],"collection":[{"href":"https:\/\/esg.ampcometal.com\/es\/wp-json\/wp\/v2\/pages"}],"about":[{"href":"https:\/\/esg.ampcometal.com\/es\/wp-json\/wp\/v2\/types\/page"}],"author":[{"embeddable":true,"href":"https:\/\/esg.ampcometal.com\/es\/wp-json\/wp\/v2\/users\/1"}],"replies":[{"embeddable":true,"href":"https:\/\/esg.ampcometal.com\/es\/wp-json\/wp\/v2\/comments?post=636"}],"version-history":[{"count":10,"href":"https:\/\/esg.ampcometal.com\/es\/wp-json\/wp\/v2\/pages\/636\/revisions"}],"predecessor-version":[{"id":686,"href":"https:\/\/esg.ampcometal.com\/es\/wp-json\/wp\/v2\/pages\/636\/revisions\/686"}],"wp:attachment":[{"href":"https:\/\/esg.ampcometal.com\/es\/wp-json\/wp\/v2\/media?parent=636"}],"wp:term":[{"taxonomy":"difl_page_category","embeddable":true,"href":"https:\/\/esg.ampcometal.com\/es\/wp-json\/wp\/v2\/difl_page_category?post=636"}],"curies":[{"name":"wp","href":"https:\/\/api.w.org\/{rel}","templated":true}]}}