{"id":712,"date":"2024-06-12T13:16:25","date_gmt":"2024-06-12T13:16:25","guid":{"rendered":"https:\/\/esg.ampcometal.com\/medio-ambiente\/"},"modified":"2025-06-18T09:07:28","modified_gmt":"2025-06-18T09:07:28","slug":"medio-ambiente","status":"publish","type":"page","link":"https:\/\/esg.ampcometal.com\/es\/medio-ambiente\/","title":{"rendered":"Medio ambiente"},"content":{"rendered":"<p>[et_pb_section fb_built=\u00bb1&#8243; custom_padding_last_edited=\u00bbon|tablet\u00bb _builder_version=\u00bb4.25.1&#8243; _module_preset=\u00bbdefault\u00bb background_color=\u00bbrgba(34,34,34,0.33)\u00bb background_image=\u00bbhttps:\/\/esg.ampcometal.com\/wp-content\/uploads\/2024\/05\/switzerland_landscape_zermat.jpg\u00bb background_blend=\u00bboverlay\u00bb custom_padding=\u00bb340px||86px||false|false\u00bb custom_padding_tablet=\u00bb200px||86px||false|false\u00bb custom_padding_phone=\u00bb150px||40px||false|false\u00bb global_colors_info=\u00bb{}\u00bb][et_pb_row _builder_version=\u00bb4.25.1&#8243; _module_preset=\u00bbdefault\u00bb custom_padding=\u00bb7px|||||\u00bb global_colors_info=\u00bb{}\u00bb][et_pb_column type=\u00bb4_4&#8243; _builder_version=\u00bb4.25.1&#8243; _module_preset=\u00bbdefault\u00bb global_colors_info=\u00bb{}\u00bb][et_pb_text _builder_version=\u00bb4.25.1&#8243; _module_preset=\u00bbdefault\u00bb text_font=\u00bb|&#8211;et_global_body_font_weight|||||||\u00bb text_text_color=\u00bb#FFFFFF\u00bb text_font_size=\u00bb28px\u00bb header_font=\u00bb|300|||||||\u00bb header_text_color=\u00bb#FFFFFF\u00bb header_font_size=\u00bb70px\u00bb header_line_height=\u00bb1.4em\u00bb text_orientation=\u00bbcenter\u00bb text_font_size_tablet=\u00bb24px\u00bb text_font_size_phone=\u00bb20px\u00bb text_font_size_last_edited=\u00bbon|tablet\u00bb text_line_height_tablet=\u00bb1.5em\u00bb text_line_height_phone=\u00bb1.5em\u00bb text_line_height_last_edited=\u00bbon|tablet\u00bb header_font_size_tablet=\u00bb54px\u00bb header_font_size_phone=\u00bb34px\u00bb header_font_size_last_edited=\u00bbon|tablet\u00bb text_text_shadow_style=\u00bbpreset1&#8243; header_text_shadow_style=\u00bbpreset1&#8243; global_colors_info=\u00bb{}\u00bb]<\/p>\n<h1>Medio ambiente<\/h1>\n<p>[\/et_pb_text][\/et_pb_column][\/et_pb_row][\/et_pb_section][et_pb_section fb_built=\u00bb1&#8243; _builder_version=\u00bb4.25.1&#8243; _module_preset=\u00bbdefault\u00bb custom_padding=\u00bb80px||60px||false|false\u00bb global_colors_info=\u00bb{}\u00bb][et_pb_row _builder_version=\u00bb4.25.1&#8243; _module_preset=\u00bbdefault\u00bb custom_padding=\u00bb0px|||||\u00bb locked=\u00bboff\u00bb global_colors_info=\u00bb{}\u00bb][et_pb_column type=\u00bb4_4&#8243; _builder_version=\u00bb4.25.1&#8243; _module_preset=\u00bbdefault\u00bb global_colors_info=\u00bb{}\u00bb][et_pb_text _builder_version=\u00bb4.25.1&#8243; _module_preset=\u00bbdefault\u00bb text_font=\u00bb|&#8211;et_global_body_font_weight|||||||\u00bb text_text_color=\u00bb#222222&#8243; text_font_size=\u00bb18px\u00bb text_line_height=\u00bb1.6em\u00bb header_text_color=\u00bb#222222&#8243; header_2_text_align=\u00bbcenter\u00bb header_2_text_color=\u00bb#222222&#8243; header_2_font_size=\u00bb36px\u00bb header_2_line_height=\u00bb1.3em\u00bb text_orientation=\u00bbcenter\u00bb width=\u00bb100%\u00bb module_alignment=\u00bbcenter\u00bb custom_margin=\u00bb||||false|false\u00bb locked=\u00bboff\u00bb global_colors_info=\u00bb{}\u00bb]<\/p>\n<h2><span>Impacto medioambiental de nuestras operaciones<\/span><\/h2>\n<p>[\/et_pb_text][\/et_pb_column][\/et_pb_row][et_pb_row column_structure=\u00bb1_2,1_2&#8243; _builder_version=\u00bb4.25.1&#8243; _module_preset=\u00bbdefault\u00bb locked=\u00bboff\u00bb global_colors_info=\u00bb{}\u00bb][et_pb_column type=\u00bb1_2&#8243; _builder_version=\u00bb4.25.1&#8243; _module_preset=\u00bbdefault\u00bb global_colors_info=\u00bb{}\u00bb][et_pb_text _builder_version=\u00bb4.25.1&#8243; _module_preset=\u00bbdefault\u00bb global_colors_info=\u00bb{}\u00bb]El di\u00e1logo con las partes interesadas es una piedra angular de nuestra estrategia ASG. Llevamos a cabo una evaluaci\u00f3n de la materialidad para identificar las principales cuestiones ASG que m\u00e1s importan a nuestros grupos de inter\u00e9s y a nuestro negocio. Este proceso implic\u00f3 consultar a las partes interesadas internas y externas, incluidos empleados, clientes, proveedores, miembros de la comunidad y expertos del sector.[\/et_pb_text][\/et_pb_column][et_pb_column type=\u00bb1_2&#8243; _builder_version=\u00bb4.25.1&#8243; _module_preset=\u00bbdefault\u00bb global_colors_info=\u00bb{}\u00bb][et_pb_text _builder_version=\u00bb4.25.1&#8243; _module_preset=\u00bbdefault\u00bb text_text_color=\u00bb#f89633&#8243; text_font_size=\u00bb37px\u00bb text_line_height=\u00bb1em\u00bb custom_padding=\u00bb|||20px|false|false\u00bb border_width_left=\u00bb7px\u00bb border_color_left=\u00bb#f89633&#8243; global_colors_info=\u00bb{}\u00bb]<\/p>\n<p><i>\u201cEl Di\u00e1logo con las Partes Interesadas es una piedra angular de nuestra estrategia ESG\u201d.<\/i><\/p>\n<p>[\/et_pb_text][\/et_pb_column][\/et_pb_row][et_pb_row _builder_version=\u00bb4.25.1&#8243; _module_preset=\u00bbdefault\u00bb custom_padding=\u00bb0px|||||\u00bb global_colors_info=\u00bb{}\u00bb][et_pb_column type=\u00bb4_4&#8243; _builder_version=\u00bb4.25.1&#8243; _module_preset=\u00bbdefault\u00bb global_colors_info=\u00bb{}\u00bb][et_pb_toggle title=\u00bbIniciativas medioambientales\u00bb _builder_version=\u00bb4.25.1&#8243; _module_preset=\u00bbdefault\u00bb global_colors_info=\u00bb{}\u00bb]<\/p>\n<p>AMPCO METALtiene como objetivo minimizar el impacto medioambiental de nuestras operaciones, promover la sostenibilidad y garantizar el uso responsable de los recursos naturales.<\/p>\n<table border=\"1\" style=\"border-collapse: collapse; width: 100%; height: 192px;\">\n<tbody>\n<tr class=\"difl_datatableitem_0\">\n<th data-label=\"Topic\" class=\"df_dt_table_body_column_cell\" style=\"width: 14.2857%;\">Tema<\/th>\n<th data-label=\"Measures Taken\" class=\"df_dt_table_body_column_cell\" style=\"width: 27.9039%;\">Medidas adoptadas<\/th>\n<th data-label=\"Initiatives\" class=\"df_dt_table_body_column_cell\" style=\"width: 60.9509%;\">Iniciativas<\/th>\n<th data-label=\"Status\" class=\"df_dt_table_body_column_cell\" style=\"width: 1.38122%;\">Estado<\/th>\n<\/tr>\n<tr class=\"difl_datatableitem_1\">\n<td data-label=\"Topic\" class=\"df_dt_table_body_column_cell\" style=\"width: 14.2857%;\">An\u00e1lisis del ciclo de vida<\/td>\n<td data-label=\"Measures Taken\" class=\"df_dt_table_body_column_cell\" style=\"width: 27.9039%;\">Nuestro An\u00e1lisis del Ciclo de Vida (ACV) abarc\u00f3 19 ubicaciones diferentes en todo el mundo, incluidas nuestras principales instalaciones de producci\u00f3n y oficinas de ventas.<\/td>\n<td data-label=\"Initiatives\" class=\"df_dt_table_body_column_cell\" style=\"width: 60.9509%;\">Establecer objetivos basados en la ciencia (SBTi) para la reducci\u00f3n de emisiones, dando prioridad a las \u00e1reas con puntos calientes de C02, como la cadena de suministro.<\/td>\n<td data-label=\"Status\" class=\"df_dt_table_body_column_cell\" style=\"width: 1.38122%;\"><img loading=\"lazy\" decoding=\"async\" src=\"https:\/\/esg.ampcometal.com\/wp-content\/uploads\/2024\/06\/in-progress-clock-150x150.png\" width=\"150\" height=\"150\" alt=\"\" class=\"wp-image-287 alignnone size-thumbnail\"><\/td>\n<\/tr>\n<tr class=\"difl_datatableitem_2\">\n<td data-label=\"Topic\" class=\"df_dt_table_body_column_cell\" style=\"width: 14.2857%;\">Temas materiales<\/td>\n<td data-label=\"Measures Taken\" class=\"df_dt_table_body_column_cell\" style=\"width: 27.9039%;\">Llevamos a cabo una evaluaci\u00f3n de la materialidad para identificar las principales cuestiones ASG que m\u00e1s importan a nuestros grupos de inter\u00e9s y a nuestro negocio.<\/td>\n<td data-label=\"Initiatives\" class=\"df_dt_table_body_column_cell\" style=\"width: 60.9509%;\">Bas\u00e1ndose en la doble evaluaci\u00f3n de materialidad y priorizaci\u00f3n, AMPCO METAL est\u00e1 centrando sus esfuerzos en abordar las cuestiones m\u00e1s importantes. Estas cuestiones tienen las puntuaciones combinadas m\u00e1s altas, lo que indica que tienen un impacto significativo y son econ\u00f3micamente importantes para la empresa. <\/td>\n<td data-label=\"Status\" class=\"df_dt_table_body_column_cell\" style=\"width: 1.38122%;\"><img loading=\"lazy\" decoding=\"async\" src=\"https:\/\/esg.ampcometal.com\/wp-content\/uploads\/2024\/06\/complete-check-150x150.png\" width=\"150\" height=\"150\" alt=\"\" class=\"wp-image-288 alignnone size-thumbnail\"><\/td>\n<\/tr>\n<tr class=\"difl_datatableitem_3\">\n<td data-label=\"Topic\" class=\"df_dt_table_body_column_cell\" style=\"width: 14.2857%;\">ODS de la ONU<\/td>\n<td data-label=\"Measures Taken\" class=\"df_dt_table_body_column_cell\" style=\"width: 27.9039%;\">Contribuir a 5 ODS especialmente relevantes para las industrias de producci\u00f3n de cobre y aluminio.<\/td>\n<td data-label=\"Initiatives\" class=\"df_dt_table_body_column_cell\" style=\"width: 60.9509%;\">ODS 7: Energ\u00eda asequible y limpia<br \/>ODS 9: Industria, innovaci\u00f3n e infraestructuras<br \/>ODS 12: Consumo y producci\u00f3n responsables<br \/>ODS 13: Acci\u00f3n por el clima<\/td>\n<td data-label=\"Status\" class=\"df_dt_table_body_column_cell\" style=\"width: 1.38122%;\"><img loading=\"lazy\" decoding=\"async\" src=\"https:\/\/esg.ampcometal.com\/wp-content\/uploads\/2024\/06\/in-progress-clock-150x150.png\" width=\"150\" height=\"150\" alt=\"\" class=\"wp-image-287 alignnone size-thumbnail\"><\/td>\n<\/tr>\n<tr class=\"difl_datatableitem_4\">\n<td data-label=\"Topic\" class=\"df_dt_table_body_column_cell\" style=\"width: 14.2857%;\">ISO50001<\/td>\n<td data-label=\"Measures Taken\" class=\"df_dt_table_body_column_cell\" style=\"width: 27.9039%;\">Implantar normas de gesti\u00f3n energ\u00e9tica para el centro de producci\u00f3n principal.<\/td>\n<td data-label=\"Initiatives\" class=\"df_dt_table_body_column_cell\" style=\"width: 60.9509%;\">Mejora de la eficiencia energ\u00e9tica en toda la cadena de suministro, ahorro de costes, cumplimiento de la normativa, reducci\u00f3n de la huella de carbono.<\/td>\n<td data-label=\"Status\" class=\"df_dt_table_body_column_cell\" style=\"width: 1.38122%;\"><img loading=\"lazy\" decoding=\"async\" src=\"https:\/\/esg.ampcometal.com\/wp-content\/uploads\/2024\/06\/in-progress-clock-150x150.png\" width=\"150\" height=\"150\" alt=\"\" class=\"wp-image-287 alignnone size-thumbnail\"><\/td>\n<\/tr>\n<tr class=\"difl_datatableitem_5\">\n<td data-label=\"Topic\" class=\"df_dt_table_body_column_cell\" style=\"width: 14.2857%;\">Evaluaci\u00f3n de riesgos reglamentarios<\/td>\n<td data-label=\"Measures Taken\" class=\"df_dt_table_body_column_cell\" style=\"width: 27.9039%;\">Diligencia debida y evaluaci\u00f3n de riesgos<\/td>\n<td data-label=\"Initiatives\" class=\"df_dt_table_body_column_cell\" style=\"width: 60.9509%;\">Informe sobre el cumplimiento normativo obligatorio en el \u00e1mbito de AMPCO METAL<\/td>\n<td data-label=\"Status\" class=\"df_dt_table_body_column_cell\" style=\"width: 1.38122%;\"><img loading=\"lazy\" decoding=\"async\" src=\"https:\/\/esg.ampcometal.com\/wp-content\/uploads\/2024\/06\/complete-check-150x150.png\" width=\"150\" height=\"150\" alt=\"\" class=\"wp-image-288 alignnone size-thumbnail\"><\/td>\n<\/tr>\n<tr class=\"difl_datatableitem_6\">\n<td data-label=\"Topic\" class=\"df_dt_table_body_column_cell\" style=\"width: 14.2857%;\">Compromiso de las partes interesadas<\/td>\n<td data-label=\"Measures Taken\" class=\"df_dt_table_body_column_cell\" style=\"width: 27.9039%;\">Realizar una evaluaci\u00f3n de la matriz de materialidad.<\/td>\n<td data-label=\"Initiatives\" class=\"df_dt_table_body_column_cell\" style=\"width: 60.9509%;\">Identificar los temas materiales para la empresa y establecer prioridades.<\/td>\n<td data-label=\"Status\" class=\"df_dt_table_body_column_cell\" style=\"width: 1.38122%;\"><img loading=\"lazy\" decoding=\"async\" src=\"https:\/\/esg.ampcometal.com\/wp-content\/uploads\/2024\/06\/complete-check-150x150.png\" width=\"150\" height=\"150\" alt=\"\" class=\"wp-image-288 alignnone size-thumbnail\"><\/td>\n<\/tr>\n<tr class=\"difl_datatableitem_7\">\n<td data-label=\"Topic\" class=\"df_dt_table_body_column_cell\" style=\"width: 14.2857%;\">CSRD<\/td>\n<td data-label=\"Measures Taken\" class=\"df_dt_table_body_column_cell\" style=\"width: 27.9039%;\">Garantizar el cumplimiento de todas las normativas legales sobre ESG en los pa\u00edses en los que operamos<\/td>\n<td data-label=\"Initiatives\" class=\"df_dt_table_body_column_cell\" style=\"width: 60.9509%;\">Desarrollar un marco para recopilar datos para el informe CSRD en enero de 2026 (datos de 2025).<\/td>\n<td data-label=\"Status\" class=\"df_dt_table_body_column_cell\" style=\"width: 1.38122%;\"><img loading=\"lazy\" decoding=\"async\" src=\"https:\/\/esg.ampcometal.com\/wp-content\/uploads\/2024\/06\/in-progress-clock-150x150.png\" width=\"150\" height=\"150\" alt=\"\" class=\"wp-image-287 alignnone size-thumbnail\"><\/td>\n<\/tr>\n<\/tbody>\n<\/table>\n<p>[\/et_pb_toggle][et_pb_toggle title=\u00bbHuella de carbono de las empresas\u00bb _builder_version=\u00bb4.25.1&#8243; _module_preset=\u00bbdefault\u00bb global_colors_info=\u00bb{}\u00bb]<\/p>\n<div class=\"footprintcontainer\">\n<div class=\"footprinttext\">\n<p>Las emisiones de gases de efecto invernadero (GEI) son la cuesti\u00f3n ASG que m\u00e1s afecta a los clientes de AMPCO METAL. Abordar esta cuesti\u00f3n implica reducir las emisiones, aumentar la transparencia en los informes sobre emisiones y demostrar el compromiso con la descarbonizaci\u00f3n de nuestra cadena de suministro, que se alinea con las expectativas de los clientes y los requisitos normativos. Este enfoque puede ayudar a AMPCO METAL a reforzar sus relaciones con los clientes y a satisfacer la creciente demanda de productos sostenibles.  <\/p>\n<\/div>\n<div class=\"footprintimage\"><img decoding=\"async\" src=\"https:\/\/esg.ampcometal.com\/wp-content\/uploads\/2024\/06\/lca-chart.png\" width=\"720\" alt=\"\" class=\"wp-image-270 alignnone size-full\" srcset=\"https:\/\/esg.ampcometal.com\/wp-content\/uploads\/2024\/06\/lca-chart.png 1445w, https:\/\/esg.ampcometal.com\/wp-content\/uploads\/2024\/06\/lca-chart-1280x657.png 1280w, https:\/\/esg.ampcometal.com\/wp-content\/uploads\/2024\/06\/lca-chart-980x503.png 980w, https:\/\/esg.ampcometal.com\/wp-content\/uploads\/2024\/06\/lca-chart-480x246.png 480w\" sizes=\"(min-width: 0px) and (max-width: 480px) 480px, (min-width: 481px) and (max-width: 980px) 980px, (min-width: 981px) and (max-width: 1280px) 1280px, (min-width: 1281px) 1445px, 100vw\" \/><\/div>\n<\/div>\n<p>[\/et_pb_toggle][et_pb_toggle title=\u00bbEvaluaci\u00f3n de la materialidad\u00bb _builder_version=\u00bb4.25.1&#8243; _module_preset=\u00bbdefault\u00bb hover_enabled=\u00bb0&#8243; global_colors_info=\u00bb{}\u00bb sticky_enabled=\u00bb0&#8243;]<\/p>\n<p><a href=\"https:\/\/esg.ampcometal.com\/wp-content\/uploads\/2024\/06\/Materialities-matrix-scaled.jpg\"><img loading=\"lazy\" decoding=\"async\" src=\"https:\/\/esg.ampcometal.com\/wp-content\/uploads\/2024\/06\/Materialities-matrix-1024x713.jpg\" width=\"1024\" height=\"713\" alt=\"\" class=\"wp-image-389 alignnone size-large\" srcset=\"https:\/\/esg.ampcometal.com\/wp-content\/uploads\/2024\/06\/Materialities-matrix-980x682.jpg 980w, https:\/\/esg.ampcometal.com\/wp-content\/uploads\/2024\/06\/Materialities-matrix-480x334.jpg 480w\" sizes=\"(min-width: 0px) and (max-width: 480px) 480px, (min-width: 481px) and (max-width: 980px) 980px, (min-width: 981px) 1024px, 100vw\" \/><\/a><\/p>\n<p>[\/et_pb_toggle][et_pb_toggle title=\u00bbPuntuaci\u00f3n de las cuestiones materiales ESG\u00bb _builder_version=\u00bb4.25.1&#8243; _module_preset=\u00bbdefault\u00bb hover_enabled=\u00bb0&#8243; global_colors_info=\u00bb{}\u00bb sticky_enabled=\u00bb0&#8243;]<\/p>\n<p>Bas\u00e1ndose en la doble evaluaci\u00f3n y priorizaci\u00f3n de la materialidad, AMPCO METAL debe centrar sus esfuerzos en abordar las cuestiones m\u00e1s importantes. Estas cuestiones tienen las puntuaciones combinadas m\u00e1s altas, lo que indica que tienen un impacto significativo y son financieramente importantes para la empresa. <\/p>\n<p><img loading=\"lazy\" decoding=\"async\" src=\"https:\/\/esg.ampcometal.com\/wp-content\/uploads\/2024\/06\/esg-table.png\" width=\"1087\" height=\"576\" alt=\"\" class=\"wp-image-391 aligncenter size-full\" srcset=\"https:\/\/esg.ampcometal.com\/wp-content\/uploads\/2024\/06\/esg-table.png 1087w, https:\/\/esg.ampcometal.com\/wp-content\/uploads\/2024\/06\/esg-table-980x519.png 980w, https:\/\/esg.ampcometal.com\/wp-content\/uploads\/2024\/06\/esg-table-480x254.png 480w\" sizes=\"(min-width: 0px) and (max-width: 480px) 480px, (min-width: 481px) and (max-width: 980px) 980px, (min-width: 981px) 1087px, 100vw\" \/><\/p>\n<p>[\/et_pb_toggle][et_pb_toggle title=\u00bbODS\u00bb _builder_version=\u00bb4.25.1&#8243; _module_preset=\u00bbdefault\u00bb global_colors_info=\u00bb{}\u00bb]<\/p>\n<p>Para nuestras operaciones globales, los Objetivos de Desarrollo Sostenible (ODS) son especialmente relevantes para AMPCO METAL. A continuaci\u00f3n se indican los ODS m\u00e1s pertinentes y su relaci\u00f3n con el funcionamiento de nuestra empresa. <\/p>\n<p>&nbsp;<\/p>\n<\/p>\n<p><center><img loading=\"lazy\" decoding=\"async\" class=\"wp-image-196 size-full\" src=\"https:\/\/esg.ampcometal.com\/wp-content\/uploads\/2024\/05\/sdg-7.png\" alt=\"\" width=\"135\" height=\"135\" srcset=\"https:\/\/esg.ampcometal.com\/wp-content\/uploads\/2024\/05\/sdg-7-1280x1280.png 1280w, https:\/\/esg.ampcometal.com\/wp-content\/uploads\/2024\/05\/sdg-7-980x980.png 980w, https:\/\/esg.ampcometal.com\/wp-content\/uploads\/2024\/05\/sdg-7-480x480.png 480w\" sizes=\"(min-width: 0px) and (max-width: 480px) 480px, (min-width: 481px) and (max-width: 980px) 980px, (min-width: 981px) and (max-width: 1280px) 1280px, 100vw\" \/><img loading=\"lazy\" decoding=\"async\" class=\"wp-image-195 size-full\" src=\"https:\/\/esg.ampcometal.com\/wp-content\/uploads\/2024\/05\/sdg-9.png\" alt=\"\" width=\"135\" height=\"135\" srcset=\"https:\/\/esg.ampcometal.com\/wp-content\/uploads\/2024\/05\/sdg-9-1280x1280.png 1280w, https:\/\/esg.ampcometal.com\/wp-content\/uploads\/2024\/05\/sdg-9-980x980.png 980w, https:\/\/esg.ampcometal.com\/wp-content\/uploads\/2024\/05\/sdg-9-480x480.png 480w\" sizes=\"(min-width: 0px) and (max-width: 480px) 480px, (min-width: 481px) and (max-width: 980px) 980px, (min-width: 981px) and (max-width: 1280px) 1280px, 100vw\" \/><img loading=\"lazy\" decoding=\"async\" class=\"wp-image-194 size-full\" src=\"https:\/\/esg.ampcometal.com\/wp-content\/uploads\/2024\/05\/sdg-12.png\" alt=\"\" width=\"135\" height=\"135\" srcset=\"https:\/\/esg.ampcometal.com\/wp-content\/uploads\/2024\/05\/sdg-12-1280x1280.png 1280w, https:\/\/esg.ampcometal.com\/wp-content\/uploads\/2024\/05\/sdg-12-980x980.png 980w, https:\/\/esg.ampcometal.com\/wp-content\/uploads\/2024\/05\/sdg-12-480x480.png 480w\" sizes=\"(min-width: 0px) and (max-width: 480px) 480px, (min-width: 481px) and (max-width: 980px) 980px, (min-width: 981px) and (max-width: 1280px) 1280px, 100vw\" \/><img loading=\"lazy\" decoding=\"async\" class=\"wp-image-193 size-full\" src=\"https:\/\/esg.ampcometal.com\/wp-content\/uploads\/2024\/05\/sdg-13.png\" alt=\"\" width=\"135\" height=\"135\" srcset=\"https:\/\/esg.ampcometal.com\/wp-content\/uploads\/2024\/05\/sdg-13-1280x1280.png 1280w, https:\/\/esg.ampcometal.com\/wp-content\/uploads\/2024\/05\/sdg-13-980x980.png 980w, https:\/\/esg.ampcometal.com\/wp-content\/uploads\/2024\/05\/sdg-13-480x480.png 480w\" sizes=\"(min-width: 0px) and (max-width: 480px) 480px, (min-width: 481px) and (max-width: 980px) 980px, (min-width: 981px) and (max-width: 1280px) 1280px, 100vw\" \/><\/center>[\/et_pb_toggle][et_pb_toggle title=\u00bbDocumentos\u00bb _builder_version=\u00bb4.25.1&#8243; _module_preset=\u00bbdefault\u00bb global_colors_info=\u00bb{}\u00bb]<\/p>\n<p> <a href=\"https:\/\/esg.ampcometal.com\/wp-content\/uploads\/2024\/06\/AMPCO-METAL-Global-ESG-Environment-Policy.pdf\"><img loading=\"lazy\" decoding=\"async\" src=\"https:\/\/esg.ampcometal.com\/wp-content\/uploads\/2024\/06\/download-environment.png\" width=\"694\" height=\"101\" alt=\"\" class=\"wp-image-358 alignnone size-full\" style=\"display: block; margin-left: auto; margin-right: auto;\" srcset=\"https:\/\/esg.ampcometal.com\/wp-content\/uploads\/2024\/06\/download-environment.png 694w, https:\/\/esg.ampcometal.com\/wp-content\/uploads\/2024\/06\/download-environment-480x70.png 480w\" sizes=\"(min-width: 0px) and (max-width: 480px) 480px, (min-width: 481px) 694px, 100vw\" \/><\/a><\/p>\n<p>[\/et_pb_toggle][\/et_pb_column][\/et_pb_row][\/et_pb_section]<\/p>\n","protected":false},"excerpt":{"rendered":"<p>Medio ambienteImpacto medioambiental de nuestras operacionesEl di\u00e1logo con las partes interesadas es una piedra angular de nuestra estrategia ASG. Llevamos a cabo una evaluaci\u00f3n de la materialidad para identificar las principales cuestiones ASG que m\u00e1s importan a nuestros grupos de inter\u00e9s y a nuestro negocio. Este proceso implic\u00f3 consultar a las partes interesadas internas y [&hellip;]<\/p>\n","protected":false},"author":1,"featured_media":0,"parent":0,"menu_order":0,"comment_status":"closed","ping_status":"closed","template":"","meta":{"_et_pb_use_builder":"on","_et_pb_old_content":"","_et_gb_content_width":"","inline_featured_image":false,"footnotes":""},"difl_page_category":[],"class_list":["post-712","page","type-page","status-publish","hentry"],"_links":{"self":[{"href":"https:\/\/esg.ampcometal.com\/es\/wp-json\/wp\/v2\/pages\/712","targetHints":{"allow":["GET"]}}],"collection":[{"href":"https:\/\/esg.ampcometal.com\/es\/wp-json\/wp\/v2\/pages"}],"about":[{"href":"https:\/\/esg.ampcometal.com\/es\/wp-json\/wp\/v2\/types\/page"}],"author":[{"embeddable":true,"href":"https:\/\/esg.ampcometal.com\/es\/wp-json\/wp\/v2\/users\/1"}],"replies":[{"embeddable":true,"href":"https:\/\/esg.ampcometal.com\/es\/wp-json\/wp\/v2\/comments?post=712"}],"version-history":[{"count":1,"href":"https:\/\/esg.ampcometal.com\/es\/wp-json\/wp\/v2\/pages\/712\/revisions"}],"predecessor-version":[{"id":716,"href":"https:\/\/esg.ampcometal.com\/es\/wp-json\/wp\/v2\/pages\/712\/revisions\/716"}],"wp:attachment":[{"href":"https:\/\/esg.ampcometal.com\/es\/wp-json\/wp\/v2\/media?parent=712"}],"wp:term":[{"taxonomy":"difl_page_category","embeddable":true,"href":"https:\/\/esg.ampcometal.com\/es\/wp-json\/wp\/v2\/difl_page_category?post=712"}],"curies":[{"name":"wp","href":"https:\/\/api.w.org\/{rel}","templated":true}]}}