{"id":722,"date":"2024-06-18T10:28:56","date_gmt":"2024-06-18T10:28:56","guid":{"rendered":"https:\/\/esg.ampcometal.com\/social\/"},"modified":"2025-06-18T09:07:28","modified_gmt":"2025-06-18T09:07:28","slug":"social","status":"publish","type":"page","link":"https:\/\/esg.ampcometal.com\/es\/social\/","title":{"rendered":"Social"},"content":{"rendered":"<p>[et_pb_section fb_built=\u00bb1&#8243; custom_padding_last_edited=\u00bbon|tablet\u00bb _builder_version=\u00bb4.25.1&#8243; _module_preset=\u00bbdefault\u00bb background_color=\u00bbrgba(34,34,34,0.33)\u00bb background_image=\u00bbhttps:\/\/esg.ampcometal.com\/wp-content\/uploads\/2024\/05\/social_bike_to_work_initiative.jpg\u00bb background_blend=\u00bboverlay\u00bb custom_padding=\u00bb340px||86px||false|false\u00bb custom_padding_tablet=\u00bb200px||86px||false|false\u00bb custom_padding_phone=\u00bb150px||40px||false|false\u00bb global_colors_info=\u00bb{}\u00bb][et_pb_row _builder_version=\u00bb4.25.1&#8243; _module_preset=\u00bbdefault\u00bb custom_padding=\u00bb7px|||||\u00bb global_colors_info=\u00bb{}\u00bb][et_pb_column type=\u00bb4_4&#8243; _builder_version=\u00bb4.25.1&#8243; _module_preset=\u00bbdefault\u00bb global_colors_info=\u00bb{}\u00bb][et_pb_text _builder_version=\u00bb4.25.1&#8243; _module_preset=\u00bbdefault\u00bb text_font=\u00bb|&#8211;et_global_body_font_weight|||||||\u00bb text_text_color=\u00bb#FFFFFF\u00bb text_font_size=\u00bb28px\u00bb header_font=\u00bb|300|||||||\u00bb header_text_color=\u00bb#FFFFFF\u00bb header_font_size=\u00bb70px\u00bb header_line_height=\u00bb1.4em\u00bb text_orientation=\u00bbcenter\u00bb text_font_size_tablet=\u00bb24px\u00bb text_font_size_phone=\u00bb20px\u00bb text_font_size_last_edited=\u00bbon|tablet\u00bb text_line_height_tablet=\u00bb1.5em\u00bb text_line_height_phone=\u00bb1.5em\u00bb text_line_height_last_edited=\u00bbon|tablet\u00bb header_font_size_tablet=\u00bb54px\u00bb header_font_size_phone=\u00bb34px\u00bb header_font_size_last_edited=\u00bbon|tablet\u00bb text_text_shadow_style=\u00bbpreset1&#8243; header_text_shadow_style=\u00bbpreset1&#8243; global_colors_info=\u00bb{}\u00bb]<\/p>\n<h1>Social<\/h1>\n<p>[\/et_pb_text][\/et_pb_column][\/et_pb_row][\/et_pb_section][et_pb_section fb_built=\u00bb1&#8243; _builder_version=\u00bb4.25.1&#8243; _module_preset=\u00bbdefault\u00bb custom_padding=\u00bb80px||60px||false|false\u00bb global_colors_info=\u00bb{}\u00bb][et_pb_row _builder_version=\u00bb4.25.1&#8243; _module_preset=\u00bbdefault\u00bb custom_padding=\u00bb0px|||||\u00bb locked=\u00bboff\u00bb global_colors_info=\u00bb{}\u00bb][et_pb_column type=\u00bb4_4&#8243; _builder_version=\u00bb4.25.1&#8243; _module_preset=\u00bbdefault\u00bb global_colors_info=\u00bb{}\u00bb][et_pb_text _builder_version=\u00bb4.25.1&#8243; _module_preset=\u00bbdefault\u00bb text_font=\u00bb|&#8211;et_global_body_font_weight|||||||\u00bb text_text_color=\u00bb#222222&#8243; text_font_size=\u00bb18px\u00bb text_line_height=\u00bb1.6em\u00bb header_text_color=\u00bb#222222&#8243; header_2_text_align=\u00bbcenter\u00bb header_2_text_color=\u00bb#222222&#8243; header_2_font_size=\u00bb36px\u00bb header_2_line_height=\u00bb1.3em\u00bb text_orientation=\u00bbcenter\u00bb width=\u00bb100%\u00bb module_alignment=\u00bbcenter\u00bb custom_margin=\u00bb||||false|false\u00bb locked=\u00bboff\u00bb global_colors_info=\u00bb{}\u00bb]<\/p>\n<h2>Responsabilidad social<\/h2>\n<p>[\/et_pb_text][\/et_pb_column][\/et_pb_row][et_pb_row column_structure=\u00bb1_2,1_2&#8243; _builder_version=\u00bb4.25.1&#8243; _module_preset=\u00bbdefault\u00bb locked=\u00bboff\u00bb global_colors_info=\u00bb{}\u00bb][et_pb_column type=\u00bb1_2&#8243; _builder_version=\u00bb4.25.1&#8243; _module_preset=\u00bbdefault\u00bb global_colors_info=\u00bb{}\u00bb][et_pb_text _builder_version=\u00bb4.25.1&#8243; _module_preset=\u00bbdefault\u00bb global_colors_info=\u00bb{}\u00bb]<\/p>\n<p>Como parte activa de la sociedad, AMPCO METAL se compromete a fomentar relaciones sostenibles con personas e instituciones en nuestras 19 sedes mundiales. Nuestra prioridad es el bienestar de nuestros empleados. En l\u00ednea con nuestra estrategia global de sostenibilidad, asumimos la responsabilidad social dentro de nuestra empresa, en nuestras comunidades y a lo largo de nuestras cadenas de suministro. Respetamos los derechos laborales y humanos, estamos comprometidos con la salud y la seguridad, promovemos la diversidad y la inclusi\u00f3n, y garantizamos la igualdad de oportunidades.   <\/p>\n<p>[\/et_pb_text][\/et_pb_column][et_pb_column type=\u00bb1_2&#8243; _builder_version=\u00bb4.25.1&#8243; _module_preset=\u00bbdefault\u00bb global_colors_info=\u00bb{}\u00bb][et_pb_text _builder_version=\u00bb4.25.1&#8243; _module_preset=\u00bbdefault\u00bb text_text_color=\u00bb#f89633&#8243; text_font_size=\u00bb39px\u00bb text_line_height=\u00bb1em\u00bb custom_padding=\u00bb|||20px|false|false\u00bb border_width_left=\u00bb7px\u00bb border_color_left=\u00bb#f89633&#8243; global_colors_info=\u00bb{}\u00bb]<\/p>\n<p><i>\u201cAsumimos la responsabilidad social dentro de nuestra empresa, en nuestras comunidades y a lo largo de nuestras cadenas de suministro..\u201d<\/i><\/p>\n<p>[\/et_pb_text][\/et_pb_column][\/et_pb_row][et_pb_row _builder_version=\u00bb4.25.1&#8243; _module_preset=\u00bbdefault\u00bb custom_padding=\u00bb0px|||||\u00bb global_colors_info=\u00bb{}\u00bb][et_pb_column type=\u00bb4_4&#8243; _builder_version=\u00bb4.25.1&#8243; _module_preset=\u00bbdefault\u00bb global_colors_info=\u00bb{}\u00bb][et_pb_toggle title=\u00bbIniciativas Sociales\u00bb _builder_version=\u00bb4.25.1&#8243; _module_preset=\u00bbdefault\u00bb hover_enabled=\u00bb0&#8243; global_colors_info=\u00bb{}\u00bb sticky_enabled=\u00bb0&#8243;]<\/p>\n<p>AMPCO METAL La Pol\u00edtica Social consiste en promover pr\u00e1cticas laborales justas, garantizar un lugar de trabajo seguro y saludable, apoyar el desarrollo de la comunidad y fomentar la diversidad y la inclusi\u00f3n.<\/p>\n<table border=\"1\" style=\"border-collapse: collapse; width: 100%; height: 192px;\">\n<tbody>\n<tr class=\"difl_datatableitem_0\">\n<th data-label=\"Topic\" class=\"df_dt_table_body_column_cell\" style=\"width: 14.2857%;\"><span style=\"font-weight: 400;\">Tema<\/span><\/th>\n<th data-label=\"Measures Taken\" class=\"df_dt_table_body_column_cell\" style=\"width: 27.9039%;\"><span style=\"font-weight: 400;\">Medidas adoptadas<\/span><\/th>\n<th data-label=\"Initiatives\" class=\"df_dt_table_body_column_cell\" style=\"width: 60.9509%;\"><span style=\"font-weight: 400;\">Iniciativas<\/span><\/th>\n<th data-label=\"Status\" class=\"df_dt_table_body_column_cell\" style=\"width: 1.38122%;\"><span style=\"font-weight: 400;\">Estado<\/span><\/th>\n<\/tr>\n<tr class=\"difl_datatableitem_1\">\n<td data-label=\"Topic\" class=\"df_dt_table_body_column_cell\" style=\"width: 14.2857%;\">Auditor\u00eda ISO26000<\/td>\n<td data-label=\"Measures Taken\" class=\"df_dt_table_body_column_cell\" style=\"width: 27.9039%;\">Elaborar un informe exhaustivo sobre nuestros resultados en RSC y recomendaciones en forma de hoja de ruta ESG 2024-2030.<\/td>\n<td data-label=\"Initiatives\" class=\"df_dt_table_body_column_cell\" style=\"width: 60.9509%;\">\n<p>Implantar procedimientos para integrar mejor la RSC en nuestros KPI corporativos.<\/p>\n<p>Promover un enfoque ascendente de la comunicaci\u00f3n en todas las sedes para medir la satisfacci\u00f3n de los empleados, la inspecci\u00f3n de seguridad y la prevenci\u00f3n de riesgos.<\/p>\n<p>Explorar oportunidades de sinergia e inversiones para apoyar a las comunidades locales en las zonas donde operamos.<\/p>\n<\/td>\n<td data-label=\"Status\" class=\"df_dt_table_body_column_cell\" style=\"width: 1.38122%;\"><img loading=\"lazy\" decoding=\"async\" src=\"https:\/\/esg.ampcometal.com\/wp-content\/uploads\/2024\/06\/in-progress-clock-150x150.png\" width=\"150\" height=\"150\" alt=\"\" class=\"wp-image-287 alignnone size-thumbnail\"><\/td>\n<\/tr>\n<\/tbody>\n<\/table>\n<p>[\/et_pb_toggle][et_pb_toggle title=\u00bbDiversidad de g\u00e9nero de los empleados\u00bb _builder_version=\u00bb4.25.1&#8243; _module_preset=\u00bbdefault\u00bb hover_enabled=\u00bb0&#8243; global_colors_info=\u00bb{}\u00bb sticky_enabled=\u00bb0&#8243;]<\/p>\n<div class=\"footprintcontainer\">\n<div class=\"footprinttext\">\n<p>La distribuci\u00f3n por sexos en AMPCO METAL muestra una disparidad significativa, con un 78,6% de empleados varones y un 21,4% de empleadas mujeres. Esto no es raro en la industria metal\u00fargica, tradicionalmente dominada por los hombres, pero reconocemos que a\u00fan queda trabajo por hacer. Aunque el actual desequilibrio de g\u00e9nero refleja las tendencias del sector, existe una clara oportunidad para que AMPCO METAL mejore la diversidad de g\u00e9nero  <\/p>\n<\/div>\n<div class=\"footprintimage\"><img decoding=\"async\" src=\"https:\/\/esg.ampcometal.com\/wp-content\/uploads\/2024\/06\/employee-gender-diversity.png\" width=\"353\" alt=\"\" class=\"wp-image-303 alignnone size-full\" style=\"display: block; margin-left: auto; margin-right: auto;\" srcset=\"https:\/\/esg.ampcometal.com\/wp-content\/uploads\/2024\/06\/employee-gender-diversity.png 693w, https:\/\/esg.ampcometal.com\/wp-content\/uploads\/2024\/06\/employee-gender-diversity-480x364.png 480w\" sizes=\"(min-width: 0px) and (max-width: 480px) 480px, (min-width: 481px) 693px, 100vw\" \/><\/div>\n<\/div>\n<p>[\/et_pb_toggle][et_pb_toggle title=\u00bbDiversidad de edades\u00bb _builder_version=\u00bb4.25.1&#8243; _module_preset=\u00bbdefault\u00bb hover_enabled=\u00bb0&#8243; global_colors_info=\u00bb{}\u00bb sticky_enabled=\u00bb0&#8243;]<\/p>\n<div class=\"footprintcontainer\">\n<div class=\"footprinttext\">\n<p>La distribuci\u00f3n por edades de nuestra plantilla indica una base de empleados relativamente joven, lo que sugiere que hemos atra\u00eddo con \u00e9xito a los talentos m\u00e1s j\u00f3venes a nuestra organizaci\u00f3n. Tener una plantilla joven es un indicador positivo de nuestra capacidad para atraer a la pr\u00f3xima generaci\u00f3n de profesionales. Los esfuerzos continuos en el desarrollo profesional, las oportunidades de progresi\u00f3n profesional y las pr\u00e1cticas inclusivas en el lugar de trabajo ser\u00e1n cruciales para retener este talento y garantizar su crecimiento a largo plazo dentro de la empresa.  <\/p>\n<\/div>\n<div class=\"footprintimage\"><img decoding=\"async\" src=\"https:\/\/esg.ampcometal.com\/wp-content\/uploads\/2024\/06\/age-diversity.png\" width=\"360\" alt=\"\" class=\"wp-image-304 alignnone size-full\" style=\"display: block; margin-left: auto; margin-right: auto;\" srcset=\"https:\/\/esg.ampcometal.com\/wp-content\/uploads\/2024\/06\/age-diversity.png 735w, https:\/\/esg.ampcometal.com\/wp-content\/uploads\/2024\/06\/age-diversity-480x282.png 480w\" sizes=\"(min-width: 0px) and (max-width: 480px) 480px, (min-width: 481px) 735px, 100vw\" \/><\/div>\n<\/div>\n<p>[\/et_pb_toggle][et_pb_toggle title=\u00bbBienestar y seguridad de los empleados\u00bb _builder_version=\u00bb4.25.1&#8243; _module_preset=\u00bbdefault\u00bb global_colors_info=\u00bb{}\u00bb]<\/p>\n<p>AMPCO METAL se compromete a fomentar relaciones sostenibles con personas e instituciones en nuestras 19 sedes mundiales. Reconocemos la responsabilidad social dentro de nuestra empresa, en las comunidades donde operamos y a lo largo de nuestras cadenas de suministro. <\/p>\n<p>Nos dedicamos a defender los derechos laborales y humanos, a garantizar la salud y la seguridad, a fomentar la diversidad y la inclusi\u00f3n, y a proporcionar igualdad de oportunidades para todos.<\/p>\n<p>Centr\u00e1ndonos en el bienestar, podemos ayudar a nuestros empleados a mantener o aumentar su compromiso y productividad. En consecuencia, seguiremos haciendo hincapi\u00e9 en dar a conocer nuestros programas e iniciativas de bienestar entre nuestros empleados y anim\u00e1ndoles a participar. <\/p>\n<p>Como parte de nuestro compromiso de mejorar la responsabilidad social corporativa, contratamos a un especialista externo para que realizara una auditor\u00eda ISO 26000 en nuestras principales instalaciones operativas de Suiza, Francia y Pa\u00edses Bajos. Esta exhaustiva evaluaci\u00f3n ten\u00eda como objetivo valorar nuestro rendimiento social y de gobierno, proporcion\u00e1ndonos valiosos conocimientos y recomendaciones pr\u00e1cticas para impulsar nuestras iniciativas de sostenibilidad. <\/p>\n<p>[\/et_pb_toggle][et_pb_toggle title=\u00bbDocumentos\u00bb _builder_version=\u00bb4.25.1&#8243; _module_preset=\u00bbdefault\u00bb locked=\u00bboff\u00bb global_colors_info=\u00bb{}\u00bb]<\/p>\n<p><a href=\"https:\/\/esg.ampcometal.com\/wp-content\/uploads\/2024\/06\/AMPCO-METAL-Global-ESG-Social-Policy.pdf\"><img loading=\"lazy\" decoding=\"async\" class=\"wp-image-357 size-full aligncenter\" src=\"https:\/\/esg.ampcometal.com\/wp-content\/uploads\/2024\/06\/download-social.png\" alt=\"\" width=\"693\" height=\"100\" srcset=\"https:\/\/esg.ampcometal.com\/wp-content\/uploads\/2024\/06\/download-social.png 693w, https:\/\/esg.ampcometal.com\/wp-content\/uploads\/2024\/06\/download-social-480x83.png 480w\" sizes=\"(min-width: 0px) and (max-width: 480px) 480px, (min-width: 481px) 693px, 100vw\" \/><\/a><\/p>\n<p>[\/et_pb_toggle][\/et_pb_column][\/et_pb_row][\/et_pb_section]<\/p>\n","protected":false},"excerpt":{"rendered":"<p>SocialResponsabilidad socialComo parte activa de la sociedad, AMPCO METAL se compromete a fomentar relaciones sostenibles con personas e instituciones en nuestras 19 sedes mundiales. Nuestra prioridad es el bienestar de nuestros empleados. En l\u00ednea con nuestra estrategia global de sostenibilidad, asumimos la responsabilidad social dentro de nuestra empresa, en nuestras comunidades y a lo largo [&hellip;]<\/p>\n","protected":false},"author":1,"featured_media":0,"parent":0,"menu_order":0,"comment_status":"closed","ping_status":"closed","template":"","meta":{"_et_pb_use_builder":"on","_et_pb_old_content":"","_et_gb_content_width":"","inline_featured_image":false,"footnotes":""},"difl_page_category":[],"class_list":["post-722","page","type-page","status-publish","hentry"],"_links":{"self":[{"href":"https:\/\/esg.ampcometal.com\/es\/wp-json\/wp\/v2\/pages\/722","targetHints":{"allow":["GET"]}}],"collection":[{"href":"https:\/\/esg.ampcometal.com\/es\/wp-json\/wp\/v2\/pages"}],"about":[{"href":"https:\/\/esg.ampcometal.com\/es\/wp-json\/wp\/v2\/types\/page"}],"author":[{"embeddable":true,"href":"https:\/\/esg.ampcometal.com\/es\/wp-json\/wp\/v2\/users\/1"}],"replies":[{"embeddable":true,"href":"https:\/\/esg.ampcometal.com\/es\/wp-json\/wp\/v2\/comments?post=722"}],"version-history":[{"count":1,"href":"https:\/\/esg.ampcometal.com\/es\/wp-json\/wp\/v2\/pages\/722\/revisions"}],"predecessor-version":[{"id":730,"href":"https:\/\/esg.ampcometal.com\/es\/wp-json\/wp\/v2\/pages\/722\/revisions\/730"}],"wp:attachment":[{"href":"https:\/\/esg.ampcometal.com\/es\/wp-json\/wp\/v2\/media?parent=722"}],"wp:term":[{"taxonomy":"difl_page_category","embeddable":true,"href":"https:\/\/esg.ampcometal.com\/es\/wp-json\/wp\/v2\/difl_page_category?post=722"}],"curies":[{"name":"wp","href":"https:\/\/api.w.org\/{rel}","templated":true}]}}