{"id":786,"date":"2024-06-18T10:36:08","date_gmt":"2024-06-18T10:36:08","guid":{"rendered":"https:\/\/esg.ampcometal.com\/gobernanza\/"},"modified":"2025-06-18T09:07:33","modified_gmt":"2025-06-18T09:07:33","slug":"gobernanza","status":"publish","type":"page","link":"https:\/\/esg.ampcometal.com\/es\/gobernanza\/","title":{"rendered":"Gobernanza"},"content":{"rendered":"<p>[et_pb_section fb_built=\u00bb1&#8243; custom_padding_last_edited=\u00bbon|tablet\u00bb _builder_version=\u00bb4.25.1&#8243; _module_preset=\u00bbdefault\u00bb background_color=\u00bbrgba(34,34,34,0.33)\u00bb background_image=\u00bbhttps:\/\/esg.ampcometal.com\/wp-content\/uploads\/2024\/05\/AMPCO-2020-1424.jpg\u00bb background_blend=\u00bboverlay\u00bb custom_padding=\u00bb340px||86px||false|false\u00bb custom_padding_tablet=\u00bb200px||86px||false|false\u00bb custom_padding_phone=\u00bb150px||40px||false|false\u00bb global_colors_info=\u00bb{}\u00bb][et_pb_row _builder_version=\u00bb4.25.1&#8243; _module_preset=\u00bbdefault\u00bb custom_padding=\u00bb7px|||||\u00bb global_colors_info=\u00bb{}\u00bb][et_pb_column type=\u00bb4_4&#8243; _builder_version=\u00bb4.25.1&#8243; _module_preset=\u00bbdefault\u00bb global_colors_info=\u00bb{}\u00bb][et_pb_text _builder_version=\u00bb4.25.1&#8243; _module_preset=\u00bbdefault\u00bb text_font=\u00bb|&#8211;et_global_body_font_weight|||||||\u00bb text_text_color=\u00bb#FFFFFF\u00bb text_font_size=\u00bb28px\u00bb header_font=\u00bb|300|||||||\u00bb header_text_color=\u00bb#FFFFFF\u00bb header_font_size=\u00bb70px\u00bb header_line_height=\u00bb1.4em\u00bb text_orientation=\u00bbcenter\u00bb text_font_size_tablet=\u00bb24px\u00bb text_font_size_phone=\u00bb20px\u00bb text_font_size_last_edited=\u00bbon|tablet\u00bb text_line_height_tablet=\u00bb1.5em\u00bb text_line_height_phone=\u00bb1.5em\u00bb text_line_height_last_edited=\u00bbon|tablet\u00bb header_font_size_tablet=\u00bb54px\u00bb header_font_size_phone=\u00bb34px\u00bb header_font_size_last_edited=\u00bbon|tablet\u00bb text_text_shadow_style=\u00bbpreset1&#8243; header_text_shadow_style=\u00bbpreset1&#8243; global_colors_info=\u00bb{}\u00bb]<\/p>\n<h1>Gobernanza<\/h1>\n<p>[\/et_pb_text][\/et_pb_column][\/et_pb_row][\/et_pb_section][et_pb_section fb_built=\u00bb1&#8243; _builder_version=\u00bb4.25.1&#8243; _module_preset=\u00bbdefault\u00bb custom_padding=\u00bb80px||60px||false|false\u00bb global_colors_info=\u00bb{}\u00bb][et_pb_row _builder_version=\u00bb4.25.1&#8243; _module_preset=\u00bbdefault\u00bb custom_padding=\u00bb0px|||||\u00bb locked=\u00bboff\u00bb global_colors_info=\u00bb{}\u00bb][et_pb_column type=\u00bb4_4&#8243; _builder_version=\u00bb4.25.1&#8243; _module_preset=\u00bbdefault\u00bb global_colors_info=\u00bb{}\u00bb][et_pb_text _builder_version=\u00bb4.25.1&#8243; _module_preset=\u00bbdefault\u00bb text_font=\u00bb|&#8211;et_global_body_font_weight|||||||\u00bb text_text_color=\u00bb#222222&#8243; text_font_size=\u00bb18px\u00bb text_line_height=\u00bb1.6em\u00bb header_text_color=\u00bb#222222&#8243; header_2_text_align=\u00bbcenter\u00bb header_2_text_color=\u00bb#222222&#8243; header_2_font_size=\u00bb36px\u00bb header_2_line_height=\u00bb1.3em\u00bb text_orientation=\u00bbcenter\u00bb width=\u00bb100%\u00bb module_alignment=\u00bbcenter\u00bb custom_margin=\u00bb||||false|false\u00bb locked=\u00bboff\u00bb global_colors_info=\u00bb{}\u00bb]<\/p>\n<h2>Pr\u00e1cticas \u00e9ticas y cumplimiento<\/h2>\n<p>[\/et_pb_text][\/et_pb_column][\/et_pb_row][et_pb_row column_structure=\u00bb1_2,1_2&#8243; _builder_version=\u00bb4.25.1&#8243; _module_preset=\u00bbdefault\u00bb locked=\u00bboff\u00bb global_colors_info=\u00bb{}\u00bb][et_pb_column type=\u00bb1_2&#8243; _builder_version=\u00bb4.25.1&#8243; _module_preset=\u00bbdefault\u00bb global_colors_info=\u00bb{}\u00bb][et_pb_text _builder_version=\u00bb4.25.1&#8243; _module_preset=\u00bbdefault\u00bb global_colors_info=\u00bb{}\u00bb]Nuestra estrategia de gobernanza y \u00e9tica se centra en promover un impacto social positivo a trav\u00e9s de nuestras pr\u00e1cticas empresariales. Esto incluye defender los derechos laborales, minimizar la huella medioambiental, luchar contra la corrupci\u00f3n y salvaguardar la informaci\u00f3n y la privacidad de los datos de los clientes. Nuestro sistema de gesti\u00f3n del cumplimiento se adhiere a las normas ISO 9001 e incluye medidas anticorrupci\u00f3n, procesos de adquisici\u00f3n sostenibles y auditor\u00edas ESG peri\u00f3dicas para garantizar la transparencia y la responsabilidad.[\/et_pb_text][\/et_pb_column][et_pb_column type=\u00bb1_2&#8243; _builder_version=\u00bb4.25.1&#8243; _module_preset=\u00bbdefault\u00bb global_colors_info=\u00bb{}\u00bb][et_pb_text _builder_version=\u00bb4.25.1&#8243; _module_preset=\u00bbdefault\u00bb text_text_color=\u00bb#f89633&#8243; text_font_size=\u00bb50px\u00bb text_line_height=\u00bb1em\u00bb custom_padding=\u00bb|||20px|false|false\u00bb border_width_left=\u00bb7px\u00bb border_color_left=\u00bb#f89633&#8243; global_colors_info=\u00bb{}\u00bb]<\/p>\n<p><i>\u201cNuestras pr\u00e1cticas de gobernanza y \u00e9tica se centran en promover un impacto social positivo a trav\u00e9s de nuestras pr\u00e1cticas empresariales\u201d.<\/i><\/p>\n<p>[\/et_pb_text][\/et_pb_column][\/et_pb_row][et_pb_row _builder_version=\u00bb4.25.1&#8243; _module_preset=\u00bbdefault\u00bb custom_padding=\u00bb0px|||||\u00bb global_colors_info=\u00bb{}\u00bb][et_pb_column type=\u00bb4_4&#8243; _builder_version=\u00bb4.25.1&#8243; _module_preset=\u00bbdefault\u00bb global_colors_info=\u00bb{}\u00bb][et_pb_toggle title=\u00bbIniciativas de gobernanza\u00bb _builder_version=\u00bb4.25.1&#8243; _module_preset=\u00bbdefault\u00bb global_colors_info=\u00bb{}\u00bb]AMPCO METALEl objetivo de la Pol\u00edtica de Gobierno de la empresa es garantizar unas pr\u00e1cticas empresariales \u00e9ticas, el cumplimiento de la normativa y unas s\u00f3lidas estructuras de gobierno corporativo.<\/p>\n<table border=\"1\" style=\"border-collapse: collapse; width: 100%; height: 192px;\">\n<tbody>\n<tr class=\"difl_datatableitem_0\">\n<th data-label=\"Topic\" class=\"df_dt_table_body_column_cell\" style=\"width: 14.2857%;\"><span style=\"font-weight: 400;\">Tema<\/span><\/th>\n<th data-label=\"Measures Taken\" class=\"df_dt_table_body_column_cell\" style=\"width: 27.9039%;\"><span style=\"font-weight: 400;\">Medidas adoptadas<\/span><\/th>\n<th data-label=\"Initiatives\" class=\"df_dt_table_body_column_cell\" style=\"width: 60.9509%;\"><span style=\"font-weight: 400;\">Iniciativas<\/span><\/th>\n<th data-label=\"Status\" class=\"df_dt_table_body_column_cell\" style=\"width: 1.38122%;\"><span style=\"font-weight: 400;\">Estado<\/span><\/th>\n<\/tr>\n<tr class=\"difl_datatableitem_1\">\n<td data-label=\"Topic\" class=\"df_dt_table_body_column_cell\" style=\"width: 14.2857%;\">Pol\u00edticas de gobernanza<\/td>\n<td data-label=\"Measures Taken\" class=\"df_dt_table_body_column_cell\" style=\"width: 27.9039%;\">Revisar nuestras pol\u00edticas de gobernanza para incorporar los ASG al sistema de Gesti\u00f3n de la Calidad de la organizaci\u00f3n y a los procesos de Recursos Humanos.<\/td>\n<td data-label=\"Initiatives\" class=\"df_dt_table_body_column_cell\" style=\"width: 60.9509%;\">Formular NUEVAS pol\u00edticas generales ESG con KPI para proporcionar un marco claro al compromiso de AMPCO METALcon la sostenibilidad, las pr\u00e1cticas \u00e9ticas y la participaci\u00f3n de las partes interesadas.<\/td>\n<td data-label=\"Status\" class=\"df_dt_table_body_column_cell\" style=\"width: 1.38122%;\"><img loading=\"lazy\" decoding=\"async\" src=\"https:\/\/esg.ampcometal.com\/wp-content\/uploads\/2024\/06\/complete-check-150x150.png\" width=\"150\" height=\"150\" alt=\"\" class=\"wp-image-288 alignnone size-thumbnail\"><\/td>\n<\/tr>\n<tr class=\"difl_datatableitem_2\">\n<td data-label=\"Topic\" class=\"df_dt_table_body_column_cell\" style=\"width: 14.2857%;\">Comit\u00e9 de Empresa<\/td>\n<td data-label=\"Measures Taken\" class=\"df_dt_table_body_column_cell\" style=\"width: 27.9039%;\">Reestructurar nuestro enfoque de Gobernanza para integrar ESG en nuestros procesos empresariales y de gesti\u00f3n.<\/td>\n<td data-label=\"Initiatives\" class=\"df_dt_table_body_column_cell\" style=\"width: 60.9509%;\">Formaci\u00f3n del Comit\u00e9 de Empleados de AMPCO METAL ESG, responsable de aplicar y supervisar la Pol\u00edtica Medioambiental en sus respectivas \u00e1reas de la cadena de valor.<\/td>\n<td data-label=\"Status\" class=\"df_dt_table_body_column_cell\" style=\"width: 1.38122%;\"><img loading=\"lazy\" decoding=\"async\" src=\"https:\/\/esg.ampcometal.com\/wp-content\/uploads\/2024\/06\/complete-check-150x150.png\" width=\"150\" height=\"150\" alt=\"\" class=\"wp-image-288 alignnone size-thumbnail\"><\/td>\n<\/tr>\n<tr class=\"difl_datatableitem_3\">\n<td data-label=\"Topic\" class=\"df_dt_table_body_column_cell\" style=\"width: 14.2857%;\">Auditor\u00eda ISO26000<\/td>\n<td data-label=\"Measures Taken\" class=\"df_dt_table_body_column_cell\" style=\"width: 27.9039%;\">Elaborar un informe exhaustivo sobre nuestra actuaci\u00f3n en materia de Gobernanza y recomendaciones en forma de hoja de ruta ESG 2024-2030.<\/td>\n<td data-label=\"Initiatives\" class=\"df_dt_table_body_column_cell\" style=\"width: 60.9509%;\">\n<p>Implementar procedimientos para mejorar nuestra estructura y procesos de Gobernanza a nivel local y de Grupo.<\/p>\n<p>Reforzar nuestras capacidades de SGC y soluciones tecnol\u00f3gicas.<\/p>\n<p>Comunicar eficazmente las misiones y pol\u00edticas ESG de los grupos.<\/p>\n<\/td>\n<td data-label=\"Status\" class=\"df_dt_table_body_column_cell\" style=\"width: 1.38122%;\"><img loading=\"lazy\" decoding=\"async\" src=\"https:\/\/esg.ampcometal.com\/wp-content\/uploads\/2024\/06\/in-progress-clock-150x150.png\" width=\"150\" height=\"150\" alt=\"\" class=\"wp-image-287 alignnone size-thumbnail\"><\/td>\n<\/tr>\n<\/tbody>\n<\/table>\n<p>[\/et_pb_toggle][et_pb_toggle title=\u00bbDocumentos\u00bb _builder_version=\u00bb4.25.1&#8243; _module_preset=\u00bbdefault\u00bb locked=\u00bboff\u00bb global_colors_info=\u00bb{}\u00bb]<\/p>\n<p><a href=\"https:\/\/esg.ampcometal.com\/wp-content\/uploads\/2024\/06\/AMPCO-METAL-Global-ESG-Governance-Policy.pdf\"><img loading=\"lazy\" decoding=\"async\" class=\"wp-image-356 aligncenter size-full\" src=\"https:\/\/esg.ampcometal.com\/wp-content\/uploads\/2024\/06\/download-governance.png\" alt=\"\" width=\"689\" height=\"95\" srcset=\"https:\/\/esg.ampcometal.com\/wp-content\/uploads\/2024\/06\/download-governance.png 689w, https:\/\/esg.ampcometal.com\/wp-content\/uploads\/2024\/06\/download-governance-480x72.png 480w\" sizes=\"(min-width: 0px) and (max-width: 480px) 480px, (min-width: 481px) 689px, 100vw\" \/><\/a><\/p>\n<p>[\/et_pb_toggle][\/et_pb_column][\/et_pb_row][\/et_pb_section]<\/p>\n","protected":false},"excerpt":{"rendered":"<p>GobernanzaPr\u00e1cticas \u00e9ticas y cumplimientoNuestra estrategia de gobernanza y \u00e9tica se centra en promover un impacto social positivo a trav\u00e9s de nuestras pr\u00e1cticas empresariales. Esto incluye defender los derechos laborales, minimizar la huella medioambiental, luchar contra la corrupci\u00f3n y salvaguardar la informaci\u00f3n y la privacidad de los datos de los clientes. Nuestro sistema de gesti\u00f3n del [&hellip;]<\/p>\n","protected":false},"author":1,"featured_media":0,"parent":0,"menu_order":0,"comment_status":"closed","ping_status":"closed","template":"","meta":{"_et_pb_use_builder":"on","_et_pb_old_content":"","_et_gb_content_width":"","inline_featured_image":false,"footnotes":""},"difl_page_category":[],"class_list":["post-786","page","type-page","status-publish","hentry"],"_links":{"self":[{"href":"https:\/\/esg.ampcometal.com\/es\/wp-json\/wp\/v2\/pages\/786","targetHints":{"allow":["GET"]}}],"collection":[{"href":"https:\/\/esg.ampcometal.com\/es\/wp-json\/wp\/v2\/pages"}],"about":[{"href":"https:\/\/esg.ampcometal.com\/es\/wp-json\/wp\/v2\/types\/page"}],"author":[{"embeddable":true,"href":"https:\/\/esg.ampcometal.com\/es\/wp-json\/wp\/v2\/users\/1"}],"replies":[{"embeddable":true,"href":"https:\/\/esg.ampcometal.com\/es\/wp-json\/wp\/v2\/comments?post=786"}],"version-history":[{"count":1,"href":"https:\/\/esg.ampcometal.com\/es\/wp-json\/wp\/v2\/pages\/786\/revisions"}],"predecessor-version":[{"id":797,"href":"https:\/\/esg.ampcometal.com\/es\/wp-json\/wp\/v2\/pages\/786\/revisions\/797"}],"wp:attachment":[{"href":"https:\/\/esg.ampcometal.com\/es\/wp-json\/wp\/v2\/media?parent=786"}],"wp:term":[{"taxonomy":"difl_page_category","embeddable":true,"href":"https:\/\/esg.ampcometal.com\/es\/wp-json\/wp\/v2\/difl_page_category?post=786"}],"curies":[{"name":"wp","href":"https:\/\/api.w.org\/{rel}","templated":true}]}}