{"id":798,"date":"2024-06-18T10:59:20","date_gmt":"2024-06-18T10:59:20","guid":{"rendered":"https:\/\/esg.ampcometal.com\/objetivos-y-oportunidades-de-futuro\/"},"modified":"2025-06-18T09:07:33","modified_gmt":"2025-06-18T09:07:33","slug":"objetivos-y-oportunidades-de-futuro","status":"publish","type":"page","link":"https:\/\/esg.ampcometal.com\/es\/objetivos-y-oportunidades-de-futuro\/","title":{"rendered":"Objetivos y oportunidades de futuro"},"content":{"rendered":"<p>[et_pb_section fb_built=\u00bb1&#8243; custom_padding_last_edited=\u00bbon|tablet\u00bb _builder_version=\u00bb4.25.1&#8243; _module_preset=\u00bbdefault\u00bb background_color=\u00bbrgba(34,34,34,0.33)\u00bb background_image=\u00bbhttps:\/\/esg.ampcometal.com\/wp-content\/uploads\/2024\/06\/electric-charger-cars.jpg\u00bb background_blend=\u00bboverlay\u00bb custom_padding=\u00bb340px||86px||false|false\u00bb custom_padding_tablet=\u00bb200px||86px||false|false\u00bb custom_padding_phone=\u00bb150px||40px||false|false\u00bb hover_enabled=\u00bb0&#8243; global_colors_info=\u00bb{}\u00bb title_text=\u00bbClose up of electric car charging station\u00bb sticky_enabled=\u00bb0&#8243;][et_pb_row _builder_version=\u00bb4.25.1&#8243; _module_preset=\u00bbdefault\u00bb custom_padding=\u00bb7px|||||\u00bb hover_enabled=\u00bb0&#8243; global_colors_info=\u00bb{}\u00bb sticky_enabled=\u00bb0&#8243;][et_pb_column type=\u00bb4_4&#8243; _builder_version=\u00bb4.25.1&#8243; _module_preset=\u00bbdefault\u00bb global_colors_info=\u00bb{}\u00bb][et_pb_text _builder_version=\u00bb4.25.1&#8243; _module_preset=\u00bbdefault\u00bb text_font=\u00bb|&#8211;et_global_body_font_weight|||||||\u00bb text_text_color=\u00bb#FFFFFF\u00bb text_font_size=\u00bb28px\u00bb header_font=\u00bb|300|||||||\u00bb header_text_color=\u00bb#FFFFFF\u00bb header_font_size=\u00bb70px\u00bb header_line_height=\u00bb1.4em\u00bb text_orientation=\u00bbcenter\u00bb hover_enabled=\u00bb0&#8243; text_font_size_tablet=\u00bb24px\u00bb text_font_size_phone=\u00bb20px\u00bb text_font_size_last_edited=\u00bbon|tablet\u00bb text_line_height_tablet=\u00bb1.5em\u00bb text_line_height_phone=\u00bb1.5em\u00bb text_line_height_last_edited=\u00bbon|tablet\u00bb header_font_size_tablet=\u00bb54px\u00bb header_font_size_phone=\u00bb34px\u00bb header_font_size_last_edited=\u00bbon|tablet\u00bb text_text_shadow_style=\u00bbpreset1&#8243; header_text_shadow_style=\u00bbpreset1&#8243; global_colors_info=\u00bb{}\u00bb sticky_enabled=\u00bb0&#8243;]<\/p>\n<h1>Objetivos y oportunidades de futuro<\/h1>\n<p>[\/et_pb_text][\/et_pb_column][\/et_pb_row][\/et_pb_section][et_pb_section fb_built=\u00bb1&#8243; _builder_version=\u00bb4.25.1&#8243; _module_preset=\u00bbdefault\u00bb custom_padding=\u00bb80px||60px||false|false\u00bb global_colors_info=\u00bb{}\u00bb][et_pb_row _builder_version=\u00bb4.25.1&#8243; _module_preset=\u00bbdefault\u00bb custom_padding=\u00bb0px|||||\u00bb global_colors_info=\u00bb{}\u00bb][et_pb_column type=\u00bb4_4&#8243; _builder_version=\u00bb4.25.1&#8243; _module_preset=\u00bbdefault\u00bb global_colors_info=\u00bb{}\u00bb][et_pb_text _builder_version=\u00bb4.25.1&#8243; _module_preset=\u00bbdefault\u00bb hover_enabled=\u00bb0&#8243; global_colors_info=\u00bb{}\u00bb sticky_enabled=\u00bb0&#8243;]<\/p>\n<p>El Cobre y su Importancia para la Econom\u00eda Circular.<\/p>\n<p>El cobre forma parte integral de la econom\u00eda circular debido a su reciclabilidad y a la m\u00ednima p\u00e9rdida de propiedades durante el proceso de reciclaje. He aqu\u00ed las principales razones por las que el cobre es vital para la econom\u00eda circular: <\/p>\n<p>[\/et_pb_text][et_pb_toggle title=\u00bbAlta reciclabilidad\u00bb _builder_version=\u00bb4.25.1&#8243; _module_preset=\u00bbdefault\u00bb hover_enabled=\u00bb0&#8243; global_colors_info=\u00bb{}\u00bb sticky_enabled=\u00bb0&#8243;]El cobre puede reciclarse repetidamente sin que se degraden sus propiedades. Esto lo convierte en un material ideal para una econom\u00eda circular, en la que el objetivo es mantener los recursos en uso el mayor tiempo posible. Nuestro objetivo es superar nuestra tasa de reciclaje actual, aproximadamente del 40%, al 80% o m\u00e1s.[\/et_pb_toggle][et_pb_toggle title=\u00bbEficiencia de los recursos\u00bb _builder_version=\u00bb4.25.1&#8243; _module_preset=\u00bbdefault\u00bb hover_enabled=\u00bb0&#8243; global_colors_info=\u00bb{}\u00bb sticky_enabled=\u00bb0&#8243;]El reciclaje del cobre requiere mucha menos energ\u00eda que la producci\u00f3n primaria de cobre a partir del mineral. Esto supone un ahorro sustancial de energ\u00eda y una reducci\u00f3n de las emisiones de gases de efecto invernadero, contribuyendo a unos procesos industriales m\u00e1s sostenibles.[\/et_pb_toggle][et_pb_toggle title=\u00bbReducci\u00f3n de residuos\u00bb _builder_version=\u00bb4.25.1&#8243; _module_preset=\u00bbdefault\u00bb hover_enabled=\u00bb0&#8243; global_colors_info=\u00bb{}\u00bb sticky_enabled=\u00bb0&#8243;]Al reciclar el cobre, se minimizan los residuos, lo que reduce la necesidad de espacio en los vertederos y disminuye el impacto medioambiental asociado a la miner\u00eda y la extracci\u00f3n de materias primas.[\/et_pb_toggle][et_pb_toggle title=\u00bbValor econ\u00f3mico\u00bb _builder_version=\u00bb4.25.1&#8243; _module_preset=\u00bbdefault\u00bb hover_enabled=\u00bb0&#8243; global_colors_info=\u00bb{}\u00bb sticky_enabled=\u00bb0&#8243;]El cobre reciclado conserva un alto valor econ\u00f3mico, lo que proporciona incentivos financieros para su recuperaci\u00f3n y reutilizaci\u00f3n. Esto apoya la sostenibilidad econ\u00f3mica creando puestos de trabajo en la industria del reciclaje y reduciendo los costes asociados a la adquisici\u00f3n de materias primas.[\/et_pb_toggle][et_pb_toggle title=\u00bbApoyo a las tecnolog\u00edas verdes\u00bb _builder_version=\u00bb4.25.1&#8243; _module_preset=\u00bbdefault\u00bb hover_enabled=\u00bb0&#8243; global_colors_info=\u00bb{}\u00bb sticky_enabled=\u00bb0&#8243;]El cobre es esencial en el desarrollo de tecnolog\u00edas de energ\u00edas renovables, como turbinas e\u00f3licas, paneles solares y veh\u00edculos el\u00e9ctricos. Su reciclabilidad garantiza un suministro sostenible de este material cr\u00edtico, apoyando la transici\u00f3n a una econom\u00eda baja en carbono.[\/et_pb_toggle][et_pb_toggle title=\u00bbSeguridad del material\u00bb _builder_version=\u00bb4.25.1&#8243; _module_preset=\u00bbdefault\u00bb hover_enabled=\u00bb0&#8243; global_colors_info=\u00bb{}\u00bb sticky_enabled=\u00bb0&#8243;]El reciclaje del cobre reduce la dependencia de la miner\u00eda, aumentando as\u00ed la seguridad material y garantizando un suministro estable de este recurso esencial para las generaciones futuras.[\/et_pb_toggle][et_pb_text _builder_version=\u00bb4.25.1&#8243; _module_preset=\u00bbdefault\u00bb hover_enabled=\u00bb0&#8243; global_colors_info=\u00bb{}\u00bb sticky_enabled=\u00bb0&#8243;]En resumen, la alta reciclabilidad del cobre, su eficiencia energ\u00e9tica en el reciclaje y su papel crucial en las tecnolog\u00edas verdes lo convierten en una piedra angular de la econom\u00eda circular. Reciclando continuamente el cobre, podemos conseguir importantes beneficios medioambientales y econ\u00f3micos, contribuyendo al desarrollo sostenible y a la conservaci\u00f3n de los recursos. [\/et_pb_text][\/et_pb_column][\/et_pb_row][\/et_pb_section]<\/p>\n","protected":false},"excerpt":{"rendered":"<p>Objetivos y oportunidades de futuroEl Cobre y su Importancia para la Econom\u00eda Circular. El cobre forma parte integral de la econom\u00eda circular debido a su reciclabilidad y a la m\u00ednima p\u00e9rdida de propiedades durante el proceso de reciclaje. He aqu\u00ed las principales razones por las que el cobre es vital para la econom\u00eda circular: El [&hellip;]<\/p>\n","protected":false},"author":1,"featured_media":0,"parent":0,"menu_order":0,"comment_status":"closed","ping_status":"closed","template":"","meta":{"_et_pb_use_builder":"on","_et_pb_old_content":"","_et_gb_content_width":"","inline_featured_image":false,"footnotes":""},"difl_page_category":[],"class_list":["post-798","page","type-page","status-publish","hentry"],"_links":{"self":[{"href":"https:\/\/esg.ampcometal.com\/es\/wp-json\/wp\/v2\/pages\/798","targetHints":{"allow":["GET"]}}],"collection":[{"href":"https:\/\/esg.ampcometal.com\/es\/wp-json\/wp\/v2\/pages"}],"about":[{"href":"https:\/\/esg.ampcometal.com\/es\/wp-json\/wp\/v2\/types\/page"}],"author":[{"embeddable":true,"href":"https:\/\/esg.ampcometal.com\/es\/wp-json\/wp\/v2\/users\/1"}],"replies":[{"embeddable":true,"href":"https:\/\/esg.ampcometal.com\/es\/wp-json\/wp\/v2\/comments?post=798"}],"version-history":[{"count":1,"href":"https:\/\/esg.ampcometal.com\/es\/wp-json\/wp\/v2\/pages\/798\/revisions"}],"predecessor-version":[{"id":808,"href":"https:\/\/esg.ampcometal.com\/es\/wp-json\/wp\/v2\/pages\/798\/revisions\/808"}],"wp:attachment":[{"href":"https:\/\/esg.ampcometal.com\/es\/wp-json\/wp\/v2\/media?parent=798"}],"wp:term":[{"taxonomy":"difl_page_category","embeddable":true,"href":"https:\/\/esg.ampcometal.com\/es\/wp-json\/wp\/v2\/difl_page_category?post=798"}],"curies":[{"name":"wp","href":"https:\/\/api.w.org\/{rel}","templated":true}]}}