{"id":607,"date":"2024-06-18T10:59:20","date_gmt":"2024-06-18T10:59:20","guid":{"rendered":"https:\/\/esg.ampcometal.com\/objectifs-et-possibilites-pour-lavenir\/"},"modified":"2025-09-02T11:41:58","modified_gmt":"2025-09-02T11:41:58","slug":"objectifs-et-possibilites-pour-lavenir","status":"publish","type":"page","link":"https:\/\/esg.ampcometal.com\/fr\/objectifs-et-possibilites-pour-lavenir\/","title":{"rendered":"Objectifs et possibilit\u00e9s pour l&rsquo;avenir"},"content":{"rendered":"<p>[et_pb_section fb_built=\u00a0\u00bb1&Prime; custom_padding_last_edited=\u00a0\u00bbon|tablet\u00a0\u00bb _builder_version=\u00a0\u00bb4.25.1&Prime; _module_preset=\u00a0\u00bbdefault\u00a0\u00bb background_color=\u00a0\u00bbrgba(34,34,34,0.33)\u00a0\u00bb background_image=\u00a0\u00bbhttps:\/\/esg.ampcometal.com\/wp-content\/uploads\/2024\/06\/electric-charger-cars.jpg\u00a0\u00bb background_blend=\u00a0\u00bboverlay\u00a0\u00bb custom_padding=\u00a0\u00bb340px||86px||false|false\u00a0\u00bb custom_padding_tablet=\u00a0\u00bb200px||86px||false|false\u00a0\u00bb custom_padding_phone=\u00a0\u00bb150px||40px||false|false\u00a0\u00bb hover_enabled=\u00a0\u00bb0&Prime; global_colors_info=\u00a0\u00bb{}\u00a0\u00bb title_text=\u00a0\u00bbClose up of electric car charging station\u00a0\u00bb sticky_enabled=\u00a0\u00bb0&Prime;][et_pb_row _builder_version=\u00a0\u00bb4.25.1&Prime; _module_preset=\u00a0\u00bbdefault\u00a0\u00bb custom_padding=\u00a0\u00bb7px|||||\u00a0\u00bb hover_enabled=\u00a0\u00bb0&Prime; global_colors_info=\u00a0\u00bb{}\u00a0\u00bb sticky_enabled=\u00a0\u00bb0&Prime;][et_pb_column type=\u00a0\u00bb4_4&Prime; _builder_version=\u00a0\u00bb4.25.1&Prime; _module_preset=\u00a0\u00bbdefault\u00a0\u00bb global_colors_info=\u00a0\u00bb{}\u00a0\u00bb][et_pb_text _builder_version=\u00a0\u00bb4.25.1&Prime; _module_preset=\u00a0\u00bbdefault\u00a0\u00bb text_font=\u00a0\u00bb|&#8211;et_global_body_font_weight|||||||\u00a0\u00bb text_text_color=\u00a0\u00bb#FFFFFF\u00a0\u00bb text_font_size=\u00a0\u00bb28px\u00a0\u00bb header_font=\u00a0\u00bb|300|||||||\u00a0\u00bb header_text_color=\u00a0\u00bb#FFFFFF\u00a0\u00bb header_font_size=\u00a0\u00bb70px\u00a0\u00bb header_line_height=\u00a0\u00bb1.4em\u00a0\u00bb text_orientation=\u00a0\u00bbcenter\u00a0\u00bb hover_enabled=\u00a0\u00bb0&Prime; text_font_size_tablet=\u00a0\u00bb24px\u00a0\u00bb text_font_size_phone=\u00a0\u00bb20px\u00a0\u00bb text_font_size_last_edited=\u00a0\u00bbon|tablet\u00a0\u00bb text_line_height_tablet=\u00a0\u00bb1.5em\u00a0\u00bb text_line_height_phone=\u00a0\u00bb1.5em\u00a0\u00bb text_line_height_last_edited=\u00a0\u00bbon|tablet\u00a0\u00bb header_font_size_tablet=\u00a0\u00bb54px\u00a0\u00bb header_font_size_phone=\u00a0\u00bb34px\u00a0\u00bb header_font_size_last_edited=\u00a0\u00bbon|tablet\u00a0\u00bb text_text_shadow_style=\u00a0\u00bbpreset1&Prime; header_text_shadow_style=\u00a0\u00bbpreset1&Prime; global_colors_info=\u00a0\u00bb{}\u00a0\u00bb sticky_enabled=\u00a0\u00bb0&Prime;]<\/p>\n<h1>Objectifs et possibilit\u00e9s pour l&rsquo;avenir<\/h1>\n<p>[\/et_pb_text][\/et_pb_column][\/et_pb_row][\/et_pb_section][et_pb_section fb_built=\u00a0\u00bb1&Prime; _builder_version=\u00a0\u00bb4.25.1&Prime; _module_preset=\u00a0\u00bbdefault\u00a0\u00bb custom_padding=\u00a0\u00bb80px||60px||false|false\u00a0\u00bb global_colors_info=\u00a0\u00bb{}\u00a0\u00bb][et_pb_row _builder_version=\u00a0\u00bb4.25.1&Prime; _module_preset=\u00a0\u00bbdefault\u00a0\u00bb custom_padding=\u00a0\u00bb0px|||||\u00a0\u00bb global_colors_info=\u00a0\u00bb{}\u00a0\u00bb][et_pb_column type=\u00a0\u00bb4_4&Prime; _builder_version=\u00a0\u00bb4.25.1&Prime; _module_preset=\u00a0\u00bbdefault\u00a0\u00bb global_colors_info=\u00a0\u00bb{}\u00a0\u00bb][et_pb_text _builder_version=\u00a0\u00bb4.25.1&Prime; _module_preset=\u00a0\u00bbdefault\u00a0\u00bb hover_enabled=\u00a0\u00bb0&Prime; global_colors_info=\u00a0\u00bb{}\u00a0\u00bb sticky_enabled=\u00a0\u00bb0&Prime;]<\/p>\n<p>Le cuivre et son importance pour l&rsquo;\u00e9conomie circulaire.<\/p>\n<p>Le cuivre fait partie int\u00e9grante de l&rsquo;\u00e9conomie circulaire en raison de sa recyclabilit\u00e9 et de la perte minimale de ses propri\u00e9t\u00e9s au cours du processus de recyclage. Voici les principales raisons pour lesquelles le cuivre est essentiel \u00e0 l&rsquo;\u00e9conomie circulaire : <\/p>\n<p>[\/et_pb_text][et_pb_toggle title=\u00a0\u00bbHaute recyclabilit\u00e9\u00a0\u00bb _builder_version=\u00a0\u00bb4.25.1&Prime; _module_preset=\u00a0\u00bbdefault\u00a0\u00bb hover_enabled=\u00a0\u00bb0&Prime; global_colors_info=\u00a0\u00bb{}\u00a0\u00bb sticky_enabled=\u00a0\u00bb0&Prime;]Le cuivre peut \u00eatre recycl\u00e9 \u00e0 plusieurs reprises sans que ses propri\u00e9t\u00e9s ne se d\u00e9gradent. Il s&rsquo;agit donc d&rsquo;un mat\u00e9riau id\u00e9al pour l&rsquo;\u00e9conomie circulaire, dont l&rsquo;objectif est de conserver les ressources le plus longtemps possible. Notre objectif est de d\u00e9passer notre taux de recyclage actuel, qui est d&rsquo;environ 1,5 million d&rsquo;euros. 40 % \u00e0 80 % et plus.[\/et_pb_toggle][et_pb_toggle title=\u00a0\u00bbEfficacit\u00e9 des ressources\u00a0\u00bb _builder_version=\u00a0\u00bb4.25.1&Prime; _module_preset=\u00a0\u00bbdefault\u00a0\u00bb hover_enabled=\u00a0\u00bb0&Prime; global_colors_info=\u00a0\u00bb{}\u00a0\u00bb sticky_enabled=\u00a0\u00bb0&Prime;]Le recyclage du cuivre n\u00e9cessite beaucoup moins d&rsquo;\u00e9nergie que la production de cuivre primaire \u00e0 partir du minerai. Cela permet de r\u00e9aliser des \u00e9conomies d&rsquo;\u00e9nergie substantielles et de r\u00e9duire les \u00e9missions de gaz \u00e0 effet de serre, contribuant ainsi \u00e0 des processus industriels plus durables.[\/et_pb_toggle][et_pb_toggle title=\u00a0\u00bbR\u00e9duction des d\u00e9chets\u00a0\u00bb _builder_version=\u00a0\u00bb4.25.1&Prime; _module_preset=\u00a0\u00bbdefault\u00a0\u00bb hover_enabled=\u00a0\u00bb0&Prime; global_colors_info=\u00a0\u00bb{}\u00a0\u00bb sticky_enabled=\u00a0\u00bb0&Prime;]Le recyclage du cuivre permet de minimiser les d\u00e9chets, de r\u00e9duire les besoins en espace d&rsquo;enfouissement et de diminuer l&rsquo;impact environnemental li\u00e9 \u00e0 l&rsquo;exploitation mini\u00e8re et \u00e0 l&rsquo;extraction des mati\u00e8res premi\u00e8res.[\/et_pb_toggle][et_pb_toggle title=\u00a0\u00bbValeur \u00e9conomique\u00a0\u00bb _builder_version=\u00a0\u00bb4.25.1&Prime; _module_preset=\u00a0\u00bbdefault\u00a0\u00bb hover_enabled=\u00a0\u00bb0&Prime; global_colors_info=\u00a0\u00bb{}\u00a0\u00bb sticky_enabled=\u00a0\u00bb0&Prime;]Le cuivre recycl\u00e9 conserve une valeur \u00e9conomique \u00e9lev\u00e9e, ce qui incite financi\u00e8rement \u00e0 sa r\u00e9cup\u00e9ration et \u00e0 sa r\u00e9utilisation. Cela favorise la durabilit\u00e9 \u00e9conomique en cr\u00e9ant des emplois dans l&rsquo;industrie du recyclage et en r\u00e9duisant les co\u00fbts li\u00e9s \u00e0 l&rsquo;approvisionnement en mati\u00e8res premi\u00e8res.[\/et_pb_toggle][et_pb_toggle title=\u00a0\u00bbSoutien aux technologies vertes\u00a0\u00bb _builder_version=\u00a0\u00bb4.25.1&Prime; _module_preset=\u00a0\u00bbdefault\u00a0\u00bb hover_enabled=\u00a0\u00bb0&Prime; global_colors_info=\u00a0\u00bb{}\u00a0\u00bb sticky_enabled=\u00a0\u00bb0&Prime;]Le cuivre est essentiel au d\u00e9veloppement des technologies d&rsquo;\u00e9nergie renouvelable telles que les \u00e9oliennes, les panneaux solaires et les v\u00e9hicules \u00e9lectriques. Sa recyclabilit\u00e9 garantit un approvisionnement durable de ce mat\u00e9riau essentiel, favorisant ainsi la transition vers une \u00e9conomie \u00e0 faible \u00e9mission de carbone.[\/et_pb_toggle][et_pb_toggle title=\u00a0\u00bbS\u00e9curit\u00e9 mat\u00e9rielle\u00a0\u00bb _builder_version=\u00a0\u00bb4.25.1&Prime; _module_preset=\u00a0\u00bbdefault\u00a0\u00bb hover_enabled=\u00a0\u00bb0&Prime; global_colors_info=\u00a0\u00bb{}\u00a0\u00bb sticky_enabled=\u00a0\u00bb0&Prime;]Le recyclage du cuivre r\u00e9duit la d\u00e9pendance \u00e0 l&rsquo;\u00e9gard de l&rsquo;exploitation mini\u00e8re, ce qui renforce la s\u00e9curit\u00e9 mat\u00e9rielle et garantit un approvisionnement stable de cette ressource essentielle pour les g\u00e9n\u00e9rations futures.[\/et_pb_toggle][et_pb_text _builder_version=\u00a0\u00bb4.25.1&Prime; _module_preset=\u00a0\u00bbdefault\u00a0\u00bb hover_enabled=\u00a0\u00bb0&Prime; global_colors_info=\u00a0\u00bb{}\u00a0\u00bb sticky_enabled=\u00a0\u00bb0&Prime;]En r\u00e9sum\u00e9, la grande recyclabilit\u00e9 du cuivre, l&rsquo;efficacit\u00e9 \u00e9nerg\u00e9tique de son recyclage et son r\u00f4le crucial dans les technologies vertes en font une pierre angulaire de l&rsquo;\u00e9conomie circulaire. En recyclant continuellement le cuivre, nous pouvons obtenir des avantages environnementaux et \u00e9conomiques significatifs, contribuant ainsi au d\u00e9veloppement durable et \u00e0 la conservation des ressources. [\/et_pb_text][\/et_pb_column][\/et_pb_row][\/et_pb_section]<\/p>\n","protected":false},"excerpt":{"rendered":"<p>Objectifs et possibilit\u00e9s pour l&rsquo;avenirLe cuivre et son importance pour l&rsquo;\u00e9conomie circulaire. Le cuivre fait partie int\u00e9grante de l&rsquo;\u00e9conomie circulaire en raison de sa recyclabilit\u00e9 et de la perte minimale de ses propri\u00e9t\u00e9s au cours du processus de recyclage. Voici les principales raisons pour lesquelles le cuivre est essentiel \u00e0 l&rsquo;\u00e9conomie circulaire : Le cuivre [&hellip;]<\/p>\n","protected":false},"author":1,"featured_media":0,"parent":0,"menu_order":0,"comment_status":"closed","ping_status":"closed","template":"","meta":{"_et_pb_use_builder":"on","_et_pb_old_content":"","_et_gb_content_width":"","inline_featured_image":false,"footnotes":""},"difl_page_category":[],"class_list":["post-607","page","type-page","status-publish","hentry"],"_links":{"self":[{"href":"https:\/\/esg.ampcometal.com\/fr\/wp-json\/wp\/v2\/pages\/607","targetHints":{"allow":["GET"]}}],"collection":[{"href":"https:\/\/esg.ampcometal.com\/fr\/wp-json\/wp\/v2\/pages"}],"about":[{"href":"https:\/\/esg.ampcometal.com\/fr\/wp-json\/wp\/v2\/types\/page"}],"author":[{"embeddable":true,"href":"https:\/\/esg.ampcometal.com\/fr\/wp-json\/wp\/v2\/users\/1"}],"replies":[{"embeddable":true,"href":"https:\/\/esg.ampcometal.com\/fr\/wp-json\/wp\/v2\/comments?post=607"}],"version-history":[{"count":5,"href":"https:\/\/esg.ampcometal.com\/fr\/wp-json\/wp\/v2\/pages\/607\/revisions"}],"predecessor-version":[{"id":949,"href":"https:\/\/esg.ampcometal.com\/fr\/wp-json\/wp\/v2\/pages\/607\/revisions\/949"}],"wp:attachment":[{"href":"https:\/\/esg.ampcometal.com\/fr\/wp-json\/wp\/v2\/media?parent=607"}],"wp:term":[{"taxonomy":"difl_page_category","embeddable":true,"href":"https:\/\/esg.ampcometal.com\/fr\/wp-json\/wp\/v2\/difl_page_category?post=607"}],"curies":[{"name":"wp","href":"https:\/\/api.w.org\/{rel}","templated":true}]}}