{"id":676,"date":"2024-06-12T13:09:58","date_gmt":"2024-06-12T13:09:58","guid":{"rendered":"https:\/\/esg.ampcometal.com\/gestion-du-developpement-durable\/"},"modified":"2025-09-02T12:09:13","modified_gmt":"2025-09-02T12:09:13","slug":"gestion-du-developpement-durable","status":"publish","type":"page","link":"https:\/\/esg.ampcometal.com\/fr\/gestion-du-developpement-durable\/","title":{"rendered":"Gestion du d\u00e9veloppement durable"},"content":{"rendered":"<p>[et_pb_section fb_built=\u00a0\u00bb1&Prime; custom_padding_last_edited=\u00a0\u00bbon|tablet\u00a0\u00bb _builder_version=\u00a0\u00bb4.25.1&Prime; _module_preset=\u00a0\u00bbdefault\u00a0\u00bb background_color=\u00a0\u00bbrgba(34,34,34,0.33)\u00a0\u00bb background_image=\u00a0\u00bbhttps:\/\/esg.ampcometal.com\/wp-content\/uploads\/2024\/06\/sustainability-management.jpg\u00a0\u00bb parallax=\u00a0\u00bbon\u00a0\u00bb background_blend=\u00a0\u00bboverlay\u00a0\u00bb custom_padding=\u00a0\u00bb340px||86px||false|false\u00a0\u00bb custom_padding_tablet=\u00a0\u00bb200px||86px||false|false\u00a0\u00bb custom_padding_phone=\u00a0\u00bb150px||40px||false|false\u00a0\u00bb global_colors_info=\u00a0\u00bb{}\u00a0\u00bb][et_pb_row _builder_version=\u00a0\u00bb4.25.1&Prime; _module_preset=\u00a0\u00bbdefault\u00a0\u00bb custom_padding=\u00a0\u00bb7px|||||\u00a0\u00bb global_colors_info=\u00a0\u00bb{}\u00a0\u00bb][et_pb_column type=\u00a0\u00bb4_4&Prime; _builder_version=\u00a0\u00bb4.25.1&Prime; _module_preset=\u00a0\u00bbdefault\u00a0\u00bb global_colors_info=\u00a0\u00bb{}\u00a0\u00bb][et_pb_text _builder_version=\u00a0\u00bb4.25.1&Prime; _module_preset=\u00a0\u00bbdefault\u00a0\u00bb text_font=\u00a0\u00bb|&#8211;et_global_body_font_weight|||||||\u00a0\u00bb text_text_color=\u00a0\u00bb#FFFFFF\u00a0\u00bb text_font_size=\u00a0\u00bb28px\u00a0\u00bb header_font=\u00a0\u00bb|300|||||||\u00a0\u00bb header_text_color=\u00a0\u00bb#FFFFFF\u00a0\u00bb header_font_size=\u00a0\u00bb70px\u00a0\u00bb header_line_height=\u00a0\u00bb1.4em\u00a0\u00bb text_orientation=\u00a0\u00bbcenter\u00a0\u00bb custom_padding=\u00a0\u00bb||0px|||\u00a0\u00bb text_font_size_tablet=\u00a0\u00bb24px\u00a0\u00bb text_font_size_phone=\u00a0\u00bb20px\u00a0\u00bb text_font_size_last_edited=\u00a0\u00bbon|tablet\u00a0\u00bb text_line_height_tablet=\u00a0\u00bb1.5em\u00a0\u00bb text_line_height_phone=\u00a0\u00bb1.5em\u00a0\u00bb text_line_height_last_edited=\u00a0\u00bbon|tablet\u00a0\u00bb header_font_size_tablet=\u00a0\u00bb54px\u00a0\u00bb header_font_size_phone=\u00a0\u00bb34px\u00a0\u00bb header_font_size_last_edited=\u00a0\u00bbon|tablet\u00a0\u00bb text_text_shadow_style=\u00a0\u00bbpreset1&Prime; header_text_shadow_style=\u00a0\u00bbpreset1&Prime; global_colors_info=\u00a0\u00bb{}\u00a0\u00bb]<\/p>\n<h1>Gestion du d\u00e9veloppement durable<\/h1>\n<p>[\/et_pb_text][\/et_pb_column][\/et_pb_row][\/et_pb_section][et_pb_section fb_built=\u00a0\u00bb1&Prime; _builder_version=\u00a0\u00bb4.25.1&Prime; _module_preset=\u00a0\u00bbdefault\u00a0\u00bb custom_padding=\u00a0\u00bb80px||60px||false|false\u00a0\u00bb global_colors_info=\u00a0\u00bb{}\u00a0\u00bb][et_pb_row _builder_version=\u00a0\u00bb4.25.1&Prime; _module_preset=\u00a0\u00bbdefault\u00a0\u00bb custom_padding=\u00a0\u00bb0px|||||\u00a0\u00bb global_colors_info=\u00a0\u00bb{}\u00a0\u00bb][et_pb_column type=\u00a0\u00bb4_4&Prime; _builder_version=\u00a0\u00bb4.25.1&Prime; _module_preset=\u00a0\u00bbdefault\u00a0\u00bb global_colors_info=\u00a0\u00bb{}\u00a0\u00bb][et_pb_text _builder_version=\u00a0\u00bb4.25.1&Prime; _module_preset=\u00a0\u00bbdefault\u00a0\u00bb text_font=\u00a0\u00bb|&#8211;et_global_body_font_weight|||||||\u00a0\u00bb text_text_color=\u00a0\u00bb#222222&Prime; text_font_size=\u00a0\u00bb18px\u00a0\u00bb text_line_height=\u00a0\u00bb1.6em\u00a0\u00bb header_text_color=\u00a0\u00bb#222222&Prime; header_2_text_align=\u00a0\u00bbcenter\u00a0\u00bb header_2_text_color=\u00a0\u00bb#222222&Prime; header_2_font_size=\u00a0\u00bb36px\u00a0\u00bb header_2_line_height=\u00a0\u00bb1.3em\u00a0\u00bb text_orientation=\u00a0\u00bbcenter\u00a0\u00bb width=\u00a0\u00bb100%\u00a0\u00bb module_alignment=\u00a0\u00bbcenter\u00a0\u00bb custom_margin=\u00a0\u00bb||||false|false\u00a0\u00bb hover_enabled=\u00a0\u00bb0&Prime; locked=\u00a0\u00bboff\u00a0\u00bb global_colors_info=\u00a0\u00bb{}\u00a0\u00bb sticky_enabled=\u00a0\u00bb0&Prime;]<\/p>\n<h2><span>Notre vision et notre strat\u00e9gie<\/span><\/h2>\n<p>[\/et_pb_text][\/et_pb_column][\/et_pb_row][et_pb_row column_structure=\u00a0\u00bb1_2,1_2&Prime; _builder_version=\u00a0\u00bb4.25.1&Prime; _module_preset=\u00a0\u00bbdefault\u00a0\u00bb global_colors_info=\u00a0\u00bb{}\u00a0\u00bb][et_pb_column type=\u00a0\u00bb1_2&Prime; _builder_version=\u00a0\u00bb4.25.1&Prime; _module_preset=\u00a0\u00bbdefault\u00a0\u00bb global_colors_info=\u00a0\u00bb{}\u00a0\u00bb][et_pb_text _builder_version=\u00a0\u00bb4.25.1&Prime; _module_preset=\u00a0\u00bbdefault\u00a0\u00bb global_colors_info=\u00a0\u00bb{}\u00a0\u00bb]<\/p>\n<p>Chez AMPCO METAL, nous sommes d\u00e9termin\u00e9s \u00e0 int\u00e9grer le d\u00e9veloppement durable dans tous les aspects de notre activit\u00e9. Notre vision est d&rsquo;\u00eatre un leader dans l&rsquo;industrie m\u00e9tallurgique du cuivre et de l&rsquo;aluminium en mati\u00e8re d&rsquo;excellence ESG. <\/p>\n<p>Nous avons d\u00e9fini une approche en deux phases :<\/p>\n<p><strong>Phase 1 :<\/strong> Assurer la conformit\u00e9 avec toutes les exigences l\u00e9gales dans chaque pays o\u00f9 les r\u00e9glementations changent ou sont \u00e0 venir.<\/p>\n<p><strong>Phase 2 :<\/strong> \u00e9laborer une strat\u00e9gie ESG \u00e0 long terme ax\u00e9e sur la cr\u00e9ation de valeur pour les clients, la conformit\u00e9 r\u00e9glementaire et la contribution aux efforts climatiques mondiaux.<\/p>\n<p>Avant de d\u00e9finir la strat\u00e9gie de la phase 2, nous devons proc\u00e9der \u00e0 une analyse approfondie du march\u00e9 pour comprendre quels aspects ESG, au-del\u00e0 de la conformit\u00e9 l\u00e9gale, les clients jugent utiles \u00e0 leurs activit\u00e9s.<\/p>\n<p>En comprenant bien les priorit\u00e9s des clients, telles que la r\u00e9duction de la port\u00e9e 3 et l&rsquo;\u00e9conomie circulaire, nous pouvons concevoir nos produits, nos services et nos processus de production en fonction de leurs besoins et de leurs attentes.<span style=\"font-size: 14px;\"><\/span><\/p>\n<p>[\/et_pb_text][\/et_pb_column][et_pb_column type=\u00a0\u00bb1_2&Prime; _builder_version=\u00a0\u00bb4.25.1&Prime; _module_preset=\u00a0\u00bbdefault\u00a0\u00bb global_colors_info=\u00a0\u00bb{}\u00a0\u00bb][et_pb_text _builder_version=\u00a0\u00bb4.25.1&Prime; _module_preset=\u00a0\u00bbdefault\u00a0\u00bb text_font_size=\u00a0\u00bb55px\u00a0\u00bb text_line_height=\u00a0\u00bb1em\u00a0\u00bb custom_padding=\u00a0\u00bb|||20px|false|false\u00a0\u00bb border_width_left=\u00a0\u00bb7px\u00a0\u00bb border_color_left=\u00a0\u00bb#f89633&Prime; global_colors_info=\u00a0\u00bb{}\u00a0\u00bb]<\/p>\n<p><i>\u00ab\u00a0Chez AMPCO METAL, nous comprenons que l&rsquo;objectif n&rsquo;est pas d&rsquo;\u00eatre parfait d\u00e8s le d\u00e9part.\u00a0\u00bb<\/i><\/p>\n<p>[\/et_pb_text][\/et_pb_column][\/et_pb_row][et_pb_row _builder_version=\u00a0\u00bb4.25.1&Prime; _module_preset=\u00a0\u00bbdefault\u00a0\u00bb global_colors_info=\u00a0\u00bb{}\u00a0\u00bb][et_pb_column type=\u00a0\u00bb4_4&Prime; _builder_version=\u00a0\u00bb4.25.1&Prime; _module_preset=\u00a0\u00bbdefault\u00a0\u00bb global_colors_info=\u00a0\u00bb{}\u00a0\u00bb][et_pb_toggle title=\u00a0\u00bbR\u00e9alisations\u00a0\u00bb _builder_version=\u00a0\u00bb4.25.1&Prime; _module_preset=\u00a0\u00bbdefault\u00a0\u00bb global_colors_info=\u00a0\u00bb{}\u00a0\u00bb]<\/p>\n<p>En 2023, nous avons entam\u00e9 notre parcours ESG par une phase de d\u00e9couverte, en r\u00e9alisant une analyse des lacunes pour comprendre le paysage r\u00e9glementaire et identifier les sujets mat\u00e9riels pertinents pour notre activit\u00e9. Nous avons entrepris une analyse compl\u00e8te du cycle de vie (ACV) pour mesurer nos \u00e9missions de carbone, ainsi qu&rsquo;une \u00e9valuation d\u00e9taill\u00e9e des risques r\u00e9glementaires et une analyse des co\u00fbts pour \u00e9valuer l&rsquo;impact sur notre cha\u00eene de valeur \u00e0 l&rsquo;\u00e9chelle mondiale. Pour mesurer nos performances en mati\u00e8re de RSE, nous avons adopt\u00e9 les normes ISO 26000 et proc\u00e9d\u00e9 \u00e0 une \u00e9valuation sur place de nos activit\u00e9s. Ces efforts fondamentaux ont \u00e9t\u00e9 essentiels \u00e0 l&rsquo;\u00e9laboration de notre strat\u00e9gie et de nos initiatives ESG.   <\/p>\n<p><a href=\"https:\/\/esg.ampcometal.com\/wp-content\/uploads\/2024\/06\/achievements-new.png\"><img loading=\"lazy\" decoding=\"async\" class=\"wp-image-326 aligncenter size-full\" src=\"https:\/\/esg.ampcometal.com\/wp-content\/uploads\/2024\/06\/achievements-new.png\" alt=\"\" width=\"1853\" height=\"744\" style=\"display: block; margin-left: auto; margin-right: auto;\" srcset=\"https:\/\/esg.ampcometal.com\/wp-content\/uploads\/2024\/06\/achievements-new.png 1853w, https:\/\/esg.ampcometal.com\/wp-content\/uploads\/2024\/06\/achievements-new-1280x514.png 1280w, https:\/\/esg.ampcometal.com\/wp-content\/uploads\/2024\/06\/achievements-new-980x393.png 980w, https:\/\/esg.ampcometal.com\/wp-content\/uploads\/2024\/06\/achievements-new-480x193.png 480w\" sizes=\"(min-width: 0px) and (max-width: 480px) 480px, (min-width: 481px) and (max-width: 980px) 980px, (min-width: 981px) and (max-width: 1280px) 1280px, (min-width: 1281px) 1853px, 100vw\" \/><\/a><\/p>\n<p>[\/et_pb_toggle][et_pb_toggle title=\u00a0\u00bbObjectifs \u00e0 court terme\u00a0\u00bb _builder_version=\u00a0\u00bb4.25.1&Prime; _module_preset=\u00a0\u00bbdefault\u00a0\u00bb global_colors_info=\u00a0\u00bb{}\u00a0\u00bb]<\/p>\n<p>Nos objectifs strat\u00e9giques sont con\u00e7us pour faire progresser notre programme de d\u00e9veloppement durable de mani\u00e8re it\u00e9rative en int\u00e9grant les consid\u00e9rations ESG dans nos activit\u00e9s quotidiennes. Nous nous effor\u00e7ons d&rsquo;\u00e9quilibrer les actions imm\u00e9diates avec nos objectifs \u00e0 long terme, en veillant \u00e0 ce que notre engagement en faveur de la gestion de l&rsquo;environnement, de la responsabilit\u00e9 sociale et d&rsquo;une gouvernance solide se refl\u00e8te dans tous les aspects de notre activit\u00e9. <\/p>\n<p><img loading=\"lazy\" decoding=\"async\" src=\"https:\/\/esg.ampcometal.com\/wp-content\/uploads\/2024\/06\/Short-term-objectives.png\" width=\"1882\" height=\"1171\" alt=\"\" class=\"wp-image-298 alignnone size-full\" style=\"display: block; margin-left: auto; margin-right: auto;\" srcset=\"https:\/\/esg.ampcometal.com\/wp-content\/uploads\/2024\/06\/Short-term-objectives.png 1882w, https:\/\/esg.ampcometal.com\/wp-content\/uploads\/2024\/06\/Short-term-objectives-1280x796.png 1280w, https:\/\/esg.ampcometal.com\/wp-content\/uploads\/2024\/06\/Short-term-objectives-980x610.png 980w, https:\/\/esg.ampcometal.com\/wp-content\/uploads\/2024\/06\/Short-term-objectives-480x299.png 480w\" sizes=\"(min-width: 0px) and (max-width: 480px) 480px, (min-width: 481px) and (max-width: 980px) 980px, (min-width: 981px) and (max-width: 1280px) 1280px, (min-width: 1281px) 1882px, 100vw\" \/><\/p>\n<p>[\/et_pb_toggle][et_pb_toggle title=\u00a0\u00bbFeuille de route \u00e0 long terme\u00a0\u00bb _builder_version=\u00a0\u00bb4.25.1&Prime; _module_preset=\u00a0\u00bbdefault\u00a0\u00bb global_colors_info=\u00a0\u00bb{}\u00a0\u00bb]<\/p>\n<p>AMPCO METAL s&rsquo;engage \u00e0 atteindre des objectifs ESG ambitieux \u00e0 long terme, ax\u00e9s sur la valeur pour le client et les objectifs \u00ab Net Zero \u00bb. D&rsquo;ici 2030, nous souhaitons nous aligner sur les objectifs de l&rsquo;Accord de Paris, en r\u00e9alisant une r\u00e9duction de 45 % des \u00e9missions dans le cadre de notre objectif d&rsquo;atteindre des \u00e9missions nettes z\u00e9ro d&rsquo;ici 2050. Cette d\u00e9marche refl\u00e8te notre engagement en faveur de la durabilit\u00e9 et de la responsabilit\u00e9 environnementale, en int\u00e9grant profond\u00e9ment ces principes dans notre strat\u00e9gie d&rsquo;entreprise.  <\/p>\n<p><img loading=\"lazy\" decoding=\"async\" src=\"https:\/\/esg.ampcometal.com\/wp-content\/uploads\/2024\/06\/long-term-roadmap.png\" width=\"1420\" height=\"612\" alt=\"\" class=\"wp-image-240 alignnone size-full\" style=\"display: block; margin-left: auto; margin-right: auto;\" srcset=\"https:\/\/esg.ampcometal.com\/wp-content\/uploads\/2024\/06\/long-term-roadmap.png 1420w, https:\/\/esg.ampcometal.com\/wp-content\/uploads\/2024\/06\/long-term-roadmap-1280x552.png 1280w, https:\/\/esg.ampcometal.com\/wp-content\/uploads\/2024\/06\/long-term-roadmap-980x422.png 980w, https:\/\/esg.ampcometal.com\/wp-content\/uploads\/2024\/06\/long-term-roadmap-480x207.png 480w\" sizes=\"(min-width: 0px) and (max-width: 480px) 480px, (min-width: 481px) and (max-width: 980px) 980px, (min-width: 981px) and (max-width: 1280px) 1280px, (min-width: 1281px) 1420px, 100vw\" \/><\/p>\n<p>[\/et_pb_toggle][et_pb_toggle title=\u00a0\u00bbGestion du d\u00e9veloppement durable\u00a0\u00bb _builder_version=\u00a0\u00bb4.25.1&Prime; _module_preset=\u00a0\u00bbdefault\u00a0\u00bb global_colors_info=\u00a0\u00bb{}\u00a0\u00bb]<\/p>\n<p>AMPCO METAL a mis au point un cadre de gestion du d\u00e9veloppement durable qui int\u00e8gre les consid\u00e9rations environnementales, sociales et de gouvernance (ESG) dans sa strat\u00e9gie commerciale et ses activit\u00e9s. Ce cadre s&rsquo;articule autour de cinq \u00e9tapes cl\u00e9s : <\/p>\n<p><img loading=\"lazy\" decoding=\"async\" src=\"https:\/\/esg.ampcometal.com\/wp-content\/uploads\/2024\/06\/new-diagram-sustainability-management.png\" width=\"1024\" height=\"768\" alt=\"\" class=\"wp-image-299 alignnone size-full\" style=\"display: block; margin-left: auto; margin-right: auto;\" srcset=\"https:\/\/esg.ampcometal.com\/wp-content\/uploads\/2024\/06\/new-diagram-sustainability-management.png 1024w, https:\/\/esg.ampcometal.com\/wp-content\/uploads\/2024\/06\/new-diagram-sustainability-management-980x735.png 980w, https:\/\/esg.ampcometal.com\/wp-content\/uploads\/2024\/06\/new-diagram-sustainability-management-480x360.png 480w\" sizes=\"(min-width: 0px) and (max-width: 480px) 480px, (min-width: 481px) and (max-width: 980px) 980px, (min-width: 981px) 1024px, 100vw\" \/><\/p>\n<p>[\/et_pb_toggle][\/et_pb_column][\/et_pb_row][\/et_pb_section]<\/p>\n","protected":false},"excerpt":{"rendered":"<p>Gestion du d\u00e9veloppement durableNotre vision et notre strat\u00e9gieChez AMPCO METAL, nous sommes d\u00e9termin\u00e9s \u00e0 int\u00e9grer le d\u00e9veloppement durable dans tous les aspects de notre activit\u00e9. Notre vision est d&rsquo;\u00eatre un leader dans l&rsquo;industrie m\u00e9tallurgique du cuivre et de l&rsquo;aluminium en mati\u00e8re d&rsquo;excellence ESG. Nous avons d\u00e9fini une approche en deux phases : Phase 1 : [&hellip;]<\/p>\n","protected":false},"author":1,"featured_media":0,"parent":0,"menu_order":0,"comment_status":"closed","ping_status":"closed","template":"","meta":{"_et_pb_use_builder":"on","_et_pb_old_content":"","_et_gb_content_width":"","inline_featured_image":false,"footnotes":""},"difl_page_category":[],"class_list":["post-676","page","type-page","status-publish","hentry"],"_links":{"self":[{"href":"https:\/\/esg.ampcometal.com\/fr\/wp-json\/wp\/v2\/pages\/676","targetHints":{"allow":["GET"]}}],"collection":[{"href":"https:\/\/esg.ampcometal.com\/fr\/wp-json\/wp\/v2\/pages"}],"about":[{"href":"https:\/\/esg.ampcometal.com\/fr\/wp-json\/wp\/v2\/types\/page"}],"author":[{"embeddable":true,"href":"https:\/\/esg.ampcometal.com\/fr\/wp-json\/wp\/v2\/users\/1"}],"replies":[{"embeddable":true,"href":"https:\/\/esg.ampcometal.com\/fr\/wp-json\/wp\/v2\/comments?post=676"}],"version-history":[{"count":5,"href":"https:\/\/esg.ampcometal.com\/fr\/wp-json\/wp\/v2\/pages\/676\/revisions"}],"predecessor-version":[{"id":961,"href":"https:\/\/esg.ampcometal.com\/fr\/wp-json\/wp\/v2\/pages\/676\/revisions\/961"}],"wp:attachment":[{"href":"https:\/\/esg.ampcometal.com\/fr\/wp-json\/wp\/v2\/media?parent=676"}],"wp:term":[{"taxonomy":"difl_page_category","embeddable":true,"href":"https:\/\/esg.ampcometal.com\/fr\/wp-json\/wp\/v2\/difl_page_category?post=676"}],"curies":[{"name":"wp","href":"https:\/\/api.w.org\/{rel}","templated":true}]}}