{"id":707,"date":"2024-06-12T13:16:25","date_gmt":"2024-06-12T13:16:25","guid":{"rendered":"https:\/\/esg.ampcometal.com\/environnement\/"},"modified":"2025-09-02T11:30:21","modified_gmt":"2025-09-02T11:30:21","slug":"environnement","status":"publish","type":"page","link":"https:\/\/esg.ampcometal.com\/fr\/environnement\/","title":{"rendered":"Environnement"},"content":{"rendered":"<p>[et_pb_section fb_built=\u00a0\u00bb1&Prime; custom_padding_last_edited=\u00a0\u00bbon|tablet\u00a0\u00bb _builder_version=\u00a0\u00bb4.25.1&Prime; _module_preset=\u00a0\u00bbdefault\u00a0\u00bb background_color=\u00a0\u00bbrgba(34,34,34,0.33)\u00a0\u00bb background_image=\u00a0\u00bbhttps:\/\/esg.ampcometal.com\/wp-content\/uploads\/2024\/05\/switzerland_landscape_zermat.jpg\u00a0\u00bb background_blend=\u00a0\u00bboverlay\u00a0\u00bb custom_padding=\u00a0\u00bb340px||86px||false|false\u00a0\u00bb custom_padding_tablet=\u00a0\u00bb200px||86px||false|false\u00a0\u00bb custom_padding_phone=\u00a0\u00bb150px||40px||false|false\u00a0\u00bb global_colors_info=\u00a0\u00bb{}\u00a0\u00bb][et_pb_row _builder_version=\u00a0\u00bb4.25.1&Prime; _module_preset=\u00a0\u00bbdefault\u00a0\u00bb custom_padding=\u00a0\u00bb7px|||||\u00a0\u00bb global_colors_info=\u00a0\u00bb{}\u00a0\u00bb][et_pb_column type=\u00a0\u00bb4_4&Prime; _builder_version=\u00a0\u00bb4.25.1&Prime; _module_preset=\u00a0\u00bbdefault\u00a0\u00bb global_colors_info=\u00a0\u00bb{}\u00a0\u00bb][et_pb_text _builder_version=\u00a0\u00bb4.25.1&Prime; _module_preset=\u00a0\u00bbdefault\u00a0\u00bb text_font=\u00a0\u00bb|&#8211;et_global_body_font_weight|||||||\u00a0\u00bb text_text_color=\u00a0\u00bb#FFFFFF\u00a0\u00bb text_font_size=\u00a0\u00bb28px\u00a0\u00bb header_font=\u00a0\u00bb|300|||||||\u00a0\u00bb header_text_color=\u00a0\u00bb#FFFFFF\u00a0\u00bb header_font_size=\u00a0\u00bb70px\u00a0\u00bb header_line_height=\u00a0\u00bb1.4em\u00a0\u00bb text_orientation=\u00a0\u00bbcenter\u00a0\u00bb text_font_size_tablet=\u00a0\u00bb24px\u00a0\u00bb text_font_size_phone=\u00a0\u00bb20px\u00a0\u00bb text_font_size_last_edited=\u00a0\u00bbon|tablet\u00a0\u00bb text_line_height_tablet=\u00a0\u00bb1.5em\u00a0\u00bb text_line_height_phone=\u00a0\u00bb1.5em\u00a0\u00bb text_line_height_last_edited=\u00a0\u00bbon|tablet\u00a0\u00bb header_font_size_tablet=\u00a0\u00bb54px\u00a0\u00bb header_font_size_phone=\u00a0\u00bb34px\u00a0\u00bb header_font_size_last_edited=\u00a0\u00bbon|tablet\u00a0\u00bb text_text_shadow_style=\u00a0\u00bbpreset1&Prime; header_text_shadow_style=\u00a0\u00bbpreset1&Prime; global_colors_info=\u00a0\u00bb{}\u00a0\u00bb]<\/p>\n<h1>Environnement<\/h1>\n<p>[\/et_pb_text][\/et_pb_column][\/et_pb_row][\/et_pb_section][et_pb_section fb_built=\u00a0\u00bb1&Prime; _builder_version=\u00a0\u00bb4.25.1&Prime; _module_preset=\u00a0\u00bbdefault\u00a0\u00bb custom_padding=\u00a0\u00bb80px||60px||false|false\u00a0\u00bb global_colors_info=\u00a0\u00bb{}\u00a0\u00bb][et_pb_row _builder_version=\u00a0\u00bb4.25.1&Prime; _module_preset=\u00a0\u00bbdefault\u00a0\u00bb custom_padding=\u00a0\u00bb0px|||||\u00a0\u00bb locked=\u00a0\u00bboff\u00a0\u00bb global_colors_info=\u00a0\u00bb{}\u00a0\u00bb][et_pb_column type=\u00a0\u00bb4_4&Prime; _builder_version=\u00a0\u00bb4.25.1&Prime; _module_preset=\u00a0\u00bbdefault\u00a0\u00bb global_colors_info=\u00a0\u00bb{}\u00a0\u00bb][et_pb_text _builder_version=\u00a0\u00bb4.25.1&Prime; _module_preset=\u00a0\u00bbdefault\u00a0\u00bb text_font=\u00a0\u00bb|&#8211;et_global_body_font_weight|||||||\u00a0\u00bb text_text_color=\u00a0\u00bb#222222&Prime; text_font_size=\u00a0\u00bb18px\u00a0\u00bb text_line_height=\u00a0\u00bb1.6em\u00a0\u00bb header_text_color=\u00a0\u00bb#222222&Prime; header_2_text_align=\u00a0\u00bbcenter\u00a0\u00bb header_2_text_color=\u00a0\u00bb#222222&Prime; header_2_font_size=\u00a0\u00bb36px\u00a0\u00bb header_2_line_height=\u00a0\u00bb1.3em\u00a0\u00bb text_orientation=\u00a0\u00bbcenter\u00a0\u00bb width=\u00a0\u00bb100%\u00a0\u00bb module_alignment=\u00a0\u00bbcenter\u00a0\u00bb custom_margin=\u00a0\u00bb||||false|false\u00a0\u00bb locked=\u00a0\u00bboff\u00a0\u00bb global_colors_info=\u00a0\u00bb{}\u00a0\u00bb]<\/p>\n<h2><span>Impact environnemental de nos activit\u00e9s<\/span><\/h2>\n<p>[\/et_pb_text][\/et_pb_column][\/et_pb_row][et_pb_row column_structure=\u00a0\u00bb1_2,1_2&Prime; _builder_version=\u00a0\u00bb4.25.1&Prime; _module_preset=\u00a0\u00bbdefault\u00a0\u00bb locked=\u00a0\u00bboff\u00a0\u00bb global_colors_info=\u00a0\u00bb{}\u00a0\u00bb][et_pb_column type=\u00a0\u00bb1_2&Prime; _builder_version=\u00a0\u00bb4.25.1&Prime; _module_preset=\u00a0\u00bbdefault\u00a0\u00bb global_colors_info=\u00a0\u00bb{}\u00a0\u00bb][et_pb_text _builder_version=\u00a0\u00bb4.25.1&Prime; _module_preset=\u00a0\u00bbdefault\u00a0\u00bb global_colors_info=\u00a0\u00bb{}\u00a0\u00bb]Le dialogue avec les parties prenantes est une pierre angulaire de notre strat\u00e9gie ESG. Nous avons proc\u00e9d\u00e9 \u00e0 une \u00e9valuation de la mat\u00e9rialit\u00e9 afin d&rsquo;identifier les questions ESG les plus importantes pour nos parties prenantes et notre entreprise. Ce processus a impliqu\u00e9 la consultation de parties prenantes internes et externes, notamment des employ\u00e9s, des clients, des fournisseurs, des membres de la communaut\u00e9 et des experts du secteur.[\/et_pb_text][\/et_pb_column][et_pb_column type=\u00a0\u00bb1_2&Prime; _builder_version=\u00a0\u00bb4.25.1&Prime; _module_preset=\u00a0\u00bbdefault\u00a0\u00bb global_colors_info=\u00a0\u00bb{}\u00a0\u00bb][et_pb_text _builder_version=\u00a0\u00bb4.25.1&Prime; _module_preset=\u00a0\u00bbdefault\u00a0\u00bb text_text_color=\u00a0\u00bb#f89633&Prime; text_font_size=\u00a0\u00bb37px\u00a0\u00bb text_line_height=\u00a0\u00bb1em\u00a0\u00bb custom_padding=\u00a0\u00bb|||20px|false|false\u00a0\u00bb border_width_left=\u00a0\u00bb7px\u00a0\u00bb border_color_left=\u00a0\u00bb#f89633&Prime; global_colors_info=\u00a0\u00bb{}\u00a0\u00bb]<\/p>\n<p><i>\u00ab\u00a0Le dialogue avec les parties prenantes est la pierre angulaire de notre strat\u00e9gie ESG.\u00a0\u00bb<\/i><\/p>\n<p>[\/et_pb_text][\/et_pb_column][\/et_pb_row][et_pb_row _builder_version=\u00a0\u00bb4.25.1&Prime; _module_preset=\u00a0\u00bbdefault\u00a0\u00bb custom_padding=\u00a0\u00bb0px|||||\u00a0\u00bb global_colors_info=\u00a0\u00bb{}\u00a0\u00bb][et_pb_column type=\u00a0\u00bb4_4&Prime; _builder_version=\u00a0\u00bb4.25.1&Prime; _module_preset=\u00a0\u00bbdefault\u00a0\u00bb global_colors_info=\u00a0\u00bb{}\u00a0\u00bb][et_pb_toggle title=\u00a0\u00bbInitiatives environnementales\u00a0\u00bb _builder_version=\u00a0\u00bb4.25.1&Prime; _module_preset=\u00a0\u00bbdefault\u00a0\u00bb global_colors_info=\u00a0\u00bb{}\u00a0\u00bb]<\/p>\n<p>La politique environnementale de AMPCO METAL consiste \u00e0 minimiser l&rsquo;impact environnemental de ses activit\u00e9s, \u00e0 promouvoir le d\u00e9veloppement durable et \u00e0 garantir une utilisation responsable des ressources naturelles.<\/p>\n<table border=\"1\" style=\"border-collapse: collapse; width: 100%; height: 192px;\">\n<tbody>\n<tr class=\"difl_datatableitem_0\">\n<th data-label=\"Topic\" class=\"df_dt_table_body_column_cell\" style=\"width: 14.2857%;\">Th\u00e8me<\/th>\n<th data-label=\"Measures Taken\" class=\"df_dt_table_body_column_cell\" style=\"width: 27.9039%;\">Mesures prises<\/th>\n<th data-label=\"Initiatives\" class=\"df_dt_table_body_column_cell\" style=\"width: 60.9509%;\">Initiatives<\/th>\n<th data-label=\"Status\" class=\"df_dt_table_body_column_cell\" style=\"width: 1.38122%;\">\u00c9tat d&rsquo;avancement<\/th>\n<\/tr>\n<tr class=\"difl_datatableitem_1\">\n<td data-label=\"Topic\" class=\"df_dt_table_body_column_cell\" style=\"width: 14.2857%;\">Analyse du cycle de vie<\/td>\n<td data-label=\"Measures Taken\" class=\"df_dt_table_body_column_cell\" style=\"width: 27.9039%;\">Notre analyse du cycle de vie (ACV) a \u00e9t\u00e9 men\u00e9e dans 19 sites diff\u00e9rents dans le monde, y compris nos principaux sites de production et bureaux commerciaux.<\/td>\n<td data-label=\"Initiatives\" class=\"df_dt_table_body_column_cell\" style=\"width: 60.9509%;\">\u00c9tablir des objectifs scientifiques (SBTi) pour la r\u00e9duction des \u00e9missions, en donnant la priorit\u00e9 aux zones \u00e0 fort taux de C02 telles que la cha\u00eene d&rsquo;approvisionnement.<\/td>\n<td data-label=\"Status\" class=\"df_dt_table_body_column_cell\" style=\"width: 1.38122%;\"><img loading=\"lazy\" decoding=\"async\" src=\"https:\/\/esg.ampcometal.com\/wp-content\/uploads\/2024\/06\/in-progress-clock-150x150.png\" width=\"150\" height=\"150\" alt=\"\" class=\"wp-image-287 alignnone size-thumbnail\"><\/td>\n<\/tr>\n<tr class=\"difl_datatableitem_2\">\n<td data-label=\"Topic\" class=\"df_dt_table_body_column_cell\" style=\"width: 14.2857%;\">Th\u00e8mes mat\u00e9riels<\/td>\n<td data-label=\"Measures Taken\" class=\"df_dt_table_body_column_cell\" style=\"width: 27.9039%;\">Nous avons proc\u00e9d\u00e9 \u00e0 une \u00e9valuation de mat\u00e9rialit\u00e9 afin d&rsquo;identifier les questions ESG les plus importantes pour nos parties prenantes et notre entreprise.<\/td>\n<td data-label=\"Initiatives\" class=\"df_dt_table_body_column_cell\" style=\"width: 60.9509%;\">Sur la base de la double \u00e9valuation de mat\u00e9rialit\u00e9 et de la hi\u00e9rarchisation des priorit\u00e9s, AMPCO METAL concentre ses efforts sur les questions les plus importantes. Ces questions ont les scores combin\u00e9s les plus \u00e9lev\u00e9s, ce qui indique qu&rsquo;elles ont un impact significatif et qu&rsquo;elles sont financi\u00e8rement importantes pour l&rsquo;entreprise. <\/td>\n<td data-label=\"Status\" class=\"df_dt_table_body_column_cell\" style=\"width: 1.38122%;\"><img loading=\"lazy\" decoding=\"async\" src=\"https:\/\/esg.ampcometal.com\/wp-content\/uploads\/2024\/06\/complete-check-150x150.png\" width=\"150\" height=\"150\" alt=\"\" class=\"wp-image-288 alignnone size-thumbnail\"><\/td>\n<\/tr>\n<tr class=\"difl_datatableitem_3\">\n<td data-label=\"Topic\" class=\"df_dt_table_body_column_cell\" style=\"width: 14.2857%;\">ODD de l&rsquo;ONU<\/td>\n<td data-label=\"Measures Taken\" class=\"df_dt_table_body_column_cell\" style=\"width: 27.9039%;\">Contribuer \u00e0 5 ODD particuli\u00e8rement pertinents pour les industries de production de cuivre et d&rsquo;aluminium.<\/td>\n<td data-label=\"Initiatives\" class=\"df_dt_table_body_column_cell\" style=\"width: 60.9509%;\">ODD 7 : \u00c9nergie abordable et propre<br \/>ODD 9 : Industrie, innovation et infrastructure<br \/>ODD 12 : Consommation et production responsables<br \/>ODD 13 : Action pour le climat<\/td>\n<td data-label=\"Status\" class=\"df_dt_table_body_column_cell\" style=\"width: 1.38122%;\"><img loading=\"lazy\" decoding=\"async\" src=\"https:\/\/esg.ampcometal.com\/wp-content\/uploads\/2024\/06\/in-progress-clock-150x150.png\" width=\"150\" height=\"150\" alt=\"\" class=\"wp-image-287 alignnone size-thumbnail\"><\/td>\n<\/tr>\n<tr class=\"difl_datatableitem_4\">\n<td data-label=\"Topic\" class=\"df_dt_table_body_column_cell\" style=\"width: 14.2857%;\">ISO50001<\/td>\n<td data-label=\"Measures Taken\" class=\"df_dt_table_body_column_cell\" style=\"width: 27.9039%;\">Mise en \u0153uvre de normes de gestion de l&rsquo;\u00e9nergie pour le principal site de production.<\/td>\n<td data-label=\"Initiatives\" class=\"df_dt_table_body_column_cell\" style=\"width: 60.9509%;\">Am\u00e9lioration de l&rsquo;efficacit\u00e9 \u00e9nerg\u00e9tique tout au long de la cha\u00eene d&rsquo;approvisionnement, r\u00e9duction des co\u00fbts, conformit\u00e9 r\u00e9glementaire, r\u00e9duction de l&#8217;empreinte carbone.<\/td>\n<td data-label=\"Status\" class=\"df_dt_table_body_column_cell\" style=\"width: 1.38122%;\"><img loading=\"lazy\" decoding=\"async\" src=\"https:\/\/esg.ampcometal.com\/wp-content\/uploads\/2024\/06\/in-progress-clock-150x150.png\" width=\"150\" height=\"150\" alt=\"\" class=\"wp-image-287 alignnone size-thumbnail\"><\/td>\n<\/tr>\n<tr class=\"difl_datatableitem_5\">\n<td data-label=\"Topic\" class=\"df_dt_table_body_column_cell\" style=\"width: 14.2857%;\">\u00c9valuation des risques r\u00e9glementaires<\/td>\n<td data-label=\"Measures Taken\" class=\"df_dt_table_body_column_cell\" style=\"width: 27.9039%;\">Diligence raisonnable et \u00e9valuation des risques<\/td>\n<td data-label=\"Initiatives\" class=\"df_dt_table_body_column_cell\" style=\"width: 60.9509%;\">Rapport sur la conformit\u00e9 r\u00e9glementaire obligatoire dans le cadre de AMPCO METAL<\/td>\n<td data-label=\"Status\" class=\"df_dt_table_body_column_cell\" style=\"width: 1.38122%;\"><img loading=\"lazy\" decoding=\"async\" src=\"https:\/\/esg.ampcometal.com\/wp-content\/uploads\/2024\/06\/complete-check-150x150.png\" width=\"150\" height=\"150\" alt=\"\" class=\"wp-image-288 alignnone size-thumbnail\"><\/td>\n<\/tr>\n<tr class=\"difl_datatableitem_6\">\n<td data-label=\"Topic\" class=\"df_dt_table_body_column_cell\" style=\"width: 14.2857%;\">Engagement des parties prenantes<\/td>\n<td data-label=\"Measures Taken\" class=\"df_dt_table_body_column_cell\" style=\"width: 27.9039%;\">Effectuez une \u00e9valuation de la matrice de mat\u00e9rialit\u00e9.<\/td>\n<td data-label=\"Initiatives\" class=\"df_dt_table_body_column_cell\" style=\"width: 60.9509%;\">Identifier les sujets importants pour l&rsquo;entreprise et les classer par ordre de priorit\u00e9.<\/td>\n<td data-label=\"Status\" class=\"df_dt_table_body_column_cell\" style=\"width: 1.38122%;\"><img loading=\"lazy\" decoding=\"async\" src=\"https:\/\/esg.ampcometal.com\/wp-content\/uploads\/2024\/06\/complete-check-150x150.png\" width=\"150\" height=\"150\" alt=\"\" class=\"wp-image-288 alignnone size-thumbnail\"><\/td>\n<\/tr>\n<tr class=\"difl_datatableitem_7\">\n<td data-label=\"Topic\" class=\"df_dt_table_body_column_cell\" style=\"width: 14.2857%;\">CSRD<\/td>\n<td data-label=\"Measures Taken\" class=\"df_dt_table_body_column_cell\" style=\"width: 27.9039%;\">Assurer la conformit\u00e9 avec toutes les r\u00e9glementations l\u00e9gales ESG dans les pays o\u00f9 nous op\u00e9rons.<\/td>\n<td data-label=\"Initiatives\" class=\"df_dt_table_body_column_cell\" style=\"width: 60.9509%;\">D\u00e9velopper un cadre pour collecter des donn\u00e9es pour le rapport CSRD en janvier 2026 (donn\u00e9es 2025).<\/td>\n<td data-label=\"Status\" class=\"df_dt_table_body_column_cell\" style=\"width: 1.38122%;\"><img loading=\"lazy\" decoding=\"async\" src=\"https:\/\/esg.ampcometal.com\/wp-content\/uploads\/2024\/06\/in-progress-clock-150x150.png\" width=\"150\" height=\"150\" alt=\"\" class=\"wp-image-287 alignnone size-thumbnail\"><\/td>\n<\/tr>\n<\/tbody>\n<\/table>\n<p>[\/et_pb_toggle][et_pb_toggle title=\u00a0\u00bbEmpreinte carbone de l&#039;entreprise\u00a0\u00bb _builder_version=\u00a0\u00bb4.25.1&Prime; _module_preset=\u00a0\u00bbdefault\u00a0\u00bb global_colors_info=\u00a0\u00bb{}\u00a0\u00bb]<\/p>\n<div class=\"footprintcontainer\">\n<div class=\"footprinttext\">\n<p>Les \u00e9missions de gaz \u00e0 effet de serre (GES) sont la question ESG qui a le plus d&rsquo;impact sur les clients de AMPCO METAL. Pour traiter cette question, il faut r\u00e9duire les \u00e9missions, accro\u00eetre la transparence des rapports sur les \u00e9missions et faire preuve d&rsquo;un engagement en faveur de la d\u00e9carbonisation de notre cha\u00eene d&rsquo;approvisionnement, qui s&rsquo;aligne sur les attentes des clients et sur les exigences r\u00e9glementaires. Cette approche peut aider AMPCO METAL \u00e0 renforcer ses relations avec ses clients et \u00e0 r\u00e9pondre \u00e0 la demande croissante de produits durables.  <\/p>\n<\/div>\n<div class=\"footprintimage\"><img decoding=\"async\" src=\"https:\/\/esg.ampcometal.com\/wp-content\/uploads\/2024\/06\/lca-chart.png\" width=\"720\" alt=\"\" class=\"wp-image-270 alignnone size-full\" srcset=\"https:\/\/esg.ampcometal.com\/wp-content\/uploads\/2024\/06\/lca-chart.png 1445w, https:\/\/esg.ampcometal.com\/wp-content\/uploads\/2024\/06\/lca-chart-1280x657.png 1280w, https:\/\/esg.ampcometal.com\/wp-content\/uploads\/2024\/06\/lca-chart-980x503.png 980w, https:\/\/esg.ampcometal.com\/wp-content\/uploads\/2024\/06\/lca-chart-480x246.png 480w\" sizes=\"(min-width: 0px) and (max-width: 480px) 480px, (min-width: 481px) and (max-width: 980px) 980px, (min-width: 981px) and (max-width: 1280px) 1280px, (min-width: 1281px) 1445px, 100vw\" \/><\/div>\n<\/div>\n<p>[\/et_pb_toggle][et_pb_toggle title=\u00a0\u00bb\u00c9valuation de l&#039;importance relative\u00a0\u00bb _builder_version=\u00a0\u00bb4.25.1&Prime; _module_preset=\u00a0\u00bbdefault\u00a0\u00bb hover_enabled=\u00a0\u00bb0&Prime; global_colors_info=\u00a0\u00bb{}\u00a0\u00bb sticky_enabled=\u00a0\u00bb0&Prime;]<\/p>\n<p><a href=\"https:\/\/esg.ampcometal.com\/wp-content\/uploads\/2024\/06\/Materialities-matrix-scaled.jpg\"><img loading=\"lazy\" decoding=\"async\" src=\"https:\/\/esg.ampcometal.com\/wp-content\/uploads\/2024\/06\/Materialities-matrix-1024x713.jpg\" width=\"1024\" height=\"713\" alt=\"\" class=\"wp-image-389 alignnone size-large\" srcset=\"https:\/\/esg.ampcometal.com\/wp-content\/uploads\/2024\/06\/Materialities-matrix-980x682.jpg 980w, https:\/\/esg.ampcometal.com\/wp-content\/uploads\/2024\/06\/Materialities-matrix-480x334.jpg 480w\" sizes=\"(min-width: 0px) and (max-width: 480px) 480px, (min-width: 481px) and (max-width: 980px) 980px, (min-width: 981px) 1024px, 100vw\" \/><\/a><\/p>\n<p>[\/et_pb_toggle][et_pb_toggle title=\u00a0\u00bbNotation des enjeux ESG importants\u00a0\u00bb _builder_version=\u00a0\u00bb4.25.1&Prime; _module_preset=\u00a0\u00bbdefault\u00a0\u00bb hover_enabled=\u00a0\u00bb0&Prime; global_colors_info=\u00a0\u00bb{}\u00a0\u00bb sticky_enabled=\u00a0\u00bb0&Prime;]<\/p>\n<p>Sur la base de la double \u00e9valuation de l&rsquo;importance relative et de la hi\u00e9rarchisation des priorit\u00e9s, AMPCO METAL devrait concentrer ses efforts sur les questions les plus importantes. Ces questions ont les scores combin\u00e9s les plus \u00e9lev\u00e9s, ce qui indique qu&rsquo;elles ont un impact significatif et qu&rsquo;elles sont financi\u00e8rement importantes pour l&rsquo;entreprise. <\/p>\n<p><img loading=\"lazy\" decoding=\"async\" src=\"https:\/\/esg.ampcometal.com\/wp-content\/uploads\/2024\/06\/esg-table.png\" width=\"1087\" height=\"576\" alt=\"\" class=\"wp-image-391 aligncenter size-full\" srcset=\"https:\/\/esg.ampcometal.com\/wp-content\/uploads\/2024\/06\/esg-table.png 1087w, https:\/\/esg.ampcometal.com\/wp-content\/uploads\/2024\/06\/esg-table-980x519.png 980w, https:\/\/esg.ampcometal.com\/wp-content\/uploads\/2024\/06\/esg-table-480x254.png 480w\" sizes=\"(min-width: 0px) and (max-width: 480px) 480px, (min-width: 481px) and (max-width: 980px) 980px, (min-width: 981px) 1087px, 100vw\" \/><\/p>\n<p>[\/et_pb_toggle][et_pb_toggle title=\u00a0\u00bbODD\u00a0\u00bb _builder_version=\u00a0\u00bb4.25.1&Prime; _module_preset=\u00a0\u00bbdefault\u00a0\u00bb global_colors_info=\u00a0\u00bb{}\u00a0\u00bb]<\/p>\n<p>Pour nos activit\u00e9s \u00e0 l&rsquo;\u00e9chelle mondiale, les objectifs de d\u00e9veloppement durable (ODD) sont particuli\u00e8rement pertinents pour AMPCO METAL. Vous trouverez ci-dessous les objectifs de d\u00e9veloppement durable les plus pertinents et la mani\u00e8re dont ils sont li\u00e9s au fonctionnement de notre entreprise. <\/p>\n<p>&nbsp;<\/p>\n<\/p>\n<p><center><img loading=\"lazy\" decoding=\"async\" class=\"wp-image-196 size-full\" src=\"https:\/\/esg.ampcometal.com\/wp-content\/uploads\/2024\/05\/sdg-7.png\" alt=\"\" width=\"135\" height=\"135\" srcset=\"https:\/\/esg.ampcometal.com\/wp-content\/uploads\/2024\/05\/sdg-7-1280x1280.png 1280w, https:\/\/esg.ampcometal.com\/wp-content\/uploads\/2024\/05\/sdg-7-980x980.png 980w, https:\/\/esg.ampcometal.com\/wp-content\/uploads\/2024\/05\/sdg-7-480x480.png 480w\" sizes=\"(min-width: 0px) and (max-width: 480px) 480px, (min-width: 481px) and (max-width: 980px) 980px, (min-width: 981px) and (max-width: 1280px) 1280px, 100vw\" \/><img loading=\"lazy\" decoding=\"async\" class=\"wp-image-195 size-full\" src=\"https:\/\/esg.ampcometal.com\/wp-content\/uploads\/2024\/05\/sdg-9.png\" alt=\"\" width=\"135\" height=\"135\" srcset=\"https:\/\/esg.ampcometal.com\/wp-content\/uploads\/2024\/05\/sdg-9-1280x1280.png 1280w, https:\/\/esg.ampcometal.com\/wp-content\/uploads\/2024\/05\/sdg-9-980x980.png 980w, https:\/\/esg.ampcometal.com\/wp-content\/uploads\/2024\/05\/sdg-9-480x480.png 480w\" sizes=\"(min-width: 0px) and (max-width: 480px) 480px, (min-width: 481px) and (max-width: 980px) 980px, (min-width: 981px) and (max-width: 1280px) 1280px, 100vw\" \/><img loading=\"lazy\" decoding=\"async\" class=\"wp-image-194 size-full\" src=\"https:\/\/esg.ampcometal.com\/wp-content\/uploads\/2024\/05\/sdg-12.png\" alt=\"\" width=\"135\" height=\"135\" srcset=\"https:\/\/esg.ampcometal.com\/wp-content\/uploads\/2024\/05\/sdg-12-1280x1280.png 1280w, https:\/\/esg.ampcometal.com\/wp-content\/uploads\/2024\/05\/sdg-12-980x980.png 980w, https:\/\/esg.ampcometal.com\/wp-content\/uploads\/2024\/05\/sdg-12-480x480.png 480w\" sizes=\"(min-width: 0px) and (max-width: 480px) 480px, (min-width: 481px) and (max-width: 980px) 980px, (min-width: 981px) and (max-width: 1280px) 1280px, 100vw\" \/><img loading=\"lazy\" decoding=\"async\" class=\"wp-image-193 size-full\" src=\"https:\/\/esg.ampcometal.com\/wp-content\/uploads\/2024\/05\/sdg-13.png\" alt=\"\" width=\"135\" height=\"135\" srcset=\"https:\/\/esg.ampcometal.com\/wp-content\/uploads\/2024\/05\/sdg-13-1280x1280.png 1280w, https:\/\/esg.ampcometal.com\/wp-content\/uploads\/2024\/05\/sdg-13-980x980.png 980w, https:\/\/esg.ampcometal.com\/wp-content\/uploads\/2024\/05\/sdg-13-480x480.png 480w\" sizes=\"(min-width: 0px) and (max-width: 480px) 480px, (min-width: 481px) and (max-width: 980px) 980px, (min-width: 981px) and (max-width: 1280px) 1280px, 100vw\" \/><\/center>[\/et_pb_toggle][et_pb_toggle title=\u00a0\u00bbDocuments\u00a0\u00bb _builder_version=\u00a0\u00bb4.25.1&Prime; _module_preset=\u00a0\u00bbdefault\u00a0\u00bb global_colors_info=\u00a0\u00bb{}\u00a0\u00bb]<\/p>\n<p> <a href=\"https:\/\/esg.ampcometal.com\/wp-content\/uploads\/2024\/06\/AMPCO-METAL-Global-ESG-Environment-Policy.pdf\"><img loading=\"lazy\" decoding=\"async\" src=\"https:\/\/esg.ampcometal.com\/wp-content\/uploads\/2024\/06\/download-environment.png\" width=\"694\" height=\"101\" alt=\"\" class=\"wp-image-358 alignnone size-full\" style=\"display: block; margin-left: auto; margin-right: auto;\" srcset=\"https:\/\/esg.ampcometal.com\/wp-content\/uploads\/2024\/06\/download-environment.png 694w, https:\/\/esg.ampcometal.com\/wp-content\/uploads\/2024\/06\/download-environment-480x70.png 480w\" sizes=\"(min-width: 0px) and (max-width: 480px) 480px, (min-width: 481px) 694px, 100vw\" \/><\/a><\/p>\n<p>[\/et_pb_toggle][\/et_pb_column][\/et_pb_row][\/et_pb_section]<\/p>\n","protected":false},"excerpt":{"rendered":"<p>EnvironnementImpact environnemental de nos activit\u00e9sLe dialogue avec les parties prenantes est une pierre angulaire de notre strat\u00e9gie ESG. Nous avons proc\u00e9d\u00e9 \u00e0 une \u00e9valuation de la mat\u00e9rialit\u00e9 afin d&rsquo;identifier les questions ESG les plus importantes pour nos parties prenantes et notre entreprise. Ce processus a impliqu\u00e9 la consultation de parties prenantes internes et externes, notamment [&hellip;]<\/p>\n","protected":false},"author":1,"featured_media":0,"parent":0,"menu_order":0,"comment_status":"closed","ping_status":"closed","template":"","meta":{"_et_pb_use_builder":"on","_et_pb_old_content":"","_et_gb_content_width":"","inline_featured_image":false,"footnotes":""},"difl_page_category":[],"class_list":["post-707","page","type-page","status-publish","hentry"],"_links":{"self":[{"href":"https:\/\/esg.ampcometal.com\/fr\/wp-json\/wp\/v2\/pages\/707","targetHints":{"allow":["GET"]}}],"collection":[{"href":"https:\/\/esg.ampcometal.com\/fr\/wp-json\/wp\/v2\/pages"}],"about":[{"href":"https:\/\/esg.ampcometal.com\/fr\/wp-json\/wp\/v2\/types\/page"}],"author":[{"embeddable":true,"href":"https:\/\/esg.ampcometal.com\/fr\/wp-json\/wp\/v2\/users\/1"}],"replies":[{"embeddable":true,"href":"https:\/\/esg.ampcometal.com\/fr\/wp-json\/wp\/v2\/comments?post=707"}],"version-history":[{"count":13,"href":"https:\/\/esg.ampcometal.com\/fr\/wp-json\/wp\/v2\/pages\/707\/revisions"}],"predecessor-version":[{"id":946,"href":"https:\/\/esg.ampcometal.com\/fr\/wp-json\/wp\/v2\/pages\/707\/revisions\/946"}],"wp:attachment":[{"href":"https:\/\/esg.ampcometal.com\/fr\/wp-json\/wp\/v2\/media?parent=707"}],"wp:term":[{"taxonomy":"difl_page_category","embeddable":true,"href":"https:\/\/esg.ampcometal.com\/fr\/wp-json\/wp\/v2\/difl_page_category?post=707"}],"curies":[{"name":"wp","href":"https:\/\/api.w.org\/{rel}","templated":true}]}}