{"id":760,"date":"2024-06-18T10:28:56","date_gmt":"2024-06-18T10:28:56","guid":{"rendered":"https:\/\/esg.ampcometal.com\/social\/"},"modified":"2025-09-02T12:03:44","modified_gmt":"2025-09-02T12:03:44","slug":"social","status":"publish","type":"page","link":"https:\/\/esg.ampcometal.com\/fr\/social\/","title":{"rendered":"Social"},"content":{"rendered":"<p>[et_pb_section fb_built=\u00a0\u00bb1&Prime; custom_padding_last_edited=\u00a0\u00bbon|tablet\u00a0\u00bb _builder_version=\u00a0\u00bb4.25.1&Prime; _module_preset=\u00a0\u00bbdefault\u00a0\u00bb background_color=\u00a0\u00bbrgba(34,34,34,0.33)\u00a0\u00bb background_image=\u00a0\u00bbhttps:\/\/esg.ampcometal.com\/wp-content\/uploads\/2024\/05\/social_bike_to_work_initiative.jpg\u00a0\u00bb background_blend=\u00a0\u00bboverlay\u00a0\u00bb custom_padding=\u00a0\u00bb340px||86px||false|false\u00a0\u00bb custom_padding_tablet=\u00a0\u00bb200px||86px||false|false\u00a0\u00bb custom_padding_phone=\u00a0\u00bb150px||40px||false|false\u00a0\u00bb global_colors_info=\u00a0\u00bb{}\u00a0\u00bb][et_pb_row _builder_version=\u00a0\u00bb4.25.1&Prime; _module_preset=\u00a0\u00bbdefault\u00a0\u00bb custom_padding=\u00a0\u00bb7px|||||\u00a0\u00bb global_colors_info=\u00a0\u00bb{}\u00a0\u00bb][et_pb_column type=\u00a0\u00bb4_4&Prime; _builder_version=\u00a0\u00bb4.25.1&Prime; _module_preset=\u00a0\u00bbdefault\u00a0\u00bb global_colors_info=\u00a0\u00bb{}\u00a0\u00bb][et_pb_text _builder_version=\u00a0\u00bb4.25.1&Prime; _module_preset=\u00a0\u00bbdefault\u00a0\u00bb text_font=\u00a0\u00bb|&#8211;et_global_body_font_weight|||||||\u00a0\u00bb text_text_color=\u00a0\u00bb#FFFFFF\u00a0\u00bb text_font_size=\u00a0\u00bb28px\u00a0\u00bb header_font=\u00a0\u00bb|300|||||||\u00a0\u00bb header_text_color=\u00a0\u00bb#FFFFFF\u00a0\u00bb header_font_size=\u00a0\u00bb70px\u00a0\u00bb header_line_height=\u00a0\u00bb1.4em\u00a0\u00bb text_orientation=\u00a0\u00bbcenter\u00a0\u00bb text_font_size_tablet=\u00a0\u00bb24px\u00a0\u00bb text_font_size_phone=\u00a0\u00bb20px\u00a0\u00bb text_font_size_last_edited=\u00a0\u00bbon|tablet\u00a0\u00bb text_line_height_tablet=\u00a0\u00bb1.5em\u00a0\u00bb text_line_height_phone=\u00a0\u00bb1.5em\u00a0\u00bb text_line_height_last_edited=\u00a0\u00bbon|tablet\u00a0\u00bb header_font_size_tablet=\u00a0\u00bb54px\u00a0\u00bb header_font_size_phone=\u00a0\u00bb34px\u00a0\u00bb header_font_size_last_edited=\u00a0\u00bbon|tablet\u00a0\u00bb text_text_shadow_style=\u00a0\u00bbpreset1&Prime; header_text_shadow_style=\u00a0\u00bbpreset1&Prime; global_colors_info=\u00a0\u00bb{}\u00a0\u00bb]<\/p>\n<h1>Social<\/h1>\n<p>[\/et_pb_text][\/et_pb_column][\/et_pb_row][\/et_pb_section][et_pb_section fb_built=\u00a0\u00bb1&Prime; _builder_version=\u00a0\u00bb4.25.1&Prime; _module_preset=\u00a0\u00bbdefault\u00a0\u00bb custom_padding=\u00a0\u00bb80px||60px||false|false\u00a0\u00bb global_colors_info=\u00a0\u00bb{}\u00a0\u00bb][et_pb_row _builder_version=\u00a0\u00bb4.25.1&Prime; _module_preset=\u00a0\u00bbdefault\u00a0\u00bb custom_padding=\u00a0\u00bb0px|||||\u00a0\u00bb locked=\u00a0\u00bboff\u00a0\u00bb global_colors_info=\u00a0\u00bb{}\u00a0\u00bb][et_pb_column type=\u00a0\u00bb4_4&Prime; _builder_version=\u00a0\u00bb4.25.1&Prime; _module_preset=\u00a0\u00bbdefault\u00a0\u00bb global_colors_info=\u00a0\u00bb{}\u00a0\u00bb][et_pb_text _builder_version=\u00a0\u00bb4.25.1&Prime; _module_preset=\u00a0\u00bbdefault\u00a0\u00bb text_font=\u00a0\u00bb|&#8211;et_global_body_font_weight|||||||\u00a0\u00bb text_text_color=\u00a0\u00bb#222222&Prime; text_font_size=\u00a0\u00bb18px\u00a0\u00bb text_line_height=\u00a0\u00bb1.6em\u00a0\u00bb header_text_color=\u00a0\u00bb#222222&Prime; header_2_text_align=\u00a0\u00bbcenter\u00a0\u00bb header_2_text_color=\u00a0\u00bb#222222&Prime; header_2_font_size=\u00a0\u00bb36px\u00a0\u00bb header_2_line_height=\u00a0\u00bb1.3em\u00a0\u00bb text_orientation=\u00a0\u00bbcenter\u00a0\u00bb width=\u00a0\u00bb100%\u00a0\u00bb module_alignment=\u00a0\u00bbcenter\u00a0\u00bb custom_margin=\u00a0\u00bb||||false|false\u00a0\u00bb locked=\u00a0\u00bboff\u00a0\u00bb global_colors_info=\u00a0\u00bb{}\u00a0\u00bb]<\/p>\n<h2>Responsabilit\u00e9 sociale<\/h2>\n<p>[\/et_pb_text][\/et_pb_column][\/et_pb_row][et_pb_row column_structure=\u00a0\u00bb1_2,1_2&Prime; _builder_version=\u00a0\u00bb4.25.1&Prime; _module_preset=\u00a0\u00bbdefault\u00a0\u00bb locked=\u00a0\u00bboff\u00a0\u00bb global_colors_info=\u00a0\u00bb{}\u00a0\u00bb][et_pb_column type=\u00a0\u00bb1_2&Prime; _builder_version=\u00a0\u00bb4.25.1&Prime; _module_preset=\u00a0\u00bbdefault\u00a0\u00bb global_colors_info=\u00a0\u00bb{}\u00a0\u00bb][et_pb_text _builder_version=\u00a0\u00bb4.25.1&Prime; _module_preset=\u00a0\u00bbdefault\u00a0\u00bb global_colors_info=\u00a0\u00bb{}\u00a0\u00bb]<\/p>\n<p>En tant que membre actif de la soci\u00e9t\u00e9, AMPCO METAL s&rsquo;engage \u00e0 favoriser des relations durables avec les personnes et les institutions \u00e0 travers nos 19 sites mondiaux. Notre priorit\u00e9 est le bien-\u00eatre de nos employ\u00e9s. Conform\u00e9ment \u00e0 notre strat\u00e9gie globale de d\u00e9veloppement durable, nous assumons notre responsabilit\u00e9 sociale au sein de notre entreprise, dans nos communaut\u00e9s et tout au long de nos cha\u00eenes d&rsquo;approvisionnement. Nous respectons les droits du travail et les droits de l&rsquo;homme, nous nous engageons en faveur de la sant\u00e9 et de la s\u00e9curit\u00e9, nous promouvons la diversit\u00e9 et l&rsquo;inclusion et nous garantissons l&rsquo;\u00e9galit\u00e9 des chances.   <\/p>\n<p>[\/et_pb_text][\/et_pb_column][et_pb_column type=\u00a0\u00bb1_2&Prime; _builder_version=\u00a0\u00bb4.25.1&Prime; _module_preset=\u00a0\u00bbdefault\u00a0\u00bb global_colors_info=\u00a0\u00bb{}\u00a0\u00bb][et_pb_text _builder_version=\u00a0\u00bb4.25.1&Prime; _module_preset=\u00a0\u00bbdefault\u00a0\u00bb text_text_color=\u00a0\u00bb#f89633&Prime; text_font_size=\u00a0\u00bb39px\u00a0\u00bb text_line_height=\u00a0\u00bb1em\u00a0\u00bb custom_padding=\u00a0\u00bb|||20px|false|false\u00a0\u00bb border_width_left=\u00a0\u00bb7px\u00a0\u00bb border_color_left=\u00a0\u00bb#f89633&Prime; global_colors_info=\u00a0\u00bb{}\u00a0\u00bb]<\/p>\n<p><i>\u00ab Nous assumons notre responsabilit\u00e9 sociale au sein de notre entreprise, dans nos communaut\u00e9s et tout au long de nos cha\u00eenes d&rsquo;approvisionnement \u00bb.<\/i><\/p>\n<p>[\/et_pb_text][\/et_pb_column][\/et_pb_row][et_pb_row _builder_version=\u00a0\u00bb4.25.1&Prime; _module_preset=\u00a0\u00bbdefault\u00a0\u00bb custom_padding=\u00a0\u00bb0px|||||\u00a0\u00bb global_colors_info=\u00a0\u00bb{}\u00a0\u00bb][et_pb_column type=\u00a0\u00bb4_4&Prime; _builder_version=\u00a0\u00bb4.25.1&Prime; _module_preset=\u00a0\u00bbdefault\u00a0\u00bb global_colors_info=\u00a0\u00bb{}\u00a0\u00bb][et_pb_toggle title=\u00a0\u00bbInitiatives sociales\u00a0\u00bb _builder_version=\u00a0\u00bb4.25.1&Prime; _module_preset=\u00a0\u00bbdefault\u00a0\u00bb hover_enabled=\u00a0\u00bb0&Prime; global_colors_info=\u00a0\u00bb{}\u00a0\u00bb sticky_enabled=\u00a0\u00bb0&Prime;]<\/p>\n<p>AMPCO METAL La politique sociale vise \u00e0 promouvoir des pratiques de travail \u00e9quitables, \u00e0 garantir un lieu de travail s\u00fbr et sain, \u00e0 soutenir le d\u00e9veloppement communautaire et \u00e0 favoriser la diversit\u00e9 et l&rsquo;inclusion.<\/p>\n<table border=\"1\" style=\"border-collapse: collapse; width: 100%; height: 192px;\">\n<tbody>\n<tr class=\"difl_datatableitem_0\">\n<th data-label=\"Topic\" class=\"df_dt_table_body_column_cell\" style=\"width: 14.2857%;\"><span style=\"font-weight: 400;\">Th\u00e8me<\/span><\/th>\n<th data-label=\"Measures Taken\" class=\"df_dt_table_body_column_cell\" style=\"width: 27.9039%;\"><span style=\"font-weight: 400;\">Mesures prises<\/span><\/th>\n<th data-label=\"Initiatives\" class=\"df_dt_table_body_column_cell\" style=\"width: 60.9509%;\"><span style=\"font-weight: 400;\">Initiatives<\/span><\/th>\n<th data-label=\"Status\" class=\"df_dt_table_body_column_cell\" style=\"width: 1.38122%;\"><span style=\"font-weight: 400;\">Etat d&rsquo;avancement<\/span><\/th>\n<\/tr>\n<tr class=\"difl_datatableitem_1\">\n<td data-label=\"Topic\" class=\"df_dt_table_body_column_cell\" style=\"width: 14.2857%;\">Audit ISO26000<\/td>\n<td data-label=\"Measures Taken\" class=\"df_dt_table_body_column_cell\" style=\"width: 27.9039%;\">Compiler un rapport complet sur nos performances en mati\u00e8re de RSE et des recommandations sous la forme d&rsquo;une feuille de route ESG pour la p\u00e9riode 2024-2030.<\/td>\n<td data-label=\"Initiatives\" class=\"df_dt_table_body_column_cell\" style=\"width: 60.9509%;\">\n<p>Mettre en \u0153uvre des proc\u00e9dures pour mieux int\u00e9grer la RSE dans nos indicateurs cl\u00e9s de performance (KPI).<\/p>\n<p>Promouvoir une approche ascendante de la communication dans tous les sites pour mesurer la satisfaction des employ\u00e9s, l&rsquo;inspection de la s\u00e9curit\u00e9 et la pr\u00e9vention des risques.<\/p>\n<p>Explorer les possibilit\u00e9s de synergie et d&rsquo;investissement pour soutenir les communaut\u00e9s locales dans les r\u00e9gions o\u00f9 nous op\u00e9rons.<\/p>\n<\/td>\n<td data-label=\"Status\" class=\"df_dt_table_body_column_cell\" style=\"width: 1.38122%;\"><img loading=\"lazy\" decoding=\"async\" src=\"https:\/\/esg.ampcometal.com\/wp-content\/uploads\/2024\/06\/in-progress-clock-150x150.png\" width=\"150\" height=\"150\" alt=\"\" class=\"wp-image-287 alignnone size-thumbnail\"><\/td>\n<\/tr>\n<\/tbody>\n<\/table>\n<p>[\/et_pb_toggle][et_pb_toggle title=\u00a0\u00bbDiversit\u00e9 des sexes parmi les employ\u00e9s\u00a0\u00bb _builder_version=\u00a0\u00bb4.25.1&Prime; _module_preset=\u00a0\u00bbdefault\u00a0\u00bb hover_enabled=\u00a0\u00bb0&Prime; global_colors_info=\u00a0\u00bb{}\u00a0\u00bb sticky_enabled=\u00a0\u00bb0&Prime;]<\/p>\n<div class=\"footprintcontainer\">\n<div class=\"footprinttext\">\n<p>La r\u00e9partition des sexes sur le site AMPCO METAL montre une disparit\u00e9 significative, avec 78,6 % d&rsquo;hommes et 21,4 % de femmes. Cette situation n&rsquo;est pas rare dans l&rsquo;industrie m\u00e9tallurgique, qui est traditionnellement domin\u00e9e par les hommes, mais nous reconnaissons qu&rsquo;il y a encore du travail \u00e0 faire. Bien que le d\u00e9s\u00e9quilibre actuel entre les sexes refl\u00e8te les tendances de l&rsquo;industrie, il existe une opportunit\u00e9 \u00e9vidente pour AMPCO METAL d&rsquo;am\u00e9liorer la diversit\u00e9 des sexes.  <\/p>\n<\/div>\n<div class=\"footprintimage\"><img decoding=\"async\" src=\"https:\/\/esg.ampcometal.com\/wp-content\/uploads\/2024\/06\/employee-gender-diversity.png\" width=\"353\" alt=\"\" class=\"wp-image-303 alignnone size-full\" style=\"display: block; margin-left: auto; margin-right: auto;\" srcset=\"https:\/\/esg.ampcometal.com\/wp-content\/uploads\/2024\/06\/employee-gender-diversity.png 693w, https:\/\/esg.ampcometal.com\/wp-content\/uploads\/2024\/06\/employee-gender-diversity-480x364.png 480w\" sizes=\"(min-width: 0px) and (max-width: 480px) 480px, (min-width: 481px) 693px, 100vw\" \/><\/div>\n<\/div>\n<p>[\/et_pb_toggle][et_pb_toggle title=\u00a0\u00bbDiversit\u00e9 des \u00e2ges\u00a0\u00bb _builder_version=\u00a0\u00bb4.25.1&Prime; _module_preset=\u00a0\u00bbdefault\u00a0\u00bb hover_enabled=\u00a0\u00bb0&Prime; global_colors_info=\u00a0\u00bb{}\u00a0\u00bb sticky_enabled=\u00a0\u00bb0&Prime;]<\/p>\n<div class=\"footprintcontainer\">\n<div class=\"footprinttext\">\n<p>La r\u00e9partition par \u00e2ge de notre personnel indique une base d&#8217;employ\u00e9s relativement jeune, ce qui sugg\u00e8re que nous avons r\u00e9ussi \u00e0 attirer de jeunes talents au sein de notre organisation. Le fait de disposer d&rsquo;une main-d&rsquo;\u0153uvre jeune est un indicateur positif de notre capacit\u00e9 \u00e0 attirer la prochaine g\u00e9n\u00e9ration de professionnels. Des efforts continus en mati\u00e8re de d\u00e9veloppement professionnel, d&rsquo;opportunit\u00e9s de progression de carri\u00e8re et de pratiques inclusives sur le lieu de travail seront cruciaux pour retenir ces talents et assurer leur croissance \u00e0 long terme au sein de l&rsquo;entreprise.  <\/p>\n<\/div>\n<div class=\"footprintimage\"><img decoding=\"async\" src=\"https:\/\/esg.ampcometal.com\/wp-content\/uploads\/2024\/06\/age-diversity.png\" width=\"360\" alt=\"\" class=\"wp-image-304 alignnone size-full\" style=\"display: block; margin-left: auto; margin-right: auto;\" srcset=\"https:\/\/esg.ampcometal.com\/wp-content\/uploads\/2024\/06\/age-diversity.png 735w, https:\/\/esg.ampcometal.com\/wp-content\/uploads\/2024\/06\/age-diversity-480x282.png 480w\" sizes=\"(min-width: 0px) and (max-width: 480px) 480px, (min-width: 481px) 735px, 100vw\" \/><\/div>\n<\/div>\n<p>[\/et_pb_toggle][et_pb_toggle title=\u00a0\u00bbBien-\u00eatre et s\u00e9curit\u00e9 des employ\u00e9s\u00a0\u00bb _builder_version=\u00a0\u00bb4.25.1&Prime; _module_preset=\u00a0\u00bbdefault\u00a0\u00bb global_colors_info=\u00a0\u00bb{}\u00a0\u00bb]<\/p>\n<p>AMPCO METAL s&rsquo;engage \u00e0 favoriser des relations durables avec les personnes et les institutions dans ses 19 implantations mondiales. Nous reconnaissons la responsabilit\u00e9 sociale au sein de notre entreprise, dans les communaut\u00e9s o\u00f9 nous op\u00e9rons et tout au long de nos cha\u00eenes d&rsquo;approvisionnement. <\/p>\n<p>Nous nous engageons \u00e0 respecter les droits du travail et les droits de l&rsquo;homme, \u00e0 garantir la sant\u00e9 et la s\u00e9curit\u00e9, \u00e0 favoriser la diversit\u00e9 et l&rsquo;int\u00e9gration, et \u00e0 offrir des chances \u00e9gales \u00e0 tous.<\/p>\n<p>En mettant l&rsquo;accent sur le bien-\u00eatre, nous pouvons aider nos employ\u00e9s \u00e0 maintenir ou \u00e0 accro\u00eetre leur engagement et leur productivit\u00e9. Par cons\u00e9quent, nous continuerons \u00e0 mettre l&rsquo;accent sur la sensibilisation de nos employ\u00e9s \u00e0 nos programmes et initiatives de bien-\u00eatre et \u00e0 les encourager \u00e0 y participer. <\/p>\n<p>Dans le cadre de notre engagement \u00e0 renforcer la responsabilit\u00e9 sociale des entreprises, nous avons fait appel \u00e0 un sp\u00e9cialiste tiers pour r\u00e9aliser un audit ISO 26000 sur nos principaux sites op\u00e9rationnels en Suisse, en France et aux Pays-Bas. Cet audit complet visait \u00e0 \u00e9valuer nos performances sociales et de gouvernance, en nous fournissant des informations pr\u00e9cieuses et des recommandations exploitables pour faire avancer nos initiatives en mati\u00e8re de d\u00e9veloppement durable. <\/p>\n<p>[\/et_pb_toggle][et_pb_toggle title=\u00a0\u00bbDocuments\u00a0\u00bb _builder_version=\u00a0\u00bb4.25.1&Prime; _module_preset=\u00a0\u00bbdefault\u00a0\u00bb locked=\u00a0\u00bboff\u00a0\u00bb global_colors_info=\u00a0\u00bb{}\u00a0\u00bb]<\/p>\n<p><a href=\"https:\/\/esg.ampcometal.com\/wp-content\/uploads\/2024\/06\/AMPCO-METAL-Global-ESG-Social-Policy.pdf\"><img loading=\"lazy\" decoding=\"async\" class=\"wp-image-357 size-full aligncenter\" src=\"https:\/\/esg.ampcometal.com\/wp-content\/uploads\/2024\/06\/download-social.png\" alt=\"\" width=\"693\" height=\"100\" srcset=\"https:\/\/esg.ampcometal.com\/wp-content\/uploads\/2024\/06\/download-social.png 693w, https:\/\/esg.ampcometal.com\/wp-content\/uploads\/2024\/06\/download-social-480x83.png 480w\" sizes=\"(min-width: 0px) and (max-width: 480px) 480px, (min-width: 481px) 693px, 100vw\" \/><\/a><\/p>\n<p>[\/et_pb_toggle][\/et_pb_column][\/et_pb_row][\/et_pb_section]<\/p>\n","protected":false},"excerpt":{"rendered":"<p>SocialResponsabilit\u00e9 socialeEn tant que membre actif de la soci\u00e9t\u00e9, AMPCO METAL s&rsquo;engage \u00e0 favoriser des relations durables avec les personnes et les institutions \u00e0 travers nos 19 sites mondiaux. Notre priorit\u00e9 est le bien-\u00eatre de nos employ\u00e9s. Conform\u00e9ment \u00e0 notre strat\u00e9gie globale de d\u00e9veloppement durable, nous assumons notre responsabilit\u00e9 sociale au sein de notre entreprise, [&hellip;]<\/p>\n","protected":false},"author":1,"featured_media":0,"parent":0,"menu_order":0,"comment_status":"closed","ping_status":"closed","template":"","meta":{"_et_pb_use_builder":"on","_et_pb_old_content":"","_et_gb_content_width":"","inline_featured_image":false,"footnotes":""},"difl_page_category":[],"class_list":["post-760","page","type-page","status-publish","hentry"],"_links":{"self":[{"href":"https:\/\/esg.ampcometal.com\/fr\/wp-json\/wp\/v2\/pages\/760","targetHints":{"allow":["GET"]}}],"collection":[{"href":"https:\/\/esg.ampcometal.com\/fr\/wp-json\/wp\/v2\/pages"}],"about":[{"href":"https:\/\/esg.ampcometal.com\/fr\/wp-json\/wp\/v2\/types\/page"}],"author":[{"embeddable":true,"href":"https:\/\/esg.ampcometal.com\/fr\/wp-json\/wp\/v2\/users\/1"}],"replies":[{"embeddable":true,"href":"https:\/\/esg.ampcometal.com\/fr\/wp-json\/wp\/v2\/comments?post=760"}],"version-history":[{"count":11,"href":"https:\/\/esg.ampcometal.com\/fr\/wp-json\/wp\/v2\/pages\/760\/revisions"}],"predecessor-version":[{"id":958,"href":"https:\/\/esg.ampcometal.com\/fr\/wp-json\/wp\/v2\/pages\/760\/revisions\/958"}],"wp:attachment":[{"href":"https:\/\/esg.ampcometal.com\/fr\/wp-json\/wp\/v2\/media?parent=760"}],"wp:term":[{"taxonomy":"difl_page_category","embeddable":true,"href":"https:\/\/esg.ampcometal.com\/fr\/wp-json\/wp\/v2\/difl_page_category?post=760"}],"curies":[{"name":"wp","href":"https:\/\/api.w.org\/{rel}","templated":true}]}}