{"id":610,"date":"2024-06-18T10:59:20","date_gmt":"2024-06-18T10:59:20","guid":{"rendered":"https:\/\/esg.ampcometal.com\/obiettivi-e-opportunita-future\/"},"modified":"2025-06-18T08:57:41","modified_gmt":"2025-06-18T08:57:41","slug":"obiettivi-e-opportunita-future","status":"publish","type":"page","link":"https:\/\/esg.ampcometal.com\/it\/obiettivi-e-opportunita-future\/","title":{"rendered":"Obiettivi e opportunit\u00e0 future"},"content":{"rendered":"<p>[et_pb_section fb_built=&#8221;1&#8243; custom_padding_last_edited=&#8221;on|tablet&#8221; _builder_version=&#8221;4.25.1&#8243; _module_preset=&#8221;default&#8221; background_color=&#8221;rgba(34,34,34,0.33)&#8221; background_image=&#8221;https:\/\/esg.ampcometal.com\/wp-content\/uploads\/2024\/06\/electric-charger-cars.jpg&#8221; background_blend=&#8221;overlay&#8221; custom_padding=&#8221;340px||86px||false|false&#8221; custom_padding_tablet=&#8221;200px||86px||false|false&#8221; custom_padding_phone=&#8221;150px||40px||false|false&#8221; hover_enabled=&#8221;0&#8243; global_colors_info=&#8221;{}&#8221; title_text=&#8221;Close up of electric car charging station&#8221; sticky_enabled=&#8221;0&#8243;][et_pb_row _builder_version=&#8221;4.25.1&#8243; _module_preset=&#8221;default&#8221; custom_padding=&#8221;7px|||||&#8221; hover_enabled=&#8221;0&#8243; global_colors_info=&#8221;{}&#8221; sticky_enabled=&#8221;0&#8243;][et_pb_column type=&#8221;4_4&#8243; _builder_version=&#8221;4.25.1&#8243; _module_preset=&#8221;default&#8221; global_colors_info=&#8221;{}&#8221;][et_pb_text _builder_version=&#8221;4.25.1&#8243; _module_preset=&#8221;default&#8221; text_font=&#8221;|&#8211;et_global_body_font_weight|||||||&#8221; text_text_color=&#8221;#FFFFFF&#8221; text_font_size=&#8221;28px&#8221; header_font=&#8221;|300|||||||&#8221; header_text_color=&#8221;#FFFFFF&#8221; header_font_size=&#8221;70px&#8221; header_line_height=&#8221;1.4em&#8221; text_orientation=&#8221;center&#8221; hover_enabled=&#8221;0&#8243; text_font_size_tablet=&#8221;24px&#8221; text_font_size_phone=&#8221;20px&#8221; text_font_size_last_edited=&#8221;on|tablet&#8221; text_line_height_tablet=&#8221;1.5em&#8221; text_line_height_phone=&#8221;1.5em&#8221; text_line_height_last_edited=&#8221;on|tablet&#8221; header_font_size_tablet=&#8221;54px&#8221; header_font_size_phone=&#8221;34px&#8221; header_font_size_last_edited=&#8221;on|tablet&#8221; text_text_shadow_style=&#8221;preset1&#8243; header_text_shadow_style=&#8221;preset1&#8243; global_colors_info=&#8221;{}&#8221; sticky_enabled=&#8221;0&#8243;]<\/p>\n<h1>Obiettivi e opportunit\u00e0 future<\/h1>\n<p>[\/et_pb_text][\/et_pb_column][\/et_pb_row][\/et_pb_section][et_pb_section fb_built=&#8221;1&#8243; _builder_version=&#8221;4.25.1&#8243; _module_preset=&#8221;default&#8221; custom_padding=&#8221;80px||60px||false|false&#8221; global_colors_info=&#8221;{}&#8221;][et_pb_row _builder_version=&#8221;4.25.1&#8243; _module_preset=&#8221;default&#8221; custom_padding=&#8221;0px|||||&#8221; global_colors_info=&#8221;{}&#8221;][et_pb_column type=&#8221;4_4&#8243; _builder_version=&#8221;4.25.1&#8243; _module_preset=&#8221;default&#8221; global_colors_info=&#8221;{}&#8221;][et_pb_text _builder_version=&#8221;4.25.1&#8243; _module_preset=&#8221;default&#8221; hover_enabled=&#8221;0&#8243; global_colors_info=&#8221;{}&#8221; sticky_enabled=&#8221;0&#8243;]<\/p>\n<p>Il rame e la sua importanza per l&#8217;economia circolare.<\/p>\n<p>Il rame \u00e8 parte integrante dell \u201ceconomia circolare grazie alla sua riciclabilit\u00e0 e alla minima perdita di propriet\u00e0 durante il processo di riciclaggio. Ecco i motivi principali per cui il rame \u00e8 fondamentale per l\u201d economia circolare: <\/p>\n<p>[\/et_pb_text][et_pb_toggle title=&#8221;Alta riciclabilit\u00e0&#8221; _builder_version=&#8221;4.25.1&#8243; _module_preset=&#8221;default&#8221; hover_enabled=&#8221;0&#8243; global_colors_info=&#8221;{}&#8221; sticky_enabled=&#8221;0&#8243;]Il rame pu\u00f2 essere riciclato ripetutamente senza che le sue propriet\u00e0 si degradino. Questo lo rende un materiale ideale per un \u201ceconomia circolare, in cui l\u201d obiettivo \u00e8 mantenere le risorse in uso il pi\u00f9 a lungo possibile. Il nostro obiettivo \u00e8 quello di superare l \u201cattuale tasso di riciclaggio, pari a circa il 40%, per arrivare all\u201d 80% e oltre.[\/et_pb_toggle][et_pb_toggle title=&#8221;Efficienza delle risorse&#8221; _builder_version=&#8221;4.25.1&#8243; _module_preset=&#8221;default&#8221; hover_enabled=&#8221;0&#8243; global_colors_info=&#8221;{}&#8221; sticky_enabled=&#8221;0&#8243;]Il riciclo del rame richiede una quantit\u00e0 di energia significativamente inferiore rispetto alla produzione primaria di rame dal minerale. Questo comporta un notevole risparmio energetico e una riduzione delle emissioni di gas serra, contribuendo a processi industriali pi\u00f9 sostenibili.[\/et_pb_toggle][et_pb_toggle title=&#8221;Riduzione dei rifiuti&#8221; _builder_version=&#8221;4.25.1&#8243; _module_preset=&#8221;default&#8221; hover_enabled=&#8221;0&#8243; global_colors_info=&#8221;{}&#8221; sticky_enabled=&#8221;0&#8243;]Riciclando il rame, i rifiuti vengono ridotti al minimo, riducendo la necessit\u00e0 di spazio in discarica e diminuendo l \u201cimpatto ambientale associato all\u201d estrazione mineraria e alle materie prime.[\/et_pb_toggle][et_pb_toggle title=&#8221;Valore economico&#8221; _builder_version=&#8221;4.25.1&#8243; _module_preset=&#8221;default&#8221; hover_enabled=&#8221;0&#8243; global_colors_info=&#8221;{}&#8221; sticky_enabled=&#8221;0&#8243;]Il rame riciclato mantiene un elevato valore economico, fornendo incentivi finanziari per il suo recupero e riutilizzo. Ci\u00f2 favorisce la sostenibilit\u00e0 economica creando posti di lavoro nell \u201cindustria del riciclo e riducendo i costi associati all\u201d approvvigionamento delle materie prime.[\/et_pb_toggle][et_pb_toggle title=&#8221;Supporto alle tecnologie verdi&#8221; _builder_version=&#8221;4.25.1&#8243; _module_preset=&#8221;default&#8221; hover_enabled=&#8221;0&#8243; global_colors_info=&#8221;{}&#8221; sticky_enabled=&#8221;0&#8243;]Il rame \u00e8 essenziale per lo sviluppo di tecnologie per le energie rinnovabili come turbine eoliche, pannelli solari e veicoli elettrici. La sua riciclabilit\u00e0 garantisce una fornitura sostenibile di questo materiale critico, supportando la transizione verso un&#8217;economia a basse emissioni di carbonio.[\/et_pb_toggle][et_pb_toggle title=&#8221;Sicurezza dei materiali&#8221; _builder_version=&#8221;4.25.1&#8243; _module_preset=&#8221;default&#8221; hover_enabled=&#8221;0&#8243; global_colors_info=&#8221;{}&#8221; sticky_enabled=&#8221;0&#8243;]Il riciclo del rame riduce la dipendenza dalle miniere, aumentando cos\u00ec la sicurezza dei materiali e garantendo una fornitura stabile di questa risorsa essenziale per le generazioni future.[\/et_pb_toggle][et_pb_text _builder_version=&#8221;4.25.1&#8243; _module_preset=&#8221;default&#8221; hover_enabled=&#8221;0&#8243; global_colors_info=&#8221;{}&#8221; sticky_enabled=&#8221;0&#8243;]In sintesi, l&#8217;elevata riciclabilit\u00e0 del rame, l&#8217;efficienza energetica nel riciclo e il ruolo cruciale nelle tecnologie verdi lo rendono una pietra miliare dell&#8217;economia circolare. Riciclando continuamente il rame, possiamo ottenere significativi benefici ambientali ed economici, contribuendo allo sviluppo sostenibile e alla conservazione delle risorse. [\/et_pb_text][\/et_pb_column][\/et_pb_row][\/et_pb_section]<\/p>\n","protected":false},"excerpt":{"rendered":"<p>Obiettivi e opportunit\u00e0 futureIl rame e la sua importanza per l&#8217;economia circolare. Il rame \u00e8 parte integrante dell \u201ceconomia circolare grazie alla sua riciclabilit\u00e0 e alla minima perdita di propriet\u00e0 durante il processo di riciclaggio. Ecco i motivi principali per cui il rame \u00e8 fondamentale per l\u201d economia circolare: Il rame pu\u00f2 essere riciclato ripetutamente [&hellip;]<\/p>\n","protected":false},"author":1,"featured_media":0,"parent":0,"menu_order":0,"comment_status":"closed","ping_status":"closed","template":"","meta":{"_et_pb_use_builder":"on","_et_pb_old_content":"","_et_gb_content_width":"","inline_featured_image":false,"footnotes":""},"difl_page_category":[],"class_list":["post-610","page","type-page","status-publish","hentry"],"_links":{"self":[{"href":"https:\/\/esg.ampcometal.com\/it\/wp-json\/wp\/v2\/pages\/610","targetHints":{"allow":["GET"]}}],"collection":[{"href":"https:\/\/esg.ampcometal.com\/it\/wp-json\/wp\/v2\/pages"}],"about":[{"href":"https:\/\/esg.ampcometal.com\/it\/wp-json\/wp\/v2\/types\/page"}],"author":[{"embeddable":true,"href":"https:\/\/esg.ampcometal.com\/it\/wp-json\/wp\/v2\/users\/1"}],"replies":[{"embeddable":true,"href":"https:\/\/esg.ampcometal.com\/it\/wp-json\/wp\/v2\/comments?post=610"}],"version-history":[{"count":2,"href":"https:\/\/esg.ampcometal.com\/it\/wp-json\/wp\/v2\/pages\/610\/revisions"}],"predecessor-version":[{"id":612,"href":"https:\/\/esg.ampcometal.com\/it\/wp-json\/wp\/v2\/pages\/610\/revisions\/612"}],"wp:attachment":[{"href":"https:\/\/esg.ampcometal.com\/it\/wp-json\/wp\/v2\/media?parent=610"}],"wp:term":[{"taxonomy":"difl_page_category","embeddable":true,"href":"https:\/\/esg.ampcometal.com\/it\/wp-json\/wp\/v2\/difl_page_category?post=610"}],"curies":[{"name":"wp","href":"https:\/\/api.w.org\/{rel}","templated":true}]}}