{"id":652,"date":"2024-06-12T13:09:58","date_gmt":"2024-06-12T13:09:58","guid":{"rendered":"https:\/\/esg.ampcometal.com\/gestione-della-sostenibilita\/"},"modified":"2025-06-18T09:07:23","modified_gmt":"2025-06-18T09:07:23","slug":"gestione-della-sostenibilita","status":"publish","type":"page","link":"https:\/\/esg.ampcometal.com\/it\/gestione-della-sostenibilita\/","title":{"rendered":"Gestione della sostenibilit\u00e0"},"content":{"rendered":"<p>[et_pb_section fb_built=&#8221;1&#8243; custom_padding_last_edited=&#8221;on|tablet&#8221; _builder_version=&#8221;4.25.1&#8243; _module_preset=&#8221;default&#8221; background_color=&#8221;rgba(34,34,34,0.33)&#8221; background_image=&#8221;https:\/\/esg.ampcometal.com\/wp-content\/uploads\/2024\/06\/sustainability-management.jpg&#8221; parallax=&#8221;on&#8221; background_blend=&#8221;overlay&#8221; custom_padding=&#8221;340px||86px||false|false&#8221; custom_padding_tablet=&#8221;200px||86px||false|false&#8221; custom_padding_phone=&#8221;150px||40px||false|false&#8221; global_colors_info=&#8221;{}&#8221;][et_pb_row _builder_version=&#8221;4.25.1&#8243; _module_preset=&#8221;default&#8221; custom_padding=&#8221;7px|||||&#8221; global_colors_info=&#8221;{}&#8221;][et_pb_column type=&#8221;4_4&#8243; _builder_version=&#8221;4.25.1&#8243; _module_preset=&#8221;default&#8221; global_colors_info=&#8221;{}&#8221;][et_pb_text _builder_version=&#8221;4.25.1&#8243; _module_preset=&#8221;default&#8221; text_font=&#8221;|&#8211;et_global_body_font_weight|||||||&#8221; text_text_color=&#8221;#FFFFFF&#8221; text_font_size=&#8221;28px&#8221; header_font=&#8221;|300|||||||&#8221; header_text_color=&#8221;#FFFFFF&#8221; header_font_size=&#8221;70px&#8221; header_line_height=&#8221;1.4em&#8221; text_orientation=&#8221;center&#8221; custom_padding=&#8221;||0px|||&#8221; text_font_size_tablet=&#8221;24px&#8221; text_font_size_phone=&#8221;20px&#8221; text_font_size_last_edited=&#8221;on|tablet&#8221; text_line_height_tablet=&#8221;1.5em&#8221; text_line_height_phone=&#8221;1.5em&#8221; text_line_height_last_edited=&#8221;on|tablet&#8221; header_font_size_tablet=&#8221;54px&#8221; header_font_size_phone=&#8221;34px&#8221; header_font_size_last_edited=&#8221;on|tablet&#8221; text_text_shadow_style=&#8221;preset1&#8243; header_text_shadow_style=&#8221;preset1&#8243; global_colors_info=&#8221;{}&#8221;]<\/p>\n<h1>Gestione della sostenibilit\u00e0<\/h1>\n<p>[\/et_pb_text][\/et_pb_column][\/et_pb_row][\/et_pb_section][et_pb_section fb_built=&#8221;1&#8243; _builder_version=&#8221;4.25.1&#8243; _module_preset=&#8221;default&#8221; custom_padding=&#8221;80px||60px||false|false&#8221; global_colors_info=&#8221;{}&#8221;][et_pb_row _builder_version=&#8221;4.25.1&#8243; _module_preset=&#8221;default&#8221; custom_padding=&#8221;0px|||||&#8221; global_colors_info=&#8221;{}&#8221;][et_pb_column type=&#8221;4_4&#8243; _builder_version=&#8221;4.25.1&#8243; _module_preset=&#8221;default&#8221; global_colors_info=&#8221;{}&#8221;][et_pb_text _builder_version=&#8221;4.25.1&#8243; _module_preset=&#8221;default&#8221; text_font=&#8221;|&#8211;et_global_body_font_weight|||||||&#8221; text_text_color=&#8221;#222222&#8243; text_font_size=&#8221;18px&#8221; text_line_height=&#8221;1.6em&#8221; header_text_color=&#8221;#222222&#8243; header_2_text_align=&#8221;center&#8221; header_2_text_color=&#8221;#222222&#8243; header_2_font_size=&#8221;36px&#8221; header_2_line_height=&#8221;1.3em&#8221; text_orientation=&#8221;center&#8221; width=&#8221;100%&#8221; module_alignment=&#8221;center&#8221; custom_margin=&#8221;||||false|false&#8221; hover_enabled=&#8221;0&#8243; locked=&#8221;off&#8221; global_colors_info=&#8221;{}&#8221; sticky_enabled=&#8221;0&#8243;]<\/p>\n<h2><span>La nostra visione e strategia<\/span><\/h2>\n<p>[\/et_pb_text][\/et_pb_column][\/et_pb_row][et_pb_row column_structure=&#8221;1_2,1_2&#8243; _builder_version=&#8221;4.25.1&#8243; _module_preset=&#8221;default&#8221; global_colors_info=&#8221;{}&#8221;][et_pb_column type=&#8221;1_2&#8243; _builder_version=&#8221;4.25.1&#8243; _module_preset=&#8221;default&#8221; global_colors_info=&#8221;{}&#8221;][et_pb_text _builder_version=&#8221;4.25.1&#8243; _module_preset=&#8221;default&#8221; global_colors_info=&#8221;{}&#8221;]<\/p>\n<p>Noi di AMPCO METAL ci impegniamo a integrare la sostenibilit\u00e0 in ogni aspetto della nostra attivit\u00e0. La nostra visione \u00e8 quella di essere leader nel settore della metallurgia del rame e dell \u201calluminio per quanto riguarda l\u201d eccellenza ESG. <\/p>\n<p>Abbiamo delineato un approccio in due fasi:<\/p>\n<p><strong>Fase 1:<\/strong> Garantire la conformit\u00e0 a tutti i requisiti legali in tutti i Paesi in cui le normative sono in evoluzione o in arrivo.<\/p>\n<p><strong>Fase 2:<\/strong> sviluppare una strategia ESG a lungo termine incentrata sulla creazione di valore per i clienti, sulla conformit\u00e0 alle normative e sul contributo agli sforzi globali per il clima.<\/p>\n<p>Prima di definire la strategia per la Fase 2, dobbiamo condurre un&#8217;analisi di mercato approfondita per capire quali aspetti ESG, oltre alla conformit\u00e0 legale, i clienti ritengono importanti per le loro attivit\u00e0.<\/p>\n<p>Con una chiara comprensione delle priorit\u00e0 dei clienti, come la riduzione dell \u201cambito 3 e l\u201d economia circolare, possiamo progettare i nostri prodotti, servizi e processi produttivi in modo da allinearci alle loro esigenze e aspettative.<span style=\"font-size: 14px;\"><\/span><\/p>\n<p>[\/et_pb_text][\/et_pb_column][et_pb_column type=&#8221;1_2&#8243; _builder_version=&#8221;4.25.1&#8243; _module_preset=&#8221;default&#8221; global_colors_info=&#8221;{}&#8221;][et_pb_text _builder_version=&#8221;4.25.1&#8243; _module_preset=&#8221;default&#8221; text_font_size=&#8221;55px&#8221; text_line_height=&#8221;1em&#8221; custom_padding=&#8221;|||20px|false|false&#8221; border_width_left=&#8221;7px&#8221; border_color_left=&#8221;#f89633&#8243; global_colors_info=&#8221;{}&#8221;]<\/p>\n<p><i>&#8220;Noi di AMPCO METAL sappiamo che essere perfetti fin dall \u2018inizio non \u00e8 l\u2019 obiettivo&#8221;.<\/i><\/p>\n<p>[\/et_pb_text][\/et_pb_column][\/et_pb_row][et_pb_row _builder_version=&#8221;4.25.1&#8243; _module_preset=&#8221;default&#8221; global_colors_info=&#8221;{}&#8221;][et_pb_column type=&#8221;4_4&#8243; _builder_version=&#8221;4.25.1&#8243; _module_preset=&#8221;default&#8221; global_colors_info=&#8221;{}&#8221;][et_pb_toggle title=&#8221;Risultati&#8221; _builder_version=&#8221;4.25.1&#8243; _module_preset=&#8221;default&#8221; global_colors_info=&#8221;{}&#8221;]<\/p>\n<p>Nel 2023 abbiamo iniziato il nostro percorso ESG con una fase di scoperta, conducendo un&#8217;analisi delle lacune per comprendere il panorama normativo e identificare gli argomenti rilevanti per la nostra attivit\u00e0. Abbiamo intrapreso una valutazione completa del ciclo di vita (LCA) per misurare le nostre emissioni di carbonio, oltre a una dettagliata valutazione del rischio normativo e un&#8217;analisi dei costi per valutare l&#8217;impatto sulla nostra catena di valore a livello globale. Per valutare le nostre prestazioni in termini di CSR, abbiamo adottato gli standard ISO 26000 ed eseguito una valutazione in loco delle nostre attivit\u00e0. Questi sforzi fondamentali sono stati essenziali per dare forma alla nostra strategia e alle nostre iniziative ESG.   <\/p>\n<p><a href=\"https:\/\/esg.ampcometal.com\/wp-content\/uploads\/2024\/06\/achievements-new.png\"><img loading=\"lazy\" decoding=\"async\" class=\"wp-image-326 aligncenter size-full\" src=\"https:\/\/esg.ampcometal.com\/wp-content\/uploads\/2024\/06\/achievements-new.png\" alt=\"\" width=\"1853\" height=\"744\" style=\"display: block; margin-left: auto; margin-right: auto;\" srcset=\"https:\/\/esg.ampcometal.com\/wp-content\/uploads\/2024\/06\/achievements-new.png 1853w, https:\/\/esg.ampcometal.com\/wp-content\/uploads\/2024\/06\/achievements-new-1280x514.png 1280w, https:\/\/esg.ampcometal.com\/wp-content\/uploads\/2024\/06\/achievements-new-980x393.png 980w, https:\/\/esg.ampcometal.com\/wp-content\/uploads\/2024\/06\/achievements-new-480x193.png 480w\" sizes=\"(min-width: 0px) and (max-width: 480px) 480px, (min-width: 481px) and (max-width: 980px) 980px, (min-width: 981px) and (max-width: 1280px) 1280px, (min-width: 1281px) 1853px, 100vw\" \/><\/a><\/p>\n<p>[\/et_pb_toggle][et_pb_toggle title=&#8221;Obiettivi a breve termine&#8221; _builder_version=&#8221;4.25.1&#8243; _module_preset=&#8221;default&#8221; global_colors_info=&#8221;{}&#8221;]<\/p>\n<p>I nostri obiettivi strategici sono concepiti per far progredire il nostro programma di sostenibilit\u00e0 in modo iterativo, integrando le considerazioni ESG nelle nostre operazioni quotidiane. Ci sforziamo di bilanciare le azioni immediate con i nostri obiettivi a lungo termine, assicurando che il nostro impegno verso la tutela dell&#8217;ambiente, la responsabilit\u00e0 sociale e una solida governance si rifletta in ogni aspetto della nostra attivit\u00e0. <\/p>\n<p><img loading=\"lazy\" decoding=\"async\" src=\"https:\/\/esg.ampcometal.com\/wp-content\/uploads\/2024\/06\/Short-term-objectives.png\" width=\"1882\" height=\"1171\" alt=\"\" class=\"wp-image-298 alignnone size-full\" style=\"display: block; margin-left: auto; margin-right: auto;\" srcset=\"https:\/\/esg.ampcometal.com\/wp-content\/uploads\/2024\/06\/Short-term-objectives.png 1882w, https:\/\/esg.ampcometal.com\/wp-content\/uploads\/2024\/06\/Short-term-objectives-1280x796.png 1280w, https:\/\/esg.ampcometal.com\/wp-content\/uploads\/2024\/06\/Short-term-objectives-980x610.png 980w, https:\/\/esg.ampcometal.com\/wp-content\/uploads\/2024\/06\/Short-term-objectives-480x299.png 480w\" sizes=\"(min-width: 0px) and (max-width: 480px) 480px, (min-width: 481px) and (max-width: 980px) 980px, (min-width: 981px) and (max-width: 1280px) 1280px, (min-width: 1281px) 1882px, 100vw\" \/><\/p>\n<p>[\/et_pb_toggle][et_pb_toggle title=&#8221;Tabella di marcia a lungo termine&#8221; _builder_version=&#8221;4.25.1&#8243; _module_preset=&#8221;default&#8221; global_colors_info=&#8221;{}&#8221;]<\/p>\n<p>AMPCO METAL si impegna a perseguire ambiziosi obiettivi ESG a lungo termine, guidati dal valore del cliente e dagli obiettivi Net Zero. Entro il 2030, intendiamo allinearci agli obiettivi dell&#8217;Accordo di Parigi, ottenendo una riduzione del 45% delle emissioni come parte del nostro obiettivo di raggiungere le emissioni nette zero entro il 2050. Questo percorso riflette la nostra dedizione alla sostenibilit\u00e0 e alla responsabilit\u00e0 ambientale, integrando profondamente questi principi nella nostra strategia aziendale.  <\/p>\n<p><img loading=\"lazy\" decoding=\"async\" src=\"https:\/\/esg.ampcometal.com\/wp-content\/uploads\/2024\/06\/long-term-roadmap.png\" width=\"1420\" height=\"612\" alt=\"\" class=\"wp-image-240 alignnone size-full\" style=\"display: block; margin-left: auto; margin-right: auto;\" srcset=\"https:\/\/esg.ampcometal.com\/wp-content\/uploads\/2024\/06\/long-term-roadmap.png 1420w, https:\/\/esg.ampcometal.com\/wp-content\/uploads\/2024\/06\/long-term-roadmap-1280x552.png 1280w, https:\/\/esg.ampcometal.com\/wp-content\/uploads\/2024\/06\/long-term-roadmap-980x422.png 980w, https:\/\/esg.ampcometal.com\/wp-content\/uploads\/2024\/06\/long-term-roadmap-480x207.png 480w\" sizes=\"(min-width: 0px) and (max-width: 480px) 480px, (min-width: 481px) and (max-width: 980px) 980px, (min-width: 981px) and (max-width: 1280px) 1280px, (min-width: 1281px) 1420px, 100vw\" \/><\/p>\n<p>[\/et_pb_toggle][et_pb_toggle title=&#8221;Gestione della sostenibilit\u00e0&#8221; _builder_version=&#8221;4.25.1&#8243; _module_preset=&#8221;default&#8221; global_colors_info=&#8221;{}&#8221;]<\/p>\n<p>AMPCO METAL ha sviluppato un quadro per la gestione della sostenibilit\u00e0 che integra le considerazioni ambientali, sociali e di governance (ESG) nella nostra strategia aziendale e nelle nostre operazioni. Questo quadro \u00e8 strutturato in cinque fasi chiave: <\/p>\n<p><img loading=\"lazy\" decoding=\"async\" src=\"https:\/\/esg.ampcometal.com\/wp-content\/uploads\/2024\/06\/new-diagram-sustainability-management.png\" width=\"1024\" height=\"768\" alt=\"\" class=\"wp-image-299 alignnone size-full\" style=\"display: block; margin-left: auto; margin-right: auto;\" srcset=\"https:\/\/esg.ampcometal.com\/wp-content\/uploads\/2024\/06\/new-diagram-sustainability-management.png 1024w, https:\/\/esg.ampcometal.com\/wp-content\/uploads\/2024\/06\/new-diagram-sustainability-management-980x735.png 980w, https:\/\/esg.ampcometal.com\/wp-content\/uploads\/2024\/06\/new-diagram-sustainability-management-480x360.png 480w\" sizes=\"(min-width: 0px) and (max-width: 480px) 480px, (min-width: 481px) and (max-width: 980px) 980px, (min-width: 981px) 1024px, 100vw\" \/><\/p>\n<p>[\/et_pb_toggle][\/et_pb_column][\/et_pb_row][\/et_pb_section]<\/p>\n","protected":false},"excerpt":{"rendered":"<p>Gestione della sostenibilit\u00e0La nostra visione e strategiaNoi di AMPCO METAL ci impegniamo a integrare la sostenibilit\u00e0 in ogni aspetto della nostra attivit\u00e0. La nostra visione \u00e8 quella di essere leader nel settore della metallurgia del rame e dell \u201calluminio per quanto riguarda l\u201d eccellenza ESG. Abbiamo delineato un approccio in due fasi: Fase 1: Garantire [&hellip;]<\/p>\n","protected":false},"author":1,"featured_media":0,"parent":0,"menu_order":0,"comment_status":"closed","ping_status":"closed","template":"","meta":{"_et_pb_use_builder":"on","_et_pb_old_content":"","_et_gb_content_width":"","inline_featured_image":false,"footnotes":""},"difl_page_category":[],"class_list":["post-652","page","type-page","status-publish","hentry"],"_links":{"self":[{"href":"https:\/\/esg.ampcometal.com\/it\/wp-json\/wp\/v2\/pages\/652","targetHints":{"allow":["GET"]}}],"collection":[{"href":"https:\/\/esg.ampcometal.com\/it\/wp-json\/wp\/v2\/pages"}],"about":[{"href":"https:\/\/esg.ampcometal.com\/it\/wp-json\/wp\/v2\/types\/page"}],"author":[{"embeddable":true,"href":"https:\/\/esg.ampcometal.com\/it\/wp-json\/wp\/v2\/users\/1"}],"replies":[{"embeddable":true,"href":"https:\/\/esg.ampcometal.com\/it\/wp-json\/wp\/v2\/comments?post=652"}],"version-history":[{"count":6,"href":"https:\/\/esg.ampcometal.com\/it\/wp-json\/wp\/v2\/pages\/652\/revisions"}],"predecessor-version":[{"id":689,"href":"https:\/\/esg.ampcometal.com\/it\/wp-json\/wp\/v2\/pages\/652\/revisions\/689"}],"wp:attachment":[{"href":"https:\/\/esg.ampcometal.com\/it\/wp-json\/wp\/v2\/media?parent=652"}],"wp:term":[{"taxonomy":"difl_page_category","embeddable":true,"href":"https:\/\/esg.ampcometal.com\/it\/wp-json\/wp\/v2\/difl_page_category?post=652"}],"curies":[{"name":"wp","href":"https:\/\/api.w.org\/{rel}","templated":true}]}}