{"id":736,"date":"2024-06-12T13:16:25","date_gmt":"2024-06-12T13:16:25","guid":{"rendered":"https:\/\/esg.ampcometal.com\/ambiente\/"},"modified":"2025-06-18T09:07:28","modified_gmt":"2025-06-18T09:07:28","slug":"ambiente","status":"publish","type":"page","link":"https:\/\/esg.ampcometal.com\/it\/ambiente\/","title":{"rendered":"Ambiente"},"content":{"rendered":"<p>[et_pb_section fb_built=&#8221;1&#8243; custom_padding_last_edited=&#8221;on|tablet&#8221; _builder_version=&#8221;4.25.1&#8243; _module_preset=&#8221;default&#8221; background_color=&#8221;rgba(34,34,34,0.33)&#8221; background_image=&#8221;https:\/\/esg.ampcometal.com\/wp-content\/uploads\/2024\/05\/switzerland_landscape_zermat.jpg&#8221; background_blend=&#8221;overlay&#8221; custom_padding=&#8221;340px||86px||false|false&#8221; custom_padding_tablet=&#8221;200px||86px||false|false&#8221; custom_padding_phone=&#8221;150px||40px||false|false&#8221; global_colors_info=&#8221;{}&#8221;][et_pb_row _builder_version=&#8221;4.25.1&#8243; _module_preset=&#8221;default&#8221; custom_padding=&#8221;7px|||||&#8221; global_colors_info=&#8221;{}&#8221;][et_pb_column type=&#8221;4_4&#8243; _builder_version=&#8221;4.25.1&#8243; _module_preset=&#8221;default&#8221; global_colors_info=&#8221;{}&#8221;][et_pb_text _builder_version=&#8221;4.25.1&#8243; _module_preset=&#8221;default&#8221; text_font=&#8221;|&#8211;et_global_body_font_weight|||||||&#8221; text_text_color=&#8221;#FFFFFF&#8221; text_font_size=&#8221;28px&#8221; header_font=&#8221;|300|||||||&#8221; header_text_color=&#8221;#FFFFFF&#8221; header_font_size=&#8221;70px&#8221; header_line_height=&#8221;1.4em&#8221; text_orientation=&#8221;center&#8221; text_font_size_tablet=&#8221;24px&#8221; text_font_size_phone=&#8221;20px&#8221; text_font_size_last_edited=&#8221;on|tablet&#8221; text_line_height_tablet=&#8221;1.5em&#8221; text_line_height_phone=&#8221;1.5em&#8221; text_line_height_last_edited=&#8221;on|tablet&#8221; header_font_size_tablet=&#8221;54px&#8221; header_font_size_phone=&#8221;34px&#8221; header_font_size_last_edited=&#8221;on|tablet&#8221; text_text_shadow_style=&#8221;preset1&#8243; header_text_shadow_style=&#8221;preset1&#8243; global_colors_info=&#8221;{}&#8221;]<\/p>\n<h1>Ambiente<\/h1>\n<p>[\/et_pb_text][\/et_pb_column][\/et_pb_row][\/et_pb_section][et_pb_section fb_built=&#8221;1&#8243; _builder_version=&#8221;4.25.1&#8243; _module_preset=&#8221;default&#8221; custom_padding=&#8221;80px||60px||false|false&#8221; global_colors_info=&#8221;{}&#8221;][et_pb_row _builder_version=&#8221;4.25.1&#8243; _module_preset=&#8221;default&#8221; custom_padding=&#8221;0px|||||&#8221; locked=&#8221;off&#8221; global_colors_info=&#8221;{}&#8221;][et_pb_column type=&#8221;4_4&#8243; _builder_version=&#8221;4.25.1&#8243; _module_preset=&#8221;default&#8221; global_colors_info=&#8221;{}&#8221;][et_pb_text _builder_version=&#8221;4.25.1&#8243; _module_preset=&#8221;default&#8221; text_font=&#8221;|&#8211;et_global_body_font_weight|||||||&#8221; text_text_color=&#8221;#222222&#8243; text_font_size=&#8221;18px&#8221; text_line_height=&#8221;1.6em&#8221; header_text_color=&#8221;#222222&#8243; header_2_text_align=&#8221;center&#8221; header_2_text_color=&#8221;#222222&#8243; header_2_font_size=&#8221;36px&#8221; header_2_line_height=&#8221;1.3em&#8221; text_orientation=&#8221;center&#8221; width=&#8221;100%&#8221; module_alignment=&#8221;center&#8221; custom_margin=&#8221;||||false|false&#8221; locked=&#8221;off&#8221; global_colors_info=&#8221;{}&#8221;]<\/p>\n<h2><span>Impatto ambientale delle nostre operazioni<\/span><\/h2>\n<p>[\/et_pb_text][\/et_pb_column][\/et_pb_row][et_pb_row column_structure=&#8221;1_2,1_2&#8243; _builder_version=&#8221;4.25.1&#8243; _module_preset=&#8221;default&#8221; locked=&#8221;off&#8221; global_colors_info=&#8221;{}&#8221;][et_pb_column type=&#8221;1_2&#8243; _builder_version=&#8221;4.25.1&#8243; _module_preset=&#8221;default&#8221; global_colors_info=&#8221;{}&#8221;][et_pb_text _builder_version=&#8221;4.25.1&#8243; _module_preset=&#8221;default&#8221; global_colors_info=&#8221;{}&#8221;]Il dialogo con gli stakeholder \u00e8 una pietra miliare della nostra strategia ESG. Abbiamo condotto una valutazione della materialit\u00e0 per identificare le questioni ESG pi\u00f9 importanti per i nostri stakeholder e per la nostra azienda. Questo processo ha comportato la consultazione di stakeholder interni ed esterni, tra cui dipendenti, clienti, fornitori, membri della comunit\u00e0 ed esperti del settore.[\/et_pb_text][\/et_pb_column][et_pb_column type=&#8221;1_2&#8243; _builder_version=&#8221;4.25.1&#8243; _module_preset=&#8221;default&#8221; global_colors_info=&#8221;{}&#8221;][et_pb_text _builder_version=&#8221;4.25.1&#8243; _module_preset=&#8221;default&#8221; text_text_color=&#8221;#f89633&#8243; text_font_size=&#8221;37px&#8221; text_line_height=&#8221;1em&#8221; custom_padding=&#8221;|||20px|false|false&#8221; border_width_left=&#8221;7px&#8221; border_color_left=&#8221;#f89633&#8243; global_colors_info=&#8221;{}&#8221;]<\/p>\n<p><i>\u201cIl dialogo con gli stakeholder \u00e8 una pietra miliare della nostra strategia ESG\u201d.<\/i><\/p>\n<p>[\/et_pb_text][\/et_pb_column][\/et_pb_row][et_pb_row _builder_version=&#8221;4.25.1&#8243; _module_preset=&#8221;default&#8221; custom_padding=&#8221;0px|||||&#8221; global_colors_info=&#8221;{}&#8221;][et_pb_column type=&#8221;4_4&#8243; _builder_version=&#8221;4.25.1&#8243; _module_preset=&#8221;default&#8221; global_colors_info=&#8221;{}&#8221;][et_pb_toggle title=&#8221;Iniziative ambientali&#8221; _builder_version=&#8221;4.25.1&#8243; _module_preset=&#8221;default&#8221; global_colors_info=&#8221;{}&#8221;]<\/p>\n<p>AMPCO METALLa politica ambientale dell \u201cazienda mira a ridurre al minimo l\u201d impatto ambientale delle nostre attivit\u00e0, a promuovere la sostenibilit\u00e0 e a garantire un uso responsabile delle risorse naturali.<\/p>\n<table border=\"1\" style=\"border-collapse: collapse; width: 100%; height: 192px;\">\n<tbody>\n<tr class=\"difl_datatableitem_0\">\n<th data-label=\"Topic\" class=\"df_dt_table_body_column_cell\" style=\"width: 14.2857%;\">Argomento<\/th>\n<th data-label=\"Measures Taken\" class=\"df_dt_table_body_column_cell\" style=\"width: 27.9039%;\">Misure adottate<\/th>\n<th data-label=\"Initiatives\" class=\"df_dt_table_body_column_cell\" style=\"width: 60.9509%;\">Iniziative<\/th>\n<th data-label=\"Status\" class=\"df_dt_table_body_column_cell\" style=\"width: 1.38122%;\">Stato di avanzamento<\/th>\n<\/tr>\n<tr class=\"difl_datatableitem_1\">\n<td data-label=\"Topic\" class=\"df_dt_table_body_column_cell\" style=\"width: 14.2857%;\">Valutazione del ciclo di vita<\/td>\n<td data-label=\"Measures Taken\" class=\"df_dt_table_body_column_cell\" style=\"width: 27.9039%;\">La nostra analisi del ciclo di vita (LCA) ha riguardato 19 diverse sedi in tutto il mondo, compresi i nostri principali impianti di produzione e gli uffici commerciali.<\/td>\n<td data-label=\"Initiatives\" class=\"df_dt_table_body_column_cell\" style=\"width: 60.9509%;\">Stabilire obiettivi basati sulla scienza (SBTi) per la riduzione delle emissioni, dando priorit\u00e0 alle aree a rischio C02 come la catena di approvvigionamento.<\/td>\n<td data-label=\"Status\" class=\"df_dt_table_body_column_cell\" style=\"width: 1.38122%;\"><img loading=\"lazy\" decoding=\"async\" src=\"https:\/\/esg.ampcometal.com\/wp-content\/uploads\/2024\/06\/in-progress-clock-150x150.png\" width=\"150\" height=\"150\" alt=\"\" class=\"wp-image-287 alignnone size-thumbnail\"><\/td>\n<\/tr>\n<tr class=\"difl_datatableitem_2\">\n<td data-label=\"Topic\" class=\"df_dt_table_body_column_cell\" style=\"width: 14.2857%;\">Argomenti materiali<\/td>\n<td data-label=\"Measures Taken\" class=\"df_dt_table_body_column_cell\" style=\"width: 27.9039%;\">Abbiamo condotto una valutazione di materialit\u00e0 per identificare le questioni ESG pi\u00f9 importanti per i nostri stakeholder e per la nostra attivit\u00e0.<\/td>\n<td data-label=\"Initiatives\" class=\"df_dt_table_body_column_cell\" style=\"width: 60.9509%;\">Sulla base della doppia valutazione della materialit\u00e0 e della definizione delle priorit\u00e0, AMPCO METAL sta concentrando i propri sforzi sulla risoluzione dei problemi principali. Questi temi hanno ottenuto i punteggi combinati pi\u00f9 alti, il che indica che hanno un impatto significativo e sono finanziariamente rilevanti per l&#8217;azienda. <\/td>\n<td data-label=\"Status\" class=\"df_dt_table_body_column_cell\" style=\"width: 1.38122%;\"><img loading=\"lazy\" decoding=\"async\" src=\"https:\/\/esg.ampcometal.com\/wp-content\/uploads\/2024\/06\/complete-check-150x150.png\" width=\"150\" height=\"150\" alt=\"\" class=\"wp-image-288 alignnone size-thumbnail\"><\/td>\n<\/tr>\n<tr class=\"difl_datatableitem_3\">\n<td data-label=\"Topic\" class=\"df_dt_table_body_column_cell\" style=\"width: 14.2857%;\">Obiettivi di Sviluppo Sostenibile dell \u201cONU<\/td>\n<td data-label=\"Measures Taken\" class=\"df_dt_table_body_column_cell\" style=\"width: 27.9039%;\">Contribuire a 5 SDG particolarmente rilevanti per l\u201d industria della produzione di rame e alluminio.<\/td>\n<td data-label=\"Initiatives\" class=\"df_dt_table_body_column_cell\" style=\"width: 60.9509%;\">SDG 7: Energia accessibile e pulita<br \/>SDG 9: Industria, innovazione e infrastrutture<br \/>SDG 12: Consumo e produzione responsabili<br \/>SDG 13: Azione per il clima<\/td>\n<td data-label=\"Status\" class=\"df_dt_table_body_column_cell\" style=\"width: 1.38122%;\"><img loading=\"lazy\" decoding=\"async\" src=\"https:\/\/esg.ampcometal.com\/wp-content\/uploads\/2024\/06\/in-progress-clock-150x150.png\" width=\"150\" height=\"150\" alt=\"\" class=\"wp-image-287 alignnone size-thumbnail\"><\/td>\n<\/tr>\n<tr class=\"difl_datatableitem_4\">\n<td data-label=\"Topic\" class=\"df_dt_table_body_column_cell\" style=\"width: 14.2857%;\">ISO50001<\/td>\n<td data-label=\"Measures Taken\" class=\"df_dt_table_body_column_cell\" style=\"width: 27.9039%;\">Implementazione degli standard di gestione energetica per il sito produttivo principale.<\/td>\n<td data-label=\"Initiatives\" class=\"df_dt_table_body_column_cell\" style=\"width: 60.9509%;\">Miglioramento dell \u201cefficienza energetica in tutta la catena di fornitura, risparmi sui costi, conformit\u00e0 alle normative, riduzione dell\u201d impronta di carbonio.<\/td>\n<td data-label=\"Status\" class=\"df_dt_table_body_column_cell\" style=\"width: 1.38122%;\"><img loading=\"lazy\" decoding=\"async\" src=\"https:\/\/esg.ampcometal.com\/wp-content\/uploads\/2024\/06\/in-progress-clock-150x150.png\" width=\"150\" height=\"150\" alt=\"\" class=\"wp-image-287 alignnone size-thumbnail\"><\/td>\n<\/tr>\n<tr class=\"difl_datatableitem_5\">\n<td data-label=\"Topic\" class=\"df_dt_table_body_column_cell\" style=\"width: 14.2857%;\">Valutazione del rischio normativo<\/td>\n<td data-label=\"Measures Taken\" class=\"df_dt_table_body_column_cell\" style=\"width: 27.9039%;\">Due diligence e valutazione del rischio<\/td>\n<td data-label=\"Initiatives\" class=\"df_dt_table_body_column_cell\" style=\"width: 60.9509%;\">Rapporto sulla conformit\u00e0 normativa obbligatoria nell&#8217;ambito di AMPCO METAL<\/td>\n<td data-label=\"Status\" class=\"df_dt_table_body_column_cell\" style=\"width: 1.38122%;\"><img loading=\"lazy\" decoding=\"async\" src=\"https:\/\/esg.ampcometal.com\/wp-content\/uploads\/2024\/06\/complete-check-150x150.png\" width=\"150\" height=\"150\" alt=\"\" class=\"wp-image-288 alignnone size-thumbnail\"><\/td>\n<\/tr>\n<tr class=\"difl_datatableitem_6\">\n<td data-label=\"Topic\" class=\"df_dt_table_body_column_cell\" style=\"width: 14.2857%;\">Coinvolgimento degli stakeholder<\/td>\n<td data-label=\"Measures Taken\" class=\"df_dt_table_body_column_cell\" style=\"width: 27.9039%;\">Eseguire una valutazione della matrice di Materialit\u00e0.<\/td>\n<td data-label=\"Initiatives\" class=\"df_dt_table_body_column_cell\" style=\"width: 60.9509%;\">Identificare gli argomenti rilevanti per l&#8217;azienda e stabilire le priorit\u00e0.<\/td>\n<td data-label=\"Status\" class=\"df_dt_table_body_column_cell\" style=\"width: 1.38122%;\"><img loading=\"lazy\" decoding=\"async\" src=\"https:\/\/esg.ampcometal.com\/wp-content\/uploads\/2024\/06\/complete-check-150x150.png\" width=\"150\" height=\"150\" alt=\"\" class=\"wp-image-288 alignnone size-thumbnail\"><\/td>\n<\/tr>\n<tr class=\"difl_datatableitem_7\">\n<td data-label=\"Topic\" class=\"df_dt_table_body_column_cell\" style=\"width: 14.2857%;\">CSRD<\/td>\n<td data-label=\"Measures Taken\" class=\"df_dt_table_body_column_cell\" style=\"width: 27.9039%;\">Garantire la conformit\u00e0 a tutte le normative ESG nei Paesi in cui operiamo.<\/td>\n<td data-label=\"Initiatives\" class=\"df_dt_table_body_column_cell\" style=\"width: 60.9509%;\">Sviluppare una struttura per raccogliere i dati per il rapporto CSRD nel gennaio 2026 (dati del 2025).<\/td>\n<td data-label=\"Status\" class=\"df_dt_table_body_column_cell\" style=\"width: 1.38122%;\"><img loading=\"lazy\" decoding=\"async\" src=\"https:\/\/esg.ampcometal.com\/wp-content\/uploads\/2024\/06\/in-progress-clock-150x150.png\" width=\"150\" height=\"150\" alt=\"\" class=\"wp-image-287 alignnone size-thumbnail\"><\/td>\n<\/tr>\n<\/tbody>\n<\/table>\n<p>[\/et_pb_toggle][et_pb_toggle title=&#8221;Impronta di carbonio aziendale&#8221; _builder_version=&#8221;4.25.1&#8243; _module_preset=&#8221;default&#8221; global_colors_info=&#8221;{}&#8221;]<\/p>\n<div class=\"footprintcontainer\">\n<div class=\"footprinttext\">\n<p>Le emissioni di gas serra (GHG) sono la questione ESG che ha un impatto pi\u00f9 significativo sui clienti di AMPCO METAL. Affrontare questo problema significa ridurre le emissioni, aumentare la trasparenza nella rendicontazione delle emissioni e dimostrare l&#8217;impegno per la decarbonizzazione della nostra catena di fornitura, in linea con le aspettative dei clienti e i requisiti normativi. Questa attenzione pu\u00f2 aiutare AMPCO METAL a rafforzare le relazioni con i clienti e a soddisfare la crescente domanda di prodotti sostenibili.  <\/p>\n<\/div>\n<div class=\"footprintimage\"><img decoding=\"async\" src=\"https:\/\/esg.ampcometal.com\/wp-content\/uploads\/2024\/06\/lca-chart.png\" width=\"720\" alt=\"\" class=\"wp-image-270 alignnone size-full\" srcset=\"https:\/\/esg.ampcometal.com\/wp-content\/uploads\/2024\/06\/lca-chart.png 1445w, https:\/\/esg.ampcometal.com\/wp-content\/uploads\/2024\/06\/lca-chart-1280x657.png 1280w, https:\/\/esg.ampcometal.com\/wp-content\/uploads\/2024\/06\/lca-chart-980x503.png 980w, https:\/\/esg.ampcometal.com\/wp-content\/uploads\/2024\/06\/lca-chart-480x246.png 480w\" sizes=\"(min-width: 0px) and (max-width: 480px) 480px, (min-width: 481px) and (max-width: 980px) 980px, (min-width: 981px) and (max-width: 1280px) 1280px, (min-width: 1281px) 1445px, 100vw\" \/><\/div>\n<\/div>\n<p>[\/et_pb_toggle][et_pb_toggle title=&#8221;Valutazione della materialit\u00e0&#8221; _builder_version=&#8221;4.25.1&#8243; _module_preset=&#8221;default&#8221; hover_enabled=&#8221;0&#8243; global_colors_info=&#8221;{}&#8221; sticky_enabled=&#8221;0&#8243;]<\/p>\n<p><a href=\"https:\/\/esg.ampcometal.com\/wp-content\/uploads\/2024\/06\/Materialities-matrix-scaled.jpg\"><img loading=\"lazy\" decoding=\"async\" src=\"https:\/\/esg.ampcometal.com\/wp-content\/uploads\/2024\/06\/Materialities-matrix-1024x713.jpg\" width=\"1024\" height=\"713\" alt=\"\" class=\"wp-image-389 alignnone size-large\" srcset=\"https:\/\/esg.ampcometal.com\/wp-content\/uploads\/2024\/06\/Materialities-matrix-980x682.jpg 980w, https:\/\/esg.ampcometal.com\/wp-content\/uploads\/2024\/06\/Materialities-matrix-480x334.jpg 480w\" sizes=\"(min-width: 0px) and (max-width: 480px) 480px, (min-width: 481px) and (max-width: 980px) 980px, (min-width: 981px) 1024px, 100vw\" \/><\/a><\/p>\n<p>[\/et_pb_toggle][et_pb_toggle title=&#8221;Punteggio delle questioni materiali ESG&#8221; _builder_version=&#8221;4.25.1&#8243; _module_preset=&#8221;default&#8221; hover_enabled=&#8221;0&#8243; global_colors_info=&#8221;{}&#8221; sticky_enabled=&#8221;0&#8243;]<\/p>\n<p>In base alla doppia valutazione della materialit\u00e0 e alla definizione delle priorit\u00e0, AMPCO METAL dovrebbe concentrare i propri sforzi sulla risoluzione dei problemi principali. Questi temi hanno ottenuto i punteggi combinati pi\u00f9 alti, il che indica che hanno un impatto significativo e sono finanziariamente rilevanti per l&#8217;azienda. <\/p>\n<p><img loading=\"lazy\" decoding=\"async\" src=\"https:\/\/esg.ampcometal.com\/wp-content\/uploads\/2024\/06\/esg-table.png\" width=\"1087\" height=\"576\" alt=\"\" class=\"wp-image-391 aligncenter size-full\" srcset=\"https:\/\/esg.ampcometal.com\/wp-content\/uploads\/2024\/06\/esg-table.png 1087w, https:\/\/esg.ampcometal.com\/wp-content\/uploads\/2024\/06\/esg-table-980x519.png 980w, https:\/\/esg.ampcometal.com\/wp-content\/uploads\/2024\/06\/esg-table-480x254.png 480w\" sizes=\"(min-width: 0px) and (max-width: 480px) 480px, (min-width: 481px) and (max-width: 980px) 980px, (min-width: 981px) 1087px, 100vw\" \/><\/p>\n<p>[\/et_pb_toggle][et_pb_toggle title=&#8221;SDG&#8221; _builder_version=&#8221;4.25.1&#8243; _module_preset=&#8221;default&#8221; global_colors_info=&#8221;{}&#8221;]<\/p>\n<p>Per le nostre attivit\u00e0 globali, gli Obiettivi di Sviluppo Sostenibile (SDG) sono particolarmente rilevanti per AMPCO METAL. Di seguito sono riportati gli SDG pi\u00f9 rilevanti e il modo in cui si riferiscono alle attivit\u00e0 della nostra azienda. <\/p>\n<p>&nbsp;<\/p>\n<\/p>\n<p><center><img loading=\"lazy\" decoding=\"async\" class=\"wp-image-196 size-full\" src=\"https:\/\/esg.ampcometal.com\/wp-content\/uploads\/2024\/05\/sdg-7.png\" alt=\"\" width=\"135\" height=\"135\" srcset=\"https:\/\/esg.ampcometal.com\/wp-content\/uploads\/2024\/05\/sdg-7-1280x1280.png 1280w, https:\/\/esg.ampcometal.com\/wp-content\/uploads\/2024\/05\/sdg-7-980x980.png 980w, https:\/\/esg.ampcometal.com\/wp-content\/uploads\/2024\/05\/sdg-7-480x480.png 480w\" sizes=\"(min-width: 0px) and (max-width: 480px) 480px, (min-width: 481px) and (max-width: 980px) 980px, (min-width: 981px) and (max-width: 1280px) 1280px, 100vw\" \/><img loading=\"lazy\" decoding=\"async\" class=\"wp-image-195 size-full\" src=\"https:\/\/esg.ampcometal.com\/wp-content\/uploads\/2024\/05\/sdg-9.png\" alt=\"\" width=\"135\" height=\"135\" srcset=\"https:\/\/esg.ampcometal.com\/wp-content\/uploads\/2024\/05\/sdg-9-1280x1280.png 1280w, https:\/\/esg.ampcometal.com\/wp-content\/uploads\/2024\/05\/sdg-9-980x980.png 980w, https:\/\/esg.ampcometal.com\/wp-content\/uploads\/2024\/05\/sdg-9-480x480.png 480w\" sizes=\"(min-width: 0px) and (max-width: 480px) 480px, (min-width: 481px) and (max-width: 980px) 980px, (min-width: 981px) and (max-width: 1280px) 1280px, 100vw\" \/><img loading=\"lazy\" decoding=\"async\" class=\"wp-image-194 size-full\" src=\"https:\/\/esg.ampcometal.com\/wp-content\/uploads\/2024\/05\/sdg-12.png\" alt=\"\" width=\"135\" height=\"135\" srcset=\"https:\/\/esg.ampcometal.com\/wp-content\/uploads\/2024\/05\/sdg-12-1280x1280.png 1280w, https:\/\/esg.ampcometal.com\/wp-content\/uploads\/2024\/05\/sdg-12-980x980.png 980w, https:\/\/esg.ampcometal.com\/wp-content\/uploads\/2024\/05\/sdg-12-480x480.png 480w\" sizes=\"(min-width: 0px) and (max-width: 480px) 480px, (min-width: 481px) and (max-width: 980px) 980px, (min-width: 981px) and (max-width: 1280px) 1280px, 100vw\" \/><img loading=\"lazy\" decoding=\"async\" class=\"wp-image-193 size-full\" src=\"https:\/\/esg.ampcometal.com\/wp-content\/uploads\/2024\/05\/sdg-13.png\" alt=\"\" width=\"135\" height=\"135\" srcset=\"https:\/\/esg.ampcometal.com\/wp-content\/uploads\/2024\/05\/sdg-13-1280x1280.png 1280w, https:\/\/esg.ampcometal.com\/wp-content\/uploads\/2024\/05\/sdg-13-980x980.png 980w, https:\/\/esg.ampcometal.com\/wp-content\/uploads\/2024\/05\/sdg-13-480x480.png 480w\" sizes=\"(min-width: 0px) and (max-width: 480px) 480px, (min-width: 481px) and (max-width: 980px) 980px, (min-width: 981px) and (max-width: 1280px) 1280px, 100vw\" \/><\/center>[\/et_pb_toggle][et_pb_toggle title=&#8221;Documenti&#8221; _builder_version=&#8221;4.25.1&#8243; _module_preset=&#8221;default&#8221; global_colors_info=&#8221;{}&#8221;]<\/p>\n<p> <a href=\"https:\/\/esg.ampcometal.com\/wp-content\/uploads\/2024\/06\/AMPCO-METAL-Global-ESG-Environment-Policy.pdf\"><img loading=\"lazy\" decoding=\"async\" src=\"https:\/\/esg.ampcometal.com\/wp-content\/uploads\/2024\/06\/download-environment.png\" width=\"694\" height=\"101\" alt=\"\" class=\"wp-image-358 alignnone size-full\" style=\"display: block; margin-left: auto; margin-right: auto;\" srcset=\"https:\/\/esg.ampcometal.com\/wp-content\/uploads\/2024\/06\/download-environment.png 694w, https:\/\/esg.ampcometal.com\/wp-content\/uploads\/2024\/06\/download-environment-480x70.png 480w\" sizes=\"(min-width: 0px) and (max-width: 480px) 480px, (min-width: 481px) 694px, 100vw\" \/><\/a><\/p>\n<p>[\/et_pb_toggle][\/et_pb_column][\/et_pb_row][\/et_pb_section]<\/p>\n","protected":false},"excerpt":{"rendered":"<p>AmbienteImpatto ambientale delle nostre operazioniIl dialogo con gli stakeholder \u00e8 una pietra miliare della nostra strategia ESG. Abbiamo condotto una valutazione della materialit\u00e0 per identificare le questioni ESG pi\u00f9 importanti per i nostri stakeholder e per la nostra azienda. Questo processo ha comportato la consultazione di stakeholder interni ed esterni, tra cui dipendenti, clienti, fornitori, [&hellip;]<\/p>\n","protected":false},"author":1,"featured_media":0,"parent":0,"menu_order":0,"comment_status":"closed","ping_status":"closed","template":"","meta":{"_et_pb_use_builder":"on","_et_pb_old_content":"","_et_gb_content_width":"","inline_featured_image":false,"footnotes":""},"difl_page_category":[],"class_list":["post-736","page","type-page","status-publish","hentry"],"_links":{"self":[{"href":"https:\/\/esg.ampcometal.com\/it\/wp-json\/wp\/v2\/pages\/736","targetHints":{"allow":["GET"]}}],"collection":[{"href":"https:\/\/esg.ampcometal.com\/it\/wp-json\/wp\/v2\/pages"}],"about":[{"href":"https:\/\/esg.ampcometal.com\/it\/wp-json\/wp\/v2\/types\/page"}],"author":[{"embeddable":true,"href":"https:\/\/esg.ampcometal.com\/it\/wp-json\/wp\/v2\/users\/1"}],"replies":[{"embeddable":true,"href":"https:\/\/esg.ampcometal.com\/it\/wp-json\/wp\/v2\/comments?post=736"}],"version-history":[{"count":1,"href":"https:\/\/esg.ampcometal.com\/it\/wp-json\/wp\/v2\/pages\/736\/revisions"}],"predecessor-version":[{"id":740,"href":"https:\/\/esg.ampcometal.com\/it\/wp-json\/wp\/v2\/pages\/736\/revisions\/740"}],"wp:attachment":[{"href":"https:\/\/esg.ampcometal.com\/it\/wp-json\/wp\/v2\/media?parent=736"}],"wp:term":[{"taxonomy":"difl_page_category","embeddable":true,"href":"https:\/\/esg.ampcometal.com\/it\/wp-json\/wp\/v2\/difl_page_category?post=736"}],"curies":[{"name":"wp","href":"https:\/\/api.w.org\/{rel}","templated":true}]}}