{"id":741,"date":"2024-06-18T10:28:56","date_gmt":"2024-06-18T10:28:56","guid":{"rendered":"https:\/\/esg.ampcometal.com\/sociale\/"},"modified":"2025-06-18T09:07:28","modified_gmt":"2025-06-18T09:07:28","slug":"sociale","status":"publish","type":"page","link":"https:\/\/esg.ampcometal.com\/it\/sociale\/","title":{"rendered":"Sociale"},"content":{"rendered":"<p>[et_pb_section fb_built=&#8221;1&#8243; custom_padding_last_edited=&#8221;on|tablet&#8221; _builder_version=&#8221;4.25.1&#8243; _module_preset=&#8221;default&#8221; background_color=&#8221;rgba(34,34,34,0.33)&#8221; background_image=&#8221;https:\/\/esg.ampcometal.com\/wp-content\/uploads\/2024\/05\/social_bike_to_work_initiative.jpg&#8221; background_blend=&#8221;overlay&#8221; custom_padding=&#8221;340px||86px||false|false&#8221; custom_padding_tablet=&#8221;200px||86px||false|false&#8221; custom_padding_phone=&#8221;150px||40px||false|false&#8221; global_colors_info=&#8221;{}&#8221;][et_pb_row _builder_version=&#8221;4.25.1&#8243; _module_preset=&#8221;default&#8221; custom_padding=&#8221;7px|||||&#8221; global_colors_info=&#8221;{}&#8221;][et_pb_column type=&#8221;4_4&#8243; _builder_version=&#8221;4.25.1&#8243; _module_preset=&#8221;default&#8221; global_colors_info=&#8221;{}&#8221;][et_pb_text _builder_version=&#8221;4.25.1&#8243; _module_preset=&#8221;default&#8221; text_font=&#8221;|&#8211;et_global_body_font_weight|||||||&#8221; text_text_color=&#8221;#FFFFFF&#8221; text_font_size=&#8221;28px&#8221; header_font=&#8221;|300|||||||&#8221; header_text_color=&#8221;#FFFFFF&#8221; header_font_size=&#8221;70px&#8221; header_line_height=&#8221;1.4em&#8221; text_orientation=&#8221;center&#8221; text_font_size_tablet=&#8221;24px&#8221; text_font_size_phone=&#8221;20px&#8221; text_font_size_last_edited=&#8221;on|tablet&#8221; text_line_height_tablet=&#8221;1.5em&#8221; text_line_height_phone=&#8221;1.5em&#8221; text_line_height_last_edited=&#8221;on|tablet&#8221; header_font_size_tablet=&#8221;54px&#8221; header_font_size_phone=&#8221;34px&#8221; header_font_size_last_edited=&#8221;on|tablet&#8221; text_text_shadow_style=&#8221;preset1&#8243; header_text_shadow_style=&#8221;preset1&#8243; global_colors_info=&#8221;{}&#8221;]<\/p>\n<h1>Sociale<\/h1>\n<p>[\/et_pb_text][\/et_pb_column][\/et_pb_row][\/et_pb_section][et_pb_section fb_built=&#8221;1&#8243; _builder_version=&#8221;4.25.1&#8243; _module_preset=&#8221;default&#8221; custom_padding=&#8221;80px||60px||false|false&#8221; global_colors_info=&#8221;{}&#8221;][et_pb_row _builder_version=&#8221;4.25.1&#8243; _module_preset=&#8221;default&#8221; custom_padding=&#8221;0px|||||&#8221; locked=&#8221;off&#8221; global_colors_info=&#8221;{}&#8221;][et_pb_column type=&#8221;4_4&#8243; _builder_version=&#8221;4.25.1&#8243; _module_preset=&#8221;default&#8221; global_colors_info=&#8221;{}&#8221;][et_pb_text _builder_version=&#8221;4.25.1&#8243; _module_preset=&#8221;default&#8221; text_font=&#8221;|&#8211;et_global_body_font_weight|||||||&#8221; text_text_color=&#8221;#222222&#8243; text_font_size=&#8221;18px&#8221; text_line_height=&#8221;1.6em&#8221; header_text_color=&#8221;#222222&#8243; header_2_text_align=&#8221;center&#8221; header_2_text_color=&#8221;#222222&#8243; header_2_font_size=&#8221;36px&#8221; header_2_line_height=&#8221;1.3em&#8221; text_orientation=&#8221;center&#8221; width=&#8221;100%&#8221; module_alignment=&#8221;center&#8221; custom_margin=&#8221;||||false|false&#8221; locked=&#8221;off&#8221; global_colors_info=&#8221;{}&#8221;]<\/p>\n<h2>Responsabilit\u00e0 sociale<\/h2>\n<p>[\/et_pb_text][\/et_pb_column][\/et_pb_row][et_pb_row column_structure=&#8221;1_2,1_2&#8243; _builder_version=&#8221;4.25.1&#8243; _module_preset=&#8221;default&#8221; locked=&#8221;off&#8221; global_colors_info=&#8221;{}&#8221;][et_pb_column type=&#8221;1_2&#8243; _builder_version=&#8221;4.25.1&#8243; _module_preset=&#8221;default&#8221; global_colors_info=&#8221;{}&#8221;][et_pb_text _builder_version=&#8221;4.25.1&#8243; _module_preset=&#8221;default&#8221; global_colors_info=&#8221;{}&#8221;]<\/p>\n<p>In quanto parte attiva della societ\u00e0, AMPCO METAL si impegna a promuovere relazioni sostenibili con persone e istituzioni nelle nostre 19 sedi globali. La nostra priorit\u00e0 \u00e8 il benessere dei nostri dipendenti. In linea con la nostra strategia globale di sostenibilit\u00e0, ci assumiamo la responsabilit\u00e0 sociale all \u201cinterno della nostra azienda, nelle nostre comunit\u00e0 e nelle nostre catene di fornitura. Rispettiamo i diritti umani e del lavoro, ci impegniamo per la salute e la sicurezza, promuoviamo la diversit\u00e0 e l\u201d inclusione e garantiamo le pari opportunit\u00e0.   <\/p>\n<p>[\/et_pb_text][\/et_pb_column][et_pb_column type=&#8221;1_2&#8243; _builder_version=&#8221;4.25.1&#8243; _module_preset=&#8221;default&#8221; global_colors_info=&#8221;{}&#8221;][et_pb_text _builder_version=&#8221;4.25.1&#8243; _module_preset=&#8221;default&#8221; text_text_color=&#8221;#f89633&#8243; text_font_size=&#8221;39px&#8221; text_line_height=&#8221;1em&#8221; custom_padding=&#8221;|||20px|false|false&#8221; border_width_left=&#8221;7px&#8221; border_color_left=&#8221;#f89633&#8243; global_colors_info=&#8221;{}&#8221;]<\/p>\n<p><i>&#8220;Ci assumiamo la responsabilit\u00e0 sociale all&#8217;interno della nostra azienda, nelle nostre comunit\u00e0 e in tutte le nostre catene di fornitura.&#8221;<\/i><\/p>\n<p>[\/et_pb_text][\/et_pb_column][\/et_pb_row][et_pb_row _builder_version=&#8221;4.25.1&#8243; _module_preset=&#8221;default&#8221; custom_padding=&#8221;0px|||||&#8221; global_colors_info=&#8221;{}&#8221;][et_pb_column type=&#8221;4_4&#8243; _builder_version=&#8221;4.25.1&#8243; _module_preset=&#8221;default&#8221; global_colors_info=&#8221;{}&#8221;][et_pb_toggle title=&#8221;Iniziative sociali&#8221; _builder_version=&#8221;4.25.1&#8243; _module_preset=&#8221;default&#8221; hover_enabled=&#8221;0&#8243; global_colors_info=&#8221;{}&#8221; sticky_enabled=&#8221;0&#8243;]<\/p>\n<p>AMPCO METAL La politica sociale consiste nel promuovere pratiche di lavoro eque, garantire un luogo di lavoro sicuro e sano, sostenere lo sviluppo della comunit\u00e0 e promuovere la diversit\u00e0 e l&#8217;inclusione.<\/p>\n<table border=\"1\" style=\"border-collapse: collapse; width: 100%; height: 192px;\">\n<tbody>\n<tr class=\"difl_datatableitem_0\">\n<th data-label=\"Topic\" class=\"df_dt_table_body_column_cell\" style=\"width: 14.2857%;\"><span style=\"font-weight: 400;\">Argomento<\/span><\/th>\n<th data-label=\"Measures Taken\" class=\"df_dt_table_body_column_cell\" style=\"width: 27.9039%;\"><span style=\"font-weight: 400;\">Misure adottate<\/span><\/th>\n<th data-label=\"Initiatives\" class=\"df_dt_table_body_column_cell\" style=\"width: 60.9509%;\"><span style=\"font-weight: 400;\">Iniziative<\/span><\/th>\n<th data-label=\"Status\" class=\"df_dt_table_body_column_cell\" style=\"width: 1.38122%;\"><span style=\"font-weight: 400;\">Stato di avanzamento<\/span><\/th>\n<\/tr>\n<tr class=\"difl_datatableitem_1\">\n<td data-label=\"Topic\" class=\"df_dt_table_body_column_cell\" style=\"width: 14.2857%;\">Audit ISO26000<\/td>\n<td data-label=\"Measures Taken\" class=\"df_dt_table_body_column_cell\" style=\"width: 27.9039%;\">Compilare un rapporto completo sulle nostre prestazioni in materia di CSR e raccomandazioni sotto forma di una tabella di marcia ESG per il periodo 2024-2030.<\/td>\n<td data-label=\"Initiatives\" class=\"df_dt_table_body_column_cell\" style=\"width: 60.9509%;\">\n<p>Implementare procedure per integrare meglio la CSR nei nostri KPI aziendali.<\/p>\n<p>Promuovere un approccio bottom-up per la comunicazione in tutte le sedi per misurare la soddisfazione dei dipendenti, le ispezioni di sicurezza e la prevenzione dei rischi.<\/p>\n<p>Esplorare opportunit\u00e0 di sinergia e investimenti per sostenere le comunit\u00e0 locali nelle aree in cui operiamo.<\/p>\n<\/td>\n<td data-label=\"Status\" class=\"df_dt_table_body_column_cell\" style=\"width: 1.38122%;\"><img loading=\"lazy\" decoding=\"async\" src=\"https:\/\/esg.ampcometal.com\/wp-content\/uploads\/2024\/06\/in-progress-clock-150x150.png\" width=\"150\" height=\"150\" alt=\"\" class=\"wp-image-287 alignnone size-thumbnail\"><\/td>\n<\/tr>\n<\/tbody>\n<\/table>\n<p>[\/et_pb_toggle][et_pb_toggle title=&#8221;Diversit\u00e0 di genere dei dipendenti&#8221; _builder_version=&#8221;4.25.1&#8243; _module_preset=&#8221;default&#8221; hover_enabled=&#8221;0&#8243; global_colors_info=&#8221;{}&#8221; sticky_enabled=&#8221;0&#8243;]<\/p>\n<div class=\"footprintcontainer\">\n<div class=\"footprinttext\">\n<p>La distribuzione di genere in AMPCO METAL mostra una disparit\u00e0 significativa, con il 78,6% di dipendenti uomini e il 21,4% di dipendenti donne. Questa situazione non \u00e8 rara nel settore metallurgico, che \u00e8 tradizionalmente dominato dagli uomini, ma riconosciamo che c \u201c\u00e8 ancora del lavoro da fare. Sebbene l\u201d attuale squilibrio di genere rifletta le tendenze del settore, AMPCO METAL ha la possibilit\u00e0 di migliorare la diversit\u00e0 di genere.  <\/p>\n<\/div>\n<div class=\"footprintimage\"><img decoding=\"async\" src=\"https:\/\/esg.ampcometal.com\/wp-content\/uploads\/2024\/06\/employee-gender-diversity.png\" width=\"353\" alt=\"\" class=\"wp-image-303 alignnone size-full\" style=\"display: block; margin-left: auto; margin-right: auto;\" srcset=\"https:\/\/esg.ampcometal.com\/wp-content\/uploads\/2024\/06\/employee-gender-diversity.png 693w, https:\/\/esg.ampcometal.com\/wp-content\/uploads\/2024\/06\/employee-gender-diversity-480x364.png 480w\" sizes=\"(min-width: 0px) and (max-width: 480px) 480px, (min-width: 481px) 693px, 100vw\" \/><\/div>\n<\/div>\n<p>[\/et_pb_toggle][et_pb_toggle title=&#8221;Diversit\u00e0 di et\u00e0&#8221; _builder_version=&#8221;4.25.1&#8243; _module_preset=&#8221;default&#8221; hover_enabled=&#8221;0&#8243; global_colors_info=&#8221;{}&#8221; sticky_enabled=&#8221;0&#8243;]<\/p>\n<div class=\"footprintcontainer\">\n<div class=\"footprinttext\">\n<p>La distribuzione dell&#8217;et\u00e0 della nostra forza lavoro indica una base di dipendenti relativamente giovane, il che suggerisce che siamo riusciti ad attrarre talenti pi\u00f9 giovani nella nostra organizzazione. Avere una forza lavoro giovane \u00e8 un indicatore positivo della nostra capacit\u00e0 di coinvolgere la prossima generazione di professionisti. Gli sforzi continui per lo sviluppo professionale, le opportunit\u00e0 di avanzamento di carriera e le pratiche inclusive sul posto di lavoro saranno fondamentali per trattenere questi talenti e garantire la loro crescita a lungo termine all&#8217;interno dell&#8217;azienda.  <\/p>\n<\/div>\n<div class=\"footprintimage\"><img decoding=\"async\" src=\"https:\/\/esg.ampcometal.com\/wp-content\/uploads\/2024\/06\/age-diversity.png\" width=\"360\" alt=\"\" class=\"wp-image-304 alignnone size-full\" style=\"display: block; margin-left: auto; margin-right: auto;\" srcset=\"https:\/\/esg.ampcometal.com\/wp-content\/uploads\/2024\/06\/age-diversity.png 735w, https:\/\/esg.ampcometal.com\/wp-content\/uploads\/2024\/06\/age-diversity-480x282.png 480w\" sizes=\"(min-width: 0px) and (max-width: 480px) 480px, (min-width: 481px) 735px, 100vw\" \/><\/div>\n<\/div>\n<p>[\/et_pb_toggle][et_pb_toggle title=&#8221;Benessere e sicurezza dei dipendenti&#8221; _builder_version=&#8221;4.25.1&#8243; _module_preset=&#8221;default&#8221; global_colors_info=&#8221;{}&#8221;]<\/p>\n<p>AMPCO METAL si impegna a promuovere relazioni sostenibili con le persone e le istituzioni nelle nostre 19 sedi globali. Riconosciamo la responsabilit\u00e0 sociale all&#8217;interno della nostra azienda, nelle comunit\u00e0 in cui operiamo e nelle nostre catene di fornitura. <\/p>\n<p>Ci impegniamo a sostenere i diritti umani e del lavoro, a garantire la salute e la sicurezza, a promuovere la diversit\u00e0 e l&#8217;inclusione e a offrire pari opportunit\u00e0 a tutti.<\/p>\n<p>Concentrandoci sul benessere, possiamo aiutare i nostri dipendenti a mantenere o aumentare il loro impegno e la loro produttivit\u00e0. Di conseguenza, continueremo a dare risalto alla sensibilizzazione dei nostri dipendenti sui programmi e le iniziative per il benessere e a incoraggiarli a partecipare. <\/p>\n<p>Nell \u201cambito del nostro impegno a migliorare la responsabilit\u00e0 sociale d\u201d impresa, abbiamo incaricato una terza parte specializzata di condurre un audit ISO 26000 presso le nostre principali strutture operative in Svizzera, Francia e Paesi Bassi. Questa valutazione completa mirava a valutare le nostre prestazioni sociali e di governance, fornendoci indicazioni preziose e raccomandazioni attuabili per portare avanti le nostre iniziative di sostenibilit\u00e0. <\/p>\n<p>[\/et_pb_toggle][et_pb_toggle title=&#8221;Documenti&#8221; _builder_version=&#8221;4.25.1&#8243; _module_preset=&#8221;default&#8221; locked=&#8221;off&#8221; global_colors_info=&#8221;{}&#8221;]<\/p>\n<p><a href=\"https:\/\/esg.ampcometal.com\/wp-content\/uploads\/2024\/06\/AMPCO-METAL-Global-ESG-Social-Policy.pdf\"><img loading=\"lazy\" decoding=\"async\" class=\"wp-image-357 size-full aligncenter\" src=\"https:\/\/esg.ampcometal.com\/wp-content\/uploads\/2024\/06\/download-social.png\" alt=\"\" width=\"693\" height=\"100\" srcset=\"https:\/\/esg.ampcometal.com\/wp-content\/uploads\/2024\/06\/download-social.png 693w, https:\/\/esg.ampcometal.com\/wp-content\/uploads\/2024\/06\/download-social-480x83.png 480w\" sizes=\"(min-width: 0px) and (max-width: 480px) 480px, (min-width: 481px) 693px, 100vw\" \/><\/a><\/p>\n<p>[\/et_pb_toggle][\/et_pb_column][\/et_pb_row][\/et_pb_section]<\/p>\n","protected":false},"excerpt":{"rendered":"<p>SocialeResponsabilit\u00e0 socialeIn quanto parte attiva della societ\u00e0, AMPCO METAL si impegna a promuovere relazioni sostenibili con persone e istituzioni nelle nostre 19 sedi globali. La nostra priorit\u00e0 \u00e8 il benessere dei nostri dipendenti. In linea con la nostra strategia globale di sostenibilit\u00e0, ci assumiamo la responsabilit\u00e0 sociale all \u201cinterno della nostra azienda, nelle nostre comunit\u00e0 [&hellip;]<\/p>\n","protected":false},"author":1,"featured_media":0,"parent":0,"menu_order":0,"comment_status":"closed","ping_status":"closed","template":"","meta":{"_et_pb_use_builder":"on","_et_pb_old_content":"","_et_gb_content_width":"","inline_featured_image":false,"footnotes":""},"difl_page_category":[],"class_list":["post-741","page","type-page","status-publish","hentry"],"_links":{"self":[{"href":"https:\/\/esg.ampcometal.com\/it\/wp-json\/wp\/v2\/pages\/741","targetHints":{"allow":["GET"]}}],"collection":[{"href":"https:\/\/esg.ampcometal.com\/it\/wp-json\/wp\/v2\/pages"}],"about":[{"href":"https:\/\/esg.ampcometal.com\/it\/wp-json\/wp\/v2\/types\/page"}],"author":[{"embeddable":true,"href":"https:\/\/esg.ampcometal.com\/it\/wp-json\/wp\/v2\/users\/1"}],"replies":[{"embeddable":true,"href":"https:\/\/esg.ampcometal.com\/it\/wp-json\/wp\/v2\/comments?post=741"}],"version-history":[{"count":1,"href":"https:\/\/esg.ampcometal.com\/it\/wp-json\/wp\/v2\/pages\/741\/revisions"}],"predecessor-version":[{"id":747,"href":"https:\/\/esg.ampcometal.com\/it\/wp-json\/wp\/v2\/pages\/741\/revisions\/747"}],"wp:attachment":[{"href":"https:\/\/esg.ampcometal.com\/it\/wp-json\/wp\/v2\/media?parent=741"}],"wp:term":[{"taxonomy":"difl_page_category","embeddable":true,"href":"https:\/\/esg.ampcometal.com\/it\/wp-json\/wp\/v2\/difl_page_category?post=741"}],"curies":[{"name":"wp","href":"https:\/\/api.w.org\/{rel}","templated":true}]}}