{"id":751,"date":"2024-06-18T10:36:08","date_gmt":"2024-06-18T10:36:08","guid":{"rendered":"https:\/\/esg.ampcometal.com\/la-governance\/"},"modified":"2025-06-18T09:07:32","modified_gmt":"2025-06-18T09:07:32","slug":"la-governance","status":"publish","type":"page","link":"https:\/\/esg.ampcometal.com\/it\/la-governance\/","title":{"rendered":"La governance"},"content":{"rendered":"<p>[et_pb_section fb_built=&#8221;1&#8243; custom_padding_last_edited=&#8221;on|tablet&#8221; _builder_version=&#8221;4.25.1&#8243; _module_preset=&#8221;default&#8221; background_color=&#8221;rgba(34,34,34,0.33)&#8221; background_image=&#8221;https:\/\/esg.ampcometal.com\/wp-content\/uploads\/2024\/05\/AMPCO-2020-1424.jpg&#8221; background_blend=&#8221;overlay&#8221; custom_padding=&#8221;340px||86px||false|false&#8221; custom_padding_tablet=&#8221;200px||86px||false|false&#8221; custom_padding_phone=&#8221;150px||40px||false|false&#8221; global_colors_info=&#8221;{}&#8221;][et_pb_row _builder_version=&#8221;4.25.1&#8243; _module_preset=&#8221;default&#8221; custom_padding=&#8221;7px|||||&#8221; global_colors_info=&#8221;{}&#8221;][et_pb_column type=&#8221;4_4&#8243; _builder_version=&#8221;4.25.1&#8243; _module_preset=&#8221;default&#8221; global_colors_info=&#8221;{}&#8221;][et_pb_text _builder_version=&#8221;4.25.1&#8243; _module_preset=&#8221;default&#8221; text_font=&#8221;|&#8211;et_global_body_font_weight|||||||&#8221; text_text_color=&#8221;#FFFFFF&#8221; text_font_size=&#8221;28px&#8221; header_font=&#8221;|300|||||||&#8221; header_text_color=&#8221;#FFFFFF&#8221; header_font_size=&#8221;70px&#8221; header_line_height=&#8221;1.4em&#8221; text_orientation=&#8221;center&#8221; text_font_size_tablet=&#8221;24px&#8221; text_font_size_phone=&#8221;20px&#8221; text_font_size_last_edited=&#8221;on|tablet&#8221; text_line_height_tablet=&#8221;1.5em&#8221; text_line_height_phone=&#8221;1.5em&#8221; text_line_height_last_edited=&#8221;on|tablet&#8221; header_font_size_tablet=&#8221;54px&#8221; header_font_size_phone=&#8221;34px&#8221; header_font_size_last_edited=&#8221;on|tablet&#8221; text_text_shadow_style=&#8221;preset1&#8243; header_text_shadow_style=&#8221;preset1&#8243; global_colors_info=&#8221;{}&#8221;]<\/p>\n<h1>La governance<\/h1>\n<p>[\/et_pb_text][\/et_pb_column][\/et_pb_row][\/et_pb_section][et_pb_section fb_built=&#8221;1&#8243; _builder_version=&#8221;4.25.1&#8243; _module_preset=&#8221;default&#8221; custom_padding=&#8221;80px||60px||false|false&#8221; global_colors_info=&#8221;{}&#8221;][et_pb_row _builder_version=&#8221;4.25.1&#8243; _module_preset=&#8221;default&#8221; custom_padding=&#8221;0px|||||&#8221; locked=&#8221;off&#8221; global_colors_info=&#8221;{}&#8221;][et_pb_column type=&#8221;4_4&#8243; _builder_version=&#8221;4.25.1&#8243; _module_preset=&#8221;default&#8221; global_colors_info=&#8221;{}&#8221;][et_pb_text _builder_version=&#8221;4.25.1&#8243; _module_preset=&#8221;default&#8221; text_font=&#8221;|&#8211;et_global_body_font_weight|||||||&#8221; text_text_color=&#8221;#222222&#8243; text_font_size=&#8221;18px&#8221; text_line_height=&#8221;1.6em&#8221; header_text_color=&#8221;#222222&#8243; header_2_text_align=&#8221;center&#8221; header_2_text_color=&#8221;#222222&#8243; header_2_font_size=&#8221;36px&#8221; header_2_line_height=&#8221;1.3em&#8221; text_orientation=&#8221;center&#8221; width=&#8221;100%&#8221; module_alignment=&#8221;center&#8221; custom_margin=&#8221;||||false|false&#8221; locked=&#8221;off&#8221; global_colors_info=&#8221;{}&#8221;]<\/p>\n<h2>Pratiche etiche e conformit\u00e0<\/h2>\n<p>[\/et_pb_text][\/et_pb_column][\/et_pb_row][et_pb_row column_structure=&#8221;1_2,1_2&#8243; _builder_version=&#8221;4.25.1&#8243; _module_preset=&#8221;default&#8221; locked=&#8221;off&#8221; global_colors_info=&#8221;{}&#8221;][et_pb_column type=&#8221;1_2&#8243; _builder_version=&#8221;4.25.1&#8243; _module_preset=&#8221;default&#8221; global_colors_info=&#8221;{}&#8221;][et_pb_text _builder_version=&#8221;4.25.1&#8243; _module_preset=&#8221;default&#8221; global_colors_info=&#8221;{}&#8221;]La nostra strategia di governance ed etica si concentra sulla promozione di un impatto sociale positivo attraverso le nostre pratiche commerciali. Ci\u00f2 include la difesa dei diritti dei lavoratori, la minimizzazione dell&#8217;impatto ambientale, la lotta alla corruzione e la salvaguardia delle informazioni e della privacy dei clienti. Il nostro sistema di gestione della conformit\u00e0 aderisce agli standard ISO 9001 e include misure anticorruzione, processi di approvvigionamento sostenibili e audit ESG regolari per garantire trasparenza e responsabilit\u00e0.[\/et_pb_text][\/et_pb_column][et_pb_column type=&#8221;1_2&#8243; _builder_version=&#8221;4.25.1&#8243; _module_preset=&#8221;default&#8221; global_colors_info=&#8221;{}&#8221;][et_pb_text _builder_version=&#8221;4.25.1&#8243; _module_preset=&#8221;default&#8221; text_text_color=&#8221;#f89633&#8243; text_font_size=&#8221;50px&#8221; text_line_height=&#8221;1em&#8221; custom_padding=&#8221;|||20px|false|false&#8221; border_width_left=&#8221;7px&#8221; border_color_left=&#8221;#f89633&#8243; global_colors_info=&#8221;{}&#8221;]<\/p>\n<p><i>\u201cLe nostre pratiche di governance ed etica si concentrano sulla promozione di un impatto sociale positivo attraverso le nostre pratiche commerciali\u201d.<\/i><\/p>\n<p>[\/et_pb_text][\/et_pb_column][\/et_pb_row][et_pb_row _builder_version=&#8221;4.25.1&#8243; _module_preset=&#8221;default&#8221; custom_padding=&#8221;0px|||||&#8221; global_colors_info=&#8221;{}&#8221;][et_pb_column type=&#8221;4_4&#8243; _builder_version=&#8221;4.25.1&#8243; _module_preset=&#8221;default&#8221; global_colors_info=&#8221;{}&#8221;][et_pb_toggle title=&#8221;Iniziative di governance&#8221; _builder_version=&#8221;4.25.1&#8243; _module_preset=&#8221;default&#8221; global_colors_info=&#8221;{}&#8221;]AMPCO METALLa Politica di Governance della Societ\u00e0 \u00e8 volta a garantire pratiche commerciali etiche, conformit\u00e0 alle normative e solide strutture di governance aziendale.<\/p>\n<table border=\"1\" style=\"border-collapse: collapse; width: 100%; height: 192px;\">\n<tbody>\n<tr class=\"difl_datatableitem_0\">\n<th data-label=\"Topic\" class=\"df_dt_table_body_column_cell\" style=\"width: 14.2857%;\"><span style=\"font-weight: 400;\">Argomento<\/span><\/th>\n<th data-label=\"Measures Taken\" class=\"df_dt_table_body_column_cell\" style=\"width: 27.9039%;\"><span style=\"font-weight: 400;\">Misure adottate<\/span><\/th>\n<th data-label=\"Initiatives\" class=\"df_dt_table_body_column_cell\" style=\"width: 60.9509%;\"><span style=\"font-weight: 400;\">Iniziative<\/span><\/th>\n<th data-label=\"Status\" class=\"df_dt_table_body_column_cell\" style=\"width: 1.38122%;\"><span style=\"font-weight: 400;\">Stato di avanzamento<\/span><\/th>\n<\/tr>\n<tr class=\"difl_datatableitem_1\">\n<td data-label=\"Topic\" class=\"df_dt_table_body_column_cell\" style=\"width: 14.2857%;\">Politiche di governance<\/td>\n<td data-label=\"Measures Taken\" class=\"df_dt_table_body_column_cell\" style=\"width: 27.9039%;\">Rivedere le nostre politiche di governance per incorporare l&#8217;ESG nel sistema di gestione della qualit\u00e0 dell&#8217;organizzazione e nei processi delle risorse umane.<\/td>\n<td data-label=\"Initiatives\" class=\"df_dt_table_body_column_cell\" style=\"width: 60.9509%;\">Formulare nuove politiche generali ESG con KPI per fornire un quadro chiaro dell&#8217;impegno di AMPCO METALverso la sostenibilit\u00e0, le pratiche etiche e il coinvolgimento degli stakeholder.<\/td>\n<td data-label=\"Status\" class=\"df_dt_table_body_column_cell\" style=\"width: 1.38122%;\"><img loading=\"lazy\" decoding=\"async\" src=\"https:\/\/esg.ampcometal.com\/wp-content\/uploads\/2024\/06\/complete-check-150x150.png\" width=\"150\" height=\"150\" alt=\"\" class=\"wp-image-288 alignnone size-thumbnail\"><\/td>\n<\/tr>\n<tr class=\"difl_datatableitem_2\">\n<td data-label=\"Topic\" class=\"df_dt_table_body_column_cell\" style=\"width: 14.2857%;\">Comitato per i dipendenti<\/td>\n<td data-label=\"Measures Taken\" class=\"df_dt_table_body_column_cell\" style=\"width: 27.9039%;\">Ristrutturare il nostro approccio di governance per integrare l&#8217;ESG nei nostri processi aziendali e gestionali.<\/td>\n<td data-label=\"Initiatives\" class=\"df_dt_table_body_column_cell\" style=\"width: 60.9509%;\">Formazione del Comitato dei dipendenti ESG di AMPCO METAL, responsabile dell&#8217;implementazione e del monitoraggio della Politica Ambientale all&#8217;interno delle rispettive aree della catena del valore.<\/td>\n<td data-label=\"Status\" class=\"df_dt_table_body_column_cell\" style=\"width: 1.38122%;\"><img loading=\"lazy\" decoding=\"async\" src=\"https:\/\/esg.ampcometal.com\/wp-content\/uploads\/2024\/06\/complete-check-150x150.png\" width=\"150\" height=\"150\" alt=\"\" class=\"wp-image-288 alignnone size-thumbnail\"><\/td>\n<\/tr>\n<tr class=\"difl_datatableitem_3\">\n<td data-label=\"Topic\" class=\"df_dt_table_body_column_cell\" style=\"width: 14.2857%;\">Audit ISO26000<\/td>\n<td data-label=\"Measures Taken\" class=\"df_dt_table_body_column_cell\" style=\"width: 27.9039%;\">Compilare un rapporto completo sulla nostra performance di governance e le raccomandazioni sotto forma di una roadmap ESG 2024-2030.<\/td>\n<td data-label=\"Initiatives\" class=\"df_dt_table_body_column_cell\" style=\"width: 60.9509%;\">\n<p>Implementare le procedure per migliorare la nostra struttura e i processi di governance a livello locale e di Gruppo.<\/p>\n<p>Rafforzare le nostre capacit\u00e0 di gestione della qualit\u00e0 e le nostre soluzioni tecnologiche.<\/p>\n<p>Comunicare efficacemente le missioni e le politiche ESG del gruppo.<\/p>\n<\/td>\n<td data-label=\"Status\" class=\"df_dt_table_body_column_cell\" style=\"width: 1.38122%;\"><img loading=\"lazy\" decoding=\"async\" src=\"https:\/\/esg.ampcometal.com\/wp-content\/uploads\/2024\/06\/in-progress-clock-150x150.png\" width=\"150\" height=\"150\" alt=\"\" class=\"wp-image-287 alignnone size-thumbnail\"><\/td>\n<\/tr>\n<\/tbody>\n<\/table>\n<p>[\/et_pb_toggle][et_pb_toggle title=&#8221;Documenti&#8221; _builder_version=&#8221;4.25.1&#8243; _module_preset=&#8221;default&#8221; locked=&#8221;off&#8221; global_colors_info=&#8221;{}&#8221;]<\/p>\n<p><a href=\"https:\/\/esg.ampcometal.com\/wp-content\/uploads\/2024\/06\/AMPCO-METAL-Global-ESG-Governance-Policy.pdf\"><img loading=\"lazy\" decoding=\"async\" class=\"wp-image-356 aligncenter size-full\" src=\"https:\/\/esg.ampcometal.com\/wp-content\/uploads\/2024\/06\/download-governance.png\" alt=\"\" width=\"689\" height=\"95\" srcset=\"https:\/\/esg.ampcometal.com\/wp-content\/uploads\/2024\/06\/download-governance.png 689w, https:\/\/esg.ampcometal.com\/wp-content\/uploads\/2024\/06\/download-governance-480x72.png 480w\" sizes=\"(min-width: 0px) and (max-width: 480px) 480px, (min-width: 481px) 689px, 100vw\" \/><\/a><\/p>\n<p>[\/et_pb_toggle][\/et_pb_column][\/et_pb_row][\/et_pb_section]<\/p>\n","protected":false},"excerpt":{"rendered":"<p>La governancePratiche etiche e conformit\u00e0La nostra strategia di governance ed etica si concentra sulla promozione di un impatto sociale positivo attraverso le nostre pratiche commerciali. Ci\u00f2 include la difesa dei diritti dei lavoratori, la minimizzazione dell&#8217;impatto ambientale, la lotta alla corruzione e la salvaguardia delle informazioni e della privacy dei clienti. Il nostro sistema di [&hellip;]<\/p>\n","protected":false},"author":1,"featured_media":0,"parent":0,"menu_order":0,"comment_status":"closed","ping_status":"closed","template":"","meta":{"_et_pb_use_builder":"on","_et_pb_old_content":"","_et_gb_content_width":"","inline_featured_image":false,"footnotes":""},"difl_page_category":[],"class_list":["post-751","page","type-page","status-publish","hentry"],"_links":{"self":[{"href":"https:\/\/esg.ampcometal.com\/it\/wp-json\/wp\/v2\/pages\/751","targetHints":{"allow":["GET"]}}],"collection":[{"href":"https:\/\/esg.ampcometal.com\/it\/wp-json\/wp\/v2\/pages"}],"about":[{"href":"https:\/\/esg.ampcometal.com\/it\/wp-json\/wp\/v2\/types\/page"}],"author":[{"embeddable":true,"href":"https:\/\/esg.ampcometal.com\/it\/wp-json\/wp\/v2\/users\/1"}],"replies":[{"embeddable":true,"href":"https:\/\/esg.ampcometal.com\/it\/wp-json\/wp\/v2\/comments?post=751"}],"version-history":[{"count":10,"href":"https:\/\/esg.ampcometal.com\/it\/wp-json\/wp\/v2\/pages\/751\/revisions"}],"predecessor-version":[{"id":803,"href":"https:\/\/esg.ampcometal.com\/it\/wp-json\/wp\/v2\/pages\/751\/revisions\/803"}],"wp:attachment":[{"href":"https:\/\/esg.ampcometal.com\/it\/wp-json\/wp\/v2\/media?parent=751"}],"wp:term":[{"taxonomy":"difl_page_category","embeddable":true,"href":"https:\/\/esg.ampcometal.com\/it\/wp-json\/wp\/v2\/difl_page_category?post=751"}],"curies":[{"name":"wp","href":"https:\/\/api.w.org\/{rel}","templated":true}]}}