{"id":642,"date":"2024-06-12T13:09:58","date_gmt":"2024-06-12T13:09:58","guid":{"rendered":"https:\/\/esg.ampcometal.com\/gerenciamento-de-sustentabilidade\/"},"modified":"2025-09-29T10:13:54","modified_gmt":"2025-09-29T10:13:54","slug":"gerenciamento-de-sustentabilidade","status":"publish","type":"page","link":"https:\/\/esg.ampcometal.com\/pt-br\/gerenciamento-de-sustentabilidade\/","title":{"rendered":"Gerenciamento de sustentabilidade"},"content":{"rendered":"<p>[et_pb_section fb_built=&#8221;1&#8243; custom_padding_last_edited=&#8221;on|tablet&#8221; _builder_version=&#8221;4.25.1&#8243; _module_preset=&#8221;default&#8221; background_color=&#8221;rgba(34,34,34,0.33)&#8221; background_image=&#8221;https:\/\/esg.ampcometal.com\/wp-content\/uploads\/2024\/06\/sustainability-management.jpg&#8221; parallax=&#8221;on&#8221; background_blend=&#8221;overlay&#8221; custom_padding=&#8221;340px||86px||false|false&#8221; custom_padding_tablet=&#8221;200px||86px||false|false&#8221; custom_padding_phone=&#8221;150px||40px||false|false&#8221; global_colors_info=&#8221;{}&#8221;][et_pb_row _builder_version=&#8221;4.25.1&#8243; _module_preset=&#8221;default&#8221; custom_padding=&#8221;7px|||||&#8221; global_colors_info=&#8221;{}&#8221;][et_pb_column type=&#8221;4_4&#8243; _builder_version=&#8221;4.25.1&#8243; _module_preset=&#8221;default&#8221; global_colors_info=&#8221;{}&#8221;][et_pb_text _builder_version=&#8221;4.25.1&#8243; _module_preset=&#8221;default&#8221; text_font=&#8221;|&#8211;et_global_body_font_weight|||||||&#8221; text_text_color=&#8221;#FFFFFF&#8221; text_font_size=&#8221;28px&#8221; header_font=&#8221;|300|||||||&#8221; header_text_color=&#8221;#FFFFFF&#8221; header_font_size=&#8221;70px&#8221; header_line_height=&#8221;1.4em&#8221; text_orientation=&#8221;center&#8221; custom_padding=&#8221;||0px|||&#8221; text_font_size_tablet=&#8221;24px&#8221; text_font_size_phone=&#8221;20px&#8221; text_font_size_last_edited=&#8221;on|tablet&#8221; text_line_height_tablet=&#8221;1.5em&#8221; text_line_height_phone=&#8221;1.5em&#8221; text_line_height_last_edited=&#8221;on|tablet&#8221; header_font_size_tablet=&#8221;54px&#8221; header_font_size_phone=&#8221;34px&#8221; header_font_size_last_edited=&#8221;on|tablet&#8221; text_text_shadow_style=&#8221;preset1&#8243; header_text_shadow_style=&#8221;preset1&#8243; global_colors_info=&#8221;{}&#8221;]<\/p>\n<h1>Gerenciamento de sustentabilidade<\/h1>\n<p>[\/et_pb_text][\/et_pb_column][\/et_pb_row][\/et_pb_section][et_pb_section fb_built=&#8221;1&#8243; _builder_version=&#8221;4.25.1&#8243; _module_preset=&#8221;default&#8221; custom_padding=&#8221;80px||60px||false|false&#8221; global_colors_info=&#8221;{}&#8221;][et_pb_row _builder_version=&#8221;4.25.1&#8243; _module_preset=&#8221;default&#8221; custom_padding=&#8221;0px|||||&#8221; global_colors_info=&#8221;{}&#8221;][et_pb_column type=&#8221;4_4&#8243; _builder_version=&#8221;4.25.1&#8243; _module_preset=&#8221;default&#8221; global_colors_info=&#8221;{}&#8221;][et_pb_text _builder_version=&#8221;4.25.1&#8243; _module_preset=&#8221;default&#8221; text_font=&#8221;|&#8211;et_global_body_font_weight|||||||&#8221; text_text_color=&#8221;#222222&#8243; text_font_size=&#8221;18px&#8221; text_line_height=&#8221;1.6em&#8221; header_text_color=&#8221;#222222&#8243; header_2_text_align=&#8221;center&#8221; header_2_text_color=&#8221;#222222&#8243; header_2_font_size=&#8221;36px&#8221; header_2_line_height=&#8221;1.3em&#8221; text_orientation=&#8221;center&#8221; width=&#8221;100%&#8221; module_alignment=&#8221;center&#8221; custom_margin=&#8221;||||false|false&#8221; hover_enabled=&#8221;0&#8243; locked=&#8221;off&#8221; global_colors_info=&#8221;{}&#8221; sticky_enabled=&#8221;0&#8243;]<\/p>\n<h2><span>Nossa vis\u00e3o e estrat\u00e9gia<\/span><\/h2>\n<p>[\/et_pb_text][\/et_pb_column][\/et_pb_row][et_pb_row column_structure=&#8221;1_2,1_2&#8243; _builder_version=&#8221;4.25.1&#8243; _module_preset=&#8221;default&#8221; global_colors_info=&#8221;{}&#8221;][et_pb_column type=&#8221;1_2&#8243; _builder_version=&#8221;4.25.1&#8243; _module_preset=&#8221;default&#8221; global_colors_info=&#8221;{}&#8221;][et_pb_text _builder_version=&#8221;4.25.1&#8243; _module_preset=&#8221;default&#8221; global_colors_info=&#8221;{}&#8221;]<\/p>\n<p>Na AMPCO METAL, nos dedicamos a integrar a sustentabilidade em todos os aspectos de nossos neg\u00f3cios. Nossa vis\u00e3o \u00e9 ser l\u00edder no setor de metalurgia de cobre e alum\u00ednio em excel\u00eancia ESG. <\/p>\n<p>Descrevemos uma abordagem em duas fases:<\/p>\n<p><strong>Fase 1:<\/strong> Garantir a conformidade com todos os requisitos legais em todos os pa\u00edses onde as regulamenta\u00e7\u00f5es est\u00e3o mudando ou est\u00e3o por vir.<\/p>\n<p><strong>Fase 2:<\/strong> Desenvolver uma estrat\u00e9gia de ESG de longo prazo com foco na cria\u00e7\u00e3o de valor para o cliente, conformidade regulat\u00f3ria e contribui\u00e7\u00e3o para os esfor\u00e7os clim\u00e1ticos globais.<\/p>\n<p>Antes de definir a estrat\u00e9gia para a Fase 2, precisamos realizar uma an\u00e1lise aprofundada do mercado para entender quais aspectos de ESG, al\u00e9m da conformidade legal, os clientes consideram valiosos para suas opera\u00e7\u00f5es.<\/p>\n<p>Com uma compreens\u00e3o clara dessas prioridades do cliente, como a redu\u00e7\u00e3o do escopo 3 e a economia circular, podemos projetar nossos produtos, servi\u00e7os e processos de produ\u00e7\u00e3o para nos alinharmos \u00e0s suas necessidades e expectativas.<span style=\"font-size: 14px;\"><\/span><\/p>\n<p>[\/et_pb_text][\/et_pb_column][et_pb_column type=&#8221;1_2&#8243; _builder_version=&#8221;4.25.1&#8243; _module_preset=&#8221;default&#8221; global_colors_info=&#8221;{}&#8221;][et_pb_text _builder_version=&#8221;4.25.1&#8243; _module_preset=&#8221;default&#8221; text_font_size=&#8221;55px&#8221; text_line_height=&#8221;1em&#8221; custom_padding=&#8221;|||20px|false|false&#8221; border_width_left=&#8221;7px&#8221; border_color_left=&#8221;#f89633&#8243; global_colors_info=&#8221;{}&#8221;]<\/p>\n<p><i>\u201cNa AMPCO METAL, entendemos que ser perfeito desde o in\u00edcio n\u00e3o \u00e9 o objetivo.\u201d<\/i><\/p>\n<p>[\/et_pb_text][\/et_pb_column][\/et_pb_row][et_pb_row _builder_version=&#8221;4.25.1&#8243; _module_preset=&#8221;default&#8221; global_colors_info=&#8221;{}&#8221;][et_pb_column type=&#8221;4_4&#8243; _builder_version=&#8221;4.25.1&#8243; _module_preset=&#8221;default&#8221; global_colors_info=&#8221;{}&#8221;][et_pb_toggle title=&#8221;Conquistas&#8221; _builder_version=&#8221;4.25.1&#8243; _module_preset=&#8221;default&#8221; global_colors_info=&#8221;{}&#8221;]<\/p>\n<p>Em 2023, iniciamos nossa jornada de ESG com uma fase de descoberta, realizando uma an\u00e1lise de lacunas para entender o cen\u00e1rio regulat\u00f3rio e identificar t\u00f3picos materiais relevantes para nossos neg\u00f3cios. Realizamos uma Avalia\u00e7\u00e3o de Ciclo de Vida (LCA) abrangente para medir nossas emiss\u00f5es de carbono, juntamente com uma Avalia\u00e7\u00e3o de Risco Regulat\u00f3rio e uma An\u00e1lise de Custo detalhadas para avaliar o impacto em nossa cadeia de valor globalmente. Para medir nosso desempenho em CSR, adotamos as normas ISO 26000 e realizamos uma avalia\u00e7\u00e3o de nossas opera\u00e7\u00f5es no local. Esses esfor\u00e7os fundamentais foram essenciais para moldar nossa estrat\u00e9gia e iniciativas de ESG.   <\/p>\n<p><a href=\"https:\/\/esg.ampcometal.com\/wp-content\/uploads\/2024\/06\/achievements-new.png\"><img loading=\"lazy\" decoding=\"async\" class=\"wp-image-326 aligncenter size-full\" src=\"https:\/\/esg.ampcometal.com\/wp-content\/uploads\/2024\/06\/achievements-new.png\" alt=\"\" width=\"1853\" height=\"744\" style=\"display: block; margin-left: auto; margin-right: auto;\" srcset=\"https:\/\/esg.ampcometal.com\/wp-content\/uploads\/2024\/06\/achievements-new.png 1853w, https:\/\/esg.ampcometal.com\/wp-content\/uploads\/2024\/06\/achievements-new-1280x514.png 1280w, https:\/\/esg.ampcometal.com\/wp-content\/uploads\/2024\/06\/achievements-new-980x393.png 980w, https:\/\/esg.ampcometal.com\/wp-content\/uploads\/2024\/06\/achievements-new-480x193.png 480w\" sizes=\"(min-width: 0px) and (max-width: 480px) 480px, (min-width: 481px) and (max-width: 980px) 980px, (min-width: 981px) and (max-width: 1280px) 1280px, (min-width: 1281px) 1853px, 100vw\" \/><\/a><\/p>\n<p>[\/et_pb_toggle][et_pb_toggle title=&#8221;Objetivos de curto prazo&#8221; _builder_version=&#8221;4.25.1&#8243; _module_preset=&#8221;default&#8221; global_colors_info=&#8221;{}&#8221;]<\/p>\n<p>Nossos objetivos estrat\u00e9gicos s\u00e3o projetados para avan\u00e7ar nossa agenda de sustentabilidade de forma iterativa, integrando considera\u00e7\u00f5es de ESG em nossas opera\u00e7\u00f5es di\u00e1rias. N\u00f3s nos esfor\u00e7amos para equilibrar a\u00e7\u00f5es imediatas com nossas metas de longo prazo, garantindo que nosso compromisso com a gest\u00e3o ambiental, a responsabilidade social e a governan\u00e7a s\u00f3lida se reflita em todos os aspectos de nossos neg\u00f3cios. <\/p>\n<p><img loading=\"lazy\" decoding=\"async\" src=\"https:\/\/esg.ampcometal.com\/wp-content\/uploads\/2024\/06\/Short-term-objectives.png\" width=\"1882\" height=\"1171\" alt=\"\" class=\"wp-image-298 alignnone size-full\" style=\"display: block; margin-left: auto; margin-right: auto;\" srcset=\"https:\/\/esg.ampcometal.com\/wp-content\/uploads\/2024\/06\/Short-term-objectives.png 1882w, https:\/\/esg.ampcometal.com\/wp-content\/uploads\/2024\/06\/Short-term-objectives-1280x796.png 1280w, https:\/\/esg.ampcometal.com\/wp-content\/uploads\/2024\/06\/Short-term-objectives-980x610.png 980w, https:\/\/esg.ampcometal.com\/wp-content\/uploads\/2024\/06\/Short-term-objectives-480x299.png 480w\" sizes=\"(min-width: 0px) and (max-width: 480px) 480px, (min-width: 481px) and (max-width: 980px) 980px, (min-width: 981px) and (max-width: 1280px) 1280px, (min-width: 1281px) 1882px, 100vw\" \/><\/p>\n<p>[\/et_pb_toggle][et_pb_toggle title=&#8221;Roteiro de longo prazo&#8221; _builder_version=&#8221;4.25.1&#8243; _module_preset=&#8221;default&#8221; global_colors_info=&#8221;{}&#8221;]<\/p>\n<p>AMPCO METAL est\u00e1 comprometida com objetivos ambiciosos de ESG de longo prazo, orientados pelo valor do cliente e pelas metas Net Zero. At\u00e9 2030, pretendemos nos alinhar com as metas do Acordo de Paris, alcan\u00e7ando uma redu\u00e7\u00e3o de 45% nas emiss\u00f5es como parte de nosso objetivo de atingir emiss\u00f5es l\u00edquidas zero at\u00e9 2050. Essa jornada reflete nossa dedica\u00e7\u00e3o \u00e0 sustentabilidade e \u00e0 responsabilidade ambiental, integrando esses princ\u00edpios profundamente em nossa estrat\u00e9gia corporativa.  <\/p>\n<p><img loading=\"lazy\" decoding=\"async\" src=\"https:\/\/esg.ampcometal.com\/wp-content\/uploads\/2024\/06\/long-term-roadmap.png\" width=\"1420\" height=\"612\" alt=\"\" class=\"wp-image-240 alignnone size-full\" style=\"display: block; margin-left: auto; margin-right: auto;\" srcset=\"https:\/\/esg.ampcometal.com\/wp-content\/uploads\/2024\/06\/long-term-roadmap.png 1420w, https:\/\/esg.ampcometal.com\/wp-content\/uploads\/2024\/06\/long-term-roadmap-1280x552.png 1280w, https:\/\/esg.ampcometal.com\/wp-content\/uploads\/2024\/06\/long-term-roadmap-980x422.png 980w, https:\/\/esg.ampcometal.com\/wp-content\/uploads\/2024\/06\/long-term-roadmap-480x207.png 480w\" sizes=\"(min-width: 0px) and (max-width: 480px) 480px, (min-width: 481px) and (max-width: 980px) 980px, (min-width: 981px) and (max-width: 1280px) 1280px, (min-width: 1281px) 1420px, 100vw\" \/><\/p>\n<p>[\/et_pb_toggle][et_pb_toggle title=&#8221;Gerenciamento de sustentabilidade&#8221; _builder_version=&#8221;4.25.1&#8243; _module_preset=&#8221;default&#8221; global_colors_info=&#8221;{}&#8221;]<\/p>\n<p>AMPCO METAL desenvolveu uma estrutura para gerenciar a sustentabilidade que integra considera\u00e7\u00f5es ambientais, sociais e de governan\u00e7a (ESG) em nossa estrat\u00e9gia e opera\u00e7\u00f5es comerciais. Essa estrutura est\u00e1 estruturada em cinco etapas principais: <\/p>\n<p><img loading=\"lazy\" decoding=\"async\" src=\"https:\/\/esg.ampcometal.com\/wp-content\/uploads\/2024\/06\/new-diagram-sustainability-management.png\" width=\"1024\" height=\"768\" alt=\"\" class=\"wp-image-299 alignnone size-full\" style=\"display: block; margin-left: auto; margin-right: auto;\" srcset=\"https:\/\/esg.ampcometal.com\/wp-content\/uploads\/2024\/06\/new-diagram-sustainability-management.png 1024w, https:\/\/esg.ampcometal.com\/wp-content\/uploads\/2024\/06\/new-diagram-sustainability-management-980x735.png 980w, https:\/\/esg.ampcometal.com\/wp-content\/uploads\/2024\/06\/new-diagram-sustainability-management-480x360.png 480w\" sizes=\"(min-width: 0px) and (max-width: 480px) 480px, (min-width: 481px) and (max-width: 980px) 980px, (min-width: 981px) 1024px, 100vw\" \/><\/p>\n<p>[\/et_pb_toggle][\/et_pb_column][\/et_pb_row][\/et_pb_section]<\/p>\n","protected":false},"excerpt":{"rendered":"<p>Gerenciamento de sustentabilidadeNossa vis\u00e3o e estrat\u00e9giaNa AMPCO METAL, nos dedicamos a integrar a sustentabilidade em todos os aspectos de nossos neg\u00f3cios. Nossa vis\u00e3o \u00e9 ser l\u00edder no setor de metalurgia de cobre e alum\u00ednio em excel\u00eancia ESG. Descrevemos uma abordagem em duas fases: Fase 1: Garantir a conformidade com todos os requisitos legais em todos [&hellip;]<\/p>\n","protected":false},"author":1,"featured_media":0,"parent":0,"menu_order":0,"comment_status":"closed","ping_status":"closed","template":"","meta":{"_et_pb_use_builder":"on","_et_pb_old_content":"","_et_gb_content_width":"","inline_featured_image":false,"footnotes":""},"difl_page_category":[],"class_list":["post-642","page","type-page","status-publish","hentry"],"_links":{"self":[{"href":"https:\/\/esg.ampcometal.com\/pt-br\/wp-json\/wp\/v2\/pages\/642","targetHints":{"allow":["GET"]}}],"collection":[{"href":"https:\/\/esg.ampcometal.com\/pt-br\/wp-json\/wp\/v2\/pages"}],"about":[{"href":"https:\/\/esg.ampcometal.com\/pt-br\/wp-json\/wp\/v2\/types\/page"}],"author":[{"embeddable":true,"href":"https:\/\/esg.ampcometal.com\/pt-br\/wp-json\/wp\/v2\/users\/1"}],"replies":[{"embeddable":true,"href":"https:\/\/esg.ampcometal.com\/pt-br\/wp-json\/wp\/v2\/comments?post=642"}],"version-history":[{"count":11,"href":"https:\/\/esg.ampcometal.com\/pt-br\/wp-json\/wp\/v2\/pages\/642\/revisions"}],"predecessor-version":[{"id":1014,"href":"https:\/\/esg.ampcometal.com\/pt-br\/wp-json\/wp\/v2\/pages\/642\/revisions\/1014"}],"wp:attachment":[{"href":"https:\/\/esg.ampcometal.com\/pt-br\/wp-json\/wp\/v2\/media?parent=642"}],"wp:term":[{"taxonomy":"difl_page_category","embeddable":true,"href":"https:\/\/esg.ampcometal.com\/pt-br\/wp-json\/wp\/v2\/difl_page_category?post=642"}],"curies":[{"name":"wp","href":"https:\/\/api.w.org\/{rel}","templated":true}]}}