{"id":721,"date":"2024-06-12T13:16:25","date_gmt":"2024-06-12T13:16:25","guid":{"rendered":"https:\/\/esg.ampcometal.com\/meio-ambiente\/"},"modified":"2025-09-29T09:56:16","modified_gmt":"2025-09-29T09:56:16","slug":"meio-ambiente","status":"publish","type":"page","link":"https:\/\/esg.ampcometal.com\/pt-br\/meio-ambiente\/","title":{"rendered":"Meio ambiente"},"content":{"rendered":"<p>[et_pb_section fb_built=&#8221;1&#8243; custom_padding_last_edited=&#8221;on|tablet&#8221; _builder_version=&#8221;4.25.1&#8243; _module_preset=&#8221;default&#8221; background_color=&#8221;rgba(34,34,34,0.33)&#8221; background_image=&#8221;https:\/\/esg.ampcometal.com\/wp-content\/uploads\/2024\/05\/switzerland_landscape_zermat.jpg&#8221; background_blend=&#8221;overlay&#8221; custom_padding=&#8221;340px||86px||false|false&#8221; custom_padding_tablet=&#8221;200px||86px||false|false&#8221; custom_padding_phone=&#8221;150px||40px||false|false&#8221; global_colors_info=&#8221;{}&#8221;][et_pb_row _builder_version=&#8221;4.25.1&#8243; _module_preset=&#8221;default&#8221; custom_padding=&#8221;7px|||||&#8221; global_colors_info=&#8221;{}&#8221;][et_pb_column type=&#8221;4_4&#8243; _builder_version=&#8221;4.25.1&#8243; _module_preset=&#8221;default&#8221; global_colors_info=&#8221;{}&#8221;][et_pb_text _builder_version=&#8221;4.25.1&#8243; _module_preset=&#8221;default&#8221; text_font=&#8221;|&#8211;et_global_body_font_weight|||||||&#8221; text_text_color=&#8221;#FFFFFF&#8221; text_font_size=&#8221;28px&#8221; header_font=&#8221;|300|||||||&#8221; header_text_color=&#8221;#FFFFFF&#8221; header_font_size=&#8221;70px&#8221; header_line_height=&#8221;1.4em&#8221; text_orientation=&#8221;center&#8221; text_font_size_tablet=&#8221;24px&#8221; text_font_size_phone=&#8221;20px&#8221; text_font_size_last_edited=&#8221;on|tablet&#8221; text_line_height_tablet=&#8221;1.5em&#8221; text_line_height_phone=&#8221;1.5em&#8221; text_line_height_last_edited=&#8221;on|tablet&#8221; header_font_size_tablet=&#8221;54px&#8221; header_font_size_phone=&#8221;34px&#8221; header_font_size_last_edited=&#8221;on|tablet&#8221; text_text_shadow_style=&#8221;preset1&#8243; header_text_shadow_style=&#8221;preset1&#8243; global_colors_info=&#8221;{}&#8221;]<\/p>\n<h1>Meio ambiente<\/h1>\n<p>[\/et_pb_text][\/et_pb_column][\/et_pb_row][\/et_pb_section][et_pb_section fb_built=&#8221;1&#8243; _builder_version=&#8221;4.25.1&#8243; _module_preset=&#8221;default&#8221; custom_padding=&#8221;80px||60px||false|false&#8221; global_colors_info=&#8221;{}&#8221;][et_pb_row _builder_version=&#8221;4.25.1&#8243; _module_preset=&#8221;default&#8221; custom_padding=&#8221;0px|||||&#8221; locked=&#8221;off&#8221; global_colors_info=&#8221;{}&#8221;][et_pb_column type=&#8221;4_4&#8243; _builder_version=&#8221;4.25.1&#8243; _module_preset=&#8221;default&#8221; global_colors_info=&#8221;{}&#8221;][et_pb_text _builder_version=&#8221;4.25.1&#8243; _module_preset=&#8221;default&#8221; text_font=&#8221;|&#8211;et_global_body_font_weight|||||||&#8221; text_text_color=&#8221;#222222&#8243; text_font_size=&#8221;18px&#8221; text_line_height=&#8221;1.6em&#8221; header_text_color=&#8221;#222222&#8243; header_2_text_align=&#8221;center&#8221; header_2_text_color=&#8221;#222222&#8243; header_2_font_size=&#8221;36px&#8221; header_2_line_height=&#8221;1.3em&#8221; text_orientation=&#8221;center&#8221; width=&#8221;100%&#8221; module_alignment=&#8221;center&#8221; custom_margin=&#8221;||||false|false&#8221; locked=&#8221;off&#8221; global_colors_info=&#8221;{}&#8221;]<\/p>\n<h2><span>Impacto ambiental de nossas opera\u00e7\u00f5es<\/span><\/h2>\n<p>[\/et_pb_text][\/et_pb_column][\/et_pb_row][et_pb_row column_structure=&#8221;1_2,1_2&#8243; _builder_version=&#8221;4.25.1&#8243; _module_preset=&#8221;default&#8221; locked=&#8221;off&#8221; global_colors_info=&#8221;{}&#8221;][et_pb_column type=&#8221;1_2&#8243; _builder_version=&#8221;4.25.1&#8243; _module_preset=&#8221;default&#8221; global_colors_info=&#8221;{}&#8221;][et_pb_text _builder_version=&#8221;4.25.1&#8243; _module_preset=&#8221;default&#8221; global_colors_info=&#8221;{}&#8221;]O di\u00e1logo com as partes interessadas \u00e9 a base de nossa estrat\u00e9gia de ESG. Realizamos uma avalia\u00e7\u00e3o de materialidade para identificar as principais quest\u00f5es de ESG que mais importam para nossos acionistas e nossos neg\u00f3cios. Esse processo envolveu consultas a partes interessadas internas e externas, incluindo funcion\u00e1rios, clientes, fornecedores, membros da comunidade e especialistas do setor.[\/et_pb_text][\/et_pb_column][et_pb_column type=&#8221;1_2&#8243; _builder_version=&#8221;4.25.1&#8243; _module_preset=&#8221;default&#8221; global_colors_info=&#8221;{}&#8221;][et_pb_text _builder_version=&#8221;4.25.1&#8243; _module_preset=&#8221;default&#8221; text_text_color=&#8221;#f89633&#8243; text_font_size=&#8221;37px&#8221; text_line_height=&#8221;1em&#8221; custom_padding=&#8221;|||20px|false|false&#8221; border_width_left=&#8221;7px&#8221; border_color_left=&#8221;#f89633&#8243; global_colors_info=&#8221;{}&#8221;]<\/p>\n<p><i>\u201cO di\u00e1logo com as partes interessadas \u00e9 a pedra angular de nossa estrat\u00e9gia de ESG.\u201d<\/i><\/p>\n<p>[\/et_pb_text][\/et_pb_column][\/et_pb_row][et_pb_row _builder_version=&#8221;4.25.1&#8243; _module_preset=&#8221;default&#8221; custom_padding=&#8221;0px|||||&#8221; global_colors_info=&#8221;{}&#8221;][et_pb_column type=&#8221;4_4&#8243; _builder_version=&#8221;4.25.1&#8243; _module_preset=&#8221;default&#8221; global_colors_info=&#8221;{}&#8221;][et_pb_toggle title=&#8221;Iniciativas ambientais&#8221; _builder_version=&#8221;4.25.1&#8243; _module_preset=&#8221;default&#8221; global_colors_info=&#8221;{}&#8221;]<\/p>\n<p>AMPCO METAL A pol\u00edtica ambiental da empresa \u00e9 minimizar o impacto ambiental de nossas opera\u00e7\u00f5es, promover a sustentabilidade e garantir o uso respons\u00e1vel dos recursos naturais.<\/p>\n<table border=\"1\" style=\"border-collapse: collapse; width: 100%; height: 192px;\">\n<tbody>\n<tr class=\"difl_datatableitem_0\">\n<th data-label=\"Topic\" class=\"df_dt_table_body_column_cell\" style=\"width: 14.2857%;\">T\u00f3pico<\/th>\n<th data-label=\"Measures Taken\" class=\"df_dt_table_body_column_cell\" style=\"width: 27.9039%;\">Medidas adotadas<\/th>\n<th data-label=\"Initiatives\" class=\"df_dt_table_body_column_cell\" style=\"width: 60.9509%;\">Iniciativas<\/th>\n<th data-label=\"Status\" class=\"df_dt_table_body_column_cell\" style=\"width: 1.38122%;\">Status<\/th>\n<\/tr>\n<tr class=\"difl_datatableitem_1\">\n<td data-label=\"Topic\" class=\"df_dt_table_body_column_cell\" style=\"width: 14.2857%;\">Avalia\u00e7\u00e3o do ciclo de vida<\/td>\n<td data-label=\"Measures Taken\" class=\"df_dt_table_body_column_cell\" style=\"width: 27.9039%;\">Nossa An\u00e1lise do Ciclo de Vida (LCA) abrangeu 19 locais diferentes em todo o mundo, incluindo nossas principais instala\u00e7\u00f5es de produ\u00e7\u00e3o e escrit\u00f3rios de vendas.<\/td>\n<td data-label=\"Initiatives\" class=\"df_dt_table_body_column_cell\" style=\"width: 60.9509%;\">Estabelecer metas baseadas na ci\u00eancia (SBTi) para a redu\u00e7\u00e3o de emiss\u00f5es, priorizando as \u00e1reas de maior incid\u00eancia de C02, como a cadeia de suprimentos.<\/td>\n<td data-label=\"Status\" class=\"df_dt_table_body_column_cell\" style=\"width: 1.38122%;\"><img loading=\"lazy\" decoding=\"async\" src=\"https:\/\/esg.ampcometal.com\/wp-content\/uploads\/2024\/06\/in-progress-clock-150x150.png\" width=\"150\" height=\"150\" alt=\"\" class=\"wp-image-287 alignnone size-thumbnail\"><\/td>\n<\/tr>\n<tr class=\"difl_datatableitem_2\">\n<td data-label=\"Topic\" class=\"df_dt_table_body_column_cell\" style=\"width: 14.2857%;\">Material Topics<\/td>\n<td data-label=\"Measures Taken\" class=\"df_dt_table_body_column_cell\" style=\"width: 27.9039%;\">Realizamos uma avalia\u00e7\u00e3o de materialidade para identificar as principais quest\u00f5es de ESG mais importantes para nossos acionistas e nossos neg\u00f3cios.<\/td>\n<td data-label=\"Initiatives\" class=\"df_dt_table_body_column_cell\" style=\"width: 60.9509%;\">Com base na dupla avalia\u00e7\u00e3o e prioriza\u00e7\u00e3o da materialidade, o site AMPCO METAL est\u00e1 concentrando seus esfor\u00e7os na abordagem dos principais problemas. Esses problemas t\u00eam as pontua\u00e7\u00f5es combinadas mais altas, o que indica que s\u00e3o significativamente impactantes e financeiramente relevantes para a empresa. <\/td>\n<td data-label=\"Status\" class=\"df_dt_table_body_column_cell\" style=\"width: 1.38122%;\"><img loading=\"lazy\" decoding=\"async\" src=\"https:\/\/esg.ampcometal.com\/wp-content\/uploads\/2024\/06\/complete-check-150x150.png\" width=\"150\" height=\"150\" alt=\"\" class=\"wp-image-288 alignnone size-thumbnail\"><\/td>\n<\/tr>\n<tr class=\"difl_datatableitem_3\">\n<td data-label=\"Topic\" class=\"df_dt_table_body_column_cell\" style=\"width: 14.2857%;\">SDGs da ONU<\/td>\n<td data-label=\"Measures Taken\" class=\"df_dt_table_body_column_cell\" style=\"width: 27.9039%;\">Contribuir para 5 ODSs particularmente relevantes para os setores de produ\u00e7\u00e3o de cobre e alum\u00ednio.<\/td>\n<td data-label=\"Initiatives\" class=\"df_dt_table_body_column_cell\" style=\"width: 60.9509%;\">ODS 7: Energia limpa e acess\u00edvel<br \/>ODS 9: Ind\u00fastria, inova\u00e7\u00e3o e infraestrutura<br \/>ODS 12: Consumo e produ\u00e7\u00e3o respons\u00e1veis<br \/>ODS 13: A\u00e7\u00e3o clim\u00e1tica<\/td>\n<td data-label=\"Status\" class=\"df_dt_table_body_column_cell\" style=\"width: 1.38122%;\"><img loading=\"lazy\" decoding=\"async\" src=\"https:\/\/esg.ampcometal.com\/wp-content\/uploads\/2024\/06\/in-progress-clock-150x150.png\" width=\"150\" height=\"150\" alt=\"\" class=\"wp-image-287 alignnone size-thumbnail\"><\/td>\n<\/tr>\n<tr class=\"difl_datatableitem_4\">\n<td data-label=\"Topic\" class=\"df_dt_table_body_column_cell\" style=\"width: 14.2857%;\">ISO50001<\/td>\n<td data-label=\"Measures Taken\" class=\"df_dt_table_body_column_cell\" style=\"width: 27.9039%;\">Implementar padr\u00f5es de gerenciamento de energia para o principal local de produ\u00e7\u00e3o.<\/td>\n<td data-label=\"Initiatives\" class=\"df_dt_table_body_column_cell\" style=\"width: 60.9509%;\">Melhoria da efici\u00eancia energ\u00e9tica em toda a cadeia de suprimentos, economia de custos, conformidade regulamentar, redu\u00e7\u00e3o da pegada de carbono<\/td>\n<td data-label=\"Status\" class=\"df_dt_table_body_column_cell\" style=\"width: 1.38122%;\"><img loading=\"lazy\" decoding=\"async\" src=\"https:\/\/esg.ampcometal.com\/wp-content\/uploads\/2024\/06\/in-progress-clock-150x150.png\" width=\"150\" height=\"150\" alt=\"\" class=\"wp-image-287 alignnone size-thumbnail\"><\/td>\n<\/tr>\n<tr class=\"difl_datatableitem_5\">\n<td data-label=\"Topic\" class=\"df_dt_table_body_column_cell\" style=\"width: 14.2857%;\">Avalia\u00e7\u00e3o de riscos regulat\u00f3rios<\/td>\n<td data-label=\"Measures Taken\" class=\"df_dt_table_body_column_cell\" style=\"width: 27.9039%;\">Due diligence e avalia\u00e7\u00e3o de riscos<\/td>\n<td data-label=\"Initiatives\" class=\"df_dt_table_body_column_cell\" style=\"width: 60.9509%;\">Relat\u00f3rio sobre a conformidade regulat\u00f3ria obrigat\u00f3ria no escopo de AMPCO METAL<\/td>\n<td data-label=\"Status\" class=\"df_dt_table_body_column_cell\" style=\"width: 1.38122%;\"><img loading=\"lazy\" decoding=\"async\" src=\"https:\/\/esg.ampcometal.com\/wp-content\/uploads\/2024\/06\/complete-check-150x150.png\" width=\"150\" height=\"150\" alt=\"\" class=\"wp-image-288 alignnone size-thumbnail\"><\/td>\n<\/tr>\n<tr class=\"difl_datatableitem_6\">\n<td data-label=\"Topic\" class=\"df_dt_table_body_column_cell\" style=\"width: 14.2857%;\">Engajamento das partes interessadas<\/td>\n<td data-label=\"Measures Taken\" class=\"df_dt_table_body_column_cell\" style=\"width: 27.9039%;\">Realizar uma avalia\u00e7\u00e3o da matriz de materialidade.<\/td>\n<td data-label=\"Initiatives\" class=\"df_dt_table_body_column_cell\" style=\"width: 60.9509%;\">Identificar e priorizar t\u00f3picos relevantes para a empresa.<\/td>\n<td data-label=\"Status\" class=\"df_dt_table_body_column_cell\" style=\"width: 1.38122%;\"><img loading=\"lazy\" decoding=\"async\" src=\"https:\/\/esg.ampcometal.com\/wp-content\/uploads\/2024\/06\/complete-check-150x150.png\" width=\"150\" height=\"150\" alt=\"\" class=\"wp-image-288 alignnone size-thumbnail\"><\/td>\n<\/tr>\n<tr class=\"difl_datatableitem_7\">\n<td data-label=\"Topic\" class=\"df_dt_table_body_column_cell\" style=\"width: 14.2857%;\">CSRD<\/td>\n<td data-label=\"Measures Taken\" class=\"df_dt_table_body_column_cell\" style=\"width: 27.9039%;\">Garantir a conformidade com todas as regulamenta\u00e7\u00f5es legais de ESG nos pa\u00edses onde operamos<\/td>\n<td data-label=\"Initiatives\" class=\"df_dt_table_body_column_cell\" style=\"width: 60.9509%;\">Desenvolver uma estrutura para coletar dados para o relat\u00f3rio CSRD em janeiro de 2026 (dados de 2025).<\/td>\n<td data-label=\"Status\" class=\"df_dt_table_body_column_cell\" style=\"width: 1.38122%;\"><img loading=\"lazy\" decoding=\"async\" src=\"https:\/\/esg.ampcometal.com\/wp-content\/uploads\/2024\/06\/in-progress-clock-150x150.png\" width=\"150\" height=\"150\" alt=\"\" class=\"wp-image-287 alignnone size-thumbnail\"><\/td>\n<\/tr>\n<\/tbody>\n<\/table>\n<p>[\/et_pb_toggle][et_pb_toggle title=&#8221;Pegada de carbono corporativa&#8221; _builder_version=&#8221;4.25.1&#8243; _module_preset=&#8221;default&#8221; global_colors_info=&#8221;{}&#8221;]<\/p>\n<div class=\"footprintcontainer\">\n<div class=\"footprinttext\">\n<p>As emiss\u00f5es de gases de efeito estufa (GHG) s\u00e3o a quest\u00e3o de ESG que mais afeta os clientes da AMPCO METAL. Abordar essa quest\u00e3o envolve a redu\u00e7\u00e3o das emiss\u00f5es, o aumento da transpar\u00eancia nos relat\u00f3rios de emiss\u00f5es e a demonstra\u00e7\u00e3o do compromisso com a descarboniza\u00e7\u00e3o de nossa cadeia de suprimentos, que se alinha \u00e0s expectativas dos clientes e \u00e0s exig\u00eancias regulat\u00f3rias. Esse foco pode ajudar a AMPCO METAL a fortalecer seu relacionamento com os clientes e atender \u00e0 crescente demanda por produtos sustent\u00e1veis.  <\/p>\n<\/div>\n<div class=\"footprintimage\"><img decoding=\"async\" src=\"https:\/\/esg.ampcometal.com\/wp-content\/uploads\/2024\/06\/lca-chart.png\" width=\"720\" alt=\"\" class=\"wp-image-270 alignnone size-full\" srcset=\"https:\/\/esg.ampcometal.com\/wp-content\/uploads\/2024\/06\/lca-chart.png 1445w, https:\/\/esg.ampcometal.com\/wp-content\/uploads\/2024\/06\/lca-chart-1280x657.png 1280w, https:\/\/esg.ampcometal.com\/wp-content\/uploads\/2024\/06\/lca-chart-980x503.png 980w, https:\/\/esg.ampcometal.com\/wp-content\/uploads\/2024\/06\/lca-chart-480x246.png 480w\" sizes=\"(min-width: 0px) and (max-width: 480px) 480px, (min-width: 481px) and (max-width: 980px) 980px, (min-width: 981px) and (max-width: 1280px) 1280px, (min-width: 1281px) 1445px, 100vw\" \/><\/div>\n<\/div>\n<p>[\/et_pb_toggle][et_pb_toggle title=&#8221;Avalia\u00e7\u00e3o de materialidade&#8221; _builder_version=&#8221;4.25.1&#8243; _module_preset=&#8221;default&#8221; hover_enabled=&#8221;0&#8243; global_colors_info=&#8221;{}&#8221; sticky_enabled=&#8221;0&#8243;]<\/p>\n<p><a href=\"https:\/\/esg.ampcometal.com\/wp-content\/uploads\/2024\/06\/Materialities-matrix-scaled.jpg\"><img loading=\"lazy\" decoding=\"async\" src=\"https:\/\/esg.ampcometal.com\/wp-content\/uploads\/2024\/06\/Materialities-matrix-1024x713.jpg\" width=\"1024\" height=\"713\" alt=\"\" class=\"wp-image-389 alignnone size-large\" srcset=\"https:\/\/esg.ampcometal.com\/wp-content\/uploads\/2024\/06\/Materialities-matrix-980x682.jpg 980w, https:\/\/esg.ampcometal.com\/wp-content\/uploads\/2024\/06\/Materialities-matrix-480x334.jpg 480w\" sizes=\"(min-width: 0px) and (max-width: 480px) 480px, (min-width: 481px) and (max-width: 980px) 980px, (min-width: 981px) 1024px, 100vw\" \/><\/a><\/p>\n<p>[\/et_pb_toggle][et_pb_toggle title=&#8221;Pontua\u00e7\u00e3o de quest\u00f5es materiais de ESG&#8221; _builder_version=&#8221;4.25.1&#8243; _module_preset=&#8221;default&#8221; hover_enabled=&#8221;0&#8243; global_colors_info=&#8221;{}&#8221; sticky_enabled=&#8221;0&#8243;]<\/p>\n<p>Com base na dupla avalia\u00e7\u00e3o e prioriza\u00e7\u00e3o da materialidade, o site AMPCO METAL deve concentrar seus esfor\u00e7os na abordagem dos principais problemas. Esses problemas t\u00eam as pontua\u00e7\u00f5es combinadas mais altas, o que indica que s\u00e3o significativamente impactantes e financeiramente relevantes para a empresa. <\/p>\n<p><img loading=\"lazy\" decoding=\"async\" src=\"https:\/\/esg.ampcometal.com\/wp-content\/uploads\/2024\/06\/esg-table.png\" width=\"1087\" height=\"576\" alt=\"\" class=\"wp-image-391 aligncenter size-full\" srcset=\"https:\/\/esg.ampcometal.com\/wp-content\/uploads\/2024\/06\/esg-table.png 1087w, https:\/\/esg.ampcometal.com\/wp-content\/uploads\/2024\/06\/esg-table-980x519.png 980w, https:\/\/esg.ampcometal.com\/wp-content\/uploads\/2024\/06\/esg-table-480x254.png 480w\" sizes=\"(min-width: 0px) and (max-width: 480px) 480px, (min-width: 481px) and (max-width: 980px) 980px, (min-width: 981px) 1087px, 100vw\" \/><\/p>\n<p>[\/et_pb_toggle][et_pb_toggle title=&#8221;ODS&#8221; _builder_version=&#8221;4.25.1&#8243; _module_preset=&#8221;default&#8221; global_colors_info=&#8221;{}&#8221;]<\/p>\n<p>Para nossas opera\u00e7\u00f5es globais, os Objetivos de Desenvolvimento Sustent\u00e1vel (ODSs) s\u00e3o particularmente relevantes para AMPCO METAL. Abaixo voc\u00ea encontrar\u00e1 os ODS mais pertinentes e como eles se relacionam com a opera\u00e7\u00e3o de nossos neg\u00f3cios. <\/p>\n<p>&nbsp;<\/p>\n<\/p>\n<p><center><img loading=\"lazy\" decoding=\"async\" class=\"wp-image-196 size-full\" src=\"https:\/\/esg.ampcometal.com\/wp-content\/uploads\/2024\/05\/sdg-7.png\" alt=\"\" width=\"135\" height=\"135\" srcset=\"https:\/\/esg.ampcometal.com\/wp-content\/uploads\/2024\/05\/sdg-7-1280x1280.png 1280w, https:\/\/esg.ampcometal.com\/wp-content\/uploads\/2024\/05\/sdg-7-980x980.png 980w, https:\/\/esg.ampcometal.com\/wp-content\/uploads\/2024\/05\/sdg-7-480x480.png 480w\" sizes=\"(min-width: 0px) and (max-width: 480px) 480px, (min-width: 481px) and (max-width: 980px) 980px, (min-width: 981px) and (max-width: 1280px) 1280px, 100vw\" \/><img loading=\"lazy\" decoding=\"async\" class=\"wp-image-195 size-full\" src=\"https:\/\/esg.ampcometal.com\/wp-content\/uploads\/2024\/05\/sdg-9.png\" alt=\"\" width=\"135\" height=\"135\" srcset=\"https:\/\/esg.ampcometal.com\/wp-content\/uploads\/2024\/05\/sdg-9-1280x1280.png 1280w, https:\/\/esg.ampcometal.com\/wp-content\/uploads\/2024\/05\/sdg-9-980x980.png 980w, https:\/\/esg.ampcometal.com\/wp-content\/uploads\/2024\/05\/sdg-9-480x480.png 480w\" sizes=\"(min-width: 0px) and (max-width: 480px) 480px, (min-width: 481px) and (max-width: 980px) 980px, (min-width: 981px) and (max-width: 1280px) 1280px, 100vw\" \/><img loading=\"lazy\" decoding=\"async\" class=\"wp-image-194 size-full\" src=\"https:\/\/esg.ampcometal.com\/wp-content\/uploads\/2024\/05\/sdg-12.png\" alt=\"\" width=\"135\" height=\"135\" srcset=\"https:\/\/esg.ampcometal.com\/wp-content\/uploads\/2024\/05\/sdg-12-1280x1280.png 1280w, https:\/\/esg.ampcometal.com\/wp-content\/uploads\/2024\/05\/sdg-12-980x980.png 980w, https:\/\/esg.ampcometal.com\/wp-content\/uploads\/2024\/05\/sdg-12-480x480.png 480w\" sizes=\"(min-width: 0px) and (max-width: 480px) 480px, (min-width: 481px) and (max-width: 980px) 980px, (min-width: 981px) and (max-width: 1280px) 1280px, 100vw\" \/><img loading=\"lazy\" decoding=\"async\" class=\"wp-image-193 size-full\" src=\"https:\/\/esg.ampcometal.com\/wp-content\/uploads\/2024\/05\/sdg-13.png\" alt=\"\" width=\"135\" height=\"135\" srcset=\"https:\/\/esg.ampcometal.com\/wp-content\/uploads\/2024\/05\/sdg-13-1280x1280.png 1280w, https:\/\/esg.ampcometal.com\/wp-content\/uploads\/2024\/05\/sdg-13-980x980.png 980w, https:\/\/esg.ampcometal.com\/wp-content\/uploads\/2024\/05\/sdg-13-480x480.png 480w\" sizes=\"(min-width: 0px) and (max-width: 480px) 480px, (min-width: 481px) and (max-width: 980px) 980px, (min-width: 981px) and (max-width: 1280px) 1280px, 100vw\" \/><\/center>[\/et_pb_toggle][et_pb_toggle title=&#8221;Documentos&#8221; _builder_version=&#8221;4.25.1&#8243; _module_preset=&#8221;default&#8221; global_colors_info=&#8221;{}&#8221;]<\/p>\n<p> <a href=\"https:\/\/esg.ampcometal.com\/wp-content\/uploads\/2024\/06\/AMPCO-METAL-Global-ESG-Environment-Policy.pdf\"><img loading=\"lazy\" decoding=\"async\" src=\"https:\/\/esg.ampcometal.com\/wp-content\/uploads\/2024\/06\/download-environment.png\" width=\"694\" height=\"101\" alt=\"\" class=\"wp-image-358 alignnone size-full\" style=\"display: block; margin-left: auto; margin-right: auto;\" srcset=\"https:\/\/esg.ampcometal.com\/wp-content\/uploads\/2024\/06\/download-environment.png 694w, https:\/\/esg.ampcometal.com\/wp-content\/uploads\/2024\/06\/download-environment-480x70.png 480w\" sizes=\"(min-width: 0px) and (max-width: 480px) 480px, (min-width: 481px) 694px, 100vw\" \/><\/a><\/p>\n<p>[\/et_pb_toggle][\/et_pb_column][\/et_pb_row][\/et_pb_section]<\/p>\n","protected":false},"excerpt":{"rendered":"<p>Meio ambienteImpacto ambiental de nossas opera\u00e7\u00f5esO di\u00e1logo com as partes interessadas \u00e9 a base de nossa estrat\u00e9gia de ESG. Realizamos uma avalia\u00e7\u00e3o de materialidade para identificar as principais quest\u00f5es de ESG que mais importam para nossos acionistas e nossos neg\u00f3cios. Esse processo envolveu consultas a partes interessadas internas e externas, incluindo funcion\u00e1rios, clientes, fornecedores, membros [&hellip;]<\/p>\n","protected":false},"author":1,"featured_media":0,"parent":0,"menu_order":0,"comment_status":"closed","ping_status":"closed","template":"","meta":{"_et_pb_use_builder":"on","_et_pb_old_content":"","_et_gb_content_width":"","inline_featured_image":false,"footnotes":""},"difl_page_category":[],"class_list":["post-721","page","type-page","status-publish","hentry"],"_links":{"self":[{"href":"https:\/\/esg.ampcometal.com\/pt-br\/wp-json\/wp\/v2\/pages\/721","targetHints":{"allow":["GET"]}}],"collection":[{"href":"https:\/\/esg.ampcometal.com\/pt-br\/wp-json\/wp\/v2\/pages"}],"about":[{"href":"https:\/\/esg.ampcometal.com\/pt-br\/wp-json\/wp\/v2\/types\/page"}],"author":[{"embeddable":true,"href":"https:\/\/esg.ampcometal.com\/pt-br\/wp-json\/wp\/v2\/users\/1"}],"replies":[{"embeddable":true,"href":"https:\/\/esg.ampcometal.com\/pt-br\/wp-json\/wp\/v2\/comments?post=721"}],"version-history":[{"count":4,"href":"https:\/\/esg.ampcometal.com\/pt-br\/wp-json\/wp\/v2\/pages\/721\/revisions"}],"predecessor-version":[{"id":982,"href":"https:\/\/esg.ampcometal.com\/pt-br\/wp-json\/wp\/v2\/pages\/721\/revisions\/982"}],"wp:attachment":[{"href":"https:\/\/esg.ampcometal.com\/pt-br\/wp-json\/wp\/v2\/media?parent=721"}],"wp:term":[{"taxonomy":"difl_page_category","embeddable":true,"href":"https:\/\/esg.ampcometal.com\/pt-br\/wp-json\/wp\/v2\/difl_page_category?post=721"}],"curies":[{"name":"wp","href":"https:\/\/api.w.org\/{rel}","templated":true}]}}