{"id":731,"date":"2024-06-18T10:28:56","date_gmt":"2024-06-18T10:28:56","guid":{"rendered":"https:\/\/esg.ampcometal.com\/social\/"},"modified":"2025-09-29T10:11:51","modified_gmt":"2025-09-29T10:11:51","slug":"social","status":"publish","type":"page","link":"https:\/\/esg.ampcometal.com\/pt-br\/social\/","title":{"rendered":"Social"},"content":{"rendered":"<p>[et_pb_section fb_built=&#8221;1&#8243; custom_padding_last_edited=&#8221;on|tablet&#8221; _builder_version=&#8221;4.25.1&#8243; _module_preset=&#8221;default&#8221; background_color=&#8221;rgba(34,34,34,0.33)&#8221; background_image=&#8221;https:\/\/esg.ampcometal.com\/wp-content\/uploads\/2024\/05\/social_bike_to_work_initiative.jpg&#8221; background_blend=&#8221;overlay&#8221; custom_padding=&#8221;340px||86px||false|false&#8221; custom_padding_tablet=&#8221;200px||86px||false|false&#8221; custom_padding_phone=&#8221;150px||40px||false|false&#8221; global_colors_info=&#8221;{}&#8221;][et_pb_row _builder_version=&#8221;4.25.1&#8243; _module_preset=&#8221;default&#8221; custom_padding=&#8221;7px|||||&#8221; global_colors_info=&#8221;{}&#8221;][et_pb_column type=&#8221;4_4&#8243; _builder_version=&#8221;4.25.1&#8243; _module_preset=&#8221;default&#8221; global_colors_info=&#8221;{}&#8221;][et_pb_text _builder_version=&#8221;4.25.1&#8243; _module_preset=&#8221;default&#8221; text_font=&#8221;|&#8211;et_global_body_font_weight|||||||&#8221; text_text_color=&#8221;#FFFFFF&#8221; text_font_size=&#8221;28px&#8221; header_font=&#8221;|300|||||||&#8221; header_text_color=&#8221;#FFFFFF&#8221; header_font_size=&#8221;70px&#8221; header_line_height=&#8221;1.4em&#8221; text_orientation=&#8221;center&#8221; text_font_size_tablet=&#8221;24px&#8221; text_font_size_phone=&#8221;20px&#8221; text_font_size_last_edited=&#8221;on|tablet&#8221; text_line_height_tablet=&#8221;1.5em&#8221; text_line_height_phone=&#8221;1.5em&#8221; text_line_height_last_edited=&#8221;on|tablet&#8221; header_font_size_tablet=&#8221;54px&#8221; header_font_size_phone=&#8221;34px&#8221; header_font_size_last_edited=&#8221;on|tablet&#8221; text_text_shadow_style=&#8221;preset1&#8243; header_text_shadow_style=&#8221;preset1&#8243; global_colors_info=&#8221;{}&#8221;]<\/p>\n<h1>Social<\/h1>\n<p>[\/et_pb_text][\/et_pb_column][\/et_pb_row][\/et_pb_section][et_pb_section fb_built=&#8221;1&#8243; _builder_version=&#8221;4.25.1&#8243; _module_preset=&#8221;default&#8221; custom_padding=&#8221;80px||60px||false|false&#8221; global_colors_info=&#8221;{}&#8221;][et_pb_row _builder_version=&#8221;4.25.1&#8243; _module_preset=&#8221;default&#8221; custom_padding=&#8221;0px|||||&#8221; locked=&#8221;off&#8221; global_colors_info=&#8221;{}&#8221;][et_pb_column type=&#8221;4_4&#8243; _builder_version=&#8221;4.25.1&#8243; _module_preset=&#8221;default&#8221; global_colors_info=&#8221;{}&#8221;][et_pb_text _builder_version=&#8221;4.25.1&#8243; _module_preset=&#8221;default&#8221; text_font=&#8221;|&#8211;et_global_body_font_weight|||||||&#8221; text_text_color=&#8221;#222222&#8243; text_font_size=&#8221;18px&#8221; text_line_height=&#8221;1.6em&#8221; header_text_color=&#8221;#222222&#8243; header_2_text_align=&#8221;center&#8221; header_2_text_color=&#8221;#222222&#8243; header_2_font_size=&#8221;36px&#8221; header_2_line_height=&#8221;1.3em&#8221; text_orientation=&#8221;center&#8221; width=&#8221;100%&#8221; module_alignment=&#8221;center&#8221; custom_margin=&#8221;||||false|false&#8221; locked=&#8221;off&#8221; global_colors_info=&#8221;{}&#8221;]<\/p>\n<h2>Responsabilidade social<\/h2>\n<p>[\/et_pb_text][\/et_pb_column][\/et_pb_row][et_pb_row column_structure=&#8221;1_2,1_2&#8243; _builder_version=&#8221;4.25.1&#8243; _module_preset=&#8221;default&#8221; locked=&#8221;off&#8221; global_colors_info=&#8221;{}&#8221;][et_pb_column type=&#8221;1_2&#8243; _builder_version=&#8221;4.25.1&#8243; _module_preset=&#8221;default&#8221; global_colors_info=&#8221;{}&#8221;][et_pb_text _builder_version=&#8221;4.25.1&#8243; _module_preset=&#8221;default&#8221; global_colors_info=&#8221;{}&#8221;]<\/p>\n<p>Como parte ativa da sociedade, a AMPCO METAL tem o compromisso de promover relacionamentos sustent\u00e1veis com pessoas e institui\u00e7\u00f5es em nossas 19 localidades globais. Nossa prioridade \u00e9 o bem-estar de nossos funcion\u00e1rios. De acordo com nossa estrat\u00e9gia global de sustentabilidade, assumimos a responsabilidade social em nossa empresa, em nossas comunidades e em todas as nossas cadeias de suprimentos. Respeitamos os direitos trabalhistas e humanos, estamos comprometidos com a sa\u00fade e a seguran\u00e7a, promovemos a diversidade e a inclus\u00e3o e garantimos a igualdade de oportunidades.   <\/p>\n<p>[\/et_pb_text][\/et_pb_column][et_pb_column type=&#8221;1_2&#8243; _builder_version=&#8221;4.25.1&#8243; _module_preset=&#8221;default&#8221; global_colors_info=&#8221;{}&#8221;][et_pb_text _builder_version=&#8221;4.25.1&#8243; _module_preset=&#8221;default&#8221; text_text_color=&#8221;#f89633&#8243; text_font_size=&#8221;39px&#8221; text_line_height=&#8221;1em&#8221; custom_padding=&#8221;|||20px|false|false&#8221; border_width_left=&#8221;7px&#8221; border_color_left=&#8221;#f89633&#8243; global_colors_info=&#8221;{}&#8221;]<\/p>\n<p><i>\u201cAssumimos a responsabilidade social em nossa empresa, em nossas comunidades e em todas as nossas cadeias de suprimentos&#8230;\u201d<\/i><\/p>\n<p>[\/et_pb_text][\/et_pb_column][\/et_pb_row][et_pb_row _builder_version=&#8221;4.25.1&#8243; _module_preset=&#8221;default&#8221; custom_padding=&#8221;0px|||||&#8221; global_colors_info=&#8221;{}&#8221;][et_pb_column type=&#8221;4_4&#8243; _builder_version=&#8221;4.25.1&#8243; _module_preset=&#8221;default&#8221; global_colors_info=&#8221;{}&#8221;][et_pb_toggle title=&#8221;Iniciativas sociais&#8221; _builder_version=&#8221;4.25.1&#8243; _module_preset=&#8221;default&#8221; hover_enabled=&#8221;0&#8243; global_colors_info=&#8221;{}&#8221; sticky_enabled=&#8221;0&#8243;]<\/p>\n<p>A Pol\u00edtica Social da AMPCO METAL consiste em promover pr\u00e1ticas de trabalho justas, garantir um local de trabalho seguro e saud\u00e1vel, apoiar o desenvolvimento da comunidade e promover a diversidade e a inclus\u00e3o.<\/p>\n<table border=\"1\" style=\"border-collapse: collapse; width: 100%; height: 192px;\">\n<tbody>\n<tr class=\"difl_datatableitem_0\">\n<th data-label=\"Topic\" class=\"df_dt_table_body_column_cell\" style=\"width: 14.2857%;\"><span style=\"font-weight: 400;\">T\u00f3pico<\/span><\/th>\n<th data-label=\"Measures Taken\" class=\"df_dt_table_body_column_cell\" style=\"width: 27.9039%;\"><span style=\"font-weight: 400;\">Medidas adotadas<\/span><\/th>\n<th data-label=\"Initiatives\" class=\"df_dt_table_body_column_cell\" style=\"width: 60.9509%;\"><span style=\"font-weight: 400;\">Iniciativas<\/span><\/th>\n<th data-label=\"Status\" class=\"df_dt_table_body_column_cell\" style=\"width: 1.38122%;\"><span style=\"font-weight: 400;\">Status<\/span><\/th>\n<\/tr>\n<tr class=\"difl_datatableitem_1\">\n<td data-label=\"Topic\" class=\"df_dt_table_body_column_cell\" style=\"width: 14.2857%;\">Auditoria ISO26000<\/td>\n<td data-label=\"Measures Taken\" class=\"df_dt_table_body_column_cell\" style=\"width: 27.9039%;\">Compilar um relat\u00f3rio abrangente sobre nosso desempenho de CSR e recomenda\u00e7\u00f5es na forma de um roteiro de ESG para 2024-2030.<\/td>\n<td data-label=\"Initiatives\" class=\"df_dt_table_body_column_cell\" style=\"width: 60.9509%;\">\n<p>Implementar procedimentos para integrar melhor a RSC em nossos KPIs corporativos.<\/p>\n<p>Promover uma abordagem de baixo para cima para a comunica\u00e7\u00e3o em todos os locais para medir a satisfa\u00e7\u00e3o dos funcion\u00e1rios, a inspe\u00e7\u00e3o de seguran\u00e7a e a preven\u00e7\u00e3o de riscos.<\/p>\n<p>Explorar oportunidades de sinergia e investimentos para apoiar as comunidades locais nas \u00e1reas em que operamos.<\/p>\n<\/td>\n<td data-label=\"Status\" class=\"df_dt_table_body_column_cell\" style=\"width: 1.38122%;\"><img loading=\"lazy\" decoding=\"async\" src=\"https:\/\/esg.ampcometal.com\/wp-content\/uploads\/2024\/06\/in-progress-clock-150x150.png\" width=\"150\" height=\"150\" alt=\"\" class=\"wp-image-287 alignnone size-thumbnail\"><\/td>\n<\/tr>\n<\/tbody>\n<\/table>\n<p>[\/et_pb_toggle][et_pb_toggle title=&#8221;Diversidade de g\u00eanero dos funcion\u00e1rios&#8221; _builder_version=&#8221;4.25.1&#8243; _module_preset=&#8221;default&#8221; hover_enabled=&#8221;0&#8243; global_colors_info=&#8221;{}&#8221; sticky_enabled=&#8221;0&#8243;]<\/p>\n<div class=\"footprintcontainer\">\n<div class=\"footprinttext\">\n<p>A distribui\u00e7\u00e3o de g\u00eanero em AMPCO METAL mostra uma disparidade significativa, com 78,6% de funcion\u00e1rios do sexo masculino e 21,4% do sexo feminino. Isso n\u00e3o \u00e9 incomum no setor de metais, que \u00e9 tradicionalmente dominado por homens, mas reconhecemos que ainda h\u00e1 trabalho a ser feito. Embora o atual desequil\u00edbrio entre os g\u00eaneros reflita as tend\u00eancias do setor, h\u00e1 uma clara oportunidade para que a AMPCO METAL aumente a diversidade de g\u00eaneros  <\/p>\n<\/div>\n<div class=\"footprintimage\"><img decoding=\"async\" src=\"https:\/\/esg.ampcometal.com\/wp-content\/uploads\/2024\/06\/employee-gender-diversity.png\" width=\"353\" alt=\"\" class=\"wp-image-303 alignnone size-full\" style=\"display: block; margin-left: auto; margin-right: auto;\" srcset=\"https:\/\/esg.ampcometal.com\/wp-content\/uploads\/2024\/06\/employee-gender-diversity.png 693w, https:\/\/esg.ampcometal.com\/wp-content\/uploads\/2024\/06\/employee-gender-diversity-480x364.png 480w\" sizes=\"(min-width: 0px) and (max-width: 480px) 480px, (min-width: 481px) 693px, 100vw\" \/><\/div>\n<\/div>\n<p>[\/et_pb_toggle][et_pb_toggle title=&#8221;Diversidade de idade&#8221; _builder_version=&#8221;4.25.1&#8243; _module_preset=&#8221;default&#8221; hover_enabled=&#8221;0&#8243; global_colors_info=&#8221;{}&#8221; sticky_enabled=&#8221;0&#8243;]<\/p>\n<div class=\"footprintcontainer\">\n<div class=\"footprinttext\">\n<p>A distribui\u00e7\u00e3o et\u00e1ria de nossa for\u00e7a de trabalho indica uma base de funcion\u00e1rios relativamente jovem, o que sugere que conseguimos atrair talentos mais jovens para nossa organiza\u00e7\u00e3o. Ter uma for\u00e7a de trabalho jovem \u00e9 um indicador positivo de nossa capacidade de nos envolvermos com a pr\u00f3xima gera\u00e7\u00e3o de profissionais. Esfor\u00e7os cont\u00ednuos no desenvolvimento profissional, oportunidades de progress\u00e3o na carreira e pr\u00e1ticas inclusivas no local de trabalho ser\u00e3o cruciais para reter esses talentos e garantir seu crescimento a longo prazo na empresa.  <\/p>\n<\/div>\n<div class=\"footprintimage\"><img decoding=\"async\" src=\"https:\/\/esg.ampcometal.com\/wp-content\/uploads\/2024\/06\/age-diversity.png\" width=\"360\" alt=\"\" class=\"wp-image-304 alignnone size-full\" style=\"display: block; margin-left: auto; margin-right: auto;\" srcset=\"https:\/\/esg.ampcometal.com\/wp-content\/uploads\/2024\/06\/age-diversity.png 735w, https:\/\/esg.ampcometal.com\/wp-content\/uploads\/2024\/06\/age-diversity-480x282.png 480w\" sizes=\"(min-width: 0px) and (max-width: 480px) 480px, (min-width: 481px) 735px, 100vw\" \/><\/div>\n<\/div>\n<p>[\/et_pb_toggle][et_pb_toggle title=&#8221;Bem-estar e seguran\u00e7a dos funcion\u00e1rios&#8221; _builder_version=&#8221;4.25.1&#8243; _module_preset=&#8221;default&#8221; global_colors_info=&#8221;{}&#8221;]<\/p>\n<p>AMPCO METAL tem o compromisso de promover relacionamentos sustent\u00e1veis com pessoas e institui\u00e7\u00f5es em nossas 19 localidades globais. Reconhecemos a responsabilidade social dentro de nossa empresa, nas comunidades onde operamos e em todas as nossas cadeias de suprimentos. <\/p>\n<p>N\u00f3s nos dedicamos a defender os direitos trabalhistas e humanos, garantir a sa\u00fade e a seguran\u00e7a, promover a diversidade e a inclus\u00e3o e oferecer oportunidades iguais para todos.<\/p>\n<p>Ao nos concentrarmos no bem-estar, podemos ajudar nossos funcion\u00e1rios a manter ou aumentar seu envolvimento e produtividade. Consequentemente, continuaremos a enfatizar a conscientiza\u00e7\u00e3o de nossos programas e iniciativas de bem-estar entre nossos funcion\u00e1rios e a incentiv\u00e1-los a participar. <\/p>\n<p>Como parte de nosso compromisso de aprimorar a responsabilidade social corporativa, contratamos um especialista terceirizado para realizar uma auditoria ISO 26000 em nossas principais instala\u00e7\u00f5es operacionais na Su\u00ed\u00e7a, Fran\u00e7a e Holanda. Essa avalia\u00e7\u00e3o abrangente teve como objetivo avaliar nosso desempenho social e de governan\u00e7a, fornecendo-nos percep\u00e7\u00f5es valiosas e recomenda\u00e7\u00f5es pr\u00e1ticas para impulsionar nossas iniciativas de sustentabilidade. <\/p>\n<p>[\/et_pb_toggle][et_pb_toggle title=&#8221;Documentos&#8221; _builder_version=&#8221;4.25.1&#8243; _module_preset=&#8221;default&#8221; locked=&#8221;off&#8221; global_colors_info=&#8221;{}&#8221;]<\/p>\n<p><a href=\"https:\/\/esg.ampcometal.com\/wp-content\/uploads\/2024\/06\/AMPCO-METAL-Global-ESG-Social-Policy.pdf\"><img loading=\"lazy\" decoding=\"async\" class=\"wp-image-357 size-full aligncenter\" src=\"https:\/\/esg.ampcometal.com\/wp-content\/uploads\/2024\/06\/download-social.png\" alt=\"\" width=\"693\" height=\"100\" srcset=\"https:\/\/esg.ampcometal.com\/wp-content\/uploads\/2024\/06\/download-social.png 693w, https:\/\/esg.ampcometal.com\/wp-content\/uploads\/2024\/06\/download-social-480x83.png 480w\" sizes=\"(min-width: 0px) and (max-width: 480px) 480px, (min-width: 481px) 693px, 100vw\" \/><\/a><\/p>\n<p>[\/et_pb_toggle][\/et_pb_column][\/et_pb_row][\/et_pb_section]<\/p>\n","protected":false},"excerpt":{"rendered":"<p>SocialResponsabilidade socialComo parte ativa da sociedade, a AMPCO METAL tem o compromisso de promover relacionamentos sustent\u00e1veis com pessoas e institui\u00e7\u00f5es em nossas 19 localidades globais. Nossa prioridade \u00e9 o bem-estar de nossos funcion\u00e1rios. De acordo com nossa estrat\u00e9gia global de sustentabilidade, assumimos a responsabilidade social em nossa empresa, em nossas comunidades e em todas as [&hellip;]<\/p>\n","protected":false},"author":1,"featured_media":0,"parent":0,"menu_order":0,"comment_status":"closed","ping_status":"closed","template":"","meta":{"_et_pb_use_builder":"on","_et_pb_old_content":"","_et_gb_content_width":"","inline_featured_image":false,"footnotes":""},"difl_page_category":[],"class_list":["post-731","page","type-page","status-publish","hentry"],"_links":{"self":[{"href":"https:\/\/esg.ampcometal.com\/pt-br\/wp-json\/wp\/v2\/pages\/731","targetHints":{"allow":["GET"]}}],"collection":[{"href":"https:\/\/esg.ampcometal.com\/pt-br\/wp-json\/wp\/v2\/pages"}],"about":[{"href":"https:\/\/esg.ampcometal.com\/pt-br\/wp-json\/wp\/v2\/types\/page"}],"author":[{"embeddable":true,"href":"https:\/\/esg.ampcometal.com\/pt-br\/wp-json\/wp\/v2\/users\/1"}],"replies":[{"embeddable":true,"href":"https:\/\/esg.ampcometal.com\/pt-br\/wp-json\/wp\/v2\/comments?post=731"}],"version-history":[{"count":4,"href":"https:\/\/esg.ampcometal.com\/pt-br\/wp-json\/wp\/v2\/pages\/731\/revisions"}],"predecessor-version":[{"id":1011,"href":"https:\/\/esg.ampcometal.com\/pt-br\/wp-json\/wp\/v2\/pages\/731\/revisions\/1011"}],"wp:attachment":[{"href":"https:\/\/esg.ampcometal.com\/pt-br\/wp-json\/wp\/v2\/media?parent=731"}],"wp:term":[{"taxonomy":"difl_page_category","embeddable":true,"href":"https:\/\/esg.ampcometal.com\/pt-br\/wp-json\/wp\/v2\/difl_page_category?post=731"}],"curies":[{"name":"wp","href":"https:\/\/api.w.org\/{rel}","templated":true}]}}