{"id":805,"date":"2024-06-18T10:36:08","date_gmt":"2024-06-18T10:36:08","guid":{"rendered":"https:\/\/esg.ampcometal.com\/governanca\/"},"modified":"2025-09-29T10:00:14","modified_gmt":"2025-09-29T10:00:14","slug":"governanca","status":"publish","type":"page","link":"https:\/\/esg.ampcometal.com\/pt-br\/governanca\/","title":{"rendered":"Governan\u00e7a"},"content":{"rendered":"<p>[et_pb_section fb_built=&#8221;1&#8243; custom_padding_last_edited=&#8221;on|tablet&#8221; _builder_version=&#8221;4.25.1&#8243; _module_preset=&#8221;default&#8221; background_color=&#8221;rgba(34,34,34,0.33)&#8221; background_image=&#8221;https:\/\/esg.ampcometal.com\/wp-content\/uploads\/2024\/05\/AMPCO-2020-1424.jpg&#8221; background_blend=&#8221;overlay&#8221; custom_padding=&#8221;340px||86px||false|false&#8221; custom_padding_tablet=&#8221;200px||86px||false|false&#8221; custom_padding_phone=&#8221;150px||40px||false|false&#8221; global_colors_info=&#8221;{}&#8221;][et_pb_row _builder_version=&#8221;4.25.1&#8243; _module_preset=&#8221;default&#8221; custom_padding=&#8221;7px|||||&#8221; global_colors_info=&#8221;{}&#8221;][et_pb_column type=&#8221;4_4&#8243; _builder_version=&#8221;4.25.1&#8243; _module_preset=&#8221;default&#8221; global_colors_info=&#8221;{}&#8221;][et_pb_text _builder_version=&#8221;4.25.1&#8243; _module_preset=&#8221;default&#8221; text_font=&#8221;|&#8211;et_global_body_font_weight|||||||&#8221; text_text_color=&#8221;#FFFFFF&#8221; text_font_size=&#8221;28px&#8221; header_font=&#8221;|300|||||||&#8221; header_text_color=&#8221;#FFFFFF&#8221; header_font_size=&#8221;70px&#8221; header_line_height=&#8221;1.4em&#8221; text_orientation=&#8221;center&#8221; text_font_size_tablet=&#8221;24px&#8221; text_font_size_phone=&#8221;20px&#8221; text_font_size_last_edited=&#8221;on|tablet&#8221; text_line_height_tablet=&#8221;1.5em&#8221; text_line_height_phone=&#8221;1.5em&#8221; text_line_height_last_edited=&#8221;on|tablet&#8221; header_font_size_tablet=&#8221;54px&#8221; header_font_size_phone=&#8221;34px&#8221; header_font_size_last_edited=&#8221;on|tablet&#8221; text_text_shadow_style=&#8221;preset1&#8243; header_text_shadow_style=&#8221;preset1&#8243; global_colors_info=&#8221;{}&#8221;]<\/p>\n<h1>Governan\u00e7a<\/h1>\n<p>[\/et_pb_text][\/et_pb_column][\/et_pb_row][\/et_pb_section][et_pb_section fb_built=&#8221;1&#8243; _builder_version=&#8221;4.25.1&#8243; _module_preset=&#8221;default&#8221; custom_padding=&#8221;80px||60px||false|false&#8221; global_colors_info=&#8221;{}&#8221;][et_pb_row _builder_version=&#8221;4.25.1&#8243; _module_preset=&#8221;default&#8221; custom_padding=&#8221;0px|||||&#8221; locked=&#8221;off&#8221; global_colors_info=&#8221;{}&#8221;][et_pb_column type=&#8221;4_4&#8243; _builder_version=&#8221;4.25.1&#8243; _module_preset=&#8221;default&#8221; global_colors_info=&#8221;{}&#8221;][et_pb_text _builder_version=&#8221;4.25.1&#8243; _module_preset=&#8221;default&#8221; text_font=&#8221;|&#8211;et_global_body_font_weight|||||||&#8221; text_text_color=&#8221;#222222&#8243; text_font_size=&#8221;18px&#8221; text_line_height=&#8221;1.6em&#8221; header_text_color=&#8221;#222222&#8243; header_2_text_align=&#8221;center&#8221; header_2_text_color=&#8221;#222222&#8243; header_2_font_size=&#8221;36px&#8221; header_2_line_height=&#8221;1.3em&#8221; text_orientation=&#8221;center&#8221; width=&#8221;100%&#8221; module_alignment=&#8221;center&#8221; custom_margin=&#8221;||||false|false&#8221; locked=&#8221;off&#8221; global_colors_info=&#8221;{}&#8221;]<\/p>\n<h2>Pr\u00e1ticas \u00e9ticas e conformidade<\/h2>\n<p>[\/et_pb_text][\/et_pb_column][\/et_pb_row][et_pb_row column_structure=&#8221;1_2,1_2&#8243; _builder_version=&#8221;4.25.1&#8243; _module_preset=&#8221;default&#8221; locked=&#8221;off&#8221; global_colors_info=&#8221;{}&#8221;][et_pb_column type=&#8221;1_2&#8243; _builder_version=&#8221;4.25.1&#8243; _module_preset=&#8221;default&#8221; global_colors_info=&#8221;{}&#8221;][et_pb_text _builder_version=&#8221;4.25.1&#8243; _module_preset=&#8221;default&#8221; global_colors_info=&#8221;{}&#8221;]Nossa estrat\u00e9gia de governan\u00e7a e \u00e9tica se concentra na promo\u00e7\u00e3o de um impacto social positivo por meio de nossas pr\u00e1ticas comerciais. Isso inclui a defesa dos direitos trabalhistas, a minimiza\u00e7\u00e3o das pegadas ambientais, o combate \u00e0 corrup\u00e7\u00e3o e a prote\u00e7\u00e3o das informa\u00e7\u00f5es dos clientes e da privacidade dos dados. Nosso sistema de gerenciamento de conformidade segue as normas ISO 9001 e inclui medidas anticorrup\u00e7\u00e3o, processos de aquisi\u00e7\u00e3o sustent\u00e1veis e auditorias regulares de ESG para garantir transpar\u00eancia e responsabilidade.[\/et_pb_text][\/et_pb_column][et_pb_column type=&#8221;1_2&#8243; _builder_version=&#8221;4.25.1&#8243; _module_preset=&#8221;default&#8221; global_colors_info=&#8221;{}&#8221;][et_pb_text _builder_version=&#8221;4.25.1&#8243; _module_preset=&#8221;default&#8221; text_text_color=&#8221;#f89633&#8243; text_font_size=&#8221;50px&#8221; text_line_height=&#8221;1em&#8221; custom_padding=&#8221;|||20px|false|false&#8221; border_width_left=&#8221;7px&#8221; border_color_left=&#8221;#f89633&#8243; global_colors_info=&#8221;{}&#8221;]<\/p>\n<p><i>\u201cNossas pr\u00e1ticas de governan\u00e7a e \u00e9tica se concentram na promo\u00e7\u00e3o de um impacto social positivo por meio de nossas pr\u00e1ticas comerciais.\u201d<\/i><\/p>\n<p>[\/et_pb_text][\/et_pb_column][\/et_pb_row][et_pb_row _builder_version=&#8221;4.25.1&#8243; _module_preset=&#8221;default&#8221; custom_padding=&#8221;0px|||||&#8221; global_colors_info=&#8221;{}&#8221;][et_pb_column type=&#8221;4_4&#8243; _builder_version=&#8221;4.25.1&#8243; _module_preset=&#8221;default&#8221; global_colors_info=&#8221;{}&#8221;][et_pb_toggle title=&#8221;Iniciativas de governan\u00e7a&#8221; _builder_version=&#8221;4.25.1&#8243; _module_preset=&#8221;default&#8221; global_colors_info=&#8221;{}&#8221;]AMPCO METAL A Pol\u00edtica de Governan\u00e7a da empresa \u00e9 garantir pr\u00e1ticas comerciais \u00e9ticas, conformidade regulat\u00f3ria e estruturas robustas de governan\u00e7a corporativa.<\/p>\n<table border=\"1\" style=\"border-collapse: collapse; width: 100%; height: 192px;\">\n<tbody>\n<tr class=\"difl_datatableitem_0\">\n<th data-label=\"Topic\" class=\"df_dt_table_body_column_cell\" style=\"width: 14.2857%;\"><span style=\"font-weight: 400;\">T\u00f3pico<\/span><\/th>\n<th data-label=\"Measures Taken\" class=\"df_dt_table_body_column_cell\" style=\"width: 27.9039%;\"><span style=\"font-weight: 400;\">Medidas adotadas<\/span><\/th>\n<th data-label=\"Initiatives\" class=\"df_dt_table_body_column_cell\" style=\"width: 60.9509%;\"><span style=\"font-weight: 400;\">Iniciativas<\/span><\/th>\n<th data-label=\"Status\" class=\"df_dt_table_body_column_cell\" style=\"width: 1.38122%;\"><span style=\"font-weight: 400;\">Status<\/span><\/th>\n<\/tr>\n<tr class=\"difl_datatableitem_1\">\n<td data-label=\"Topic\" class=\"df_dt_table_body_column_cell\" style=\"width: 14.2857%;\">Pol\u00edticas de governan\u00e7a<\/td>\n<td data-label=\"Measures Taken\" class=\"df_dt_table_body_column_cell\" style=\"width: 27.9039%;\">Revisar nossas pol\u00edticas de governan\u00e7a para incorporar o ESG ao sistema de Gest\u00e3o de Qualidade e aos processos de Recursos Humanos da organiza\u00e7\u00e3o.<\/td>\n<td data-label=\"Initiatives\" class=\"df_dt_table_body_column_cell\" style=\"width: 60.9509%;\">Formar NOVAS pol\u00edticas gerais de ESG com KPIs para fornecer uma estrutura clara para o compromisso da AMPCO METAL com a sustentabilidade, as pr\u00e1ticas \u00e9ticas e o envolvimento das partes interessadas.<\/td>\n<td data-label=\"Status\" class=\"df_dt_table_body_column_cell\" style=\"width: 1.38122%;\"><img loading=\"lazy\" decoding=\"async\" src=\"https:\/\/esg.ampcometal.com\/wp-content\/uploads\/2024\/06\/complete-check-150x150.png\" width=\"150\" height=\"150\" alt=\"\" class=\"wp-image-288 alignnone size-thumbnail\"><\/td>\n<\/tr>\n<tr class=\"difl_datatableitem_2\">\n<td data-label=\"Topic\" class=\"df_dt_table_body_column_cell\" style=\"width: 14.2857%;\">Comit\u00ea de funcion\u00e1rios<\/td>\n<td data-label=\"Measures Taken\" class=\"df_dt_table_body_column_cell\" style=\"width: 27.9039%;\">Reestruturar nossa abordagem de governan\u00e7a para integrar o ESG em nossos processos de neg\u00f3cios e de gest\u00e3o.<\/td>\n<td data-label=\"Initiatives\" class=\"df_dt_table_body_column_cell\" style=\"width: 60.9509%;\">Forma\u00e7\u00e3o do Comit\u00ea de Funcion\u00e1rios AMPCO METAL ESG, respons\u00e1vel pela implementa\u00e7\u00e3o e monitoramento da Pol\u00edtica Ambiental em suas respectivas \u00e1reas da cadeia de valor.<\/td>\n<td data-label=\"Status\" class=\"df_dt_table_body_column_cell\" style=\"width: 1.38122%;\"><img loading=\"lazy\" decoding=\"async\" src=\"https:\/\/esg.ampcometal.com\/wp-content\/uploads\/2024\/06\/complete-check-150x150.png\" width=\"150\" height=\"150\" alt=\"\" class=\"wp-image-288 alignnone size-thumbnail\"><\/td>\n<\/tr>\n<tr class=\"difl_datatableitem_3\">\n<td data-label=\"Topic\" class=\"df_dt_table_body_column_cell\" style=\"width: 14.2857%;\">Auditoria ISO26000<\/td>\n<td data-label=\"Measures Taken\" class=\"df_dt_table_body_column_cell\" style=\"width: 27.9039%;\">Compilar um relat\u00f3rio abrangente sobre nosso desempenho de governan\u00e7a e recomenda\u00e7\u00f5es na forma de um roteiro de ESG para 2024-2030.<\/td>\n<td data-label=\"Initiatives\" class=\"df_dt_table_body_column_cell\" style=\"width: 60.9509%;\">\n<p>Implementar procedimentos para melhorar nossa estrutura e processos de governan\u00e7a em n\u00edvel local e do Grupo.<\/p>\n<p>Fortalecer nossos recursos de QMS e solu\u00e7\u00f5es tecnol\u00f3gicas.<\/p>\n<p>Comunicar com efic\u00e1cia as miss\u00f5es e pol\u00edticas de ESG do grupo.<\/p>\n<\/td>\n<td data-label=\"Status\" class=\"df_dt_table_body_column_cell\" style=\"width: 1.38122%;\"><img loading=\"lazy\" decoding=\"async\" src=\"https:\/\/esg.ampcometal.com\/wp-content\/uploads\/2024\/06\/in-progress-clock-150x150.png\" width=\"150\" height=\"150\" alt=\"\" class=\"wp-image-287 alignnone size-thumbnail\"><\/td>\n<\/tr>\n<\/tbody>\n<\/table>\n<p>[\/et_pb_toggle][et_pb_toggle title=&#8221;Documentos&#8221; _builder_version=&#8221;4.25.1&#8243; _module_preset=&#8221;default&#8221; locked=&#8221;off&#8221; global_colors_info=&#8221;{}&#8221;]<\/p>\n<p><a href=\"https:\/\/esg.ampcometal.com\/wp-content\/uploads\/2024\/06\/AMPCO-METAL-Global-ESG-Governance-Policy.pdf\"><img loading=\"lazy\" decoding=\"async\" class=\"wp-image-356 aligncenter size-full\" src=\"https:\/\/esg.ampcometal.com\/wp-content\/uploads\/2024\/06\/download-governance.png\" alt=\"\" width=\"689\" height=\"95\" srcset=\"https:\/\/esg.ampcometal.com\/wp-content\/uploads\/2024\/06\/download-governance.png 689w, https:\/\/esg.ampcometal.com\/wp-content\/uploads\/2024\/06\/download-governance-480x72.png 480w\" sizes=\"(min-width: 0px) and (max-width: 480px) 480px, (min-width: 481px) 689px, 100vw\" \/><\/a><\/p>\n<p>[\/et_pb_toggle][\/et_pb_column][\/et_pb_row][\/et_pb_section]<\/p>\n","protected":false},"excerpt":{"rendered":"<p>Governan\u00e7aPr\u00e1ticas \u00e9ticas e conformidadeNossa estrat\u00e9gia de governan\u00e7a e \u00e9tica se concentra na promo\u00e7\u00e3o de um impacto social positivo por meio de nossas pr\u00e1ticas comerciais. Isso inclui a defesa dos direitos trabalhistas, a minimiza\u00e7\u00e3o das pegadas ambientais, o combate \u00e0 corrup\u00e7\u00e3o e a prote\u00e7\u00e3o das informa\u00e7\u00f5es dos clientes e da privacidade dos dados. Nosso sistema de [&hellip;]<\/p>\n","protected":false},"author":1,"featured_media":0,"parent":0,"menu_order":0,"comment_status":"closed","ping_status":"closed","template":"","meta":{"_et_pb_use_builder":"on","_et_pb_old_content":"","_et_gb_content_width":"","inline_featured_image":false,"footnotes":""},"difl_page_category":[],"class_list":["post-805","page","type-page","status-publish","hentry"],"_links":{"self":[{"href":"https:\/\/esg.ampcometal.com\/pt-br\/wp-json\/wp\/v2\/pages\/805","targetHints":{"allow":["GET"]}}],"collection":[{"href":"https:\/\/esg.ampcometal.com\/pt-br\/wp-json\/wp\/v2\/pages"}],"about":[{"href":"https:\/\/esg.ampcometal.com\/pt-br\/wp-json\/wp\/v2\/types\/page"}],"author":[{"embeddable":true,"href":"https:\/\/esg.ampcometal.com\/pt-br\/wp-json\/wp\/v2\/users\/1"}],"replies":[{"embeddable":true,"href":"https:\/\/esg.ampcometal.com\/pt-br\/wp-json\/wp\/v2\/comments?post=805"}],"version-history":[{"count":10,"href":"https:\/\/esg.ampcometal.com\/pt-br\/wp-json\/wp\/v2\/pages\/805\/revisions"}],"predecessor-version":[{"id":997,"href":"https:\/\/esg.ampcometal.com\/pt-br\/wp-json\/wp\/v2\/pages\/805\/revisions\/997"}],"wp:attachment":[{"href":"https:\/\/esg.ampcometal.com\/pt-br\/wp-json\/wp\/v2\/media?parent=805"}],"wp:term":[{"taxonomy":"difl_page_category","embeddable":true,"href":"https:\/\/esg.ampcometal.com\/pt-br\/wp-json\/wp\/v2\/difl_page_category?post=805"}],"curies":[{"name":"wp","href":"https:\/\/api.w.org\/{rel}","templated":true}]}}