{"id":816,"date":"2024-06-18T10:59:20","date_gmt":"2024-06-18T10:59:20","guid":{"rendered":"https:\/\/esg.ampcometal.com\/metas-e-oportunidades-futuras\/"},"modified":"2025-09-29T09:57:45","modified_gmt":"2025-09-29T09:57:45","slug":"metas-e-oportunidades-futuras","status":"publish","type":"page","link":"https:\/\/esg.ampcometal.com\/pt-br\/metas-e-oportunidades-futuras\/","title":{"rendered":"Metas e oportunidades futuras"},"content":{"rendered":"<p>[et_pb_section fb_built=&#8221;1&#8243; custom_padding_last_edited=&#8221;on|tablet&#8221; _builder_version=&#8221;4.25.1&#8243; _module_preset=&#8221;default&#8221; background_color=&#8221;rgba(34,34,34,0.33)&#8221; background_image=&#8221;https:\/\/esg.ampcometal.com\/wp-content\/uploads\/2024\/06\/electric-charger-cars.jpg&#8221; background_blend=&#8221;overlay&#8221; custom_padding=&#8221;340px||86px||false|false&#8221; custom_padding_tablet=&#8221;200px||86px||false|false&#8221; custom_padding_phone=&#8221;150px||40px||false|false&#8221; hover_enabled=&#8221;0&#8243; global_colors_info=&#8221;{}&#8221; title_text=&#8221;Close up of electric car charging station&#8221; sticky_enabled=&#8221;0&#8243;][et_pb_row _builder_version=&#8221;4.25.1&#8243; _module_preset=&#8221;default&#8221; custom_padding=&#8221;7px|||||&#8221; hover_enabled=&#8221;0&#8243; global_colors_info=&#8221;{}&#8221; sticky_enabled=&#8221;0&#8243;][et_pb_column type=&#8221;4_4&#8243; _builder_version=&#8221;4.25.1&#8243; _module_preset=&#8221;default&#8221; global_colors_info=&#8221;{}&#8221;][et_pb_text _builder_version=&#8221;4.25.1&#8243; _module_preset=&#8221;default&#8221; text_font=&#8221;|&#8211;et_global_body_font_weight|||||||&#8221; text_text_color=&#8221;#FFFFFF&#8221; text_font_size=&#8221;28px&#8221; header_font=&#8221;|300|||||||&#8221; header_text_color=&#8221;#FFFFFF&#8221; header_font_size=&#8221;70px&#8221; header_line_height=&#8221;1.4em&#8221; text_orientation=&#8221;center&#8221; hover_enabled=&#8221;0&#8243; text_font_size_tablet=&#8221;24px&#8221; text_font_size_phone=&#8221;20px&#8221; text_font_size_last_edited=&#8221;on|tablet&#8221; text_line_height_tablet=&#8221;1.5em&#8221; text_line_height_phone=&#8221;1.5em&#8221; text_line_height_last_edited=&#8221;on|tablet&#8221; header_font_size_tablet=&#8221;54px&#8221; header_font_size_phone=&#8221;34px&#8221; header_font_size_last_edited=&#8221;on|tablet&#8221; text_text_shadow_style=&#8221;preset1&#8243; header_text_shadow_style=&#8221;preset1&#8243; global_colors_info=&#8221;{}&#8221; sticky_enabled=&#8221;0&#8243;]<\/p>\n<h1>Metas e oportunidades futuras<\/h1>\n<p>[\/et_pb_text][\/et_pb_column][\/et_pb_row][\/et_pb_section][et_pb_section fb_built=&#8221;1&#8243; _builder_version=&#8221;4.25.1&#8243; _module_preset=&#8221;default&#8221; custom_padding=&#8221;80px||60px||false|false&#8221; global_colors_info=&#8221;{}&#8221;][et_pb_row _builder_version=&#8221;4.25.1&#8243; _module_preset=&#8221;default&#8221; custom_padding=&#8221;0px|||||&#8221; global_colors_info=&#8221;{}&#8221;][et_pb_column type=&#8221;4_4&#8243; _builder_version=&#8221;4.25.1&#8243; _module_preset=&#8221;default&#8221; global_colors_info=&#8221;{}&#8221;][et_pb_text _builder_version=&#8221;4.25.1&#8243; _module_preset=&#8221;default&#8221; hover_enabled=&#8221;0&#8243; global_colors_info=&#8221;{}&#8221; sticky_enabled=&#8221;0&#8243;]<\/p>\n<p>O cobre e sua import\u00e2ncia para a economia circular.<\/p>\n<p>O cobre \u00e9 essencial para a economia circular devido \u00e0 sua capacidade de reciclagem e \u00e0 perda m\u00ednima de propriedades durante o processo de reciclagem. Aqui est\u00e3o os principais motivos pelos quais o cobre \u00e9 vital para a economia circular: <\/p>\n<p>[\/et_pb_text][et_pb_toggle title=&#8221;Alta capacidade de reciclagem&#8221; _builder_version=&#8221;4.25.1&#8243; _module_preset=&#8221;default&#8221; hover_enabled=&#8221;0&#8243; global_colors_info=&#8221;{}&#8221; sticky_enabled=&#8221;0&#8243;]O cobre pode ser reciclado v\u00e1rias vezes sem degrada\u00e7\u00e3o de suas propriedades. Isso o torna um material ideal para uma economia circular, em que o objetivo \u00e9 manter os recursos em uso pelo maior tempo poss\u00edvel. Nossa meta \u00e9 exceder nossa taxa de reciclagem atual de aproximadamente 40% para 80% ou mais.[\/et_pb_toggle][et_pb_toggle title=&#8221;Efici\u00eancia de recursos&#8221; _builder_version=&#8221;4.25.1&#8243; _module_preset=&#8221;default&#8221; hover_enabled=&#8221;0&#8243; global_colors_info=&#8221;{}&#8221; sticky_enabled=&#8221;0&#8243;]A reciclagem de cobre requer muito menos energia em compara\u00e7\u00e3o com a produ\u00e7\u00e3o prim\u00e1ria de cobre a partir do min\u00e9rio. Isso leva a uma economia substancial de energia e a uma redu\u00e7\u00e3o nas emiss\u00f5es de gases de efeito estufa, contribuindo para processos industriais mais sustent\u00e1veis.[\/et_pb_toggle][et_pb_toggle title=&#8221;Redu\u00e7\u00e3o de res\u00edduos&#8221; _builder_version=&#8221;4.25.1&#8243; _module_preset=&#8221;default&#8221; hover_enabled=&#8221;0&#8243; global_colors_info=&#8221;{}&#8221; sticky_enabled=&#8221;0&#8243;]Com a reciclagem do cobre, os res\u00edduos s\u00e3o minimizados, reduzindo a necessidade de espa\u00e7o em aterros sanit\u00e1rios e diminuindo o impacto ambiental associado \u00e0 minera\u00e7\u00e3o e \u00e0 extra\u00e7\u00e3o de mat\u00e9ria-prima.[\/et_pb_toggle][et_pb_toggle title=&#8221;Valor econ\u00f4mico&#8221; _builder_version=&#8221;4.25.1&#8243; _module_preset=&#8221;default&#8221; hover_enabled=&#8221;0&#8243; global_colors_info=&#8221;{}&#8221; sticky_enabled=&#8221;0&#8243;]O cobre reciclado mant\u00e9m um alto valor econ\u00f4mico, oferecendo incentivos financeiros para sua recupera\u00e7\u00e3o e reutiliza\u00e7\u00e3o. Isso apoia a sustentabilidade econ\u00f4mica, criando empregos no setor de reciclagem e reduzindo os custos associados \u00e0 aquisi\u00e7\u00e3o de mat\u00e9ria-prima.[\/et_pb_toggle][et_pb_toggle title=&#8221;Suporte para tecnologias verdes&#8221; _builder_version=&#8221;4.25.1&#8243; _module_preset=&#8221;default&#8221; hover_enabled=&#8221;0&#8243; global_colors_info=&#8221;{}&#8221; sticky_enabled=&#8221;0&#8243;]O cobre \u00e9 essencial para o desenvolvimento de tecnologias de energia renov\u00e1vel, como turbinas e\u00f3licas, pain\u00e9is solares e ve\u00edculos el\u00e9tricos. Sua capacidade de reciclagem garante um suprimento sustent\u00e1vel desse material essencial, apoiando a transi\u00e7\u00e3o para uma economia de baixo carbono.[\/et_pb_toggle][et_pb_toggle title=&#8221;Seguran\u00e7a de materiais&#8221; _builder_version=&#8221;4.25.1&#8243; _module_preset=&#8221;default&#8221; hover_enabled=&#8221;0&#8243; global_colors_info=&#8221;{}&#8221; sticky_enabled=&#8221;0&#8243;]A reciclagem do cobre reduz a depend\u00eancia da minera\u00e7\u00e3o, aumentando assim a seguran\u00e7a do material e garantindo um suprimento est\u00e1vel desse recurso essencial para as gera\u00e7\u00f5es futuras.[\/et_pb_toggle][et_pb_text _builder_version=&#8221;4.25.1&#8243; _module_preset=&#8221;default&#8221; hover_enabled=&#8221;0&#8243; global_colors_info=&#8221;{}&#8221; sticky_enabled=&#8221;0&#8243;]Em resumo, a alta capacidade de reciclagem do cobre, a efici\u00eancia energ\u00e9tica na reciclagem e o papel crucial nas tecnologias verdes fazem dele uma pedra angular da economia circular. Ao reciclar continuamente o cobre, podemos obter benef\u00edcios ambientais e econ\u00f4micos significativos, contribuindo para o desenvolvimento sustent\u00e1vel e a conserva\u00e7\u00e3o de recursos [\/et_pb_text][\/et_pb_column][\/et_pb_row][\/et_pb_section]<\/p>\n","protected":false},"excerpt":{"rendered":"<p>Metas e oportunidades futurasO cobre e sua import\u00e2ncia para a economia circular. O cobre \u00e9 essencial para a economia circular devido \u00e0 sua capacidade de reciclagem e \u00e0 perda m\u00ednima de propriedades durante o processo de reciclagem. Aqui est\u00e3o os principais motivos pelos quais o cobre \u00e9 vital para a economia circular: O cobre pode [&hellip;]<\/p>\n","protected":false},"author":1,"featured_media":0,"parent":0,"menu_order":0,"comment_status":"closed","ping_status":"closed","template":"","meta":{"_et_pb_use_builder":"on","_et_pb_old_content":"","_et_gb_content_width":"","inline_featured_image":false,"footnotes":""},"difl_page_category":[],"class_list":["post-816","page","type-page","status-publish","hentry"],"_links":{"self":[{"href":"https:\/\/esg.ampcometal.com\/pt-br\/wp-json\/wp\/v2\/pages\/816","targetHints":{"allow":["GET"]}}],"collection":[{"href":"https:\/\/esg.ampcometal.com\/pt-br\/wp-json\/wp\/v2\/pages"}],"about":[{"href":"https:\/\/esg.ampcometal.com\/pt-br\/wp-json\/wp\/v2\/types\/page"}],"author":[{"embeddable":true,"href":"https:\/\/esg.ampcometal.com\/pt-br\/wp-json\/wp\/v2\/users\/1"}],"replies":[{"embeddable":true,"href":"https:\/\/esg.ampcometal.com\/pt-br\/wp-json\/wp\/v2\/comments?post=816"}],"version-history":[{"count":10,"href":"https:\/\/esg.ampcometal.com\/pt-br\/wp-json\/wp\/v2\/pages\/816\/revisions"}],"predecessor-version":[{"id":988,"href":"https:\/\/esg.ampcometal.com\/pt-br\/wp-json\/wp\/v2\/pages\/816\/revisions\/988"}],"wp:attachment":[{"href":"https:\/\/esg.ampcometal.com\/pt-br\/wp-json\/wp\/v2\/media?parent=816"}],"wp:term":[{"taxonomy":"difl_page_category","embeddable":true,"href":"https:\/\/esg.ampcometal.com\/pt-br\/wp-json\/wp\/v2\/difl_page_category?post=816"}],"curies":[{"name":"wp","href":"https:\/\/api.w.org\/{rel}","templated":true}]}}